{"id":9925,"date":"2022-01-15T15:55:27","date_gmt":"2022-01-15T14:55:27","guid":{"rendered":"https:\/\/rakosliget.hu\/wordpress\/?page_id=9925"},"modified":"2022-01-15T16:12:19","modified_gmt":"2022-01-15T15:12:19","slug":"xvii-keruleti-rendorseg","status":"publish","type":"page","link":"https:\/\/rakosliget.hu\/wordpress\/index.php\/xvii-keruleti-rendorseg\/","title":{"rendered":"XVII. KER\u00dcLETI REND\u0150RS\u00c9G"},"content":{"rendered":"<p>Rend\u0151rkapit\u00e1nyok:<\/p>\n<p>dr. Milos Rezs\u0151 rend\u0151r \u0151rnagy (\u00a0 \u00a0&#8211; 1962)<\/p>\n<p>dr. Toldi Lajos 1962 &#8211;<\/p>\n","protected":false},"excerpt":{"rendered":"<p>Rend\u0151rkapit\u00e1nyok: dr. Milos Rezs\u0151 rend\u0151r \u0151rnagy (\u00a0 \u00a0&#8211; 1962) dr. Toldi Lajos 1962 &#8211;<\/p>\n","protected":false},"author":1,"featured_media":0,"parent":0,"menu_order":0,"comment_status":"closed","ping_status":"closed","template":"","meta":{"footnotes":""},"class_list":["post-9925","page","type-page","status-publish","hentry"],"_links":{"self":[{"href":"https:\/\/rakosliget.hu\/wordpress\/index.php\/wp-json\/wp\/v2\/pages\/9925","targetHints":{"allow":["GET"]}}],"collection":[{"href":"https:\/\/rakosliget.hu\/wordpress\/index.php\/wp-json\/wp\/v2\/pages"}],"about":[{"href":"https:\/\/rakosliget.hu\/wordpress\/index.php\/wp-json\/wp\/v2\/types\/page"}],"author":[{"embeddable":true,"href":"https:\/\/rakosliget.hu\/wordpress\/index.php\/wp-json\/wp\/v2\/users\/1"}],"replies":[{"embeddable":true,"href":"https:\/\/rakosliget.hu\/wordpress\/index.php\/wp-json\/wp\/v2\/comments?post=9925"}],"version-history":[{"count":3,"href":"https:\/\/rakosliget.hu\/wordpress\/index.php\/wp-json\/wp\/v2\/pages\/9925\/revisions"}],"predecessor-version":[{"id":9931,"href":"https:\/\/rakosliget.hu\/wordpress\/index.php\/wp-json\/wp\/v2\/pages\/9925\/revisions\/9931"}],"wp:attachment":[{"href":"https:\/\/rakosliget.hu\/wordpress\/index.php\/wp-json\/wp\/v2\/media?parent=9925"}],"curies":[{"name":"wp","href":"https:\/\/api.w.org\/{rel}","templated":true}]}}