{"id":9898,"date":"2022-01-11T05:06:59","date_gmt":"2022-01-11T04:06:59","guid":{"rendered":"https:\/\/rakosliget.hu\/wordpress\/?page_id=9898"},"modified":"2022-01-11T06:24:28","modified_gmt":"2022-01-11T05:24:28","slug":"mszmp-budapesti-vb","status":"publish","type":"page","link":"https:\/\/rakosliget.hu\/wordpress\/index.php\/mszmp-budapesti-vb\/","title":{"rendered":"MSZMP BUDAPESTI VB"},"content":{"rendered":"\n<p>Az oldal indult 2022. 01. 11. <\/p>\n\n\n\n<h2 class=\"wp-block-heading\">1957<\/h2>\n\n\n\n<blockquote class=\"wp-block-quote is-layout-flow wp-block-quote-is-layout-flow\"><p><\/p><p>A III, V.,XV.,XVII., \u00e9s XX. ker\u00fcletekben az Int\u00e9z\u0151 Bizotts\u00e1gok &#8222;csapat z\u00e1szl\u00f3&#8221; \u00e1tad\u00e1si \u00fcnneps\u00e9gei alkalm\u00e1val a t\u00e1rsadalmi szervek k\u00e9pviseletein kiv\u00fcl a lakoss\u00e1g nagy t\u00f6megei, \u00e9s felvonultak, hol vir\u00e1gokkal, tapssal fejeztek ki szimp\u00e1ti\u00e1jukat a munk\u00e1s\u0151rs\u00e9ggel szemben.<\/p><cite>Forr\u00e1s: MSZMP Budapesti V\u00e9grehajt\u00f3 Bizotts\u00e1g\u00e1nak \u00fcl\u00e9sei (HU BFL &#8211; XXXV.1.a.4.) 1957.06.17.<\/cite><\/blockquote>\n\n\n\n<blockquote class=\"wp-block-quote is-layout-flow wp-block-quote-is-layout-flow\"><p>&#8230; \u00edgy ma Budapesten igen zs\u00fafolt \u00e9s korszer\u0171tlen iskol\u00e1kat a XV., XVI., XVII., XVIII., XIX., XX., XXI., XXII. ker\u00fcletekben tal\u00e1ljuk&#8230;.<\/p><p><\/p><p>A k\u00f6z\u00e9piskol\u00e1k elhelyez\u00e9se sem megfelel\u0151. A bels\u0151 ker\u00fcletek ell\u00e1totts\u00e1ga &#8211; mik\u00e9nt az \u00e1ltal\u00e1nos iskol\u00e1kn\u00e1l &#8211; jobb. A legnagyobb hi\u00e1nyoss\u00e1g mutatkozik a<\/p><p>&#8230; XVII., XIX., XX. \u00e9s XVIII. ker\u00fcletekben. Ezen ker\u00fcletek tanul\u00f3inak egy r\u00e9sze k\u00e9nytelen hosszas utaz\u00e1ssal megk\u00f6zel\u00edteni a bels\u0151 ker\u00fcleti iskol\u00e1kat, mert a saj\u00e1t ker\u00fclet\u00fckb\u0151l helyhi\u00e1ny miatt kiszorulnak. &#8230;<\/p><cite> Forr\u00e1s: MSZMP Budapesti V\u00e9grehajt\u00f3 Bizotts\u00e1g\u00e1nak \u00fcl\u00e9sei (HU BFL &#8211; XXXV.1.a.4.) 1957.10.21.<\/cite><\/blockquote>\n\n\n\n<p><br>\u00c1ltal\u00e1nos iskol\u00e1k f\u0151bb adatai \/1957.IX.15.-i \u00e1llapot,\/<\/p>\n\n\n\n<figure class=\"wp-block-table\"><table><tbody><tr><td>Ker\u00fclet<\/td><td>Tanul\u00f3k sz\u00e1ma<\/td><td><\/td><td><\/td><td>Napk\u00f6zis<\/td><td><\/td><td>Tanul\u00f3-<br>csoportok<\/td><td>Oszt\u00e1ly-<br>termek<\/td><td>V\u00e1lta-koz\u00e1s<\/td><\/tr><tr><td><\/td><td>\u00d6sszesen:<\/td><td>I. \u00e9vf.<\/td><td>VIII. \u00e9vf.<\/td><td>csoportok sz\u00e1ma<\/td><td>tanul\u00f3k sz\u00e1ma<\/td><td>sz\u00e1ma<\/td><td>sz\u00e1ma<\/td><td><\/td><\/tr><tr><td>XVII.<\/td><td>5o45<\/td><td>697<\/td><td>55o<\/td><td>16<\/td><td>4o6<\/td><td>173<\/td><td>93<\/td><td>1.9<\/td><\/tr><\/tbody><\/table><\/figure>\n\n\n\n<p><em>Ell\u00e1tatlan, tanteremb\u0151v\u00edt\u00e9sre szorul\u00f3 iskolak\u00f6rzetek:<\/em><br>Erzs\u00e9bet t\u00e9r, G\u00f6csej utca, VIII. utca, S\u00e1gv\u00e1ri utca, Kund utca, Bok\u00e1nyi utca, Kassa utca<\/p>\n\n\n\n<h2 class=\"wp-block-heading\">1983<\/h2>\n\n\n\n<blockquote class=\"wp-block-quote is-layout-flow wp-block-quote-is-layout-flow\"><p>A ker\u00fcletk\u00f6zpont dinamikus fejl\u0151d\u00e9se a r\u00e9gi v\u00e1rosr\u00e9szek viszonylagos lemarad\u00e1s\u00e1t eredm\u00e9nyezte. A kertes csal\u00e1di h\u00e1zas telep\u00fcl\u00e9sr\u00e9szeken elmarad\u00e1s van a g\u00e1z-, csatorna- \u00e9s telefonh\u00e1l\u00f3zat fejleszt\u00e9s\u00e9ben, a szil\u00e1rd burkolat\u00fa utak \u00e9pit\u00e9s\u00e9ben.<br>A ker\u00fclet k\u00f6zleked\u00e9s\u00e9ben komoly neh\u00e9zs\u00e9geink vannak. A ker\u00fcletbe bevezet\u0151 f\u0151\u00fatvonal t\u00falzs\u00fafolts\u00e1ga a cs\u00facsid\u0151ben kritikuss\u00e1, \u00e9letvesz\u00e9lyess\u00e9 v\u00e1lt.<br>A gyermek- \u00e9s eg\u00e9szs\u00e9g\u00fcgyi int\u00e9zm\u00e9nyek intenziv b\u0151vit\u00e9se sem tudott l\u00e9p\u00e9st tartani a lakoss\u00e1g sz\u00e1m\u00e1nak n\u00f6veked\u00e9s\u00e9vel.<br>Fesz\u00fclts\u00e9get okoznak a r\u00e9gi \u00e9s az \u00faj oktat\u00e1si int\u00e9zm\u00e9nyek k\u00f6z\u00f6tt felszerelts\u00e9gben, b\u00e9rsz\u00ednvonalban mutatkoz\u00f3 k\u00fcl\u00f6nbs\u00e9gek is. Igen nagy a pedag\u00f3gushi\u00e1ny, emiatt a k\u00e9pes\u00edt\u00e9s n\u00e9lk\u00fcli nevel\u0151k sz\u00e1ma n\u0151. A ker\u00fclet k\u00f6zm\u0171vel\u0151d\u00e9si int\u00e9zm\u00e9nyh\u00e1l\u00f3zata nem fejl\u0151d\u00f6tt megfelel\u0151 \u00fctemben. Igen jelent\u0151s a k\u00f6nyvt\u00e1rhi\u00e1ny. Nem rendelkez\u00fcnk ker\u00fcleti k\u00f6zponti k\u00f6nyvt\u00e1rral.<br>Az eg\u00e9szs\u00e9g\u00fcgyi ell\u00e1t\u00e1sban egyre nagyobb gondot okoz, hogy az egy k\u00f6rzetorvosra jut\u00f3 lakosok sz\u00e1ma jelent\u0151sen megn\u0151tt. A ker\u00fclet gy\u00f3gyszert\u00e1rai elavultak.<br>A gondok megold\u00e1s\u00e1ra komoly er\u0151fesz\u00edt\u00e9seket tesz\u00fcnk, n\u00e9h\u00e1ny ter\u00fcleten azonban a ker\u00fcleti fejleszt\u00e9si alapb\u00f3l nem tudunk el\u0151bbre l\u00e9pni. F\u0151v\u00e1rosi szint\u0171 t\u00e1mogat\u00e1sra is sz\u00fcks\u00e9g\u00fcnk van.<\/p><\/blockquote>\n\n\n\n<blockquote class=\"wp-block-quote is-layout-flow wp-block-quote-is-layout-flow\"><p><br>&#8230; A k\u00f6zoktat\u00e1s ter\u00fclet\u00e9n a t\u00e1rgyi \u00e9s szem\u00e9lyi felt\u00e9teleket \u00fagy kell alak\u00edtani, fejleszteni, hogy azok eredm\u00e9nyek\u00e9ppen cs\u00f6kkenjenek az int\u00e9zm\u00e9nyek k\u00f6z\u00f6tt megl\u00e9v\u0151 k\u00fcl\u00f6nbs\u00e9gek. Sz\u00fcks\u00e9ges a ker\u00fcleti ir\u00e1ny\u00edt\u00e1st hat\u00e9konyabb\u00e1, \u00f6sszehangoltabb\u00e1 tenni, a politikai, pedag\u00f3giai munka tartalmi szinvonalat emelni, a tanul\u00f3i \u00e9s test\u00fcleti fegyelmet er\u0151siteni.<br>Tartalmasabb\u00e1, sokoldal\u00fabb\u00e1 kell tenni a k\u00f6zoktat\u00e1si \u00e9s k\u00f6zm\u0171vel\u0151d\u00e9si int\u00e9zm\u00e9nyek, a munkahelyek, a lak\u00f3ter\u00fclet egy\u00fcttm\u0171k\u00f6d\u00e9s\u00e9t. A k\u00f6zm\u0171vel\u0151d\u00e9si tev\u00e9kenys\u00e9g eredm\u00e9nyess\u00e9g\u00e9t a lakoss\u00e1gi ig\u00e9nyek kiel\u00e9git\u00e9s\u00e9vel \u00f6sszhangban kell n\u00f6velni. &#8230;<\/p><\/blockquote>\n\n\n\n<blockquote class=\"wp-block-quote is-layout-flow wp-block-quote-is-layout-flow\"><p> &#8230;Er\u0151s\u00f6d\u00f6tt a kollektiv vezet\u00e9s, \u00e9rv\u00e9nyes\u00fcl a p\u00e1rtdemokr\u00e1cia. A 2600 kommunist\u00e1t t\u00f6m\u00f6r\u00edt\u0151 46 p\u00e1rtszervezet munk\u00e1j\u00e1t j\u00f3l, kell\u0151 differenci\u00e1lts\u00e1ggal ir\u00e1ny\u00edtj\u00e1k. &#8230;<\/p><p>&#8230;V\u00e1rospolitikai munk\u00e1juk k\u00f6z\u00e9ppontj\u00e1ban a lakoss\u00e1gi alapell\u00e1t\u00e1s biztos\u00edt\u00e1sa, illetve ennek a f\u0151v\u00e1rosi \u00e1tlaghoz val\u00f3 k\u00f6zel\u00edt\u00e9se \u00e1ll. A kor\u00e1bbiakhoz k\u00e9pest sok ter\u00fcleten javult a helyzet. T\u00f6bb vonatkoz\u00e1sban azonban tov\u00e1bbra is a f\u0151v\u00e1ros legrosszabul ell\u00e1tott ker\u00fcletei k\u00f6z\u00e9 tartoznak \/\u00f3vodai, b\u00f6lcs\u0151dei, iskolai f\u00e9r\u0151helyek, \u00fath\u00e1l\u00f3zat stb.\/.<\/p><cite>Forr\u00e1s: MSZMP Budapesti V\u00e9grehajt\u00f3 Bizotts\u00e1g\u00e1nak \u00fcl\u00e9sei (HU BFL &#8211; XXXV.1.a.4.) 1983.08.24. library.hungaricana.hu<\/cite><\/blockquote>\n","protected":false},"excerpt":{"rendered":"<p>Az oldal indult 2022. 01. 11. 1957 A III, V.,XV.,XVII., \u00e9s XX. ker\u00fcletekben az Int\u00e9z\u0151 Bizotts\u00e1gok &#8222;csapat z\u00e1szl\u00f3&#8221; \u00e1tad\u00e1si \u00fcnneps\u00e9gei alkalm\u00e1val a t\u00e1rsadalmi szervek k\u00e9pviseletein kiv\u00fcl a lakoss\u00e1g nagy t\u00f6megei, \u00e9s felvonultak, hol vir\u00e1gokkal, tapssal fejeztek ki szimp\u00e1ti\u00e1jukat a munk\u00e1s\u0151rs\u00e9ggel szemben. Forr\u00e1s: MSZMP Budapesti V\u00e9grehajt\u00f3 Bizotts\u00e1g\u00e1nak \u00fcl\u00e9sei (HU BFL &#8211; XXXV.1.a.4.) 1957.06.17. &#8230; \u00edgy ma &hellip; <a href=\"https:\/\/rakosliget.hu\/wordpress\/index.php\/mszmp-budapesti-vb\/\" class=\"more-link\"><span class=\"screen-reader-text\">MSZMP BUDAPESTI VB<\/span> r\u00e9szletei&#8230;<\/a><\/p>\n","protected":false},"author":1,"featured_media":0,"parent":0,"menu_order":0,"comment_status":"closed","ping_status":"closed","template":"","meta":{"footnotes":""},"class_list":["post-9898","page","type-page","status-publish","hentry"],"_links":{"self":[{"href":"https:\/\/rakosliget.hu\/wordpress\/index.php\/wp-json\/wp\/v2\/pages\/9898","targetHints":{"allow":["GET"]}}],"collection":[{"href":"https:\/\/rakosliget.hu\/wordpress\/index.php\/wp-json\/wp\/v2\/pages"}],"about":[{"href":"https:\/\/rakosliget.hu\/wordpress\/index.php\/wp-json\/wp\/v2\/types\/page"}],"author":[{"embeddable":true,"href":"https:\/\/rakosliget.hu\/wordpress\/index.php\/wp-json\/wp\/v2\/users\/1"}],"replies":[{"embeddable":true,"href":"https:\/\/rakosliget.hu\/wordpress\/index.php\/wp-json\/wp\/v2\/comments?post=9898"}],"version-history":[{"count":6,"href":"https:\/\/rakosliget.hu\/wordpress\/index.php\/wp-json\/wp\/v2\/pages\/9898\/revisions"}],"predecessor-version":[{"id":9906,"href":"https:\/\/rakosliget.hu\/wordpress\/index.php\/wp-json\/wp\/v2\/pages\/9898\/revisions\/9906"}],"wp:attachment":[{"href":"https:\/\/rakosliget.hu\/wordpress\/index.php\/wp-json\/wp\/v2\/media?parent=9898"}],"curies":[{"name":"wp","href":"https:\/\/api.w.org\/{rel}","templated":true}]}}