{"id":988,"date":"2018-03-21T04:47:14","date_gmt":"2018-03-21T03:47:14","guid":{"rendered":"http:\/\/rakosliget.hu\/wordpress\/?page_id=988"},"modified":"2018-03-21T04:47:14","modified_gmt":"2018-03-21T03:47:14","slug":"huber-sandor","status":"publish","type":"page","link":"https:\/\/rakosliget.hu\/wordpress\/index.php\/huber-sandor\/","title":{"rendered":"Huber S\u00e1ndor"},"content":{"rendered":"<p><center><\/p>\n<h1 align=\"left\">Huber S\u00e1ndor (Budapest, 1875\u20131945)<\/h1>\n<h2 align=\"left\">zeneszerz\u0151, zenetan\u00e1r, karmester,<\/h2>\n<p align=\"left\"><span lang=\"hu\" xml:lang=\"hu\">n\u00e9pszer\u0171 dalgy\u0171jtem\u00e9nyek szerkeszt\u0151je. 1899-1912 k\u00f6z\u00f6tt a Somogyi Zeneiskola tan\u00e1ra, 1900-01 k\u00f6z\u00f6tt pedig az Egyet\u00e9rt\u00e9s dal\u00e1rda vezet\u0151je <em>Rajnai Am\u00e1lia, Sztojanovits Jen\u0151n\u00e9<\/em> (Budapest, 1875) zenetan\u00e1r. A r\u00e1kosligeti polg\u00e1ri iskol\u00e1ban tan\u00edtott. 1900-ban R\u00e1kosligeten polg\u00e1ri zeneiskol\u00e1t alap\u00edtott;<\/span><\/p>\n<p><\/center><\/p>\n","protected":false},"excerpt":{"rendered":"<p>Huber S\u00e1ndor (Budapest, 1875\u20131945) zeneszerz\u0151, zenetan\u00e1r, karmester, n\u00e9pszer\u0171 dalgy\u0171jtem\u00e9nyek szerkeszt\u0151je. 1899-1912 k\u00f6z\u00f6tt a Somogyi Zeneiskola tan\u00e1ra, 1900-01 k\u00f6z\u00f6tt pedig az Egyet\u00e9rt\u00e9s dal\u00e1rda vezet\u0151je Rajnai Am\u00e1lia, Sztojanovits Jen\u0151n\u00e9 (Budapest, 1875) zenetan\u00e1r. A r\u00e1kosligeti polg\u00e1ri iskol\u00e1ban tan\u00edtott. 1900-ban R\u00e1kosligeten polg\u00e1ri zeneiskol\u00e1t alap\u00edtott;<\/p>\n","protected":false},"author":1,"featured_media":0,"parent":0,"menu_order":0,"comment_status":"closed","ping_status":"closed","template":"","meta":{"footnotes":""},"class_list":["post-988","page","type-page","status-publish","hentry"],"_links":{"self":[{"href":"https:\/\/rakosliget.hu\/wordpress\/index.php\/wp-json\/wp\/v2\/pages\/988","targetHints":{"allow":["GET"]}}],"collection":[{"href":"https:\/\/rakosliget.hu\/wordpress\/index.php\/wp-json\/wp\/v2\/pages"}],"about":[{"href":"https:\/\/rakosliget.hu\/wordpress\/index.php\/wp-json\/wp\/v2\/types\/page"}],"author":[{"embeddable":true,"href":"https:\/\/rakosliget.hu\/wordpress\/index.php\/wp-json\/wp\/v2\/users\/1"}],"replies":[{"embeddable":true,"href":"https:\/\/rakosliget.hu\/wordpress\/index.php\/wp-json\/wp\/v2\/comments?post=988"}],"version-history":[{"count":1,"href":"https:\/\/rakosliget.hu\/wordpress\/index.php\/wp-json\/wp\/v2\/pages\/988\/revisions"}],"predecessor-version":[{"id":989,"href":"https:\/\/rakosliget.hu\/wordpress\/index.php\/wp-json\/wp\/v2\/pages\/988\/revisions\/989"}],"wp:attachment":[{"href":"https:\/\/rakosliget.hu\/wordpress\/index.php\/wp-json\/wp\/v2\/media?parent=988"}],"curies":[{"name":"wp","href":"https:\/\/api.w.org\/{rel}","templated":true}]}}