{"id":984,"date":"2018-03-21T04:46:05","date_gmt":"2018-03-21T03:46:05","guid":{"rendered":"http:\/\/rakosliget.hu\/wordpress\/?page_id=984"},"modified":"2018-03-21T04:46:19","modified_gmt":"2018-03-21T03:46:19","slug":"horvath-istvan","status":"publish","type":"page","link":"https:\/\/rakosliget.hu\/wordpress\/index.php\/horvath-istvan\/","title":{"rendered":"Horv\u00e1th Istv\u00e1n"},"content":{"rendered":"<h1 align=\"left\"><span data-canvas-width=\"120.59784798136816\">Horv\u00e1th Istv\u00e1n<\/span><span data-canvas-width=\"211.75393369603415\"> (Zsombolya, 1902-1973)<\/span><\/h1>\n<h2 align=\"left\">a r\u00e1kosligeti <span data-canvas-width=\"221.85977680436528\">k\u00e9pvisel\u0151-test\u00fclet<\/span> tagja<\/h2>\n<p align=\"left\">T<span data-canvas-width=\"311.33882311072676\">an\u00edt\u00f3. 1945-t\u0151l az F\u00fcggetlen Kisgazda P\u00e1rt tagja. 1922-t\u0151l <\/span><span data-canvas-width=\"309.3837912544584\">n\u00e9mi megszak\u00edt\u00e1ssal &#8211; R\u00e1kosligeten tan\u00ed<\/span><span data-canvas-width=\"18.96586086793246\">t\u00f3.<\/span><span data-canvas-width=\"290.5002911780677\"> 1947-1949-ben a r\u00e1kosligeti k\u00e9pvisel\u0151-test\u00fclet<\/span><span data-canvas-width=\"121.10477538647861\"> tagja. <\/span><\/p>\n","protected":false},"excerpt":{"rendered":"<p>Horv\u00e1th Istv\u00e1n (Zsombolya, 1902-1973) a r\u00e1kosligeti k\u00e9pvisel\u0151-test\u00fclet tagja Tan\u00edt\u00f3. 1945-t\u0151l az F\u00fcggetlen Kisgazda P\u00e1rt tagja. 1922-t\u0151l n\u00e9mi megszak\u00edt\u00e1ssal &#8211; R\u00e1kosligeten tan\u00edt\u00f3. 1947-1949-ben a r\u00e1kosligeti k\u00e9pvisel\u0151-test\u00fclet tagja.<\/p>\n","protected":false},"author":1,"featured_media":0,"parent":0,"menu_order":0,"comment_status":"closed","ping_status":"closed","template":"","meta":{"footnotes":""},"class_list":["post-984","page","type-page","status-publish","hentry"],"_links":{"self":[{"href":"https:\/\/rakosliget.hu\/wordpress\/index.php\/wp-json\/wp\/v2\/pages\/984","targetHints":{"allow":["GET"]}}],"collection":[{"href":"https:\/\/rakosliget.hu\/wordpress\/index.php\/wp-json\/wp\/v2\/pages"}],"about":[{"href":"https:\/\/rakosliget.hu\/wordpress\/index.php\/wp-json\/wp\/v2\/types\/page"}],"author":[{"embeddable":true,"href":"https:\/\/rakosliget.hu\/wordpress\/index.php\/wp-json\/wp\/v2\/users\/1"}],"replies":[{"embeddable":true,"href":"https:\/\/rakosliget.hu\/wordpress\/index.php\/wp-json\/wp\/v2\/comments?post=984"}],"version-history":[{"count":2,"href":"https:\/\/rakosliget.hu\/wordpress\/index.php\/wp-json\/wp\/v2\/pages\/984\/revisions"}],"predecessor-version":[{"id":986,"href":"https:\/\/rakosliget.hu\/wordpress\/index.php\/wp-json\/wp\/v2\/pages\/984\/revisions\/986"}],"wp:attachment":[{"href":"https:\/\/rakosliget.hu\/wordpress\/index.php\/wp-json\/wp\/v2\/media?parent=984"}],"curies":[{"name":"wp","href":"https:\/\/api.w.org\/{rel}","templated":true}]}}