{"id":981,"date":"2018-03-21T04:44:56","date_gmt":"2018-03-21T03:44:56","guid":{"rendered":"http:\/\/rakosliget.hu\/wordpress\/?page_id=981"},"modified":"2018-03-21T04:44:56","modified_gmt":"2018-03-21T03:44:56","slug":"hollosi-laszlone","status":"publish","type":"page","link":"https:\/\/rakosliget.hu\/wordpress\/index.php\/hollosi-laszlone\/","title":{"rendered":"Holl\u00f3si L\u00e1szl\u00f3n\u00e9"},"content":{"rendered":"<h1 align=\"left\"><span data-canvas-width=\"35.92304836259645\">Holl\u00f3si<\/span><span data-canvas-width=\"56.526600592444815\"> L\u00e1szl\u00f3n\u00e9<\/span><span data-canvas-width=\"144.7071149175313\"> (R\u00e1koskereszt\u00far, 1906)<\/span><\/h1>\n<h2 align=\"left\">R\u00e1kosligeti Nemzeti Bizotts\u00e1g \u00e9s az ideiglenes k\u00e9pvisel\u0151-test\u00fclet tagja<\/h2>\n<p align=\"left\">\n<p align=\"left\"><span data-canvas-width=\"229.6553952708168\">Tisztvisel\u0151. 1945-t\u0151l az FKP tagja. 1945 &#8211; 1948-ban a R\u00e1kosligeti Nemzeti Bizotts\u00e1g, 1947-1949-ben a k\u00e9pvisel\u0151-test\u00fclet tagja. <\/span><\/p>\n","protected":false},"excerpt":{"rendered":"<p>Holl\u00f3si L\u00e1szl\u00f3n\u00e9 (R\u00e1koskereszt\u00far, 1906) R\u00e1kosligeti Nemzeti Bizotts\u00e1g \u00e9s az ideiglenes k\u00e9pvisel\u0151-test\u00fclet tagja Tisztvisel\u0151. 1945-t\u0151l az FKP tagja. 1945 &#8211; 1948-ban a R\u00e1kosligeti Nemzeti Bizotts\u00e1g, 1947-1949-ben a k\u00e9pvisel\u0151-test\u00fclet tagja.<\/p>\n","protected":false},"author":1,"featured_media":0,"parent":0,"menu_order":0,"comment_status":"closed","ping_status":"closed","template":"","meta":{"footnotes":""},"class_list":["post-981","page","type-page","status-publish","hentry"],"_links":{"self":[{"href":"https:\/\/rakosliget.hu\/wordpress\/index.php\/wp-json\/wp\/v2\/pages\/981","targetHints":{"allow":["GET"]}}],"collection":[{"href":"https:\/\/rakosliget.hu\/wordpress\/index.php\/wp-json\/wp\/v2\/pages"}],"about":[{"href":"https:\/\/rakosliget.hu\/wordpress\/index.php\/wp-json\/wp\/v2\/types\/page"}],"author":[{"embeddable":true,"href":"https:\/\/rakosliget.hu\/wordpress\/index.php\/wp-json\/wp\/v2\/users\/1"}],"replies":[{"embeddable":true,"href":"https:\/\/rakosliget.hu\/wordpress\/index.php\/wp-json\/wp\/v2\/comments?post=981"}],"version-history":[{"count":1,"href":"https:\/\/rakosliget.hu\/wordpress\/index.php\/wp-json\/wp\/v2\/pages\/981\/revisions"}],"predecessor-version":[{"id":982,"href":"https:\/\/rakosliget.hu\/wordpress\/index.php\/wp-json\/wp\/v2\/pages\/981\/revisions\/982"}],"wp:attachment":[{"href":"https:\/\/rakosliget.hu\/wordpress\/index.php\/wp-json\/wp\/v2\/media?parent=981"}],"curies":[{"name":"wp","href":"https:\/\/api.w.org\/{rel}","templated":true}]}}