{"id":974,"date":"2018-03-21T04:42:20","date_gmt":"2018-03-21T03:42:20","guid":{"rendered":"http:\/\/rakosliget.hu\/wordpress\/?page_id=974"},"modified":"2018-03-21T04:42:20","modified_gmt":"2018-03-21T03:42:20","slug":"hellmann-jozsef","status":"publish","type":"page","link":"https:\/\/rakosliget.hu\/wordpress\/index.php\/hellmann-jozsef\/","title":{"rendered":"Hellmann J\u00f3zsef"},"content":{"rendered":"<h1 align=\"left\"><span data-canvas-width=\"53.43842630463577\">Hellmann <\/span><span data-canvas-width=\"190.29789178807954\">J\u00f3zsef (Budapest, 1910 &#8211; ?)<\/span><\/h1>\n<h2 align=\"left\">r\u00e1kosliget ideiglenes k\u00e9pvisel\u0151 test\u00fcleti tag<\/h2>\n<p align=\"left\">\n<p align=\"left\"><span data-canvas-width=\"262.8700221833911\">Ez\u00fcstm\u0171ves. A 30-as \u00e9vek elej\u00e9t\u0151l vesz r\u00e9szt a munk\u00e1smozgalomban. 1942-1944-ben a nemesf\u00e9mipari dolgoz\u00f3k szakszervezet\u00e9nek az eln\u00f6ke. 1945 ut\u00e1n az MKP r\u00e1kosligeti szervezete vezet\u0151s\u00e9g\u00e9nek a tagja. 1945ben a R\u00e1kosligeti Nemzeti Bizotts\u00e1g \u00e9s az ideiglenes k\u00e9pvisel\u0151-test\u00fclet tagja. &#8211; Nyugd\u00edjas. <\/span><\/p>\n","protected":false},"excerpt":{"rendered":"<p>Hellmann J\u00f3zsef (Budapest, 1910 &#8211; ?) r\u00e1kosliget ideiglenes k\u00e9pvisel\u0151 test\u00fcleti tag Ez\u00fcstm\u0171ves. A 30-as \u00e9vek elej\u00e9t\u0151l vesz r\u00e9szt a munk\u00e1smozgalomban. 1942-1944-ben a nemesf\u00e9mipari dolgoz\u00f3k szakszervezet\u00e9nek az eln\u00f6ke. 1945 ut\u00e1n az MKP r\u00e1kosligeti szervezete vezet\u0151s\u00e9g\u00e9nek a tagja. 1945ben a R\u00e1kosligeti Nemzeti Bizotts\u00e1g \u00e9s az ideiglenes k\u00e9pvisel\u0151-test\u00fclet tagja. &#8211; Nyugd\u00edjas.<\/p>\n","protected":false},"author":1,"featured_media":0,"parent":0,"menu_order":0,"comment_status":"closed","ping_status":"closed","template":"","meta":{"footnotes":""},"class_list":["post-974","page","type-page","status-publish","hentry"],"_links":{"self":[{"href":"https:\/\/rakosliget.hu\/wordpress\/index.php\/wp-json\/wp\/v2\/pages\/974","targetHints":{"allow":["GET"]}}],"collection":[{"href":"https:\/\/rakosliget.hu\/wordpress\/index.php\/wp-json\/wp\/v2\/pages"}],"about":[{"href":"https:\/\/rakosliget.hu\/wordpress\/index.php\/wp-json\/wp\/v2\/types\/page"}],"author":[{"embeddable":true,"href":"https:\/\/rakosliget.hu\/wordpress\/index.php\/wp-json\/wp\/v2\/users\/1"}],"replies":[{"embeddable":true,"href":"https:\/\/rakosliget.hu\/wordpress\/index.php\/wp-json\/wp\/v2\/comments?post=974"}],"version-history":[{"count":1,"href":"https:\/\/rakosliget.hu\/wordpress\/index.php\/wp-json\/wp\/v2\/pages\/974\/revisions"}],"predecessor-version":[{"id":975,"href":"https:\/\/rakosliget.hu\/wordpress\/index.php\/wp-json\/wp\/v2\/pages\/974\/revisions\/975"}],"wp:attachment":[{"href":"https:\/\/rakosliget.hu\/wordpress\/index.php\/wp-json\/wp\/v2\/media?parent=974"}],"curies":[{"name":"wp","href":"https:\/\/api.w.org\/{rel}","templated":true}]}}