{"id":968,"date":"2018-03-21T04:39:25","date_gmt":"2018-03-21T03:39:25","guid":{"rendered":"http:\/\/rakosliget.hu\/wordpress\/?page_id=968"},"modified":"2018-03-21T04:39:25","modified_gmt":"2018-03-21T03:39:25","slug":"havasi-lucius","status":"publish","type":"page","link":"https:\/\/rakosliget.hu\/wordpress\/index.php\/havasi-lucius\/","title":{"rendered":"Havasi Lucius"},"content":{"rendered":"<h1 align=\"left\">Havasi Lucius r\u00f3m. kat. lelk\u00e9sz<\/h1>\n<p align=\"left\">Az int\u00e9zet M\u00e1ria-kongreg\u00e1ci\u00f3j\u00e1ban a jel\u00f6ltek pr\u00e9zese.<br \/>\nA Keresztes-N\u0151v\u00e9rek Koszor\u00fa-utc\u00e1ban lev\u0151 k\u00e1poln\u00e1j\u00e1nak gondnoka \u00e9s lelk\u00e9sze.<br \/>\nA Keresztes-N\u0151v\u00e9rek rendk\u00edv\u00fcli gy\u00f3ntat\u00f3ja.<br \/>\nA K\u00f6zponti Szemin\u00e1riumban lev\u0151 benc\u00e9s gyakorl\u00f3 tan\u00e1rok \u00e9s teol\u00f3giai hallgat\u00f3k rendes igazgat\u00f3ja.<br \/>\nA Szent Orsolya-rend budai z\u00e1rd\u00e1j\u00e1ban a havi konferenci\u00e1k vezet\u0151je.<br \/>\nA Zita-k\u00f6r Hofbauer Szt. Kelemenr\u0151l elnevezett M\u00e1ria-kongreg\u00e1ci\u00f3j\u00e1nak pr\u00e9zese.<br \/>\nRend\u0151rs\u00e9gi hitoktat\u00f3. Az Emericana Nemorosa csoportj\u00e1nak (R\u00e1kosliget) lelk\u00e9sze.<\/p>\n<p align=\"left\">Forr\u00e1s: A budapesti Szent Benedek katholikus gimn\u00e1zium \u00e9rtes\u00edt\u0151je 1941-1942. Szerzetes-tan\u00e1rok lelkip\u00e1sztori munk\u00e1ss\u00e1ga.<\/p>\n","protected":false},"excerpt":{"rendered":"<p>Havasi Lucius r\u00f3m. kat. lelk\u00e9sz Az int\u00e9zet M\u00e1ria-kongreg\u00e1ci\u00f3j\u00e1ban a jel\u00f6ltek pr\u00e9zese. A Keresztes-N\u0151v\u00e9rek Koszor\u00fa-utc\u00e1ban lev\u0151 k\u00e1poln\u00e1j\u00e1nak gondnoka \u00e9s lelk\u00e9sze. A Keresztes-N\u0151v\u00e9rek rendk\u00edv\u00fcli gy\u00f3ntat\u00f3ja. A K\u00f6zponti Szemin\u00e1riumban lev\u0151 benc\u00e9s gyakorl\u00f3 tan\u00e1rok \u00e9s teol\u00f3giai hallgat\u00f3k rendes igazgat\u00f3ja. A Szent Orsolya-rend budai z\u00e1rd\u00e1j\u00e1ban a havi konferenci\u00e1k vezet\u0151je. A Zita-k\u00f6r Hofbauer Szt. Kelemenr\u0151l elnevezett M\u00e1ria-kongreg\u00e1ci\u00f3j\u00e1nak pr\u00e9zese. Rend\u0151rs\u00e9gi hitoktat\u00f3. Az &hellip; <a href=\"https:\/\/rakosliget.hu\/wordpress\/index.php\/havasi-lucius\/\" class=\"more-link\"><span class=\"screen-reader-text\">Havasi Lucius<\/span> r\u00e9szletei&#8230;<\/a><\/p>\n","protected":false},"author":1,"featured_media":0,"parent":0,"menu_order":0,"comment_status":"closed","ping_status":"closed","template":"","meta":{"footnotes":""},"class_list":["post-968","page","type-page","status-publish","hentry"],"_links":{"self":[{"href":"https:\/\/rakosliget.hu\/wordpress\/index.php\/wp-json\/wp\/v2\/pages\/968","targetHints":{"allow":["GET"]}}],"collection":[{"href":"https:\/\/rakosliget.hu\/wordpress\/index.php\/wp-json\/wp\/v2\/pages"}],"about":[{"href":"https:\/\/rakosliget.hu\/wordpress\/index.php\/wp-json\/wp\/v2\/types\/page"}],"author":[{"embeddable":true,"href":"https:\/\/rakosliget.hu\/wordpress\/index.php\/wp-json\/wp\/v2\/users\/1"}],"replies":[{"embeddable":true,"href":"https:\/\/rakosliget.hu\/wordpress\/index.php\/wp-json\/wp\/v2\/comments?post=968"}],"version-history":[{"count":1,"href":"https:\/\/rakosliget.hu\/wordpress\/index.php\/wp-json\/wp\/v2\/pages\/968\/revisions"}],"predecessor-version":[{"id":969,"href":"https:\/\/rakosliget.hu\/wordpress\/index.php\/wp-json\/wp\/v2\/pages\/968\/revisions\/969"}],"wp:attachment":[{"href":"https:\/\/rakosliget.hu\/wordpress\/index.php\/wp-json\/wp\/v2\/media?parent=968"}],"curies":[{"name":"wp","href":"https:\/\/api.w.org\/{rel}","templated":true}]}}