{"id":965,"date":"2018-03-21T04:37:49","date_gmt":"2018-03-21T03:37:49","guid":{"rendered":"http:\/\/rakosliget.hu\/wordpress\/?page_id=965"},"modified":"2018-03-21T04:38:17","modified_gmt":"2018-03-21T03:38:17","slug":"hamori-imre","status":"publish","type":"page","link":"https:\/\/rakosliget.hu\/wordpress\/index.php\/hamori-imre\/","title":{"rendered":"H\u00e1mori Imre"},"content":{"rendered":"<h1 align=\"left\"><span data-canvas-width=\"69.20083644267095\">H\u00e1mori Imre<\/span><span data-canvas-width=\"164.869790433626\"> (Budapest, 1898-1977)<\/span><\/h1>\n<h2 align=\"left\">R\u00e1kosligeti Nemzeti Bizotts\u00e1g \u00e9s k\u00e9pvisel\u0151test\u00fclet tagja<\/h2>\n<p align=\"left\"><span data-canvas-width=\"164.869790433626\">Tiszt<\/span><span data-canvas-width=\"229.7303830989625\">visel\u0151. 1945-1956-ban az MKP (MDP) tagja. <\/span><span data-canvas-width=\"228.85509413939883\">1945 ut\u00e1n nyugd\u00edjas OTI-tiszt<\/span><span data-canvas-width=\"230.03033441154565\">visel\u0151. 1945-1949-ben a R\u00e1kosligeti Nemzeti Bizotts\u00e1g \u00e9s <\/span><span data-canvas-width=\"120.58559923277471\">k\u00e9pvisel\u0151-test\u00fclet tagja. <\/span><\/p>\n","protected":false},"excerpt":{"rendered":"<p>H\u00e1mori Imre (Budapest, 1898-1977) R\u00e1kosligeti Nemzeti Bizotts\u00e1g \u00e9s k\u00e9pvisel\u0151test\u00fclet tagja Tisztvisel\u0151. 1945-1956-ban az MKP (MDP) tagja. 1945 ut\u00e1n nyugd\u00edjas OTI-tisztvisel\u0151. 1945-1949-ben a R\u00e1kosligeti Nemzeti Bizotts\u00e1g \u00e9s k\u00e9pvisel\u0151-test\u00fclet tagja.<\/p>\n","protected":false},"author":1,"featured_media":0,"parent":0,"menu_order":0,"comment_status":"closed","ping_status":"closed","template":"","meta":{"footnotes":""},"class_list":["post-965","page","type-page","status-publish","hentry"],"_links":{"self":[{"href":"https:\/\/rakosliget.hu\/wordpress\/index.php\/wp-json\/wp\/v2\/pages\/965","targetHints":{"allow":["GET"]}}],"collection":[{"href":"https:\/\/rakosliget.hu\/wordpress\/index.php\/wp-json\/wp\/v2\/pages"}],"about":[{"href":"https:\/\/rakosliget.hu\/wordpress\/index.php\/wp-json\/wp\/v2\/types\/page"}],"author":[{"embeddable":true,"href":"https:\/\/rakosliget.hu\/wordpress\/index.php\/wp-json\/wp\/v2\/users\/1"}],"replies":[{"embeddable":true,"href":"https:\/\/rakosliget.hu\/wordpress\/index.php\/wp-json\/wp\/v2\/comments?post=965"}],"version-history":[{"count":1,"href":"https:\/\/rakosliget.hu\/wordpress\/index.php\/wp-json\/wp\/v2\/pages\/965\/revisions"}],"predecessor-version":[{"id":966,"href":"https:\/\/rakosliget.hu\/wordpress\/index.php\/wp-json\/wp\/v2\/pages\/965\/revisions\/966"}],"wp:attachment":[{"href":"https:\/\/rakosliget.hu\/wordpress\/index.php\/wp-json\/wp\/v2\/media?parent=965"}],"curies":[{"name":"wp","href":"https:\/\/api.w.org\/{rel}","templated":true}]}}