{"id":963,"date":"2018-03-21T04:36:35","date_gmt":"2018-03-21T03:36:35","guid":{"rendered":"http:\/\/rakosliget.hu\/wordpress\/?page_id=963"},"modified":"2020-01-21T14:25:00","modified_gmt":"2020-01-21T13:25:00","slug":"hackenberger-laszlo","status":"publish","type":"page","link":"https:\/\/rakosliget.hu\/wordpress\/index.php\/hackenberger-laszlo\/","title":{"rendered":"Hackenberger L\u00e1szl\u00f3"},"content":{"rendered":"<h1 align=\"left\">Hackenberger L\u00e1szl\u00f3<\/h1>\n<h2 align=\"left\">Gy\u00f3gyszer\u00e9sz, R\u00e1kosliget b\u00edr\u00f3ja 1913. november 9. &#8211; 1914. j\u00falius 22.<\/h2>\n<p><span class=\"selected\" data-canvas-width=\"60.615599812265344\">1920-t\u00f3l<\/span> <span class=\"selected\" data-canvas-width=\"62.822748435544426\">hal\u00e1l\u00e1ig,<\/span> <span class=\"selected\" data-canvas-width=\"54.253703692115145\">1941-ig<\/span> <span class=\"selected\" data-canvas-width=\"90.42088798498123\">Budapesten,<\/span> <span class=\"selected\" data-canvas-width=\"45.2436195244055\">illetve<\/span> <span class=\"selected\" data-canvas-width=\"95.73092459324155\">R\u00e1kosligeten<\/span> <span class=\"selected\" data-canvas-width=\"23.710747809762204\">\u00e9lt,<\/span> <span class=\"selected\" data-canvas-width=\"24.676741239048813\">fel<br \/>\ntehet\u0151en eszmei k\u00f6z\u00f6ss\u00e9gben Horti Ede k\u00f6r\u00e9vel. \u00c9letkor\u00e1n\u00e1l fogva annak nesztora lehetett, 81 \u00e9ves kor\u00e1ban halt meg R\u00e1kosligeten, egy h\u00e9ttel kor\u00e1bban Horti Ed\u00e9n\u00e9l. <\/span><\/p>\n<p align=\"left\">\u00c9letrajz\u00e1b\u00f3l az al\u00e1bbi t\u00f6red\u00e9keket ismerj\u00fck:<\/p>\n<p align=\"left\">A magyardi\u00f3szegi (Di\u00f3szeg) patika 1900-ban alakult (a Katolikus Lexikon adata 1901) Pozsony v\u00e1rmegy\u00e9ben \u00e9s a Szenth\u00e1roms\u00e1g nevet viselte. A gy\u00f3gyszert\u00e1rat 1912-t\u0151l a r\u00e1kosligeti sz\u00fclet\u00e9s\u0171 (ez t\u00e9ved\u00e9s lehet, mivel R\u00e1kosliget megalakul\u00e1s\u00e1nak \u00e9ve 1903illetve Hackenberger \u00e9letkora nem ezt er\u0151s\u00edti) Hackenberger L\u00e1szl\u00f3, majd fia, Ben\u0151 \u00fczemeltette. 1929-ben a patik\u00e1t m\u00e1r F\u00f6ldes Ern\u0151 \u00fczemeltette eg\u00e9szen 1945-ig.<\/p>\n<p align=\"left\">Forr\u00e1s: Bukovszky L\u00e1szl\u00f3 A k\u00f6zeg\u00e9szs\u00e9g\u00fcgy alakul\u00e1sa \u00e9s j\u00f3t\u00e9konys\u00e1gi int\u00e9zm\u00e9nyek a M\u00e1tyusf\u00f6ld\u00f6n http:\/\/www.niton.sk\/documents\/2-129-3720-lokreg4_309-334.pdf<br \/>\nhttp:\/\/lexikon.katolikus.hu\/G\/gy%C3%B3gyszert%C3%A1r.html<\/p>\n<p align=\"left\">Mezey Ott\u00f3 Csontv\u00e1ry tanulm\u00e1nyaiban olvashatunk Hackenbergerrr\u0151l. Forr\u00e1s: http:\/\/orszagepito.hu\/sites\/all\/files\/orszagepito-hu\/lapszam\/2005-2\/2005-2m.pdf 16. oldal<br \/>\n<strong>CSONTV\u00c1RY ALTERNAT\u00cdV VALL\u00c1SOSS\u00c1GA (el\u0151ad\u00e1s, 1992) <\/strong><\/p>\n<p align=\"justify\">Mennyiben ismert az eset, nem tudom, mindenk\u00e9ppen \u2013 \u00fajfent \u2013 v\u00e1zolom, mert elgondolkodtat\u00f3 kiindul\u00e1sk\u00e9nt szorosan a t\u00e9m\u00e1hoz tartozik. T\u00f6rt\u00e9nt, hogy 1891 m\u00e1rcius\u00e1nak egyik els\u0151 napj\u00e1ra nyilv\u00e1nos \u00e1rver\u00e9s \u00edratott ki a g\u00e1csi Kosztka patika teljes berendez\u00e9s\u00e9re, s mire az \u00e1rver\u00e9si hirdetm\u00e9ny megjelent a losonci sajt\u00f3ban, a patik\u00e1t \u2013 amint ugyancsak sajt\u00f3k\u00f6zlem\u00e9nyekb\u0151l \u00e9rtes\u00fclhet\u00fcnk \u2013 m\u00e1r b\u00e9rbe vette egy aradi gy\u00f3gyszer\u00e9sz, aki azt\u00e1n h\u00e1rom \u00e9vig b\u00e9rl\u0151je is marad. Az eg\u00e9sz \u00fcgyben, ami egy \u00f6t \u00e9ves, a megyei \u00e9s a f\u0151v\u00e1rosi szaksajt\u00f3b\u00f3l nyomon k\u00f6vethet\u0151 proced\u00fara z\u00e1r\u00f3akkordja volt, sz\u00e1munkra most mind\u00f6ssze az a t\u00e9ny \u00e9rdemel figyelmet, hogy a b\u00e9rbevev\u0151 Hackenberger L\u00e1szl\u00f3, aki Kosztka Tivadarral egy id\u0151ben v\u00e9gezte a gy\u00f3gyszer\u00e9szetet, a k\u00e9t vil\u00e1gh\u00e1bor\u00fa k\u00f6z\u00f6tti \u00e9vekben bukkan fel szem\u00fcnk el\u0151tt egy \u00fan. \u00faj s\u00e1lemista k\u00f6z\u00f6ss\u00e9g tagjak\u00e9nt, minden bizonnyal nesztorak\u00e9nt. Vall\u00e1silag a t\u00f6rt\u00e9neti egyh\u00e1zakkal szemben \u00e1ll\u00f3, a \u201enagy F\u00e9nyember\u201d kialakul\u00e1s\u00e1t hirdet\u0151 \u00e9s azon munk\u00e1lkod\u00f3 k\u00f6z\u00f6ss\u00e9g vezet\u0151je a fest\u0151nek indult Horti Ede volt, aki R\u00e1kosligeten \u00e9lve az osztr\u00e1k szektaalap\u00edt\u00f3 Jakob Lorbeer sz\u00e1mos k\u00f6tet\u00e9t leford\u00edtotta \u00e9s kiadta (k\u00f6zt\u00fck a J\u00e1nos nagy evang\u00e9liuma c\u00edm\u0171t, nyolc testes f\u00fczetben), lapot szerkesztett, m\u0171k\u00f6dtetett Az Ige c\u00edmmel, s kiadta \u2013 visszakanyarodva a t\u00e9m\u00e1hoz \u2013 Hackenberger teoz\u00f3fikus, gnosztikus, s egyben ut\u00f3pisztikus programf\u00fczet\u00e9t\u00a0 <strong>Az iskola vall\u00e1sa, misztikus vil\u00e1gszeml\u00e9let<\/strong>\u00a0 c\u00edmmel, 1923-ban.<br \/>\nA J\u00e1nos nagy evang\u00e9liuma (alc\u00edme: A bibliai J\u00e1nos evang\u00e9lium kinyilatkoztat\u00e1s \u00fatj\u00e1n adott magyar\u00e1zata) egyik k\u00f6tete ezt a c\u00edmet viseli:\u00a0 A h\u00e1romnapi jelenet a jeruzs\u00e1lemi templomban a 12 \u00e9ves J\u00e9zus \u00e9s a zsid\u00f3-r\u00f3mai vizsgabizotts\u00e1g k\u00f6z\u00f6tt, a hosszan taglalt esem\u00e9nysorozat \u00e9rdekess\u00e9ge, hogy egyfel\u0151l t\u00e9m\u00e1j\u00e1n\u00e1l fogva \u2013 a 12 \u00e9ves J\u00e9zus a templomban \u2013, m\u00e1sfel\u0151l naiv, groteszk, vizion\u00e1riushoz ill\u0151 szeml\u00e9letm\u00f3dja miatt kapcsolatba hozhat\u00f3 Csontv\u00e1ry Panaszfal\u00e1val, az \u00fajsz\u00f6vets\u00e9gi t\u00f6rt\u00e9net rokon hangv\u00e9tel\u0171 \u2013 b\u00e1r irodalmi \u2013 tolm\u00e1csol\u00e1s\u00e1val. Az eszmefuttat\u00e1st \u00e9rdemes lez\u00e1rni azzal a megjegyz\u00e9ssel, hogy a J\u00e1nos evang\u00e9lium \u2013 t\u00f6bbek k\u00f6zt kezd\u0151sorai miatt \u2013 a bels\u0151 f\u00e9nynek, megvil\u00e1gosod\u00e1snak k\u00fcl\u00f6nleges szerepet tulajdon\u00edt\u00f3, az<br \/>\nemberi \u00e9letet Tao-szer\u0171 \u00fatk\u00e9nt \u00e9rtelmez\u0151 tanokban, tan\u00edt\u00e1sokban \u00e1ltal\u00e1nos n\u00e9pszer\u0171s\u00e9gnek \u00f6rvend, elemz\u00e9sek t\u00e1rgy\u00e1t k\u00e9pez\u0151, majdhogy p\u00e9lda\u00e9rt\u00e9k\u0171.<\/p>\n<p align=\"justify\"><strong>A JANUS-ARC\u00da KOSZTKA TIVADAR<\/strong> (Pal\u00f3cf\u00f6ld, 1988) 8. oldal<\/p>\n<p align=\"justify\">1891 elej\u00e9n mind a Gy\u00f3gyszer\u00e9szi Hetilap, mind a Gy\u00f3gyszer\u00e9szi K\u00f6zl\u00f6ny arr\u00f3l \u00e9rtes\u00edti olvas\u00f3it, hogy Kosztka Tivadar g\u00e1csi gy\u00f3gyszer\u00e9sz febru\u00e1r 15-vel patik\u00e1j\u00e1t b\u00e9rbe adta Hackenberger L\u00e1szl\u00f3nak. Pontosan egy h\u00e9ttel k\u00e9s\u0151bb a Losonc \u00e9s Vid\u00e9k\u00e9ben hirdetm\u00e9ny jelenik meg, amelynek \u00e9rtelm\u00e9ben a j\u00e1r\u00e1s-b\u00edr\u00f3s\u00e1g a gy\u00f3gyszert\u00e1r eg\u00e9sz berendez\u00e9s\u00e9t \u00e1rver\u00e9sre bocs\u00e1tja. Az elj\u00e1r\u00e1st Kosztka ellen egy losonci gy\u00f3gyszer\u00e9sz ind\u00edttatta meg, akit\u0151l 1888 november\u00e9ben 4500 ft k\u00f6lcs\u00f6nt vett fel. Az \u00e1rver\u00e9s kimenetel\u00e9r\u0151l ugyancsak nincs tudom\u00e1sunk. A gy\u00f3gyszert\u00e1r mindenk\u00e9ppen az \u0151 kez\u00e9ben marad:az 1895-\u00f6s\u00a0 Gy\u00f3gyszer\u00e9szi Almanach, amely a hazai gy\u00f3gyszert\u00e1rak els\u0151 teljes n\u00e9vjegyz\u00e9k\u00e9t adja, \u0151t t\u00fcnteti fel tulajdonosnak. Hackenberger L\u00e1szl\u00f3t pedig a g\u00e1csi patika els\u0151 b\u00e9rl\u0151j\u00e9nek tekinthetj\u00fck. Ezek ut\u00e1n Kosztka Tivadarnak semmi keresni val\u00f3ja nem volt G\u00e1cson, s amint a Losonc \u00e9s Vid\u00e9ke egyik h\u00edrad\u00e1s\u00e1b\u00f3l \u00e9rtes\u00fcl\u00fcnk, t\u00e1vozik is \u2013 k\u00e9tes kimenetel\u0171 k\u00fczdelmei sz\u00ednter\u00e9r\u0151l.<\/p>\n<p align=\"justify\">Hackenberger L\u00e1szl\u00f3 neve tal\u00e1n csak a kor ezoterikus mozgalmait feldolgoz\u00f3 sz\u00e1m\u00e1ra mondana valamit. A g\u00e1csi patika b\u00e9rlet\u00e9nek felmond\u00e1sa ut\u00e1n elt\u0171nik a szem\u00fcnk el\u0151l, az els\u0151 vil\u00e1gh\u00e1bor\u00fa alatt ism\u00e9t a Felvid\u00e9ken, Pozsony megy\u00e9ben gy\u00f3gyszer\u00e9szkedik, a h\u00e1bor\u00fa ut\u00e1n a f\u0151v\u00e1rosban \u00e9s R\u00e1kosligeten \u00e9l. R\u00e1kosligeten a bibliai J\u00e1nos Jelen\u00e9sek k\u00f6nyv\u00e9ben szerepl\u0151 \u201e\u00faj Jeruzs\u00e1lem\u201d megteremt\u00e9s\u00e9n lelkileg munk\u00e1lkod\u00f3 k\u00f6z\u00f6ss\u00e9g, a romlatlan krisztusi tanokat \u00e9s egyszer\u0171 \u00e9letm\u00f3dot k\u00f6vet\u0151 \u201e\u00faj s\u00e1lemist\u00e1k\u201d vezet\u0151 egy\u00e9nis\u00e9ge \u00e9s Az Ige c\u00edm\u0171 lap szerkeszt\u0151je. Horti Ede 1928-ban kiadja Hackenberger teoz\u00f3fikus be\u00e1ll\u00edtotts\u00e1g\u00fa bros\u00far\u00e1j\u00e1t, amelynek az istens\u00e9ggel val\u00f3 egyes\u00fcl\u00e9st, \u201ekozmikus szeml\u00e9letet\u201d vall\u00f3 szerz\u0151 \u00a0\u201eAz iskola vall\u00e1sa \u2013 misztikus vil\u00e1gszeml\u00e9let\u201d c\u00edmet adta. Arr\u00f3l is van tudom\u00e1sunk, hogy ugyanez a Hackenberger \u00e9lete utols\u00f3 \u00e9veiben (meghalt 1941-ben, 81 \u00e9vesen R\u00e1kosligeten) gyakran megfordult az indol\u00f3gus Zajti Ferenc Ar\u00e9na \u00fati m\u0171term\u00e9ben, aki a t\u00edzes \u00e9vekben egy gy\u0151ri rajztan\u00e1r-fest\u0151vel, B\u00e9k\u00e9ssy Le\u00f3val egy\u00fctt Csontv\u00e1ry tan\u00edtv\u00e1nya volt. (Az Ar\u00e9na \u2013 ma D\u00f3zsa Gy\u00f6rgy \u2013 \u00fati h\u00e1z el\u0151csarnok\u00e1ban a Magas T\u00e1tra nagym\u00e9ret\u0171 sz\u00ednes ker\u00e1mia k\u00e9pe ma is l\u00e1that\u00f3.)<\/p>\n<p align=\"left\">A TERM\u00c9SZETTUDOM\u00c1NYI K\u00d6NYVKIAD\u00d3 V\u00c1LLALAT HATODIK, 1887\u20141889. \u00c9VI CZIKLUS\u00c1NAK P\u00c1RTOL\u00d3 TAGJAI.<\/p>\n<p align=\"justify\"><img loading=\"lazy\" decoding=\"async\" src=\"http:\/\/rakosliget.hu\/doku\/term\u00e9szettudomanyi elofiz.jpg\" width=\"657\" height=\"262\" \/><\/p>\n<p align=\"left\">Mell\u00e9klet a \u201eTerm\u00e9szettudom\u00e1nyi K\u00f6zl\u00f6ny&#8221; 213-dik f\u00fczet\u00e9hez<\/p>\n<p align=\"justify\"><img loading=\"lazy\" decoding=\"async\" src=\"http:\/\/rakosliget.hu\/doku\/partolotagsag.jpg\" width=\"924\" height=\"901\" \/><\/p>\n<p align=\"justify\">\n<p align=\"left\"><strong>Hackenberger L\u00e1szl\u00f3 irodalmi munk\u00e1ss\u00e1ga:<\/strong><br \/>\nEgy h\u00edv\u0151 (Hackenberger L\u00e1szl\u00f3) : \u00daj vil\u00e1grend a vil\u00e1gh\u00e1bor\u00fab\u00f3l, Arad, 1916<br \/>\nHackenberger L\u00e1szl\u00f3: Az iskola vall\u00e1sa, misztikus vil\u00e1gszeml\u00e9let R\u00e1kosliget 1923.<\/p>\n","protected":false},"excerpt":{"rendered":"<p>Hackenberger L\u00e1szl\u00f3 Gy\u00f3gyszer\u00e9sz, R\u00e1kosliget b\u00edr\u00f3ja 1913. november 9. &#8211; 1914. j\u00falius 22. 1920-t\u00f3l hal\u00e1l\u00e1ig, 1941-ig Budapesten, illetve R\u00e1kosligeten \u00e9lt, fel tehet\u0151en eszmei k\u00f6z\u00f6ss\u00e9gben Horti Ede k\u00f6r\u00e9vel. \u00c9letkor\u00e1n\u00e1l fogva annak nesztora lehetett, 81 \u00e9ves kor\u00e1ban halt meg R\u00e1kosligeten, egy h\u00e9ttel kor\u00e1bban Horti Ed\u00e9n\u00e9l. \u00c9letrajz\u00e1b\u00f3l az al\u00e1bbi t\u00f6red\u00e9keket ismerj\u00fck: A magyardi\u00f3szegi (Di\u00f3szeg) patika 1900-ban alakult (a Katolikus &hellip; <a href=\"https:\/\/rakosliget.hu\/wordpress\/index.php\/hackenberger-laszlo\/\" class=\"more-link\"><span class=\"screen-reader-text\">Hackenberger L\u00e1szl\u00f3<\/span> r\u00e9szletei&#8230;<\/a><\/p>\n","protected":false},"author":1,"featured_media":0,"parent":0,"menu_order":0,"comment_status":"closed","ping_status":"closed","template":"","meta":{"footnotes":""},"class_list":["post-963","page","type-page","status-publish","hentry"],"_links":{"self":[{"href":"https:\/\/rakosliget.hu\/wordpress\/index.php\/wp-json\/wp\/v2\/pages\/963","targetHints":{"allow":["GET"]}}],"collection":[{"href":"https:\/\/rakosliget.hu\/wordpress\/index.php\/wp-json\/wp\/v2\/pages"}],"about":[{"href":"https:\/\/rakosliget.hu\/wordpress\/index.php\/wp-json\/wp\/v2\/types\/page"}],"author":[{"embeddable":true,"href":"https:\/\/rakosliget.hu\/wordpress\/index.php\/wp-json\/wp\/v2\/users\/1"}],"replies":[{"embeddable":true,"href":"https:\/\/rakosliget.hu\/wordpress\/index.php\/wp-json\/wp\/v2\/comments?post=963"}],"version-history":[{"count":2,"href":"https:\/\/rakosliget.hu\/wordpress\/index.php\/wp-json\/wp\/v2\/pages\/963\/revisions"}],"predecessor-version":[{"id":4401,"href":"https:\/\/rakosliget.hu\/wordpress\/index.php\/wp-json\/wp\/v2\/pages\/963\/revisions\/4401"}],"wp:attachment":[{"href":"https:\/\/rakosliget.hu\/wordpress\/index.php\/wp-json\/wp\/v2\/media?parent=963"}],"curies":[{"name":"wp","href":"https:\/\/api.w.org\/{rel}","templated":true}]}}