{"id":960,"date":"2018-03-21T04:34:18","date_gmt":"2018-03-21T03:34:18","guid":{"rendered":"http:\/\/rakosliget.hu\/wordpress\/?page_id=960"},"modified":"2018-03-21T04:34:18","modified_gmt":"2018-03-21T03:34:18","slug":"gyorfi-aladar-dr","status":"publish","type":"page","link":"https:\/\/rakosliget.hu\/wordpress\/index.php\/gyorfi-aladar-dr\/","title":{"rendered":"Gy\u00f6rfi Alad\u00e1r dr."},"content":{"rendered":"<h1 align=\"left\"><span data-canvas-width=\"72.67742730274011\">Gy\u00f6rfi Alad\u00e1r<\/span><span data-canvas-width=\"160.91741473290776\">, dr. (Golubovec, 1917)<\/span><\/h1>\n<h2 align=\"left\">R\u00e1kosligeti Nemzeti Bizotts\u00e1g tagja<\/h2>\n<p align=\"left\">\n<p align=\"left\"><span data-canvas-width=\"160.91741473290776\">Nyel<\/span><span data-canvas-width=\"227.6876112287843\">v\u00e9sz. 1945-1948-ban az SZDP tagja. 1945<\/span><span data-canvas-width=\"227.73544829156694\"> ut\u00e1n v\u00e1llalati tisztvisel\u0151. 1947-<\/span><span data-canvas-width=\"229.2946779595638\">ben a R\u00e1kosligeti Nemzeti Bizotts\u00e1g tagja. K\u00fclf\u00f6ld\u00f6n \u00e9lt. <\/span><\/p>\n","protected":false},"excerpt":{"rendered":"<p>Gy\u00f6rfi Alad\u00e1r, dr. (Golubovec, 1917) R\u00e1kosligeti Nemzeti Bizotts\u00e1g tagja Nyelv\u00e9sz. 1945-1948-ban az SZDP tagja. 1945 ut\u00e1n v\u00e1llalati tisztvisel\u0151. 1947-ben a R\u00e1kosligeti Nemzeti Bizotts\u00e1g tagja. K\u00fclf\u00f6ld\u00f6n \u00e9lt.<\/p>\n","protected":false},"author":1,"featured_media":0,"parent":0,"menu_order":0,"comment_status":"closed","ping_status":"closed","template":"","meta":{"footnotes":""},"class_list":["post-960","page","type-page","status-publish","hentry"],"_links":{"self":[{"href":"https:\/\/rakosliget.hu\/wordpress\/index.php\/wp-json\/wp\/v2\/pages\/960","targetHints":{"allow":["GET"]}}],"collection":[{"href":"https:\/\/rakosliget.hu\/wordpress\/index.php\/wp-json\/wp\/v2\/pages"}],"about":[{"href":"https:\/\/rakosliget.hu\/wordpress\/index.php\/wp-json\/wp\/v2\/types\/page"}],"author":[{"embeddable":true,"href":"https:\/\/rakosliget.hu\/wordpress\/index.php\/wp-json\/wp\/v2\/users\/1"}],"replies":[{"embeddable":true,"href":"https:\/\/rakosliget.hu\/wordpress\/index.php\/wp-json\/wp\/v2\/comments?post=960"}],"version-history":[{"count":1,"href":"https:\/\/rakosliget.hu\/wordpress\/index.php\/wp-json\/wp\/v2\/pages\/960\/revisions"}],"predecessor-version":[{"id":961,"href":"https:\/\/rakosliget.hu\/wordpress\/index.php\/wp-json\/wp\/v2\/pages\/960\/revisions\/961"}],"wp:attachment":[{"href":"https:\/\/rakosliget.hu\/wordpress\/index.php\/wp-json\/wp\/v2\/media?parent=960"}],"curies":[{"name":"wp","href":"https:\/\/api.w.org\/{rel}","templated":true}]}}