{"id":96,"date":"2017-12-10T17:54:04","date_gmt":"2017-12-10T17:54:04","guid":{"rendered":"http:\/\/rakosliget.hu\/wordpress\/?page_id=96"},"modified":"2026-02-23T18:47:06","modified_gmt":"2026-02-23T17:47:06","slug":"egyhazak-rakosligeten","status":"publish","type":"page","link":"https:\/\/rakosliget.hu\/wordpress\/index.php\/egyhazak-rakosligeten\/","title":{"rendered":"EGYH\u00c1ZAK R\u00c1KOSLIGETEN"},"content":{"rendered":"\n<p id=\"Eleje\"><em>Friss\u00edtve: 2026. 01. 27.<\/em><\/p>\n\n\n\n<div class=\"wp-block-buttons is-layout-flex wp-block-buttons-is-layout-flex\">\n<div class=\"wp-block-button\"><a class=\"wp-block-button__link wp-element-button\" href=\"#R\u00f3mai katolikus\">R\u00d3MAI KATOLIKUS EGYH\u00c1Z <\/a><\/div>\n<\/div>\n\n\n\n<p><\/p>\n\n\n\n<div class=\"wp-block-buttons is-layout-flex wp-block-buttons-is-layout-flex\">\n<div class=\"wp-block-button\"><a class=\"wp-block-button__link wp-element-button\" href=\"#Evang\u00e9likus\">EVANG\u00c9LIKUS EGYH\u00c1Z <\/a><\/div>\n<\/div>\n\n\n\n<p><\/p>\n\n\n\n<div class=\"wp-block-buttons is-layout-flex wp-block-buttons-is-layout-flex\">\n<div class=\"wp-block-button\"><a class=\"wp-block-button__link wp-element-button\" href=\"#Reform\u00e1tus\">REFORM\u00c1TUS EGYH\u00c1Z <\/a><\/div>\n<\/div>\n\n\n\n<p><\/p>\n\n\n\n<div class=\"wp-block-buttons is-layout-flex wp-block-buttons-is-layout-flex\">\n<div class=\"wp-block-button\"><a class=\"wp-block-button__link wp-element-button\" href=\"#Zsid\u00f3\">ZSID\u00d3 HITK\u00d6ZS\u00c9G<\/a><\/div>\n<\/div>\n\n\n\n<p><\/p>\n\n\n\n<div class=\"wp-block-buttons is-layout-flex wp-block-buttons-is-layout-flex\">\n<div class=\"wp-block-button\"><a class=\"wp-block-button__link wp-element-button\" href=\"https:\/\/rakosliget.hu\/wordpress\/index.php\/egyhazi-vezetok-tisztsegviselok\/\">EGYH\u00c1ZI VEZET\u0150K<\/a><\/div>\n<\/div>\n\n\n\n<h3 class=\"wp-block-heading\" id=\"R\u00f3mai-katolikus\"><a href=\"http:\/\/rakosliget.plebania.hu\/\" target=\"_blank\" rel=\"noopener noreferrer\">R\u00d3MAI KATOLIKUS EGYH\u00c1Z<\/a><\/h3>\n\n\n<div class=\"wp-block-image\">\n<figure class=\"aligncenter size-full is-resized\"><img loading=\"lazy\" decoding=\"async\" width=\"300\" height=\"300\" src=\"https:\/\/rakosliget.hu\/wordpress\/wp-content\/uploads\/2026\/01\/zaszlo_1.jpg\" alt=\"\" class=\"wp-image-21754\" style=\"width:184px;height:auto\" srcset=\"https:\/\/rakosliget.hu\/wordpress\/wp-content\/uploads\/2026\/01\/zaszlo_1.jpg 300w, https:\/\/rakosliget.hu\/wordpress\/wp-content\/uploads\/2026\/01\/zaszlo_1-150x150.jpg 150w\" sizes=\"auto, (max-width: 300px) 100vw, 300px\" \/><\/figure>\n<\/div>\n\n<div class=\"wp-block-image\">\n<figure class=\"aligncenter\"><img loading=\"lazy\" decoding=\"async\" width=\"300\" height=\"225\" src=\"http:\/\/rakosliget.hu\/wordpress\/wp-content\/uploads\/2017\/12\/1-300x225.jpg\" alt=\"\" class=\"wp-image-103\" srcset=\"https:\/\/rakosliget.hu\/wordpress\/wp-content\/uploads\/2017\/12\/1-300x225.jpg 300w, https:\/\/rakosliget.hu\/wordpress\/wp-content\/uploads\/2017\/12\/1.jpg 700w\" sizes=\"auto, (max-width: 300px) 100vw, 300px\" \/><\/figure>\n<\/div>\n\n\n<div class=\"wp-block-buttons is-layout-flex wp-block-buttons-is-layout-flex\">\n<div class=\"wp-block-button\"><a class=\"wp-block-button__link wp-element-button\" href=\"https:\/\/rakosliget.hu\/wordpress\/index.php\/a-romai-katolikus-templom-tortenete\/\">A TEMPLOM T\u00d6RT\u00c9NETE<\/a><\/div>\n<\/div>\n\n\n\n<p><\/p>\n\n\n\n<div class=\"wp-block-buttons is-layout-flex wp-block-buttons-is-layout-flex\">\n<div class=\"wp-block-button\"><a class=\"wp-block-button__link wp-element-button\" href=\"\/kepgaleriak\/indexkat.html\">A templom k\u00e9pei&nbsp;<\/a><\/div>\n<\/div>\n\n\n\n<p><\/p>\n\n\n\n<div class=\"wp-block-buttons is-layout-flex wp-block-buttons-is-layout-flex\">\n<div class=\"wp-block-button\"><a class=\"wp-block-button__link wp-element-button\" href=\"https:\/\/rakosliget.hu\/wordpress\/index.php\/rakosliget-katolikus-templom-kepei\/\">A templom k\u00e9pei<\/a><\/div>\n<\/div>\n\n\n\n<p><\/p>\n\n\n\n<div class=\"wp-block-buttons is-layout-flex wp-block-buttons-is-layout-flex\">\n<div class=\"wp-block-button\"><a class=\"wp-block-button__link wp-element-button\" href=\"https:\/\/rakosliget.hu\/wordpress\/index.php\/rakosligeti-romai-katolikus-templom\/\">A templom k\u00e9pei<\/a><\/div>\n<\/div>\n\n\n\n<p><\/p>\n\n\n\n<h5 class=\"wp-block-heading\">Zsemley Oszk\u00e1r (szerk.) Magyar v\u00e1rosok \u00e9s v\u00e1rmegy\u00e9k monogr\u00e1fi\u00e1ja 24. 1937.<\/h5>\n\n\n\n<blockquote class=\"wp-block-quote is-layout-flow wp-block-quote-is-layout-flow\">\n<p>R\u00e1kosligeti pl\u00e9b\u00e1nia. R\u00e1kosliget  nagyk\u00f6zs\u00e9g 1899 &#8211; ben l\u00e9tes\u00fclt a R\u00e1koskereszt\u00far hat\u00e1r\u00e1ban l\u00e9v\u0151 Munk\u00e1sotthon &#8211; b\u00f3l . Az 1903 -as \u00f6ssze\u00edr\u00e1s szerint 286 kath . hiv\u0151 \u00e9lt a k\u00f6zs\u00e9gben , amire megalakult a templom &#8211; \u00e9p\u00edt\u0151 bizotts\u00e1g . Az iskol\u00e1kban ideiglenes olt\u00e1rt \u00e1ll\u00edtottak fel . Az els\u0151 helyi lelk\u00e9sz Hillenbrand M\u00f3ric 1915- ben foglalta el \u00e1ll\u00e1s\u00e1t . A templom \u00e9p\u00edt\u00e9s\u00e9t 1915 &#8211; ben fejezt\u00e9k be \u00e9s szentelt\u00e9k fel . A prolet\u00e1rdiktat\u00fara buk\u00e1sa ut\u00e1n R\u00e1kosliget pl\u00e9b\u00e1nia rangra , emeltetett \u00e9s a megy\u00e9sp\u00fcsp\u00f6k els\u0151 pl\u00e9b\u00e1nos\u00e1v\u00e1  Hillenbrand M\u00f3ricot nevezte ki.<br>A v\u00e1ci p\u00fcsp\u00f6k 1921 &#8211; ben l\u00e1togatta meg els\u0151 \u00edzben a pl\u00e9b\u00e1ni\u00e1t. 1922 -ben \u00faj harangok ker\u00fcltek a templomba . Felszerel\u00e9se adakoz\u00e1sb\u00f3l l\u00e9tes\u00fclt . 1925 -ben esperes lett Hillenbrand Ferenc. (helyesen M\u00f3ric).  A templomban \u00e9vek sor\u00e1n mell\u00e9kolt\u00e1rokat \u00e9s szobrokat \u00e1ll\u00edtottak fel. Az egyh\u00e1zk\u00f6zs\u00e9g jelenlegi tisztikara: vil\u00e1gi eln\u00f6k Czang K\u00e1roly, aleln\u00f6k dr. Jirka Alajos, gondnok R\u00f3zner Istv\u00e1n, jegyz\u0151 Stolcz Jen\u0151 \u00e9s Heged\u0171s Imre, p\u00e9nzt\u00e1ros Schauschek Istv\u00e1n, ellen\u0151r Cserey Gyula, \u00fcgy\u00e9sz dr. R\u00e9vay Ferenc, templomgondnok P\u00e1ncz\u00e9l Jakab .<\/p>\n<\/blockquote>\n\n\n\n<h1 class=\"wp-block-heading\">1904<\/h1>\n\n\n\n<figure class=\"wp-block-image\"><img loading=\"lazy\" decoding=\"async\" width=\"300\" height=\"240\" src=\"https:\/\/rakosliget.hu\/wordpress\/wp-content\/uploads\/2023\/01\/gyujtes-300x240.jpg\" alt=\"\" class=\"wp-image-10689\" srcset=\"https:\/\/rakosliget.hu\/wordpress\/wp-content\/uploads\/2023\/01\/gyujtes-300x240.jpg 300w, https:\/\/rakosliget.hu\/wordpress\/wp-content\/uploads\/2023\/01\/gyujtes-768x613.jpg 768w, https:\/\/rakosliget.hu\/wordpress\/wp-content\/uploads\/2023\/01\/gyujtes.jpg 968w\" sizes=\"auto, (max-width: 300px) 100vw, 300px\" \/><\/figure>\n\n\n\n<p><\/p>\n\n\n\n<p>Budapesti H\u00edrlap 1904. augusztus 17.<\/p>\n\n\n\n<div class=\"wp-block-buttons is-content-justification-center is-layout-flex wp-container-core-buttons-is-layout-16018d1d wp-block-buttons-is-layout-flex\">\n<div class=\"wp-block-button\"><a class=\"wp-block-button__link wp-element-button\" href=\"#Eleje\">Vissza a lap tetej\u00e9re<\/a><\/div>\n<\/div>\n\n\n\n<h3 class=\"wp-block-heading\" id=\"Evang\u00e9likus\">EVANG\u00c9LIKUS EGYH\u00c1Z<\/h3>\n\n\n<div class=\"wp-block-image\">\n<figure class=\"aligncenter size-full is-resized\"><img loading=\"lazy\" decoding=\"async\" width=\"1280\" height=\"1280\" src=\"https:\/\/rakosliget.hu\/wordpress\/wp-content\/uploads\/2026\/01\/Lutherrose.PNG.png\" alt=\"\" class=\"wp-image-21752\" style=\"width:178px;height:auto\" srcset=\"https:\/\/rakosliget.hu\/wordpress\/wp-content\/uploads\/2026\/01\/Lutherrose.PNG.png 1280w, https:\/\/rakosliget.hu\/wordpress\/wp-content\/uploads\/2026\/01\/Lutherrose.PNG-300x300.png 300w, https:\/\/rakosliget.hu\/wordpress\/wp-content\/uploads\/2026\/01\/Lutherrose.PNG-150x150.png 150w, https:\/\/rakosliget.hu\/wordpress\/wp-content\/uploads\/2026\/01\/Lutherrose.PNG-768x768.png 768w\" sizes=\"auto, (max-width: 1280px) 100vw, 1280px\" \/><\/figure>\n<\/div>\n\n\n<div class=\"wp-block-buttons is-layout-flex wp-block-buttons-is-layout-flex\">\n<div class=\"wp-block-button\"><a class=\"wp-block-button__link wp-element-button\" href=\"https:\/\/rakosliget.hu\/wordpress\/index.php\/evangelikus-templom\/\">AZ EVANG\u00c9LIKUS TEMPLOM<\/a><\/div>\n<\/div>\n\n\n<div class=\"wp-block-image\">\n<figure class=\"aligncenter size-full\"><img loading=\"lazy\" decoding=\"async\" width=\"1014\" height=\"744\" src=\"https:\/\/rakosliget.hu\/wordpress\/wp-content\/uploads\/2026\/01\/ev-templom2.jpg\" alt=\"\" class=\"wp-image-22656\" srcset=\"https:\/\/rakosliget.hu\/wordpress\/wp-content\/uploads\/2026\/01\/ev-templom2.jpg 1014w, https:\/\/rakosliget.hu\/wordpress\/wp-content\/uploads\/2026\/01\/ev-templom2-300x220.jpg 300w, https:\/\/rakosliget.hu\/wordpress\/wp-content\/uploads\/2026\/01\/ev-templom2-768x564.jpg 768w\" sizes=\"auto, (max-width: 1014px) 100vw, 1014px\" \/><figcaption class=\"wp-element-caption\">A templom k\u00e9peslapon. Forr\u00e1s: Evang\u00e9likus Orsz\u00e1gos Lev\u00e9lt\u00e1r Fotogy\u0171jtem\u00e9ny 4. sz. doboz<\/figcaption><\/figure>\n<\/div>\n\n\n<div class=\"wp-block-buttons is-layout-flex wp-block-buttons-is-layout-flex\">\n<div class=\"wp-block-button\"><a class=\"wp-block-button__link wp-element-button\" href=\"\/kepgaleriak\/indexev.html\">A templom k\u00e9pei<\/a><\/div>\n<\/div>\n\n\n\n<p><\/p>\n\n\n\n<div class=\"wp-block-buttons is-layout-flex wp-block-buttons-is-layout-flex\">\n<div class=\"wp-block-button\"><a class=\"wp-block-button__link wp-element-button\" href=\"https:\/\/rakosliget.hu\/kepgaleriak\/indexev.html\">A templom k\u00e9pei<\/a><\/div>\n<\/div>\n\n\n\n<p><\/p>\n\n\n\n<figure class=\"wp-block-embed is-type-wp-embed is-provider-r-kosliget-almanach wp-block-embed-r-kosliget-almanach\"><div class=\"wp-block-embed__wrapper\">\n<blockquote class=\"wp-embedded-content\" data-secret=\"5Lw24dkWly\"><a href=\"https:\/\/rakosliget.hu\/wordpress\/index.php\/magyar-epitomuveszet-1934-evangelikus-templom\/\">Magyar \u00c9p\u00edt\u0151m\u0171v\u00e9szet 1934. Evang\u00e9likus templom<\/a><\/blockquote><iframe loading=\"lazy\" class=\"wp-embedded-content\" sandbox=\"allow-scripts\" security=\"restricted\" style=\"position: absolute; visibility: hidden;\" title=\"&#8220;Magyar \u00c9p\u00edt\u0151m\u0171v\u00e9szet 1934. Evang\u00e9likus templom&#8221; &#8212; R\u00e1kosliget Almanach\" src=\"https:\/\/rakosliget.hu\/wordpress\/index.php\/magyar-epitomuveszet-1934-evangelikus-templom\/embed\/#?secret=K2uVEYvKZu#?secret=5Lw24dkWly\" data-secret=\"5Lw24dkWly\" width=\"600\" height=\"338\" frameborder=\"0\" marginwidth=\"0\" marginheight=\"0\" scrolling=\"no\"><\/iframe>\n<\/div><\/figure>\n\n\n\n<div class=\"wp-block-buttons is-layout-flex wp-block-buttons-is-layout-flex\">\n<div class=\"wp-block-button\"><a class=\"wp-block-button__link wp-element-button\" href=\"http:\/\/rakosliget.hu\/wordpress\/index.php\/evangelikus-sajtohirek\/\">Sajt\u00f3h\u00edrek<\/a><\/div>\n<\/div>\n\n\n\n<p><\/p>\n\n\n\n<div class=\"wp-block-buttons is-layout-flex wp-block-buttons-is-layout-flex\">\n<div class=\"wp-block-button\"><a class=\"wp-block-button__link wp-element-button\" href=\"\/evangelikus templom iratok\/80 eves a templom kepek\/index.html\">80 \u00e9ves a templom<\/a><\/div>\n<\/div>\n\n\n\n<p><\/p>\n\n\n\n<div class=\"wp-block-buttons is-layout-flex wp-block-buttons-is-layout-flex\">\n<div class=\"wp-block-button\"><a class=\"wp-block-button__link wp-element-button\" href=\"https:\/\/rakosliget.hu\/wordpress\/index.php\/a-rakosligeti-evangelikus-fiokegyhaz-dokumentumgyujtemenye-2\/\">Egyh\u00e1zi iratok <\/a><\/div>\n<\/div>\n\n\n<div class=\"wp-block-image\">\n<figure class=\"aligncenter\"><img loading=\"lazy\" decoding=\"async\" width=\"126\" height=\"300\" src=\"http:\/\/rakosliget.hu\/wordpress\/wp-content\/uploads\/2017\/12\/rakosliget-sandy-kep1024-126x300.jpg\" alt=\"\" class=\"wp-image-101\" srcset=\"https:\/\/rakosliget.hu\/wordpress\/wp-content\/uploads\/2017\/12\/rakosliget-sandy-kep1024-126x300.jpg 126w, https:\/\/rakosliget.hu\/wordpress\/wp-content\/uploads\/2017\/12\/rakosliget-sandy-kep1024.jpg 210w\" sizes=\"auto, (max-width: 126px) 100vw, 126px\" \/><\/figure>\n<\/div>\n\n<div class=\"wp-block-image\">\n<figure class=\"aligncenter size-full\"><img loading=\"lazy\" decoding=\"async\" width=\"564\" height=\"758\" src=\"https:\/\/rakosliget.hu\/wordpress\/wp-content\/uploads\/2026\/01\/ev-templom-3.jpg\" alt=\"\" class=\"wp-image-22653\" srcset=\"https:\/\/rakosliget.hu\/wordpress\/wp-content\/uploads\/2026\/01\/ev-templom-3.jpg 564w, https:\/\/rakosliget.hu\/wordpress\/wp-content\/uploads\/2026\/01\/ev-templom-3-223x300.jpg 223w\" sizes=\"auto, (max-width: 564px) 100vw, 564px\" \/><\/figure>\n<\/div>\n\n\n<div class=\"wp-block-buttons is-layout-flex wp-block-buttons-is-layout-flex\">\n<div class=\"wp-block-button\"><a class=\"wp-block-button__link wp-element-button\" href=\"https:\/\/rakosliget.hu\/wordpress\/index.php\/sandy-gyula\/\">S\u00c1NDY GYULA A TEMPLOM TERVEZ\u0150JE<\/a><\/div>\n<\/div>\n\n\n\n<p><\/p>\n\n\n\n<div class=\"wp-block-buttons is-layout-flex wp-block-buttons-is-layout-flex\">\n<div class=\"wp-block-button\"><a class=\"wp-block-button__link wp-element-button\" href=\"http:\/\/rakosliget.hu\/wordpress\/wp-content\/uploads\/2020\/11\/Rakosliget.pdf\">Jelent\u00e9s a templomr\u00f3l 1943. janu\u00e1r 3. .pdf<\/a><\/div>\n<\/div>\n\n\n\n<p><\/p>\n\n\n\n<div class=\"wp-block-buttons is-layout-flex wp-block-buttons-is-layout-flex\">\n<div class=\"wp-block-button\"><a class=\"wp-block-button__link wp-element-button\" href=\"http:\/\/rakosliget.hu\/wordpress\/wp-content\/uploads\/2020\/11\/Rakosliget_1.pdf\">V\u00e1zlat a jelent\u00e9shez<\/a><\/div>\n<\/div>\n\n\n\n<p><\/p>\n\n\n\n<figure class=\"wp-block-image\"><a href=\"https:\/\/rakosliget.hu\/wordpress\/wp-content\/uploads\/2023\/01\/templomszenteles.jpg\"><img loading=\"lazy\" decoding=\"async\" width=\"300\" height=\"192\" src=\"https:\/\/rakosliget.hu\/wordpress\/wp-content\/uploads\/2023\/01\/templomszenteles-300x192.jpg\" alt=\"\" class=\"wp-image-10697\" srcset=\"https:\/\/rakosliget.hu\/wordpress\/wp-content\/uploads\/2023\/01\/templomszenteles-300x192.jpg 300w, https:\/\/rakosliget.hu\/wordpress\/wp-content\/uploads\/2023\/01\/templomszenteles-768x492.jpg 768w, https:\/\/rakosliget.hu\/wordpress\/wp-content\/uploads\/2023\/01\/templomszenteles.jpg 808w\" sizes=\"auto, (max-width: 300px) 100vw, 300px\" \/><\/a><\/figure>\n\n\n\n<div class=\"wp-block-buttons is-layout-flex wp-block-buttons-is-layout-flex\">\n<div class=\"wp-block-button\"><a class=\"wp-block-button__link wp-element-button\" href=\"https:\/\/rakosliget.hu\/wordpress\/index.php\/evangelikus-ststisztika-1941\/\">Evang\u00e9likus statisztika<\/a><\/div>\n<\/div>\n\n\n\n<p><\/p>\n\n\n\n<p>Budapesti H\u00edrlap 1932. november 22.<\/p>\n\n\n\n<div class=\"wp-block-buttons is-layout-flex wp-block-buttons-is-layout-flex\">\n<div class=\"wp-block-button\"><a class=\"wp-block-button__link wp-element-button\" href=\"https:\/\/rakosliget.hu\/wordpress\/index.php\/kosa-laszlo-evangelikus-lelkesz\/\">K\u00d3SA L\u00c1SZL\u00d3 EVANG\u00c9LIKUS LELK\u00c9SZ EML\u00c9K\u00c9RE<\/a><\/div>\n<\/div>\n\n\n\n<p><\/p>\n\n\n\n<div class=\"wp-block-buttons is-content-justification-center is-layout-flex wp-container-core-buttons-is-layout-16018d1d wp-block-buttons-is-layout-flex\">\n<div class=\"wp-block-button\"><a class=\"wp-block-button__link wp-element-button\" href=\"#Eleje\">Vissza a lap tetej\u00e9re<\/a><\/div>\n<\/div>\n\n\n\n<h3 class=\"wp-block-heading\" id=\"Reform\u00e1tus\"><a href=\"https:\/\/rakosliget.hu\/wordpress\/index.php\/reformatus-templom\/\" target=\"_blank\" rel=\"noreferrer noopener\">REFORM\u00c1TUS EGYH\u00c1Z<\/a><\/h3>\n\n\n<div class=\"wp-block-image\">\n<figure class=\"aligncenter size-full is-resized\"><img loading=\"lazy\" decoding=\"async\" width=\"351\" height=\"500\" src=\"https:\/\/rakosliget.hu\/wordpress\/wp-content\/uploads\/2026\/01\/mre_cimer_szines.jpg.500x500_q85.jpg\" alt=\"\" class=\"wp-image-21775\" style=\"aspect-ratio:0.7019906872089753;width:168px;height:auto\" srcset=\"https:\/\/rakosliget.hu\/wordpress\/wp-content\/uploads\/2026\/01\/mre_cimer_szines.jpg.500x500_q85.jpg 351w, https:\/\/rakosliget.hu\/wordpress\/wp-content\/uploads\/2026\/01\/mre_cimer_szines.jpg.500x500_q85-211x300.jpg 211w\" sizes=\"auto, (max-width: 351px) 100vw, 351px\" \/><\/figure>\n<\/div>\n\n<div class=\"wp-block-image\">\n<figure class=\"aligncenter\"><img loading=\"lazy\" decoding=\"async\" width=\"300\" height=\"212\" src=\"http:\/\/rakosliget.hu\/wordpress\/wp-content\/uploads\/2017\/12\/refi-300x212.jpg\" alt=\"\" class=\"wp-image-102\" srcset=\"https:\/\/rakosliget.hu\/wordpress\/wp-content\/uploads\/2017\/12\/refi-300x212.jpg 300w, https:\/\/rakosliget.hu\/wordpress\/wp-content\/uploads\/2017\/12\/refi.jpg 600w\" sizes=\"auto, (max-width: 300px) 100vw, 300px\" \/><\/figure>\n<\/div>\n\n\n<p><\/p>\n\n\n\n<div class=\"wp-block-buttons is-content-justification-center is-layout-flex wp-container-core-buttons-is-layout-16018d1d wp-block-buttons-is-layout-flex\">\n<div class=\"wp-block-button\"><a class=\"wp-block-button__link wp-element-button\" href=\"#Eleje\">Vissza a lap tetej\u00e9re<\/a><\/div>\n<\/div>\n\n\n\n<h3 class=\"wp-block-heading\" id=\"Zsid\u00f3\"><a href=\"http:\/\/rakosliget.hu\/wordpress\/index.php\/a-zsido-imahaz-zsidosag-rakosligeten\/\">ZSID\u00d3S\u00c1G R\u00c1KOSLIGETEN<\/a><\/h3>\n\n\n<div class=\"wp-block-image\">\n<figure class=\"aligncenter size-full is-resized\"><img loading=\"lazy\" decoding=\"async\" width=\"1280\" height=\"1479\" src=\"https:\/\/rakosliget.hu\/wordpress\/wp-content\/uploads\/2026\/01\/Star_of_David.svg_.png\" alt=\"\" class=\"wp-image-21778\" style=\"aspect-ratio:0.8654581087702107;width:169px;height:auto\" srcset=\"https:\/\/rakosliget.hu\/wordpress\/wp-content\/uploads\/2026\/01\/Star_of_David.svg_.png 1280w, https:\/\/rakosliget.hu\/wordpress\/wp-content\/uploads\/2026\/01\/Star_of_David.svg_-260x300.png 260w, https:\/\/rakosliget.hu\/wordpress\/wp-content\/uploads\/2026\/01\/Star_of_David.svg_-768x887.png 768w\" sizes=\"auto, (max-width: 1280px) 100vw, 1280px\" \/><\/figure>\n<\/div>\n\n\n<div class=\"wp-block-buttons is-layout-flex wp-block-buttons-is-layout-flex\">\n<div class=\"wp-block-button\"><a class=\"wp-block-button__link wp-element-button\" href=\"https:\/\/rakosliget.hu\/wordpress\/index.php\/rakosligeti-zsido-imahaz-tortenete\/\">A ZSID\u00d3 IMAH\u00c1Z T\u00d6RT\u00c9NETE<\/a><\/div>\n<\/div>\n\n\n\n<p><\/p>\n\n\n\n<div class=\"wp-block-buttons is-layout-flex wp-block-buttons-is-layout-flex\">\n<div class=\"wp-block-button\"><a class=\"wp-block-button__link wp-element-button\" href=\"\/kepgaleriak\/indexzsido.html\">&nbsp;A zsid\u00f3 temet\u0151 R\u00e1kosligeten k\u00e9pek&nbsp;<\/a><\/div>\n<\/div>\n\n\n\n<p><\/p>\n\n\n<div class=\"wp-block-image\">\n<figure class=\"aligncenter\"><img loading=\"lazy\" decoding=\"async\" width=\"300\" height=\"187\" src=\"http:\/\/rakosliget.hu\/wordpress\/wp-content\/uploads\/2017\/12\/zsinagoga-1-300x187.jpg\" alt=\"\" class=\"wp-image-104\" srcset=\"https:\/\/rakosliget.hu\/wordpress\/wp-content\/uploads\/2017\/12\/zsinagoga-1-300x187.jpg 300w, https:\/\/rakosliget.hu\/wordpress\/wp-content\/uploads\/2017\/12\/zsinagoga-1.jpg 765w\" sizes=\"auto, (max-width: 300px) 100vw, 300px\" \/><\/figure>\n<\/div>\n\n\n<div class=\"wp-block-buttons is-layout-flex wp-block-buttons-is-layout-flex\">\n<div class=\"wp-block-button\"><a class=\"wp-block-button__link wp-element-button\" href=\"https:\/\/rakosliget.hu\/wordpress\/index.php\/rakosligeti-zsido-temeto-kepei\/\">A ZSID\u00d3 TEMET\u0150 K\u00c9PEI<\/a><\/div>\n<\/div>\n\n\n\n<p><\/p>\n\n\n<div class=\"wp-block-image\">\n<figure class=\"aligncenter size-full\"><img loading=\"lazy\" decoding=\"async\" width=\"900\" height=\"1399\" src=\"https:\/\/rakosliget.hu\/wordpress\/wp-content\/uploads\/2026\/02\/1451_Izraelita-Noegylet-teadelutan_900.jpg\" alt=\"\" class=\"wp-image-23231\" srcset=\"https:\/\/rakosliget.hu\/wordpress\/wp-content\/uploads\/2026\/02\/1451_Izraelita-Noegylet-teadelutan_900.jpg 900w, https:\/\/rakosliget.hu\/wordpress\/wp-content\/uploads\/2026\/02\/1451_Izraelita-Noegylet-teadelutan_900-193x300.jpg 193w, https:\/\/rakosliget.hu\/wordpress\/wp-content\/uploads\/2026\/02\/1451_Izraelita-Noegylet-teadelutan_900-768x1194.jpg 768w\" sizes=\"auto, (max-width: 900px) 100vw, 900px\" \/><\/figure>\n<\/div>\n\n\n<hr class=\"wp-block-separator has-alpha-channel-opacity\"\/>\n\n\n\n<figure class=\"wp-block-image size-full\"><img loading=\"lazy\" decoding=\"async\" width=\"900\" height=\"1395\" src=\"https:\/\/rakosliget.hu\/wordpress\/wp-content\/uploads\/2026\/02\/1394_Izraelita-kozgyules-1935.jpg\" alt=\"\" class=\"wp-image-23228\" srcset=\"https:\/\/rakosliget.hu\/wordpress\/wp-content\/uploads\/2026\/02\/1394_Izraelita-kozgyules-1935.jpg 900w, https:\/\/rakosliget.hu\/wordpress\/wp-content\/uploads\/2026\/02\/1394_Izraelita-kozgyules-1935-194x300.jpg 194w, https:\/\/rakosliget.hu\/wordpress\/wp-content\/uploads\/2026\/02\/1394_Izraelita-kozgyules-1935-768x1190.jpg 768w\" sizes=\"auto, (max-width: 900px) 100vw, 900px\" \/><figcaption class=\"wp-element-caption\">1935. \u00e9vi k\u00f6zgy\u0171l\u00e9si megh\u00edv\u00f3<\/figcaption><\/figure>\n\n\n\n<h5 class=\"wp-block-heading\">A hitk\u00f6zs\u00e9g felm\u00e9r\u00e9se 1943 -1944<\/h5>\n\n\n\n<div data-wp-interactive=\"core\/file\" class=\"wp-block-file aligncenter\"><object data-wp-bind--hidden=\"!state.hasPdfPreview\" hidden class=\"wp-block-file__embed\" data=\"https:\/\/rakosliget.hu\/wordpress\/wp-content\/uploads\/2026\/01\/milev_1944_iratok_pest_01_kongresszus__1943.pdf\" type=\"application\/pdf\" style=\"width:100%;height:600px\" aria-label=\"Lev\u00e9lt\u00e1ri iratok  be\u00e1gyaz\u00e1sa\"><\/object><a id=\"wp-block-file--media-7c700be8-f406-489e-9b8e-6b9d52d9b8c8\" href=\"https:\/\/rakosliget.hu\/wordpress\/wp-content\/uploads\/2026\/01\/milev_1944_iratok_pest_01_kongresszus__1943.pdf\">Lev\u00e9lt\u00e1ri iratok <\/a><a href=\"https:\/\/rakosliget.hu\/wordpress\/wp-content\/uploads\/2026\/01\/milev_1944_iratok_pest_01_kongresszus__1943.pdf\" class=\"wp-block-file__button wp-element-button\" download aria-describedby=\"wp-block-file--media-7c700be8-f406-489e-9b8e-6b9d52d9b8c8\">Let\u00f6lt\u00e9s<\/a><\/div>\n\n\n\n<p><\/p>\n\n\n\n<h5 class=\"wp-block-heading\">A hik\u00f6zs\u00e9g 1943. \u00e9vi z\u00e1rsz\u00e1mad\u00e1sa<\/h5>\n\n\n\n<div data-wp-interactive=\"core\/file\" class=\"wp-block-file aligncenter\"><object data-wp-bind--hidden=\"!state.hasPdfPreview\" hidden class=\"wp-block-file__embed\" data=\"https:\/\/rakosliget.hu\/wordpress\/wp-content\/uploads\/2026\/01\/milev_1944_iratok_pest_01_kongresszus__pages270-271_reduce.pdf\" type=\"application\/pdf\" style=\"width:100%;height:600px\" aria-label=\"1943. \u00e9vi z\u00e1rsz\u00e1mad\u00e1s be\u00e1gyaz\u00e1sa\"><\/object><a id=\"wp-block-file--media-6a0f898e-f53b-44e7-af53-4f043a3685e0\" href=\"https:\/\/rakosliget.hu\/wordpress\/wp-content\/uploads\/2026\/01\/milev_1944_iratok_pest_01_kongresszus__pages270-271_reduce.pdf\">1943. \u00e9vi z\u00e1rsz\u00e1mad\u00e1s<\/a><a href=\"https:\/\/rakosliget.hu\/wordpress\/wp-content\/uploads\/2026\/01\/milev_1944_iratok_pest_01_kongresszus__pages270-271_reduce.pdf\" class=\"wp-block-file__button wp-element-button\" download aria-describedby=\"wp-block-file--media-6a0f898e-f53b-44e7-af53-4f043a3685e0\">Let\u00f6lt\u00e9s<\/a><\/div>\n\n\n\n<p>Forr\u00e1s: <a href=\"https:\/\/library.hungaricana.hu\/hu\/view\/milev_1944_iratok_pest_01_kongresszus\/?pg=264&amp;layout=s\">https:\/\/library.hungaricana.hu\/hu\/view\/milev_1944_iratok_pest_01_kongresszus\/?pg=264&amp;layout=s<\/a><\/p>\n\n\n\n<div class=\"wp-block-buttons is-content-justification-center is-layout-flex wp-container-core-buttons-is-layout-16018d1d wp-block-buttons-is-layout-flex\">\n<div class=\"wp-block-button\"><a class=\"wp-block-button__link wp-element-button\" href=\"#Eleje\">Vissza a lap tetej\u00e9re<\/a><\/div>\n<\/div>\n","protected":false},"excerpt":{"rendered":"<p>Friss\u00edtve: 2026. 01. 27. R\u00d3MAI KATOLIKUS EGYH\u00c1Z Zsemley Oszk\u00e1r (szerk.) Magyar v\u00e1rosok \u00e9s v\u00e1rmegy\u00e9k monogr\u00e1fi\u00e1ja 24. 1937. R\u00e1kosligeti pl\u00e9b\u00e1nia. R\u00e1kosliget nagyk\u00f6zs\u00e9g 1899 &#8211; ben l\u00e9tes\u00fclt a R\u00e1koskereszt\u00far hat\u00e1r\u00e1ban l\u00e9v\u0151 Munk\u00e1sotthon &#8211; b\u00f3l . Az 1903 -as \u00f6ssze\u00edr\u00e1s szerint 286 kath . hiv\u0151 \u00e9lt a k\u00f6zs\u00e9gben , amire megalakult a templom &#8211; \u00e9p\u00edt\u0151 bizotts\u00e1g . Az &hellip; <a href=\"https:\/\/rakosliget.hu\/wordpress\/index.php\/egyhazak-rakosligeten\/\" class=\"more-link\"><span class=\"screen-reader-text\">EGYH\u00c1ZAK R\u00c1KOSLIGETEN<\/span> r\u00e9szletei&#8230;<\/a><\/p>\n","protected":false},"author":1,"featured_media":0,"parent":0,"menu_order":0,"comment_status":"closed","ping_status":"closed","template":"","meta":{"footnotes":""},"class_list":["post-96","page","type-page","status-publish","hentry"],"_links":{"self":[{"href":"https:\/\/rakosliget.hu\/wordpress\/index.php\/wp-json\/wp\/v2\/pages\/96","targetHints":{"allow":["GET"]}}],"collection":[{"href":"https:\/\/rakosliget.hu\/wordpress\/index.php\/wp-json\/wp\/v2\/pages"}],"about":[{"href":"https:\/\/rakosliget.hu\/wordpress\/index.php\/wp-json\/wp\/v2\/types\/page"}],"author":[{"embeddable":true,"href":"https:\/\/rakosliget.hu\/wordpress\/index.php\/wp-json\/wp\/v2\/users\/1"}],"replies":[{"embeddable":true,"href":"https:\/\/rakosliget.hu\/wordpress\/index.php\/wp-json\/wp\/v2\/comments?post=96"}],"version-history":[{"count":71,"href":"https:\/\/rakosliget.hu\/wordpress\/index.php\/wp-json\/wp\/v2\/pages\/96\/revisions"}],"predecessor-version":[{"id":23233,"href":"https:\/\/rakosliget.hu\/wordpress\/index.php\/wp-json\/wp\/v2\/pages\/96\/revisions\/23233"}],"wp:attachment":[{"href":"https:\/\/rakosliget.hu\/wordpress\/index.php\/wp-json\/wp\/v2\/media?parent=96"}],"curies":[{"name":"wp","href":"https:\/\/api.w.org\/{rel}","templated":true}]}}