{"id":957,"date":"2018-03-21T04:32:42","date_gmt":"2018-03-21T03:32:42","guid":{"rendered":"http:\/\/rakosliget.hu\/wordpress\/?page_id=957"},"modified":"2018-03-21T04:32:42","modified_gmt":"2018-03-21T03:32:42","slug":"gyarmati-janos","status":"publish","type":"page","link":"https:\/\/rakosliget.hu\/wordpress\/index.php\/gyarmati-janos\/","title":{"rendered":"Gyarmati J\u00e1nos"},"content":{"rendered":"<h1 align=\"left\"><span data-canvas-width=\"80.74120461558925\">Gyarmati J\u00e1nos<\/span><span data-canvas-width=\"155.47691851157228\"> (Dunabogd\u00e1ny, 1892-1957)<\/span><\/h1>\n<h2 align=\"left\">R\u00e1kosligeti Nemzeti Bizotts\u00e1g \u00e9s k\u00e9pvisel\u0151-test\u00fclet tagja<\/h2>\n<p align=\"left\"><span data-canvas-width=\"228.21252602580478\">P\u00e9kseg\u00e9d. 1908-t\u00f3l vett r\u00e9szt a munk\u00e1smoz<\/span><span data-canvas-width=\"228.11426611306206\">galomban, \u00fczemi bizalmi. A Tan\u00e1csk\u00f6zt\u00e1r<\/span><span data-canvas-width=\"230.87717971215756\">sas\u00e1g idej\u00e9n a Pest megyei int\u00e9z\u0151bizotts\u00e1g <\/span><span data-canvas-width=\"228.0535001143922\">\u00e9s a dunabogd\u00e1nyi direkt\u00f3rium tagja. Ezt k\u00f6vet\u0151en, (&#8222;az el<\/span><span data-canvas-width=\"231.15773762090984\">lenforradalmi rendszer idej\u00e9n&#8221;) egy\u00e9vi b\u00f6rt\u00f6nre <\/span><span data-canvas-width=\"230.42078827533922\">\u00edt\u00e9lt\u00e9k \u00e9s k\u00e9t \u00e9vig rend\u0151ri fel\u00fcgyelet alatt <\/span><span data-canvas-width=\"227.9022315645119\">\u00e1llott. 1929-t\u0151l \u00f6n\u00e1ll\u00f3 iparos volt. 1945<\/span><span data-canvas-width=\"227.42903251104022\"> ut\u00e1n az SZDP r\u00e1kosligeti szervezet\u00e9<\/span><span data-canvas-width=\"230.59015733546158\">nek az eln\u00f6ke. 1945-1948-ban a R\u00e1kosligeti <\/span><span data-canvas-width=\"154.25513407023146\">Nemzeti Bizotts\u00e1g \u00e9s k\u00e9pvisel\u0151-test\u00fclet tagja. <\/span><\/p>\n","protected":false},"excerpt":{"rendered":"<p>Gyarmati J\u00e1nos (Dunabogd\u00e1ny, 1892-1957) R\u00e1kosligeti Nemzeti Bizotts\u00e1g \u00e9s k\u00e9pvisel\u0151-test\u00fclet tagja P\u00e9kseg\u00e9d. 1908-t\u00f3l vett r\u00e9szt a munk\u00e1smozgalomban, \u00fczemi bizalmi. A Tan\u00e1csk\u00f6zt\u00e1rsas\u00e1g idej\u00e9n a Pest megyei int\u00e9z\u0151bizotts\u00e1g \u00e9s a dunabogd\u00e1nyi direkt\u00f3rium tagja. Ezt k\u00f6vet\u0151en, (&#8222;az ellenforradalmi rendszer idej\u00e9n&#8221;) egy\u00e9vi b\u00f6rt\u00f6nre \u00edt\u00e9lt\u00e9k \u00e9s k\u00e9t \u00e9vig rend\u0151ri fel\u00fcgyelet alatt \u00e1llott. 1929-t\u0151l \u00f6n\u00e1ll\u00f3 iparos volt. 1945 ut\u00e1n az SZDP r\u00e1kosligeti &hellip; <a href=\"https:\/\/rakosliget.hu\/wordpress\/index.php\/gyarmati-janos\/\" class=\"more-link\"><span class=\"screen-reader-text\">Gyarmati J\u00e1nos<\/span> r\u00e9szletei&#8230;<\/a><\/p>\n","protected":false},"author":1,"featured_media":0,"parent":0,"menu_order":0,"comment_status":"closed","ping_status":"closed","template":"","meta":{"footnotes":""},"class_list":["post-957","page","type-page","status-publish","hentry"],"_links":{"self":[{"href":"https:\/\/rakosliget.hu\/wordpress\/index.php\/wp-json\/wp\/v2\/pages\/957","targetHints":{"allow":["GET"]}}],"collection":[{"href":"https:\/\/rakosliget.hu\/wordpress\/index.php\/wp-json\/wp\/v2\/pages"}],"about":[{"href":"https:\/\/rakosliget.hu\/wordpress\/index.php\/wp-json\/wp\/v2\/types\/page"}],"author":[{"embeddable":true,"href":"https:\/\/rakosliget.hu\/wordpress\/index.php\/wp-json\/wp\/v2\/users\/1"}],"replies":[{"embeddable":true,"href":"https:\/\/rakosliget.hu\/wordpress\/index.php\/wp-json\/wp\/v2\/comments?post=957"}],"version-history":[{"count":1,"href":"https:\/\/rakosliget.hu\/wordpress\/index.php\/wp-json\/wp\/v2\/pages\/957\/revisions"}],"predecessor-version":[{"id":958,"href":"https:\/\/rakosliget.hu\/wordpress\/index.php\/wp-json\/wp\/v2\/pages\/957\/revisions\/958"}],"wp:attachment":[{"href":"https:\/\/rakosliget.hu\/wordpress\/index.php\/wp-json\/wp\/v2\/media?parent=957"}],"curies":[{"name":"wp","href":"https:\/\/api.w.org\/{rel}","templated":true}]}}