{"id":951,"date":"2018-03-21T04:27:22","date_gmt":"2018-03-21T03:27:22","guid":{"rendered":"http:\/\/rakosliget.hu\/wordpress\/?page_id=951"},"modified":"2026-01-23T06:30:25","modified_gmt":"2026-01-23T05:30:25","slug":"goth-katalin","status":"publish","type":"page","link":"https:\/\/rakosliget.hu\/wordpress\/index.php\/goth-katalin\/","title":{"rendered":"G\u00f3th Katalin"},"content":{"rendered":"\n<div class=\"wp-block-buttons is-content-justification-center is-layout-flex wp-container-core-buttons-is-layout-16018d1d wp-block-buttons-is-layout-flex\">\n<div class=\"wp-block-button\"><a class=\"wp-block-button__link wp-element-button\" href=\"https:\/\/rakosliget.hu\/wordpress\/index.php\/muveszet\/\">VISSZA A M\u0170V\u00c9SZET LAPRA<\/a><\/div>\n<\/div>\n\n\n<h1 class=\"StoryTitle\">\u00a0<\/h1>\n<div>\n<p>G\u00f3th Katalin a Magyar Iparm\u0171v\u00e9szeti F\u0151iskol\u00e1n diplom\u00e1zott, s az\u00f3ta divattervez\u0151k\u00e9nt, iparm\u0171v\u00e9szk\u00e9nt dolgozik. A nagyk\u00f6z\u00f6ns\u00e9g el\u0151tt 1972-ben mutatkozott be els\u0151 alkalommal, egy csoportos ki\u00e1ll\u00edt\u00e1s keret\u00e9ben, az Ernst M\u00fazeumban. 1981-ben az V. Ipari Textilm\u0171v\u00e9szeti Bienn\u00e1l\u00e9n I. d\u00edjat nyert. Els\u0151 \u00f6n\u00e1ll\u00f3 ki\u00e1ll\u00edt\u00e1sa a millecenten\u00e1rium \u00e9v\u00e9ben ny\u00edlt meg a Lakiteleki N\u00e9pf\u0151iskola K\u00f6lcsey H\u00e1z\u00e1ban. 1991-ben iparm\u0171v\u00e9szek \u00e9s divattervez\u0151k egy csoportja megalak\u00edtotta a Modern Etnikum alkot\u00f3csoportot, azzal a sz\u00e1nd\u00e9kkal, hogy a magyar viselet hagyom\u00e1nyait feleleven\u00edtve \u00e9s meg\u0151rizve, a r\u00e9gi form\u00e1kat \u00e9s mot\u00edvumokat a mai viseletbe \u00e1t\u00fcltetve a vil\u00e1gki\u00e1ll\u00edt\u00e1s megrendez\u00e9s\u00e9ig \u00e9vr\u0151l \u00e9vre bemutatkozzanak munk\u00e1ikkal a nagyk\u00f6z\u00f6ns\u00e9g el\u0151tt. A csoport \u2013 s annak tagjak\u00e9nt G\u00f3th Katalin \u2013 az elm\u00falt \u00e9vek sor\u00e1n ki\u00e1ll\u00edtottak a b\u00e9csi Collegium Hungaricumban, a pozsonyi Magyar Kultur\u00e1lis K\u00f6zpontban, Pr\u00e1g\u00e1ban \u00e9s Barcelon\u00e1ban, de eljutottak N\u00e9metorsz\u00e1gba \u00e9s Finnorsz\u00e1gba is. G\u00f3th Katalin p\u00e1ly\u00e1ja eddigi legrangosabb elismer\u00e9se \u2013 meg\u00edt\u00e9l\u00e9sem szerint \u2013 az Ars Vestis Hungariae &#8222;t\u00f6rt\u00e9nelmi divatp\u00e1ly\u00e1zat \u00e9s divatbemutat\u00f3&#8221; I. d\u00edja volt 1996-ban. E p\u00e1ly\u00e1zat c\u00e9lja a XX-XXI. sz\u00e1zad \u00f6lt\u00f6zk\u00f6d\u00e9si szok\u00e1sainak megfelel\u0151en modern, de a hagyom\u00e1nyokra \u00e9p\u00edt\u0151, saj\u00e1tosan magyar divat megteremt\u00e9se volt.<\/p>\n<p>(R\u00e9szlet Domb\u00f3v\u00e1ri Csaba k\u00f6sz\u00f6nt\u0151j\u00e9b\u0151l, amely elhangzott 1998. febru\u00e1r 20-\u00e1n a R\u00e1koskerti M\u0171vel\u0151d\u00e9si Klubban G\u00f3th Katalin iparm\u0171v\u00e9sz ki\u00e1ll\u00edt\u00e1s\u00e1nak megnyit\u00f3j\u00e1n.)<\/p>\n<p>\u00a0<\/p>\n<\/div>\n\n\n<div class=\"wp-block-buttons is-content-justification-center is-layout-flex wp-container-core-buttons-is-layout-16018d1d wp-block-buttons-is-layout-flex\">\n<div class=\"wp-block-button\"><a class=\"wp-block-button__link wp-element-button\" href=\"https:\/\/rakosliget.hu\/wordpress\/index.php\/muveszet\/\">VISSZA A M\u0170V\u00c9SZET LAPRA<\/a><\/div>\n<\/div>\n","protected":false},"excerpt":{"rendered":"<p>\u00a0 G\u00f3th Katalin a Magyar Iparm\u0171v\u00e9szeti F\u0151iskol\u00e1n diplom\u00e1zott, s az\u00f3ta divattervez\u0151k\u00e9nt, iparm\u0171v\u00e9szk\u00e9nt dolgozik. A nagyk\u00f6z\u00f6ns\u00e9g el\u0151tt 1972-ben mutatkozott be els\u0151 alkalommal, egy csoportos ki\u00e1ll\u00edt\u00e1s keret\u00e9ben, az Ernst M\u00fazeumban. 1981-ben az V. Ipari Textilm\u0171v\u00e9szeti Bienn\u00e1l\u00e9n I. d\u00edjat nyert. Els\u0151 \u00f6n\u00e1ll\u00f3 ki\u00e1ll\u00edt\u00e1sa a millecenten\u00e1rium \u00e9v\u00e9ben ny\u00edlt meg a Lakiteleki N\u00e9pf\u0151iskola K\u00f6lcsey H\u00e1z\u00e1ban. 1991-ben iparm\u0171v\u00e9szek \u00e9s divattervez\u0151k egy &hellip; <a href=\"https:\/\/rakosliget.hu\/wordpress\/index.php\/goth-katalin\/\" class=\"more-link\"><span class=\"screen-reader-text\">G\u00f3th Katalin<\/span> r\u00e9szletei&#8230;<\/a><\/p>\n","protected":false},"author":1,"featured_media":0,"parent":0,"menu_order":0,"comment_status":"closed","ping_status":"closed","template":"","meta":{"footnotes":""},"class_list":["post-951","page","type-page","status-publish","hentry"],"_links":{"self":[{"href":"https:\/\/rakosliget.hu\/wordpress\/index.php\/wp-json\/wp\/v2\/pages\/951","targetHints":{"allow":["GET"]}}],"collection":[{"href":"https:\/\/rakosliget.hu\/wordpress\/index.php\/wp-json\/wp\/v2\/pages"}],"about":[{"href":"https:\/\/rakosliget.hu\/wordpress\/index.php\/wp-json\/wp\/v2\/types\/page"}],"author":[{"embeddable":true,"href":"https:\/\/rakosliget.hu\/wordpress\/index.php\/wp-json\/wp\/v2\/users\/1"}],"replies":[{"embeddable":true,"href":"https:\/\/rakosliget.hu\/wordpress\/index.php\/wp-json\/wp\/v2\/comments?post=951"}],"version-history":[{"count":4,"href":"https:\/\/rakosliget.hu\/wordpress\/index.php\/wp-json\/wp\/v2\/pages\/951\/revisions"}],"predecessor-version":[{"id":22071,"href":"https:\/\/rakosliget.hu\/wordpress\/index.php\/wp-json\/wp\/v2\/pages\/951\/revisions\/22071"}],"wp:attachment":[{"href":"https:\/\/rakosliget.hu\/wordpress\/index.php\/wp-json\/wp\/v2\/media?parent=951"}],"curies":[{"name":"wp","href":"https:\/\/api.w.org\/{rel}","templated":true}]}}