{"id":9443,"date":"2021-11-09T05:06:56","date_gmt":"2021-11-09T04:06:56","guid":{"rendered":"https:\/\/rakosliget.hu\/wordpress\/?page_id=9443"},"modified":"2021-12-04T19:46:05","modified_gmt":"2021-12-04T18:46:05","slug":"szabo-istvan","status":"publish","type":"page","link":"https:\/\/rakosliget.hu\/wordpress\/index.php\/szabo-istvan\/","title":{"rendered":"SZAB\u00d3 ISTV\u00c1N"},"content":{"rendered":"\n<p><em>Friss\u00edtve: 2021. 12. 04.<\/em><\/p>\n\n\n\n<div class=\"wp-block-image\"><figure class=\"aligncenter size-large is-resized\"><img loading=\"lazy\" decoding=\"async\" src=\"https:\/\/rakosliget.hu\/wordpress\/wp-content\/uploads\/2021\/12\/szabo-istvan003-2-853x1024.jpg\" alt=\"\" class=\"wp-image-9688\" width=\"427\" height=\"512\" srcset=\"https:\/\/rakosliget.hu\/wordpress\/wp-content\/uploads\/2021\/12\/szabo-istvan003-2-853x1024.jpg 853w, https:\/\/rakosliget.hu\/wordpress\/wp-content\/uploads\/2021\/12\/szabo-istvan003-2-250x300.jpg 250w, https:\/\/rakosliget.hu\/wordpress\/wp-content\/uploads\/2021\/12\/szabo-istvan003-2-768x922.jpg 768w, https:\/\/rakosliget.hu\/wordpress\/wp-content\/uploads\/2021\/12\/szabo-istvan003-2.jpg 1061w\" sizes=\"auto, (max-width: 427px) 100vw, 427px\" \/><figcaption>Szab\u00f3 Istv\u00e1n<\/figcaption><\/figure><\/div>\n\n\n<p>1877. szeptember 20.-\u00e1n sz\u00fcletett az akkori nev\u00e9n sopronmegyei Csepregen. A k\u00f6z\u00e9piskol\u00e1t a szombathelyi premontrei f\u0151gimn\u00e1ziumban v\u00e9gezte, 1898 -ban tett \u00e9retts\u00e9git. Ezt k\u00f6vet\u0151en Budapesten elv\u00e9gezte a posta \u00e9s t\u00e1virdai tanfolyamot. Gyakornokk\u00e9nt Kismartonba ker\u00fclt, majd mint postatisztet a f\u0151v\u00e1rosi 72-es sz\u00e1m\u00fa Keleti p\u00e1lyaudvari postahivatalhoz osztott\u00e1k be. El\u0151sz\u00f6r mint a hivatal f\u0151csoportvezet\u0151je, majd mint f\u0151n\u00f6khelyettese, k\u00f6zel 25 \u00e9vig dolgozott. 1920-ban fel\u00fcgyel\u0151 rangot kapott. 1925-ben saj\u00e1t k\u00e9r\u00e9s\u00e9re nyugd\u00edjazt\u00e1k. Az I. vil\u00e1gh\u00e1bor\u00faban teljes\u00edtett szolg\u00e1latai\u00e9rt a kir\u00e1ly a koron\u00e1s arany \u00e9rdemkereszttel a vit\u00e9zs\u00e9gi \u00e9rem szalagj\u00e1n t\u00fcntette ki.&nbsp;<\/p>\n<p>Nyug\u00e1llom\u00e1nyba vonul\u00e1sa ut\u00e1n kiz\u00e1r\u00f3lag R\u00e1kosliget nagyk\u00f6zs\u00e9g k\u00f6z\u00fcgyeinek szentelte idej\u00e9t. A k\u00f6zs\u00e9g fejleszt\u00e9se miatt v\u00e9gzett munk\u00e1ja elismer\u00e9s\u00e9\u00fcl megv\u00e1lasztott\u00e1k k\u00f6zs\u00e9gi b\u00edr\u00f3nak.&nbsp;<\/p>\n<p>Aleln\u00f6ke volt a polg\u00e1ri iskola iskolasz\u00e9k\u00e9nek, a v\u00f6r\u00f6skereszt egyletnek. \u00dcgyvezet\u0151 eln\u00f6ke a cserk\u00e9sz-szervez\u0151 bizotts\u00e1gnak, a Hangya Sz\u00f6vetkeznek, eln\u00f6ke az \u00f6nk\u00e9ntes t\u0171zolt\u00f3 test\u00fcletnek. A levente l\u00f6v\u00e9szegyletnek t\u00e1rseln\u00f6ke \u00e9s tagja az \u00e1llami elemi iskola gondnoks\u00e1g\u00e1nak.<\/p>\n<p>1943. m\u00e1jus 31.-\u00e9n hunyt el R\u00e1kosligeten. A k\u00f6zs\u00e9gi temet\u0151ben 1943. j\u00fanius 3.-\u00e1n helyezt\u00e9k nyugalomra.<\/p>\n<p><a href=\"http:\/\/rakosliget.hu\/wordpress\/wp-content\/uploads\/2021\/11\/Szabo-Istvan-biro.jpg\"><img loading=\"lazy\" decoding=\"async\" class=\"alignnone size-medium wp-image-9444 aligncenter\" src=\"http:\/\/rakosliget.hu\/wordpress\/wp-content\/uploads\/2021\/11\/Szabo-Istvan-biro-300x216.jpg\" alt=\"\" width=\"300\" height=\"216\" srcset=\"https:\/\/rakosliget.hu\/wordpress\/wp-content\/uploads\/2021\/11\/Szabo-Istvan-biro-300x216.jpg 300w, https:\/\/rakosliget.hu\/wordpress\/wp-content\/uploads\/2021\/11\/Szabo-Istvan-biro-1024x737.jpg 1024w, https:\/\/rakosliget.hu\/wordpress\/wp-content\/uploads\/2021\/11\/Szabo-Istvan-biro-768x553.jpg 768w, https:\/\/rakosliget.hu\/wordpress\/wp-content\/uploads\/2021\/11\/Szabo-Istvan-biro.jpg 1150w\" sizes=\"auto, (max-width: 300px) 100vw, 300px\" \/><\/a><\/p>\n\n\n<div class=\"wp-block-image\"><figure class=\"aligncenter size-large\"><a href=\"http:\/\/rakosliget.hu\/wordpress\/wp-content\/uploads\/2021\/12\/apagyi-levele-szabo-istvanhoz004_1_2-scaled.jpg\"><img loading=\"lazy\" decoding=\"async\" width=\"824\" height=\"1024\" src=\"https:\/\/rakosliget.hu\/wordpress\/wp-content\/uploads\/2021\/12\/apagyi-levele-szabo-istvanhoz004_1_2-824x1024.jpg\" alt=\"\" class=\"wp-image-9682\" srcset=\"https:\/\/rakosliget.hu\/wordpress\/wp-content\/uploads\/2021\/12\/apagyi-levele-szabo-istvanhoz004_1_2-824x1024.jpg 824w, https:\/\/rakosliget.hu\/wordpress\/wp-content\/uploads\/2021\/12\/apagyi-levele-szabo-istvanhoz004_1_2-242x300.jpg 242w, https:\/\/rakosliget.hu\/wordpress\/wp-content\/uploads\/2021\/12\/apagyi-levele-szabo-istvanhoz004_1_2-768x954.jpg 768w, https:\/\/rakosliget.hu\/wordpress\/wp-content\/uploads\/2021\/12\/apagyi-levele-szabo-istvanhoz004_1_2-1237x1536.jpg 1237w, https:\/\/rakosliget.hu\/wordpress\/wp-content\/uploads\/2021\/12\/apagyi-levele-szabo-istvanhoz004_1_2-1649x2048.jpg 1649w\" sizes=\"auto, (max-width: 824px) 100vw, 824px\" \/><\/a><figcaption>Apagyi Andor polg\u00e1ri iskolai igazgat\u00f3 levele Szab\u00f3 Istv\u00e1nnak. (Az eredeti lev\u00e9l a csal\u00e1d tulajdon\u00e1ban.)<\/figcaption><\/figure><\/div>\n","protected":false},"excerpt":{"rendered":"<p>Friss\u00edtve: 2021. 12. 04. 1877. szeptember 20.-\u00e1n sz\u00fcletett az akkori nev\u00e9n sopronmegyei Csepregen. A k\u00f6z\u00e9piskol\u00e1t a szombathelyi premontrei f\u0151gimn\u00e1ziumban v\u00e9gezte, 1898 -ban tett \u00e9retts\u00e9git. Ezt k\u00f6vet\u0151en Budapesten elv\u00e9gezte a posta \u00e9s t\u00e1virdai tanfolyamot. Gyakornokk\u00e9nt Kismartonba ker\u00fclt, majd mint postatisztet a f\u0151v\u00e1rosi 72-es sz\u00e1m\u00fa Keleti p\u00e1lyaudvari postahivatalhoz osztott\u00e1k be. El\u0151sz\u00f6r mint a hivatal f\u0151csoportvezet\u0151je, majd mint &hellip; <a href=\"https:\/\/rakosliget.hu\/wordpress\/index.php\/szabo-istvan\/\" class=\"more-link\"><span class=\"screen-reader-text\">SZAB\u00d3 ISTV\u00c1N<\/span> r\u00e9szletei&#8230;<\/a><\/p>\n","protected":false},"author":1,"featured_media":0,"parent":0,"menu_order":0,"comment_status":"closed","ping_status":"closed","template":"","meta":{"footnotes":""},"class_list":["post-9443","page","type-page","status-publish","hentry"],"_links":{"self":[{"href":"https:\/\/rakosliget.hu\/wordpress\/index.php\/wp-json\/wp\/v2\/pages\/9443","targetHints":{"allow":["GET"]}}],"collection":[{"href":"https:\/\/rakosliget.hu\/wordpress\/index.php\/wp-json\/wp\/v2\/pages"}],"about":[{"href":"https:\/\/rakosliget.hu\/wordpress\/index.php\/wp-json\/wp\/v2\/types\/page"}],"author":[{"embeddable":true,"href":"https:\/\/rakosliget.hu\/wordpress\/index.php\/wp-json\/wp\/v2\/users\/1"}],"replies":[{"embeddable":true,"href":"https:\/\/rakosliget.hu\/wordpress\/index.php\/wp-json\/wp\/v2\/comments?post=9443"}],"version-history":[{"count":8,"href":"https:\/\/rakosliget.hu\/wordpress\/index.php\/wp-json\/wp\/v2\/pages\/9443\/revisions"}],"predecessor-version":[{"id":9692,"href":"https:\/\/rakosliget.hu\/wordpress\/index.php\/wp-json\/wp\/v2\/pages\/9443\/revisions\/9692"}],"wp:attachment":[{"href":"https:\/\/rakosliget.hu\/wordpress\/index.php\/wp-json\/wp\/v2\/media?parent=9443"}],"curies":[{"name":"wp","href":"https:\/\/api.w.org\/{rel}","templated":true}]}}