{"id":944,"date":"2018-03-21T04:20:13","date_gmt":"2018-03-21T03:20:13","guid":{"rendered":"http:\/\/rakosliget.hu\/wordpress\/?page_id=944"},"modified":"2018-03-21T04:20:22","modified_gmt":"2018-03-21T03:20:22","slug":"galambos-grosz-marcell","status":"publish","type":"page","link":"https:\/\/rakosliget.hu\/wordpress\/index.php\/galambos-grosz-marcell\/","title":{"rendered":"Galambos (Grosz) Marcell"},"content":{"rendered":"<h1 align=\"left\"><span data-canvas-width=\"49.27863913407822\">Galambos<\/span><span data-canvas-width=\"186.5399798741687\"> (Grosz) Marcell (Szatm\u00e1rn\u00e9meti, <\/span><span data-canvas-width=\"228.56419308193674\">1898-1977)<\/span><\/h1>\n<h2 align=\"left\">R\u00e1kosligeti Nemzeti Bizotts\u00e1g \u00e9s k\u00e9pvisel\u0151-test\u00fclet tagja<\/h2>\n<p align=\"left\"><span data-canvas-width=\"228.56419308193674\">B\u0151rkeresked\u0151. 1945-t\u0151l az MKP <\/span><span data-canvas-width=\"226.4684125746209\">(MDP, MSZMP) tagja. 1945-1949-ben kis<\/span><span data-canvas-width=\"227.6190878685821\">keresked\u0151, majd v\u00e1llalati el\u0151ad\u00f3. 1945<\/span><span data-canvas-width=\"228.85250835222138\"> ut\u00e1n az MKP r\u00e1kosligeti szervezete <\/span><span data-canvas-width=\"227.4885056161214\">vezet\u0151s\u00e9g\u00e9nek a tagja. 1945-1949-ben a R\u00e1<\/span><span data-canvas-width=\"227.3527517893057\">kosligeti Nemzeti Bizotts\u00e1g \u00e9s k\u00e9pvisel\u0151-test\u00fclet tagja; 1949<\/span><span data-canvas-width=\"226.67786133599364\">ben az N\u00e9pfrontbizotts\u00e1g tagja, 1950-ben f\u0151v\u00e1rosi k\u00e9pvi<\/span><span data-canvas-width=\"227.05150758313385\">seleti bizotts\u00e1gi tag. &#8211; Felszabadul\u00e1si Jubi<\/span><span data-canvas-width=\"94.25711419207238\">leumi Eml\u00e9k\u00e9rem. <\/span><\/p>\n","protected":false},"excerpt":{"rendered":"<p>Galambos (Grosz) Marcell (Szatm\u00e1rn\u00e9meti, 1898-1977) R\u00e1kosligeti Nemzeti Bizotts\u00e1g \u00e9s k\u00e9pvisel\u0151-test\u00fclet tagja B\u0151rkeresked\u0151. 1945-t\u0151l az MKP (MDP, MSZMP) tagja. 1945-1949-ben kiskeresked\u0151, majd v\u00e1llalati el\u0151ad\u00f3. 1945 ut\u00e1n az MKP r\u00e1kosligeti szervezete vezet\u0151s\u00e9g\u00e9nek a tagja. 1945-1949-ben a R\u00e1kosligeti Nemzeti Bizotts\u00e1g \u00e9s k\u00e9pvisel\u0151-test\u00fclet tagja; 1949ben az N\u00e9pfrontbizotts\u00e1g tagja, 1950-ben f\u0151v\u00e1rosi k\u00e9pviseleti bizotts\u00e1gi tag. &#8211; Felszabadul\u00e1si Jubileumi Eml\u00e9k\u00e9rem.<\/p>\n","protected":false},"author":1,"featured_media":0,"parent":0,"menu_order":0,"comment_status":"closed","ping_status":"closed","template":"","meta":{"footnotes":""},"class_list":["post-944","page","type-page","status-publish","hentry"],"_links":{"self":[{"href":"https:\/\/rakosliget.hu\/wordpress\/index.php\/wp-json\/wp\/v2\/pages\/944","targetHints":{"allow":["GET"]}}],"collection":[{"href":"https:\/\/rakosliget.hu\/wordpress\/index.php\/wp-json\/wp\/v2\/pages"}],"about":[{"href":"https:\/\/rakosliget.hu\/wordpress\/index.php\/wp-json\/wp\/v2\/types\/page"}],"author":[{"embeddable":true,"href":"https:\/\/rakosliget.hu\/wordpress\/index.php\/wp-json\/wp\/v2\/users\/1"}],"replies":[{"embeddable":true,"href":"https:\/\/rakosliget.hu\/wordpress\/index.php\/wp-json\/wp\/v2\/comments?post=944"}],"version-history":[{"count":2,"href":"https:\/\/rakosliget.hu\/wordpress\/index.php\/wp-json\/wp\/v2\/pages\/944\/revisions"}],"predecessor-version":[{"id":946,"href":"https:\/\/rakosliget.hu\/wordpress\/index.php\/wp-json\/wp\/v2\/pages\/944\/revisions\/946"}],"wp:attachment":[{"href":"https:\/\/rakosliget.hu\/wordpress\/index.php\/wp-json\/wp\/v2\/media?parent=944"}],"curies":[{"name":"wp","href":"https:\/\/api.w.org\/{rel}","templated":true}]}}