{"id":9434,"date":"2021-11-09T04:54:45","date_gmt":"2021-11-09T03:54:45","guid":{"rendered":"https:\/\/rakosliget.hu\/wordpress\/?page_id=9434"},"modified":"2026-02-23T18:50:56","modified_gmt":"2026-02-23T17:50:56","slug":"noszko-istvan-1935-junius-9","status":"publish","type":"page","link":"https:\/\/rakosliget.hu\/wordpress\/index.php\/noszko-istvan-1935-junius-9\/","title":{"rendered":"NOSZK\u00d3 ISTV\u00c1N ( &#8211; 1935. j\u00fanius 9.)"},"content":{"rendered":"<div class=\"wp-block-image\">\n<figure class=\"aligncenter size-full\"><img loading=\"lazy\" decoding=\"async\" width=\"896\" height=\"1392\" src=\"https:\/\/rakosliget.hu\/wordpress\/wp-content\/uploads\/2026\/02\/Noszko.jpg\" alt=\"\" class=\"wp-image-23234\" srcset=\"https:\/\/rakosliget.hu\/wordpress\/wp-content\/uploads\/2026\/02\/Noszko.jpg 896w, https:\/\/rakosliget.hu\/wordpress\/wp-content\/uploads\/2026\/02\/Noszko-193x300.jpg 193w, https:\/\/rakosliget.hu\/wordpress\/wp-content\/uploads\/2026\/02\/Noszko-768x1193.jpg 768w\" sizes=\"auto, (max-width: 896px) 100vw, 896px\" \/><\/figure>\n<\/div>\n\n<div class=\"wp-block-image\">\n<figure class=\"aligncenter size-full\"><img loading=\"lazy\" decoding=\"async\" width=\"649\" height=\"1001\" src=\"https:\/\/rakosliget.hu\/wordpress\/wp-content\/uploads\/2026\/02\/2026-02-22_6-52-24.jpg\" alt=\"\" class=\"wp-image-23237\" srcset=\"https:\/\/rakosliget.hu\/wordpress\/wp-content\/uploads\/2026\/02\/2026-02-22_6-52-24.jpg 649w, https:\/\/rakosliget.hu\/wordpress\/wp-content\/uploads\/2026\/02\/2026-02-22_6-52-24-195x300.jpg 195w\" sizes=\"auto, (max-width: 649px) 100vw, 649px\" \/><figcaption class=\"wp-element-caption\">Noszk\u00f3 Istv\u00e1n igazolv\u00e1nyk\u00e9pe<\/figcaption><\/figure>\n<\/div>\n\n<div class=\"wp-block-image\">\n<figure class=\"aligncenter\"><img loading=\"lazy\" decoding=\"async\" width=\"300\" height=\"211\" src=\"http:\/\/rakosliget.hu\/wordpress\/wp-content\/uploads\/2021\/11\/Noszko-Istvan-300x211.jpg\" alt=\"\" class=\"wp-image-9435\" srcset=\"https:\/\/rakosliget.hu\/wordpress\/wp-content\/uploads\/2021\/11\/Noszko-Istvan-300x211.jpg 300w, https:\/\/rakosliget.hu\/wordpress\/wp-content\/uploads\/2021\/11\/Noszko-Istvan-1024x719.jpg 1024w, https:\/\/rakosliget.hu\/wordpress\/wp-content\/uploads\/2021\/11\/Noszko-Istvan-768x539.jpg 768w, https:\/\/rakosliget.hu\/wordpress\/wp-content\/uploads\/2021\/11\/Noszko-Istvan.jpg 1236w\" sizes=\"auto, (max-width: 300px) 100vw, 300px\" \/><\/figure>\n<\/div>\n\n\n<p> R\u00e1kosliget els\u0151, templom\u00e9p\u00edt\u0151 evang\u00e9likus lelk\u00e9sze.<\/p>\n","protected":false},"excerpt":{"rendered":"<p>R\u00e1kosliget els\u0151, templom\u00e9p\u00edt\u0151 evang\u00e9likus lelk\u00e9sze.<\/p>\n","protected":false},"author":1,"featured_media":0,"parent":0,"menu_order":0,"comment_status":"closed","ping_status":"closed","template":"","meta":{"footnotes":""},"class_list":["post-9434","page","type-page","status-publish","hentry"],"_links":{"self":[{"href":"https:\/\/rakosliget.hu\/wordpress\/index.php\/wp-json\/wp\/v2\/pages\/9434","targetHints":{"allow":["GET"]}}],"collection":[{"href":"https:\/\/rakosliget.hu\/wordpress\/index.php\/wp-json\/wp\/v2\/pages"}],"about":[{"href":"https:\/\/rakosliget.hu\/wordpress\/index.php\/wp-json\/wp\/v2\/types\/page"}],"author":[{"embeddable":true,"href":"https:\/\/rakosliget.hu\/wordpress\/index.php\/wp-json\/wp\/v2\/users\/1"}],"replies":[{"embeddable":true,"href":"https:\/\/rakosliget.hu\/wordpress\/index.php\/wp-json\/wp\/v2\/comments?post=9434"}],"version-history":[{"count":7,"href":"https:\/\/rakosliget.hu\/wordpress\/index.php\/wp-json\/wp\/v2\/pages\/9434\/revisions"}],"predecessor-version":[{"id":23239,"href":"https:\/\/rakosliget.hu\/wordpress\/index.php\/wp-json\/wp\/v2\/pages\/9434\/revisions\/23239"}],"wp:attachment":[{"href":"https:\/\/rakosliget.hu\/wordpress\/index.php\/wp-json\/wp\/v2\/media?parent=9434"}],"curies":[{"name":"wp","href":"https:\/\/api.w.org\/{rel}","templated":true}]}}