{"id":941,"date":"2018-03-21T04:18:11","date_gmt":"2018-03-21T03:18:11","guid":{"rendered":"http:\/\/rakosliget.hu\/wordpress\/?page_id=941"},"modified":"2018-03-21T04:18:11","modified_gmt":"2018-03-21T03:18:11","slug":"friedrich-antal","status":"publish","type":"page","link":"https:\/\/rakosliget.hu\/wordpress\/index.php\/friedrich-antal\/","title":{"rendered":"Friedrich Antal"},"content":{"rendered":"<h1 align=\"left\"><span data-canvas-width=\"74.6673179677935\">Friedrich <\/span><span data-canvas-width=\"43.16695803087572\">Antal<\/span><span data-canvas-width=\"210.76733304737832\"> (Budapest, 1887-?)<\/span><\/h1>\n<h2 align=\"left\">a r\u00e1kosligeti <span data-canvas-width=\"310.5266490960874\"> ideig<\/span><span data-canvas-width=\"221.85977680436528\">lenes k\u00e9pvisel\u0151-test\u00fclet<\/span> tagja<\/h2>\n<p align=\"left\">\n<p align=\"left\"><span data-canvas-width=\"210.76733304737832\">Tisztvi<\/span><span data-canvas-width=\"34.583310316623795\">sel\u0151.<\/span><span data-canvas-width=\"275.56319369630035\"> 1945-t\u0151l az SZDP tagja. 1945<\/span><span data-canvas-width=\"313.7008504463669\"> ut\u00e1n az \u00c1llatforgalmi K\u00f6zpont <\/span><span data-canvas-width=\"310.5266490960874\">tisztvisel\u0151je. 1945-ben a r\u00e1kosligeti ideig<\/span><span data-canvas-width=\"221.85977680436528\">lenes k\u00e9pvisel\u0151-test\u00fclet tagja. <\/span><\/p>\n","protected":false},"excerpt":{"rendered":"<p>Friedrich Antal (Budapest, 1887-?) a r\u00e1kosligeti ideiglenes k\u00e9pvisel\u0151-test\u00fclet tagja Tisztvisel\u0151. 1945-t\u0151l az SZDP tagja. 1945 ut\u00e1n az \u00c1llatforgalmi K\u00f6zpont tisztvisel\u0151je. 1945-ben a r\u00e1kosligeti ideiglenes k\u00e9pvisel\u0151-test\u00fclet tagja.<\/p>\n","protected":false},"author":1,"featured_media":0,"parent":0,"menu_order":0,"comment_status":"closed","ping_status":"closed","template":"","meta":{"footnotes":""},"class_list":["post-941","page","type-page","status-publish","hentry"],"_links":{"self":[{"href":"https:\/\/rakosliget.hu\/wordpress\/index.php\/wp-json\/wp\/v2\/pages\/941","targetHints":{"allow":["GET"]}}],"collection":[{"href":"https:\/\/rakosliget.hu\/wordpress\/index.php\/wp-json\/wp\/v2\/pages"}],"about":[{"href":"https:\/\/rakosliget.hu\/wordpress\/index.php\/wp-json\/wp\/v2\/types\/page"}],"author":[{"embeddable":true,"href":"https:\/\/rakosliget.hu\/wordpress\/index.php\/wp-json\/wp\/v2\/users\/1"}],"replies":[{"embeddable":true,"href":"https:\/\/rakosliget.hu\/wordpress\/index.php\/wp-json\/wp\/v2\/comments?post=941"}],"version-history":[{"count":1,"href":"https:\/\/rakosliget.hu\/wordpress\/index.php\/wp-json\/wp\/v2\/pages\/941\/revisions"}],"predecessor-version":[{"id":942,"href":"https:\/\/rakosliget.hu\/wordpress\/index.php\/wp-json\/wp\/v2\/pages\/941\/revisions\/942"}],"wp:attachment":[{"href":"https:\/\/rakosliget.hu\/wordpress\/index.php\/wp-json\/wp\/v2\/media?parent=941"}],"curies":[{"name":"wp","href":"https:\/\/api.w.org\/{rel}","templated":true}]}}