{"id":938,"date":"2018-03-21T04:16:53","date_gmt":"2018-03-21T03:16:53","guid":{"rendered":"http:\/\/rakosliget.hu\/wordpress\/?page_id=938"},"modified":"2026-01-23T18:19:14","modified_gmt":"2026-01-23T17:19:14","slug":"francsek-imre","status":"publish","type":"page","link":"https:\/\/rakosliget.hu\/wordpress\/index.php\/francsek-imre\/","title":{"rendered":"Francsek Imre"},"content":{"rendered":"\n<p>&nbsp;<\/p>\n\n\n\n<div class=\"wp-block-buttons is-layout-flex wp-block-buttons-is-layout-flex\">\n<div class=\"wp-block-button\"><a class=\"wp-block-button__link wp-element-button\" href=\"https:\/\/rakosliget.hu\/wordpress\/index.php\/a-rakosligeti-strand\/\">Vissza a strand lapra<\/a><\/div>\n<\/div>\n\n\n\n<h1 class=\"wp-block-heading\">Francsek Imre (G\u00f6d\u00f6ll\u0151, 1864. okt\u00f3ber 30. &#8211; Budapest, 1920.<\/h1>\n\n\n\n<h1 class=\"wp-block-heading\">okt\u00f3ber 23.) m\u0171\u00e9p\u00edt\u00e9sz<\/h1>\n\n\n\n<p>A hajdani, m\u00e1ra m\u00e1r teljesen elt\u0171nt <a href=\"http:\/\/rakosliget.hu\/html\/strand.html\">Ilona f\u00fcrd\u0151<\/a> tervez\u0151 tulajdonosa. Francsek P\u00e9celen \u00e9lt, feltehet\u0151leg k\u00f6zels\u00e9ge tette lehet\u0151v\u00e9 a f\u00fcrd\u0151 megtervez\u00e9s\u00e9t. A f\u00fcrd\u0151 a R\u00e1kos patak \u00e9s a hatvani vas\u00fat k\u00f6z\u00f6tt a mai Ferihegyi \u00fat mellett volt <a href=\"http:\/\/rakosliget.hu\/html\/rliget.html\">tal\u00e1lhat\u00f3<\/a>. Tal\u00e1n az 50-es \u00e9vekig m\u0171k\u00f6d\u00f6tt.<\/p>\n\n\n\n<figure class=\"wp-block-image\"><img decoding=\"async\" src=\"http:\/\/rakosliget.hu\/kep\/francsekvilla.jpg\" alt=\"\"\/><\/figure>\n\n\n\n<p><\/p>\n\n\n\n<p>&nbsp;<\/p>\n","protected":false},"excerpt":{"rendered":"<p>&nbsp; Francsek Imre (G\u00f6d\u00f6ll\u0151, 1864. okt\u00f3ber 30. &#8211; Budapest, 1920. okt\u00f3ber 23.) m\u0171\u00e9p\u00edt\u00e9sz A hajdani, m\u00e1ra m\u00e1r teljesen elt\u0171nt Ilona f\u00fcrd\u0151 tervez\u0151 tulajdonosa. Francsek P\u00e9celen \u00e9lt, feltehet\u0151leg k\u00f6zels\u00e9ge tette lehet\u0151v\u00e9 a f\u00fcrd\u0151 megtervez\u00e9s\u00e9t. A f\u00fcrd\u0151 a R\u00e1kos patak \u00e9s a hatvani vas\u00fat k\u00f6z\u00f6tt a mai Ferihegyi \u00fat mellett volt tal\u00e1lhat\u00f3. Tal\u00e1n az 50-es \u00e9vekig m\u0171k\u00f6d\u00f6tt. &hellip; <a href=\"https:\/\/rakosliget.hu\/wordpress\/index.php\/francsek-imre\/\" class=\"more-link\"><span class=\"screen-reader-text\">Francsek Imre<\/span> r\u00e9szletei&#8230;<\/a><\/p>\n","protected":false},"author":1,"featured_media":0,"parent":0,"menu_order":0,"comment_status":"closed","ping_status":"closed","template":"","meta":{"footnotes":""},"class_list":["post-938","page","type-page","status-publish","hentry"],"_links":{"self":[{"href":"https:\/\/rakosliget.hu\/wordpress\/index.php\/wp-json\/wp\/v2\/pages\/938","targetHints":{"allow":["GET"]}}],"collection":[{"href":"https:\/\/rakosliget.hu\/wordpress\/index.php\/wp-json\/wp\/v2\/pages"}],"about":[{"href":"https:\/\/rakosliget.hu\/wordpress\/index.php\/wp-json\/wp\/v2\/types\/page"}],"author":[{"embeddable":true,"href":"https:\/\/rakosliget.hu\/wordpress\/index.php\/wp-json\/wp\/v2\/users\/1"}],"replies":[{"embeddable":true,"href":"https:\/\/rakosliget.hu\/wordpress\/index.php\/wp-json\/wp\/v2\/comments?post=938"}],"version-history":[{"count":2,"href":"https:\/\/rakosliget.hu\/wordpress\/index.php\/wp-json\/wp\/v2\/pages\/938\/revisions"}],"predecessor-version":[{"id":22110,"href":"https:\/\/rakosliget.hu\/wordpress\/index.php\/wp-json\/wp\/v2\/pages\/938\/revisions\/22110"}],"wp:attachment":[{"href":"https:\/\/rakosliget.hu\/wordpress\/index.php\/wp-json\/wp\/v2\/media?parent=938"}],"curies":[{"name":"wp","href":"https:\/\/api.w.org\/{rel}","templated":true}]}}