{"id":9367,"date":"2021-06-09T18:39:14","date_gmt":"2021-06-09T17:39:14","guid":{"rendered":"http:\/\/rakosliget.hu\/wordpress\/?page_id=9367"},"modified":"2026-02-06T12:31:15","modified_gmt":"2026-02-06T11:31:15","slug":"festmenyek-rakosligetrol","status":"publish","type":"page","link":"https:\/\/rakosliget.hu\/wordpress\/index.php\/festmenyek-rakosligetrol\/","title":{"rendered":"FESTM\u00c9NYEK R\u00c1KOSLIGETR\u0150L"},"content":{"rendered":"<div class=\"wp-block-image\">\n<figure class=\"aligncenter\"><img loading=\"lazy\" decoding=\"async\" width=\"300\" height=\"236\" src=\"http:\/\/rakosliget.hu\/wordpress\/wp-content\/uploads\/2021\/06\/Prodai-rakosliget-kep_-300x236.jpg\" alt=\"\" class=\"wp-image-9368\" srcset=\"https:\/\/rakosliget.hu\/wordpress\/wp-content\/uploads\/2021\/06\/Prodai-rakosliget-kep_-300x236.jpg 300w, https:\/\/rakosliget.hu\/wordpress\/wp-content\/uploads\/2021\/06\/Prodai-rakosliget-kep_-1024x804.jpg 1024w, https:\/\/rakosliget.hu\/wordpress\/wp-content\/uploads\/2021\/06\/Prodai-rakosliget-kep_-768x603.jpg 768w, https:\/\/rakosliget.hu\/wordpress\/wp-content\/uploads\/2021\/06\/Prodai-rakosliget-kep_-1536x1206.jpg 1536w, https:\/\/rakosliget.hu\/wordpress\/wp-content\/uploads\/2021\/06\/Prodai-rakosliget-kep_.jpg 1845w\" sizes=\"auto, (max-width: 300px) 100vw, 300px\" \/><\/figure>\n<\/div>\n\n\n<p class=\"has-text-align-center\"><a href=\"http:\/\/rakosliget.hu\/wordpress\/wp-content\/uploads\/2021\/06\/Prodai-rakosliget-kep_.jpg\"><strong>Pr\u00f3day Lajo<\/strong>s: <\/a>G\u00f3zon villa (mag\u00e1ntulajdon)<\/p>\n\n\n\n<p>1896 &#8211; 1955<\/p>\n\n\n\n<p>Fest\u0151. Tanulm\u00e1nyait a budapesti K\u00e9pz\u0151m\u0171v\u00e9szeti F\u0151iskol\u00e1n v\u00e9gezte. Mesterei: Tardos Krenner Viktor, R\u00e9v\u00e9sz Imre \u00e9s Vaszary J\u00e1nos. Tanulm\u00e1ny\u00faton j\u00e1rt Firenz\u00e9ben, R\u00f3m\u00e1ban, N\u00e1polyban. \u00c9letm\u0171 ki\u00e1ll\u00edt\u00e1sa volt a Nemzeti Szalonban 1928-ban. T\u00f6bb m\u0171v\u00e9t a Magyar Nemzeti Gal\u00e9ria \u0151rzi. Forr\u00e1s: <a href=\"https:\/\/www.kieselbach.hu\/muvesz\/proday-lajos-_proder-lajos__5421\">Kieselbach<\/a><\/p>\n\n\n\n<p>A m\u0171v\u00e9sz R\u00e1kosligeten \u00e9lt.<\/p>\n\n\n<div class=\"wp-block-image\">\n<figure class=\"aligncenter size-full\"><img loading=\"lazy\" decoding=\"async\" width=\"488\" height=\"640\" src=\"https:\/\/rakosliget.hu\/wordpress\/wp-content\/uploads\/2026\/02\/proday-festmeny.png\" alt=\"\" class=\"wp-image-22702\" srcset=\"https:\/\/rakosliget.hu\/wordpress\/wp-content\/uploads\/2026\/02\/proday-festmeny.png 488w, https:\/\/rakosliget.hu\/wordpress\/wp-content\/uploads\/2026\/02\/proday-festmeny-229x300.png 229w\" sizes=\"auto, (max-width: 488px) 100vw, 488px\" \/><\/figure>\n<\/div>\n\n<div class=\"wp-block-image\">\n<figure class=\"aligncenter size-full\"><img loading=\"lazy\" decoding=\"async\" width=\"491\" height=\"640\" src=\"https:\/\/rakosliget.hu\/wordpress\/wp-content\/uploads\/2026\/02\/proday-2.png\" alt=\"\" class=\"wp-image-22703\" srcset=\"https:\/\/rakosliget.hu\/wordpress\/wp-content\/uploads\/2026\/02\/proday-2.png 491w, https:\/\/rakosliget.hu\/wordpress\/wp-content\/uploads\/2026\/02\/proday-2-230x300.png 230w\" sizes=\"auto, (max-width: 491px) 100vw, 491px\" \/><figcaption class=\"wp-element-caption\">Forr\u00e1s: <a href=\"https:\/\/gyujtemenyek.mnm.hu\/record\/-\/record\/display\/manifestation\/MNMMUSEUM1497628\/74afe0db-76a6-4dfb-a449-9cebd3933c48\/solr\/0\/24\/8\/9\/importDate\/DESC\">https:\/\/gyujtemenyek.mnm.hu\/record\/-\/record\/display\/manifestation\/MNMMUSEUM1497628\/74afe0db-76a6-4dfb-a449-9cebd3933c48\/solr\/0\/24\/8\/9\/importDate\/DESC<\/a><\/figcaption><\/figure>\n<\/div>\n\n\n<p><\/p>\n\n\n\n<hr class=\"wp-block-separator has-alpha-channel-opacity\"\/>\n\n\n<div class=\"wp-block-image is-resized\">\n<figure class=\"aligncenter size-large\"><a href=\"https:\/\/rakosliget.hu\/wordpress\/index.php\/festmenyek-rakosligetrol\/balonyi_\/\"><img loading=\"lazy\" decoding=\"async\" width=\"828\" height=\"1024\" src=\"https:\/\/rakosliget.hu\/wordpress\/wp-content\/uploads\/2022\/09\/Balonyi_-828x1024.png\" alt=\"\" class=\"wp-image-10262\" srcset=\"https:\/\/rakosliget.hu\/wordpress\/wp-content\/uploads\/2022\/09\/Balonyi_-828x1024.png 828w, https:\/\/rakosliget.hu\/wordpress\/wp-content\/uploads\/2022\/09\/Balonyi_-243x300.png 243w, https:\/\/rakosliget.hu\/wordpress\/wp-content\/uploads\/2022\/09\/Balonyi_-768x950.png 768w, https:\/\/rakosliget.hu\/wordpress\/wp-content\/uploads\/2022\/09\/Balonyi_.png 1024w\" sizes=\"auto, (max-width: 828px) 100vw, 828px\" \/><\/a><figcaption class=\"wp-element-caption\">Balonyi P\u00e1l Margit: R\u00e1kosligeti evang\u00e9likus templom. 2022. Mag\u00e1ntulajdon<\/figcaption><\/figure>\n<\/div>\n\n\n<p><strong>Balonyi P\u00e1l Margit <\/strong>(  ) R\u00e1koshegyen \u00e9l\u0151 fest\u0151m\u0171v\u00e9sz.<\/p>\n\n\n\n<hr class=\"wp-block-separator has-alpha-channel-opacity\"\/>\n\n\n<div class=\"wp-block-image\">\n<figure class=\"aligncenter size-full\"><img loading=\"lazy\" decoding=\"async\" width=\"500\" height=\"418\" src=\"https:\/\/rakosliget.hu\/wordpress\/wp-content\/uploads\/2022\/09\/H3883-L05610374.jpg\" alt=\"\" class=\"wp-image-10271\" srcset=\"https:\/\/rakosliget.hu\/wordpress\/wp-content\/uploads\/2022\/09\/H3883-L05610374.jpg 500w, https:\/\/rakosliget.hu\/wordpress\/wp-content\/uploads\/2022\/09\/H3883-L05610374-300x251.jpg 300w\" sizes=\"auto, (max-width: 500px) 100vw, 500px\" \/><figcaption class=\"wp-element-caption\">Czimra Gyula: R\u00e1kosligeti soromp\u00f3<br>60&#215;72 cm<br>Olaj, v\u00e1szon<br>Jelezve jobbra lent: Czimra 938<\/figcaption><\/figure>\n<\/div>\n\n<div class=\"wp-block-image\">\n<figure class=\"aligncenter size-large is-resized\"><img loading=\"lazy\" decoding=\"async\" width=\"1024\" height=\"625\" src=\"https:\/\/rakosliget.hu\/wordpress\/wp-content\/uploads\/2022\/09\/234895-1024x625.jpg\" alt=\"\" class=\"wp-image-10270\" style=\"width:385px;height:235px\" srcset=\"https:\/\/rakosliget.hu\/wordpress\/wp-content\/uploads\/2022\/09\/234895-1024x625.jpg 1024w, https:\/\/rakosliget.hu\/wordpress\/wp-content\/uploads\/2022\/09\/234895-300x183.jpg 300w, https:\/\/rakosliget.hu\/wordpress\/wp-content\/uploads\/2022\/09\/234895-768x469.jpg 768w, https:\/\/rakosliget.hu\/wordpress\/wp-content\/uploads\/2022\/09\/234895.jpg 1200w\" sizes=\"auto, (max-width: 1024px) 100vw, 1024px\" \/><figcaption class=\"wp-element-caption\">Czimra Gyula: R\u00e1kosligeti soromp\u00f3<br>K\u00e9sz\u00edt\u00e9s ideje<br>1960<br>Anyag, technika<br>olaj, karton<br>M\u00e9ret<br>33 \u00d7 49,5 cm<br>Magyar Nemzeti Gal\u00e9ria<\/figcaption><\/figure>\n<\/div>\n\n\n<p><strong>Czimra Gyula <\/strong>(Budapest, 1901 \u2013 Budapest, 1966) M\u0171szaki rajzol\u00f3k\u00e9nt dolgozott, mellette az Iparm\u0171v\u00e9szeti Iskola esti tanfolyam\u00e1ra j\u00e1rt. 1923-ban P\u00e1rizsban Lucien Simon tan\u00edtv\u00e1nya volt, majd Paizs Goebel Jen\u0151vel Barbizonban festett. 1928-ban Nagyb\u00e1ny\u00e1n, 1929-t\u0151l a szentendrei m\u0171v\u00e9sztelepen dolgozott. 1933-t\u00f3l R\u00e1koshegyen \u00e9lt; a f\u0151v\u00e1ros k\u00fcls\u0151 ker\u00fclet\u00e9nek \u00e9p\u00edtett, ipari k\u00f6rnyezete \u00e9s az emberi \u00e9let intim szf\u00e9r\u00e1ja adta k\u00e9pt\u00e9m\u00e1it. Forr\u00e1s: https:\/\/www.kieselbach.hu\/muvesz\/czimra-gyula_409<\/p>\n\n\n\n<hr class=\"wp-block-separator has-alpha-channel-opacity\"\/>\n\n\n\n<figure class=\"wp-block-image size-full\"><a href=\"http:\/\/rakosliget.hu\/wordpress\/wp-content\/uploads\/2021\/04\/Salamon-Gyorgy-Rakosliget-vasut_1024.jpg\"><img loading=\"lazy\" decoding=\"async\" width=\"1024\" height=\"710\" src=\"http:\/\/rakosliget.hu\/wordpress\/wp-content\/uploads\/2021\/04\/Salamon-Gyorgy-Rakosliget-vasut_1024.jpg\" alt=\"\" class=\"wp-image-9314\" srcset=\"https:\/\/rakosliget.hu\/wordpress\/wp-content\/uploads\/2021\/04\/Salamon-Gyorgy-Rakosliget-vasut_1024.jpg 1024w, https:\/\/rakosliget.hu\/wordpress\/wp-content\/uploads\/2021\/04\/Salamon-Gyorgy-Rakosliget-vasut_1024-300x208.jpg 300w, https:\/\/rakosliget.hu\/wordpress\/wp-content\/uploads\/2021\/04\/Salamon-Gyorgy-Rakosliget-vasut_1024-768x533.jpg 768w\" sizes=\"auto, (max-width: 1024px) 100vw, 1024px\" \/><\/a><figcaption class=\"wp-element-caption\">Salamon Gy\u00f6rgy: R\u00e1kosliget vas\u00fat (ERH gy\u0171jtem\u00e9ny)<\/figcaption><\/figure>\n\n\n\n<p><strong>Salamon Gy\u00f6rgy<\/strong> fest\u0151. 1976-ban v\u00e9gzett a K\u00e9pz\u0151m\u0171v\u00e9szeti F\u0151iskol\u00e1n, mesterei Szentiv\u00e1nyi Lajos, Barcsay Jen\u0151 \u00e9s Kokas Ign\u00e1c voltak. T\u00e1jk\u00e9peket, portr\u00e9kat fest, melyek sokszor \u00e1br\u00e1zolnak magyar t\u00f6rt\u00e9nelmi alakokat, de k\u00e9sz\u00edt k\u00f6nyvbor\u00edt\u00f3kat \u00e9s illusztr\u00e1ci\u00f3kat. M\u0171vei Kecskem\u00e9ten tal\u00e1lhat\u00f3ak. M\u0171v\u00e9szeti szervezeti tags\u00e1g: Magyar Alkot\u00f3m\u0171v\u00e9szek Orsz\u00e1gos Egyes\u00fclete, Magyar V\u00edzfest\u0151k T\u00e1rsas\u00e1ga. M\u0171v\u00e9sztelepi r\u00e9szv\u00e9tel: 1973-1975 Kecskem\u00e9ti M\u0171v\u00e9sztelep, 2008, 2009, 2013 Gyulai Ny\u00e1ri M\u0171v\u00e9sztelep, 2014-2016 Vaja Art \u0150szi M\u0171v\u00e9sztelep, Vaja, 2014 IV. \u0150szi Izs\u00e1ki Fest\u0151t\u00e1bor, 2016 Ab\u00e1dszal\u00f3ki M\u0171v\u00e9sztelep <\/p>\n\n\n\n<p>Forr\u00e1s:<a href=\"https:\/\/www.kieselbach.hu\/muvesz\/salamon-gyorgy_4846\">Kieselbach gal\u00e9ria<\/a><\/p>\n\n\n\n<figure class=\"wp-block-image size-full\"><img loading=\"lazy\" decoding=\"async\" width=\"1061\" height=\"760\" src=\"https:\/\/rakosliget.hu\/wordpress\/wp-content\/uploads\/2026\/02\/Bohacsek_Ede_-_Landscape_at_Rakosliget_1912.jpg\" alt=\"\" class=\"wp-image-22817\" srcset=\"https:\/\/rakosliget.hu\/wordpress\/wp-content\/uploads\/2026\/02\/Bohacsek_Ede_-_Landscape_at_Rakosliget_1912.jpg 1061w, https:\/\/rakosliget.hu\/wordpress\/wp-content\/uploads\/2026\/02\/Bohacsek_Ede_-_Landscape_at_Rakosliget_1912-300x215.jpg 300w, https:\/\/rakosliget.hu\/wordpress\/wp-content\/uploads\/2026\/02\/Bohacsek_Ede_-_Landscape_at_Rakosliget_1912-768x550.jpg 768w\" sizes=\"auto, (max-width: 1061px) 100vw, 1061px\" \/><figcaption class=\"wp-element-caption\">Bohacsek Ede R\u00e1kosligeti t\u00e1j 1912<\/figcaption><\/figure>\n\n\n\n<hr class=\"wp-block-separator has-alpha-channel-opacity\"\/>\n\n\n\n<p><a href=\"https:\/\/rakosliget.hu\/wordpress\/index.php\/muveszet-1950\/\">Festm\u00e9nyek R\u00e1kosligetr\u0151l tov\u00e1bb<\/a><\/p>\n","protected":false},"excerpt":{"rendered":"<p>Pr\u00f3day Lajos: G\u00f3zon villa (mag\u00e1ntulajdon) 1896 &#8211; 1955 Fest\u0151. Tanulm\u00e1nyait a budapesti K\u00e9pz\u0151m\u0171v\u00e9szeti F\u0151iskol\u00e1n v\u00e9gezte. Mesterei: Tardos Krenner Viktor, R\u00e9v\u00e9sz Imre \u00e9s Vaszary J\u00e1nos. Tanulm\u00e1ny\u00faton j\u00e1rt Firenz\u00e9ben, R\u00f3m\u00e1ban, N\u00e1polyban. \u00c9letm\u0171 ki\u00e1ll\u00edt\u00e1sa volt a Nemzeti Szalonban 1928-ban. T\u00f6bb m\u0171v\u00e9t a Magyar Nemzeti Gal\u00e9ria \u0151rzi. Forr\u00e1s: Kieselbach A m\u0171v\u00e9sz R\u00e1kosligeten \u00e9lt. Balonyi P\u00e1l Margit ( ) R\u00e1koshegyen &hellip; <a href=\"https:\/\/rakosliget.hu\/wordpress\/index.php\/festmenyek-rakosligetrol\/\" class=\"more-link\"><span class=\"screen-reader-text\">FESTM\u00c9NYEK R\u00c1KOSLIGETR\u0150L<\/span> r\u00e9szletei&#8230;<\/a><\/p>\n","protected":false},"author":1,"featured_media":0,"parent":0,"menu_order":0,"comment_status":"closed","ping_status":"closed","template":"","meta":{"footnotes":""},"class_list":["post-9367","page","type-page","status-publish","hentry"],"_links":{"self":[{"href":"https:\/\/rakosliget.hu\/wordpress\/index.php\/wp-json\/wp\/v2\/pages\/9367","targetHints":{"allow":["GET"]}}],"collection":[{"href":"https:\/\/rakosliget.hu\/wordpress\/index.php\/wp-json\/wp\/v2\/pages"}],"about":[{"href":"https:\/\/rakosliget.hu\/wordpress\/index.php\/wp-json\/wp\/v2\/types\/page"}],"author":[{"embeddable":true,"href":"https:\/\/rakosliget.hu\/wordpress\/index.php\/wp-json\/wp\/v2\/users\/1"}],"replies":[{"embeddable":true,"href":"https:\/\/rakosliget.hu\/wordpress\/index.php\/wp-json\/wp\/v2\/comments?post=9367"}],"version-history":[{"count":19,"href":"https:\/\/rakosliget.hu\/wordpress\/index.php\/wp-json\/wp\/v2\/pages\/9367\/revisions"}],"predecessor-version":[{"id":22826,"href":"https:\/\/rakosliget.hu\/wordpress\/index.php\/wp-json\/wp\/v2\/pages\/9367\/revisions\/22826"}],"wp:attachment":[{"href":"https:\/\/rakosliget.hu\/wordpress\/index.php\/wp-json\/wp\/v2\/media?parent=9367"}],"curies":[{"name":"wp","href":"https:\/\/api.w.org\/{rel}","templated":true}]}}