{"id":935,"date":"2018-03-21T04:14:38","date_gmt":"2018-03-21T03:14:38","guid":{"rendered":"http:\/\/rakosliget.hu\/wordpress\/?page_id=935"},"modified":"2018-03-21T04:14:38","modified_gmt":"2018-03-21T03:14:38","slug":"fodor-antal","status":"publish","type":"page","link":"https:\/\/rakosliget.hu\/wordpress\/index.php\/fodor-antal\/","title":{"rendered":"Fodor Antal"},"content":{"rendered":"<h1 align=\"left\"><span data-canvas-width=\"95.5040329563482\">Fodor Antal<\/span><span data-canvas-width=\"232.35444595102481\"> (Kevermes, 1887-1975)<\/span><\/h1>\n<h2 align=\"left\">a r\u00e1kosligeti el\u00f6lj\u00e1r\u00f3s\u00e1g tagja<\/h2>\n<p align=\"left\">\n<p align=\"left\"><span data-canvas-width=\"232.35444595102481\">Laka<\/span><span data-canvas-width=\"313.39196994862937\">tosseg\u00e9d. 1930-t\u00f3l az SZDP (MDP) tagja. <\/span><span data-canvas-width=\"309.83075950412575\">1945 ut\u00e1n M\u00c1V m\u0171szaki se<\/span><span data-canvas-width=\"310.17234499574135\">g\u00e9dtiszt. 1945-ben a r\u00e1kosligeti el\u00f6lj\u00e1r\u00f3<\/span><span data-canvas-width=\"74.6019079800373\">s\u00e1g tagja. <\/span><\/p>\n","protected":false},"excerpt":{"rendered":"<p>Fodor Antal (Kevermes, 1887-1975) a r\u00e1kosligeti el\u00f6lj\u00e1r\u00f3s\u00e1g tagja Lakatosseg\u00e9d. 1930-t\u00f3l az SZDP (MDP) tagja. 1945 ut\u00e1n M\u00c1V m\u0171szaki seg\u00e9dtiszt. 1945-ben a r\u00e1kosligeti el\u00f6lj\u00e1r\u00f3s\u00e1g tagja.<\/p>\n","protected":false},"author":1,"featured_media":0,"parent":0,"menu_order":0,"comment_status":"closed","ping_status":"closed","template":"","meta":{"footnotes":""},"class_list":["post-935","page","type-page","status-publish","hentry"],"_links":{"self":[{"href":"https:\/\/rakosliget.hu\/wordpress\/index.php\/wp-json\/wp\/v2\/pages\/935","targetHints":{"allow":["GET"]}}],"collection":[{"href":"https:\/\/rakosliget.hu\/wordpress\/index.php\/wp-json\/wp\/v2\/pages"}],"about":[{"href":"https:\/\/rakosliget.hu\/wordpress\/index.php\/wp-json\/wp\/v2\/types\/page"}],"author":[{"embeddable":true,"href":"https:\/\/rakosliget.hu\/wordpress\/index.php\/wp-json\/wp\/v2\/users\/1"}],"replies":[{"embeddable":true,"href":"https:\/\/rakosliget.hu\/wordpress\/index.php\/wp-json\/wp\/v2\/comments?post=935"}],"version-history":[{"count":1,"href":"https:\/\/rakosliget.hu\/wordpress\/index.php\/wp-json\/wp\/v2\/pages\/935\/revisions"}],"predecessor-version":[{"id":936,"href":"https:\/\/rakosliget.hu\/wordpress\/index.php\/wp-json\/wp\/v2\/pages\/935\/revisions\/936"}],"wp:attachment":[{"href":"https:\/\/rakosliget.hu\/wordpress\/index.php\/wp-json\/wp\/v2\/media?parent=935"}],"curies":[{"name":"wp","href":"https:\/\/api.w.org\/{rel}","templated":true}]}}