{"id":9349,"date":"2021-05-22T19:11:40","date_gmt":"2021-05-22T18:11:40","guid":{"rendered":"http:\/\/rakosliget.hu\/wordpress\/?page_id=9349"},"modified":"2026-02-06T20:02:00","modified_gmt":"2026-02-06T19:02:00","slug":"szololiget","status":"publish","type":"page","link":"https:\/\/rakosliget.hu\/wordpress\/index.php\/szololiget\/","title":{"rendered":"SZ\u0150L\u0150HEGY"},"content":{"rendered":"\n<p><em>Az oldal indult: 2023. 01. 20.<\/em> Friss\u00edtve: 2026. 02. 06. <\/p>\n\n\n\n<figure class=\"wp-block-gallery has-nested-images columns-default is-cropped wp-block-gallery-1 is-layout-flex wp-block-gallery-is-layout-flex\">\n<figure class=\"wp-block-image size-large\"><img loading=\"lazy\" decoding=\"async\" width=\"1024\" height=\"768\" data-id=\"1940\" src=\"https:\/\/rakosliget.hu\/wordpress\/wp-content\/uploads\/2018\/10\/IMG_20181014-1024x768.jpg\" alt=\"\" class=\"wp-image-1940\" srcset=\"https:\/\/rakosliget.hu\/wordpress\/wp-content\/uploads\/2018\/10\/IMG_20181014-1024x768.jpg 1024w, https:\/\/rakosliget.hu\/wordpress\/wp-content\/uploads\/2018\/10\/IMG_20181014-300x225.jpg 300w, https:\/\/rakosliget.hu\/wordpress\/wp-content\/uploads\/2018\/10\/IMG_20181014-768x576.jpg 768w\" sizes=\"auto, (max-width: 1024px) 100vw, 1024px\" \/><\/figure>\n\n\n\n<figure class=\"wp-block-image size-large\"><img loading=\"lazy\" decoding=\"async\" width=\"1024\" height=\"768\" data-id=\"1939\" src=\"https:\/\/rakosliget.hu\/wordpress\/wp-content\/uploads\/2018\/10\/2018.10.14_090305_HDR-1024x768.jpg\" alt=\"\" class=\"wp-image-1939\" srcset=\"https:\/\/rakosliget.hu\/wordpress\/wp-content\/uploads\/2018\/10\/2018.10.14_090305_HDR-1024x768.jpg 1024w, https:\/\/rakosliget.hu\/wordpress\/wp-content\/uploads\/2018\/10\/2018.10.14_090305_HDR-300x225.jpg 300w, https:\/\/rakosliget.hu\/wordpress\/wp-content\/uploads\/2018\/10\/2018.10.14_090305_HDR-768x576.jpg 768w\" sizes=\"auto, (max-width: 1024px) 100vw, 1024px\" \/><\/figure>\n\n\n\n<figure class=\"wp-block-image size-large\"><img loading=\"lazy\" decoding=\"async\" width=\"1024\" height=\"768\" data-id=\"1938\" src=\"https:\/\/rakosliget.hu\/wordpress\/wp-content\/uploads\/2018\/10\/2018.10.14_-1024x768.jpg\" alt=\"\" class=\"wp-image-1938\" srcset=\"https:\/\/rakosliget.hu\/wordpress\/wp-content\/uploads\/2018\/10\/2018.10.14_-1024x768.jpg 1024w, https:\/\/rakosliget.hu\/wordpress\/wp-content\/uploads\/2018\/10\/2018.10.14_-300x225.jpg 300w, https:\/\/rakosliget.hu\/wordpress\/wp-content\/uploads\/2018\/10\/2018.10.14_-768x576.jpg 768w\" sizes=\"auto, (max-width: 1024px) 100vw, 1024px\" \/><\/figure>\n\n\n\n<figure class=\"wp-block-image size-large\"><img loading=\"lazy\" decoding=\"async\" width=\"640\" height=\"480\" data-id=\"1884\" src=\"https:\/\/rakosliget.hu\/wordpress\/wp-content\/uploads\/2018\/10\/Rakosliget-szolohegy-Buda-fele-.jpg\" alt=\"\" class=\"wp-image-1884\" srcset=\"https:\/\/rakosliget.hu\/wordpress\/wp-content\/uploads\/2018\/10\/Rakosliget-szolohegy-Buda-fele-.jpg 640w, https:\/\/rakosliget.hu\/wordpress\/wp-content\/uploads\/2018\/10\/Rakosliget-szolohegy-Buda-fele--300x225.jpg 300w\" sizes=\"auto, (max-width: 640px) 100vw, 640px\" \/><\/figure>\n\n\n\n<figure class=\"wp-block-image size-large\"><img loading=\"lazy\" decoding=\"async\" width=\"640\" height=\"480\" data-id=\"1882\" src=\"https:\/\/rakosliget.hu\/wordpress\/wp-content\/uploads\/2018\/10\/Rakosliget-szolohegy-Buda-fele-2.jpg\" alt=\"\" class=\"wp-image-1882\" srcset=\"https:\/\/rakosliget.hu\/wordpress\/wp-content\/uploads\/2018\/10\/Rakosliget-szolohegy-Buda-fele-2.jpg 640w, https:\/\/rakosliget.hu\/wordpress\/wp-content\/uploads\/2018\/10\/Rakosliget-szolohegy-Buda-fele-2-300x225.jpg 300w\" sizes=\"auto, (max-width: 640px) 100vw, 640px\" \/><\/figure>\n\n\n\n<figure class=\"wp-block-image size-large\"><img loading=\"lazy\" decoding=\"async\" width=\"640\" height=\"480\" data-id=\"1883\" src=\"https:\/\/rakosliget.hu\/wordpress\/wp-content\/uploads\/2018\/10\/Rakosliget-szolohegy-Buda-fele-1.jpg\" alt=\"\" class=\"wp-image-1883\" srcset=\"https:\/\/rakosliget.hu\/wordpress\/wp-content\/uploads\/2018\/10\/Rakosliget-szolohegy-Buda-fele-1.jpg 640w, https:\/\/rakosliget.hu\/wordpress\/wp-content\/uploads\/2018\/10\/Rakosliget-szolohegy-Buda-fele-1-300x225.jpg 300w\" sizes=\"auto, (max-width: 640px) 100vw, 640px\" \/><\/figure>\n\n\n\n<figure class=\"wp-block-image size-large\"><img loading=\"lazy\" decoding=\"async\" width=\"667\" height=\"500\" data-id=\"1881\" src=\"https:\/\/rakosliget.hu\/wordpress\/wp-content\/uploads\/2018\/10\/Rakosliget-szollohegy.jpg\" alt=\"\" class=\"wp-image-1881\" srcset=\"https:\/\/rakosliget.hu\/wordpress\/wp-content\/uploads\/2018\/10\/Rakosliget-szollohegy.jpg 667w, https:\/\/rakosliget.hu\/wordpress\/wp-content\/uploads\/2018\/10\/Rakosliget-szollohegy-300x225.jpg 300w\" sizes=\"auto, (max-width: 667px) 100vw, 667px\" \/><\/figure>\n\n\n\n<figure class=\"wp-block-image size-large\"><img loading=\"lazy\" decoding=\"async\" width=\"667\" height=\"500\" data-id=\"1880\" src=\"https:\/\/rakosliget.hu\/wordpress\/wp-content\/uploads\/2018\/10\/Rakosliget-szollo.jpg\" alt=\"\" class=\"wp-image-1880\" srcset=\"https:\/\/rakosliget.hu\/wordpress\/wp-content\/uploads\/2018\/10\/Rakosliget-szollo.jpg 667w, https:\/\/rakosliget.hu\/wordpress\/wp-content\/uploads\/2018\/10\/Rakosliget-szollo-300x225.jpg 300w\" sizes=\"auto, (max-width: 667px) 100vw, 667px\" \/><\/figure>\n\n\n\n<figure class=\"wp-block-image size-large\"><img loading=\"lazy\" decoding=\"async\" width=\"667\" height=\"500\" data-id=\"1879\" src=\"https:\/\/rakosliget.hu\/wordpress\/wp-content\/uploads\/2018\/10\/Rakosliget-szollo-1.jpg\" alt=\"\" class=\"wp-image-1879\" srcset=\"https:\/\/rakosliget.hu\/wordpress\/wp-content\/uploads\/2018\/10\/Rakosliget-szollo-1.jpg 667w, https:\/\/rakosliget.hu\/wordpress\/wp-content\/uploads\/2018\/10\/Rakosliget-szollo-1-300x225.jpg 300w\" sizes=\"auto, (max-width: 667px) 100vw, 667px\" \/><\/figure>\n\n\n\n<figure class=\"wp-block-image size-large\"><img loading=\"lazy\" decoding=\"async\" width=\"667\" height=\"500\" data-id=\"1878\" src=\"https:\/\/rakosliget.hu\/wordpress\/wp-content\/uploads\/2018\/10\/rakosliget-8.jpg\" alt=\"\" class=\"wp-image-1878\" srcset=\"https:\/\/rakosliget.hu\/wordpress\/wp-content\/uploads\/2018\/10\/rakosliget-8.jpg 667w, https:\/\/rakosliget.hu\/wordpress\/wp-content\/uploads\/2018\/10\/rakosliget-8-300x225.jpg 300w\" sizes=\"auto, (max-width: 667px) 100vw, 667px\" \/><\/figure>\n\n\n\n<figure class=\"wp-block-image size-large\"><img loading=\"lazy\" decoding=\"async\" width=\"640\" height=\"480\" data-id=\"1872\" src=\"https:\/\/rakosliget.hu\/wordpress\/wp-content\/uploads\/2018\/10\/Mezo-2002-majus-02.jpg\" alt=\"\" class=\"wp-image-1872\" srcset=\"https:\/\/rakosliget.hu\/wordpress\/wp-content\/uploads\/2018\/10\/Mezo-2002-majus-02.jpg 640w, https:\/\/rakosliget.hu\/wordpress\/wp-content\/uploads\/2018\/10\/Mezo-2002-majus-02-300x225.jpg 300w\" sizes=\"auto, (max-width: 640px) 100vw, 640px\" \/><\/figure>\n\n\n\n<figure class=\"wp-block-image size-large\"><img loading=\"lazy\" decoding=\"async\" width=\"800\" height=\"600\" data-id=\"1871\" src=\"https:\/\/rakosliget.hu\/wordpress\/wp-content\/uploads\/2018\/10\/DSCN0026.jpg\" alt=\"\" class=\"wp-image-1871\" srcset=\"https:\/\/rakosliget.hu\/wordpress\/wp-content\/uploads\/2018\/10\/DSCN0026.jpg 800w, https:\/\/rakosliget.hu\/wordpress\/wp-content\/uploads\/2018\/10\/DSCN0026-300x225.jpg 300w, https:\/\/rakosliget.hu\/wordpress\/wp-content\/uploads\/2018\/10\/DSCN0026-768x576.jpg 768w\" sizes=\"auto, (max-width: 800px) 100vw, 800px\" \/><\/figure>\n\n\n\n<figure class=\"wp-block-image size-large\"><img loading=\"lazy\" decoding=\"async\" width=\"800\" height=\"600\" data-id=\"1870\" src=\"https:\/\/rakosliget.hu\/wordpress\/wp-content\/uploads\/2018\/10\/DSCN0001.jpg\" alt=\"\" class=\"wp-image-1870\" srcset=\"https:\/\/rakosliget.hu\/wordpress\/wp-content\/uploads\/2018\/10\/DSCN0001.jpg 800w, https:\/\/rakosliget.hu\/wordpress\/wp-content\/uploads\/2018\/10\/DSCN0001-300x225.jpg 300w, https:\/\/rakosliget.hu\/wordpress\/wp-content\/uploads\/2018\/10\/DSCN0001-768x576.jpg 768w\" sizes=\"auto, (max-width: 800px) 100vw, 800px\" \/><\/figure>\n\n\n\n<figure class=\"wp-block-image size-large\"><img loading=\"lazy\" decoding=\"async\" width=\"667\" height=\"500\" data-id=\"1868\" src=\"https:\/\/rakosliget.hu\/wordpress\/wp-content\/uploads\/2018\/10\/6339Szolo-a-XXVIII-utcaban.jpg\" alt=\"\" class=\"wp-image-1868\" srcset=\"https:\/\/rakosliget.hu\/wordpress\/wp-content\/uploads\/2018\/10\/6339Szolo-a-XXVIII-utcaban.jpg 667w, https:\/\/rakosliget.hu\/wordpress\/wp-content\/uploads\/2018\/10\/6339Szolo-a-XXVIII-utcaban-300x225.jpg 300w\" sizes=\"auto, (max-width: 667px) 100vw, 667px\" \/><\/figure>\n\n\n\n<figure class=\"wp-block-image size-large\"><img loading=\"lazy\" decoding=\"async\" width=\"667\" height=\"500\" data-id=\"1867\" src=\"https:\/\/rakosliget.hu\/wordpress\/wp-content\/uploads\/2018\/10\/6338Szolo-a-XXVIII-utcaban.jpg\" alt=\"\" class=\"wp-image-1867\" srcset=\"https:\/\/rakosliget.hu\/wordpress\/wp-content\/uploads\/2018\/10\/6338Szolo-a-XXVIII-utcaban.jpg 667w, https:\/\/rakosliget.hu\/wordpress\/wp-content\/uploads\/2018\/10\/6338Szolo-a-XXVIII-utcaban-300x225.jpg 300w\" sizes=\"auto, (max-width: 667px) 100vw, 667px\" \/><\/figure>\n\n\n\n<figure class=\"wp-block-image size-large\"><img loading=\"lazy\" decoding=\"async\" width=\"888\" height=\"1024\" data-id=\"2732\" src=\"https:\/\/rakosliget.hu\/wordpress\/wp-content\/uploads\/2019\/11\/F__FF19621030011_-888x1024.jpg\" alt=\"\" class=\"wp-image-2732\" srcset=\"https:\/\/rakosliget.hu\/wordpress\/wp-content\/uploads\/2019\/11\/F__FF19621030011_-888x1024.jpg 888w, https:\/\/rakosliget.hu\/wordpress\/wp-content\/uploads\/2019\/11\/F__FF19621030011_-260x300.jpg 260w, https:\/\/rakosliget.hu\/wordpress\/wp-content\/uploads\/2019\/11\/F__FF19621030011_-768x885.jpg 768w\" sizes=\"auto, (max-width: 888px) 100vw, 888px\" \/><\/figure>\n<\/figure>\n\n\n\n<h2 class=\"wp-block-heading\">2002<\/h2>\n\n\n\n<figure class=\"wp-block-image size-full\"><a href=\"https:\/\/rakosliget.hu\/wordpress\/wp-content\/uploads\/2023\/01\/szolohegy2002.jpg\"><img loading=\"lazy\" decoding=\"async\" width=\"1024\" height=\"372\" src=\"https:\/\/rakosliget.hu\/wordpress\/wp-content\/uploads\/2023\/01\/szolohegy2002.jpg\" alt=\"\" class=\"wp-image-10798\" srcset=\"https:\/\/rakosliget.hu\/wordpress\/wp-content\/uploads\/2023\/01\/szolohegy2002.jpg 1024w, https:\/\/rakosliget.hu\/wordpress\/wp-content\/uploads\/2023\/01\/szolohegy2002-300x109.jpg 300w, https:\/\/rakosliget.hu\/wordpress\/wp-content\/uploads\/2023\/01\/szolohegy2002-768x279.jpg 768w\" sizes=\"auto, (max-width: 1024px) 100vw, 1024px\" \/><\/a><figcaption class=\"wp-element-caption\">Forr\u00e1s: N\u00e9pszabads\u00e1g 2002. szeptember 16.<\/figcaption><\/figure>\n\n\n<div class=\"wp-block-image\">\n<figure class=\"aligncenter size-large\"><img loading=\"lazy\" decoding=\"async\" width=\"419\" height=\"1024\" src=\"https:\/\/rakosliget.hu\/wordpress\/wp-content\/uploads\/2023\/01\/szolohegy2002_1-419x1024.jpg\" alt=\"\" class=\"wp-image-10812\" srcset=\"https:\/\/rakosliget.hu\/wordpress\/wp-content\/uploads\/2023\/01\/szolohegy2002_1-419x1024.jpg 419w, https:\/\/rakosliget.hu\/wordpress\/wp-content\/uploads\/2023\/01\/szolohegy2002_1-123x300.jpg 123w, https:\/\/rakosliget.hu\/wordpress\/wp-content\/uploads\/2023\/01\/szolohegy2002_1-628x1536.jpg 628w, https:\/\/rakosliget.hu\/wordpress\/wp-content\/uploads\/2023\/01\/szolohegy2002_1.jpg 669w\" sizes=\"auto, (max-width: 419px) 100vw, 419px\" \/><figcaption class=\"wp-element-caption\">Forr\u00e1s: N\u00e9pszabads\u00e1g 2002. szeptember 20.<\/figcaption><\/figure>\n<\/div>\n\n<div class=\"wp-block-image\">\n<figure class=\"aligncenter\"><a href=\"http:\/\/rakosliget.hu\/film\/sz\u0151l\u01511.mp4\"><img loading=\"lazy\" decoding=\"async\" width=\"300\" height=\"188\" src=\"http:\/\/rakosliget.hu\/wordpress\/wp-content\/uploads\/2021\/05\/2020_-300x188.jpg\" alt=\"\" class=\"wp-image-9350\" srcset=\"https:\/\/rakosliget.hu\/wordpress\/wp-content\/uploads\/2021\/05\/2020_-300x188.jpg 300w, https:\/\/rakosliget.hu\/wordpress\/wp-content\/uploads\/2021\/05\/2020_-768x482.jpg 768w, https:\/\/rakosliget.hu\/wordpress\/wp-content\/uploads\/2021\/05\/2020_.jpg 1008w\" sizes=\"auto, (max-width: 300px) 100vw, 300px\" \/><\/a><figcaption class=\"wp-element-caption\">Sz\u0151l\u0151hegy m\u00faltja \u00e9s jelene film<\/figcaption><\/figure>\n<\/div>","protected":false},"excerpt":{"rendered":"<p>Az oldal indult: 2023. 01. 20. Friss\u00edtve: 2026. 02. 06. 2002<\/p>\n","protected":false},"author":1,"featured_media":9361,"parent":0,"menu_order":0,"comment_status":"closed","ping_status":"closed","template":"","meta":{"footnotes":""},"class_list":["post-9349","page","type-page","status-publish","has-post-thumbnail","hentry"],"_links":{"self":[{"href":"https:\/\/rakosliget.hu\/wordpress\/index.php\/wp-json\/wp\/v2\/pages\/9349","targetHints":{"allow":["GET"]}}],"collection":[{"href":"https:\/\/rakosliget.hu\/wordpress\/index.php\/wp-json\/wp\/v2\/pages"}],"about":[{"href":"https:\/\/rakosliget.hu\/wordpress\/index.php\/wp-json\/wp\/v2\/types\/page"}],"author":[{"embeddable":true,"href":"https:\/\/rakosliget.hu\/wordpress\/index.php\/wp-json\/wp\/v2\/users\/1"}],"replies":[{"embeddable":true,"href":"https:\/\/rakosliget.hu\/wordpress\/index.php\/wp-json\/wp\/v2\/comments?post=9349"}],"version-history":[{"count":13,"href":"https:\/\/rakosliget.hu\/wordpress\/index.php\/wp-json\/wp\/v2\/pages\/9349\/revisions"}],"predecessor-version":[{"id":22833,"href":"https:\/\/rakosliget.hu\/wordpress\/index.php\/wp-json\/wp\/v2\/pages\/9349\/revisions\/22833"}],"wp:featuredmedia":[{"embeddable":true,"href":"https:\/\/rakosliget.hu\/wordpress\/index.php\/wp-json\/wp\/v2\/media\/9361"}],"wp:attachment":[{"href":"https:\/\/rakosliget.hu\/wordpress\/index.php\/wp-json\/wp\/v2\/media?parent=9349"}],"curies":[{"name":"wp","href":"https:\/\/api.w.org\/{rel}","templated":true}]}}