{"id":9328,"date":"2021-04-17T14:36:41","date_gmt":"2021-04-17T13:36:41","guid":{"rendered":"http:\/\/rakosliget.hu\/wordpress\/?page_id=9328"},"modified":"2026-01-23T06:21:17","modified_gmt":"2026-01-23T05:21:17","slug":"domonkos-laszlo","status":"publish","type":"page","link":"https:\/\/rakosliget.hu\/wordpress\/index.php\/domonkos-laszlo\/","title":{"rendered":"DOMONKOS L\u00c1SZL\u00d3 (1956.06.11. &#8211; 2018.10.12.)"},"content":{"rendered":"\n<div class=\"wp-block-buttons is-content-justification-center is-layout-flex wp-container-core-buttons-is-layout-16018d1d wp-block-buttons-is-layout-flex\">\n<div class=\"wp-block-button\"><a class=\"wp-block-button__link wp-element-button\" href=\"https:\/\/rakosliget.hu\/wordpress\/index.php\/muveszet\/\">VISSZA A M\u0170V\u00c9SZET LAPRA<\/a><\/div>\n<\/div>\n\n\n\n<p><\/p>\n\n\n\n<p><em>Az oldal indult: 2021.04.17.<\/em><\/p>\n\n\n\n<p>L\u00e1tv\u00e1nytervez\u0151, szobr\u00e1sz, m\u0171v\u00e9sztan\u00e1r. A Magyar K\u00e9pz\u0151m\u0171v\u00e9szeti Egyetem adjunktusa, a M\u0171v\u00e9szetelm\u00e9leti Tansz\u00e9k szcenikai tervez\u00e9s \u00e9s viselett\u00f6rt\u00e9net, kort\u00f6rt\u00e9net tan\u00e1ra volt.<\/p>\n\n\n<div class=\"wp-block-image\">\n<figure class=\"aligncenter\"><img loading=\"lazy\" decoding=\"async\" width=\"300\" height=\"286\" src=\"http:\/\/rakosliget.hu\/wordpress\/wp-content\/uploads\/2021\/04\/Domonkos-Laszlo_Melocco-Miklos-300x286.jpg\" alt=\"\" class=\"wp-image-9329\" srcset=\"https:\/\/rakosliget.hu\/wordpress\/wp-content\/uploads\/2021\/04\/Domonkos-Laszlo_Melocco-Miklos-300x286.jpg 300w, https:\/\/rakosliget.hu\/wordpress\/wp-content\/uploads\/2021\/04\/Domonkos-Laszlo_Melocco-Miklos.jpg 451w\" sizes=\"auto, (max-width: 300px) 100vw, 300px\" \/><\/figure>\n<\/div>\n\n\n<p>Domonkos L\u00e1szl\u00f3 \u00e9s Melocco Mikl\u00f3s az Erd\u0151s Ren\u00e9e H\u00e1zban Melocco Mikl\u00f3s Pet\u0151fi szobor restaur\u00e1l\u00e1s\u00e1t k\u00f6vet\u0151 bemutat\u00f3n.&nbsp; 2016. Forr\u00e1s: Tizenhetedik Online)<\/p>\n\n\n\n<p><span class=\"textComponent\">A IX. Ker\u00fclet\u00e9rt D\u00edj (1975<\/span><span class=\"textComponent\">),<\/span><\/p>\n\n\n\n<p>Esztergom V\u00e1ros D\u00edja,<\/p>\n\n\n\n<p>R\u00e1kosliget\u00e9rt-d\u00edj (2016).<\/p>\n\n\n\n<h2 class=\"wp-block-heading\"><span id=\"K\u00f6zt\u00e9ri_szobrai\" class=\"mw-headline\">K\u00f6zt\u00e9ri szobrai:<\/span><\/h2>\n\n\n\n<ul class=\"wp-block-list\">\n<li>G\u00f6rgey Art\u00far (bronz), Bolyai Akad\u00e9mia Budapest. (jelenleg Szentendre)<\/li>\n\n\n\n<li>II. vil\u00e1gh\u00e1bor\u00fas eml\u00e9kt\u00e1bla (bronz) Ludovika t\u00e9r<\/li>\n\n\n\n<li>H\u0151si eml\u00e9km\u0171 (bronz, m\u00e1rv\u00e1ny) Hadt\u00f6rt\u00e9neti M\u00fazeum<\/li>\n\n\n\n<li>G\u00f6rgey Art\u00far mellszobra (bronz) Sz\u0151gy\u00e9n<\/li>\n\n\n\n<li>Visszabesz\u00e9l\u0151 szarvas (domborm\u0171) Bart\u00f3k Zeneh\u00e1z XVII. ker\u00fclet<\/li>\n\n\n\n<li>Orsz\u00e1gz\u00e1szl\u00f3, R\u00e1koscsaba XVII. ker\u00fclet<\/li>\n\n\n\n<li>Kardos B\u00e9la mellszobor XVII. ker\u00fclet<\/li>\n<\/ul>\n\n\n\n<p><em>Forr\u00e1s:(Wikipedia)<\/em><\/p>\n\n\n\n<p>A pusztaszabolcsi templom \u00f3lom\u00fcveg ablakainak m\u0171szaki kartonjait \u00e9s \u00fcvegfest\u00e9s\u00e9t v\u00e9gezte, Szinte G\u00e1bor tervei alapj\u00e1n B\u00e1n M\u00e1ria iparm\u0171v\u00e9sszel.<\/p>\n\n\n\n<p>Tagja volt, a megsz\u0171nt MAOE &#8211; nek \u00e9s a Magyar R\u00e9g\u00e9szeti \u00e9s M\u0171v\u00e9szett\u00f6rt\u00e9neti T\u00e1rsulatnak. Alap\u00edt\u00f3 tagja \u00e9s 2008-t\u00f3l eln\u00f6ke volt a M\u0171v\u00e9szek Alkot\u00f3 T\u00e1rsas\u00e1ga XVII. K\u00f6zhaszn\u00fa Egyes\u00fcletnek. <em>(Forr\u00e1s: rakosmente.hu)<\/em><\/p>\n\n\n\n<div class=\"wp-block-buttons is-content-justification-center is-layout-flex wp-container-core-buttons-is-layout-16018d1d wp-block-buttons-is-layout-flex\">\n<div class=\"wp-block-button\"><a class=\"wp-block-button__link wp-element-button\" href=\"https:\/\/rakosliget.hu\/wordpress\/index.php\/muveszet\/\">VISSZA A M\u0170V\u00c9SZET LAPRA<\/a><\/div>\n<\/div>\n","protected":false},"excerpt":{"rendered":"<p>Az oldal indult: 2021.04.17. L\u00e1tv\u00e1nytervez\u0151, szobr\u00e1sz, m\u0171v\u00e9sztan\u00e1r. A Magyar K\u00e9pz\u0151m\u0171v\u00e9szeti Egyetem adjunktusa, a M\u0171v\u00e9szetelm\u00e9leti Tansz\u00e9k szcenikai tervez\u00e9s \u00e9s viselett\u00f6rt\u00e9net, kort\u00f6rt\u00e9net tan\u00e1ra volt. Domonkos L\u00e1szl\u00f3 \u00e9s Melocco Mikl\u00f3s az Erd\u0151s Ren\u00e9e H\u00e1zban Melocco Mikl\u00f3s Pet\u0151fi szobor restaur\u00e1l\u00e1s\u00e1t k\u00f6vet\u0151 bemutat\u00f3n.&nbsp; 2016. Forr\u00e1s: Tizenhetedik Online) A IX. Ker\u00fclet\u00e9rt D\u00edj (1975), Esztergom V\u00e1ros D\u00edja, R\u00e1kosliget\u00e9rt-d\u00edj (2016). K\u00f6zt\u00e9ri szobrai: Forr\u00e1s:(Wikipedia) &hellip; <a href=\"https:\/\/rakosliget.hu\/wordpress\/index.php\/domonkos-laszlo\/\" class=\"more-link\"><span class=\"screen-reader-text\">DOMONKOS L\u00c1SZL\u00d3 (1956.06.11. &#8211; 2018.10.12.)<\/span> r\u00e9szletei&#8230;<\/a><\/p>\n","protected":false},"author":1,"featured_media":0,"parent":0,"menu_order":0,"comment_status":"closed","ping_status":"closed","template":"","meta":{"footnotes":""},"class_list":["post-9328","page","type-page","status-publish","hentry"],"_links":{"self":[{"href":"https:\/\/rakosliget.hu\/wordpress\/index.php\/wp-json\/wp\/v2\/pages\/9328","targetHints":{"allow":["GET"]}}],"collection":[{"href":"https:\/\/rakosliget.hu\/wordpress\/index.php\/wp-json\/wp\/v2\/pages"}],"about":[{"href":"https:\/\/rakosliget.hu\/wordpress\/index.php\/wp-json\/wp\/v2\/types\/page"}],"author":[{"embeddable":true,"href":"https:\/\/rakosliget.hu\/wordpress\/index.php\/wp-json\/wp\/v2\/users\/1"}],"replies":[{"embeddable":true,"href":"https:\/\/rakosliget.hu\/wordpress\/index.php\/wp-json\/wp\/v2\/comments?post=9328"}],"version-history":[{"count":9,"href":"https:\/\/rakosliget.hu\/wordpress\/index.php\/wp-json\/wp\/v2\/pages\/9328\/revisions"}],"predecessor-version":[{"id":22065,"href":"https:\/\/rakosliget.hu\/wordpress\/index.php\/wp-json\/wp\/v2\/pages\/9328\/revisions\/22065"}],"wp:attachment":[{"href":"https:\/\/rakosliget.hu\/wordpress\/index.php\/wp-json\/wp\/v2\/media?parent=9328"}],"curies":[{"name":"wp","href":"https:\/\/api.w.org\/{rel}","templated":true}]}}