{"id":932,"date":"2018-03-21T04:13:39","date_gmt":"2018-03-21T03:13:39","guid":{"rendered":"http:\/\/rakosliget.hu\/wordpress\/?page_id=932"},"modified":"2018-03-21T04:13:39","modified_gmt":"2018-03-21T03:13:39","slug":"fekete-janos","status":"publish","type":"page","link":"https:\/\/rakosliget.hu\/wordpress\/index.php\/fekete-janos\/","title":{"rendered":"Fekete J\u00e1nos"},"content":{"rendered":"<h1 align=\"left\"><span data-canvas-width=\"102.15586532233168\">Fekete J\u00e1nos<\/span><span data-canvas-width=\"225.35376031700832\"> (Udvard, 1880-1970)<\/span><\/h1>\n<h2 align=\"left\">a r\u00e1kosligeti el\u00f6lj\u00e1r\u00f3s\u00e1g tagja<\/h2>\n<p align=\"left\">\n<p align=\"left\"><span data-canvas-width=\"302.3722039558159\">Postatisztvisel\u0151. 1945-t\u0151l az F\u00fcggetlen Kisgazda P\u00e1rt tagja. 1945 ut\u00e1n nyugalmazott postafel\u00fcgyel\u0151; a r\u00e1kosligeti el\u00f6lj\u00e1r\u00f3s\u00e1g tagja. <\/span><\/p>\n","protected":false},"excerpt":{"rendered":"<p>Fekete J\u00e1nos (Udvard, 1880-1970) a r\u00e1kosligeti el\u00f6lj\u00e1r\u00f3s\u00e1g tagja Postatisztvisel\u0151. 1945-t\u0151l az F\u00fcggetlen Kisgazda P\u00e1rt tagja. 1945 ut\u00e1n nyugalmazott postafel\u00fcgyel\u0151; a r\u00e1kosligeti el\u00f6lj\u00e1r\u00f3s\u00e1g tagja.<\/p>\n","protected":false},"author":1,"featured_media":0,"parent":0,"menu_order":0,"comment_status":"closed","ping_status":"closed","template":"","meta":{"footnotes":""},"class_list":["post-932","page","type-page","status-publish","hentry"],"_links":{"self":[{"href":"https:\/\/rakosliget.hu\/wordpress\/index.php\/wp-json\/wp\/v2\/pages\/932","targetHints":{"allow":["GET"]}}],"collection":[{"href":"https:\/\/rakosliget.hu\/wordpress\/index.php\/wp-json\/wp\/v2\/pages"}],"about":[{"href":"https:\/\/rakosliget.hu\/wordpress\/index.php\/wp-json\/wp\/v2\/types\/page"}],"author":[{"embeddable":true,"href":"https:\/\/rakosliget.hu\/wordpress\/index.php\/wp-json\/wp\/v2\/users\/1"}],"replies":[{"embeddable":true,"href":"https:\/\/rakosliget.hu\/wordpress\/index.php\/wp-json\/wp\/v2\/comments?post=932"}],"version-history":[{"count":1,"href":"https:\/\/rakosliget.hu\/wordpress\/index.php\/wp-json\/wp\/v2\/pages\/932\/revisions"}],"predecessor-version":[{"id":933,"href":"https:\/\/rakosliget.hu\/wordpress\/index.php\/wp-json\/wp\/v2\/pages\/932\/revisions\/933"}],"wp:attachment":[{"href":"https:\/\/rakosliget.hu\/wordpress\/index.php\/wp-json\/wp\/v2\/media?parent=932"}],"curies":[{"name":"wp","href":"https:\/\/api.w.org\/{rel}","templated":true}]}}