{"id":9298,"date":"2021-04-15T07:29:05","date_gmt":"2021-04-15T06:29:05","guid":{"rendered":"http:\/\/rakosliget.hu\/wordpress\/?page_id=9298"},"modified":"2026-02-02T19:55:47","modified_gmt":"2026-02-02T18:55:47","slug":"varosunk-budapesti-honismereti-hirado","status":"publish","type":"page","link":"https:\/\/rakosliget.hu\/wordpress\/index.php\/varosunk-budapesti-honismereti-hirado\/","title":{"rendered":"V\u00c1ROSUNK &#8211; BUDAPESTI HONISMERETI H\u00cdRAD\u00d3"},"content":{"rendered":"\n<p><\/p>\n\n\n<div class=\"wp-block-image\">\n<figure class=\"aligncenter size-large\"><img loading=\"lazy\" decoding=\"async\" width=\"1024\" height=\"325\" src=\"http:\/\/rakosliget.hu\/wordpress\/wp-content\/uploads\/2021\/04\/Varosunk700__-1024x325.jpg\" alt=\"\" class=\"wp-image-9307\" srcset=\"https:\/\/rakosliget.hu\/wordpress\/wp-content\/uploads\/2021\/04\/Varosunk700__-1024x325.jpg 1024w, https:\/\/rakosliget.hu\/wordpress\/wp-content\/uploads\/2021\/04\/Varosunk700__-300x95.jpg 300w, https:\/\/rakosliget.hu\/wordpress\/wp-content\/uploads\/2021\/04\/Varosunk700__-768x244.jpg 768w, https:\/\/rakosliget.hu\/wordpress\/wp-content\/uploads\/2021\/04\/Varosunk700__-1536x488.jpg 1536w, https:\/\/rakosliget.hu\/wordpress\/wp-content\/uploads\/2021\/04\/Varosunk700__.jpg 2000w\" sizes=\"auto, (max-width: 1024px) 100vw, 1024px\" \/><\/figure>\n<\/div>\n\n\n<p><\/p>\n\n\n\n<figure class=\"wp-block-image size-large\"><img decoding=\"async\" src=\"http:\/\/rakosliget.hu\/doku\/rolunk irtak.jpg\" alt=\"\"\/><\/figure>\n\n\n\n<figure class=\"wp-block-image size-large\"><a href=\"http:\/\/rakosliget.hu\/doku\/V\u00e1rosunk699.jpg\"><img loading=\"lazy\" decoding=\"async\" width=\"1024\" height=\"888\" src=\"http:\/\/rakosliget.hu\/wordpress\/wp-content\/uploads\/2021\/04\/Varosunk699_.jpg\" alt=\"\" class=\"wp-image-9304\" srcset=\"https:\/\/rakosliget.hu\/wordpress\/wp-content\/uploads\/2021\/04\/Varosunk699_.jpg 1024w, https:\/\/rakosliget.hu\/wordpress\/wp-content\/uploads\/2021\/04\/Varosunk699_-300x260.jpg 300w, https:\/\/rakosliget.hu\/wordpress\/wp-content\/uploads\/2021\/04\/Varosunk699_-768x666.jpg 768w\" sizes=\"auto, (max-width: 1024px) 100vw, 1024px\" \/><\/a><\/figure>\n","protected":false},"excerpt":{"rendered":"","protected":false},"author":1,"featured_media":0,"parent":0,"menu_order":0,"comment_status":"closed","ping_status":"closed","template":"","meta":{"footnotes":""},"class_list":["post-9298","page","type-page","status-publish","hentry"],"_links":{"self":[{"href":"https:\/\/rakosliget.hu\/wordpress\/index.php\/wp-json\/wp\/v2\/pages\/9298","targetHints":{"allow":["GET"]}}],"collection":[{"href":"https:\/\/rakosliget.hu\/wordpress\/index.php\/wp-json\/wp\/v2\/pages"}],"about":[{"href":"https:\/\/rakosliget.hu\/wordpress\/index.php\/wp-json\/wp\/v2\/types\/page"}],"author":[{"embeddable":true,"href":"https:\/\/rakosliget.hu\/wordpress\/index.php\/wp-json\/wp\/v2\/users\/1"}],"replies":[{"embeddable":true,"href":"https:\/\/rakosliget.hu\/wordpress\/index.php\/wp-json\/wp\/v2\/comments?post=9298"}],"version-history":[{"count":6,"href":"https:\/\/rakosliget.hu\/wordpress\/index.php\/wp-json\/wp\/v2\/pages\/9298\/revisions"}],"predecessor-version":[{"id":22781,"href":"https:\/\/rakosliget.hu\/wordpress\/index.php\/wp-json\/wp\/v2\/pages\/9298\/revisions\/22781"}],"wp:attachment":[{"href":"https:\/\/rakosliget.hu\/wordpress\/index.php\/wp-json\/wp\/v2\/media?parent=9298"}],"curies":[{"name":"wp","href":"https:\/\/api.w.org\/{rel}","templated":true}]}}