{"id":928,"date":"2018-03-21T04:11:52","date_gmt":"2018-03-21T03:11:52","guid":{"rendered":"http:\/\/rakosliget.hu\/wordpress\/?page_id=928"},"modified":"2018-03-21T04:11:52","modified_gmt":"2018-03-21T03:11:52","slug":"farkas-jozsef","status":"publish","type":"page","link":"https:\/\/rakosliget.hu\/wordpress\/index.php\/farkas-jozsef\/","title":{"rendered":"Farkas J\u00f3zsef"},"content":{"rendered":"<h1 align=\"left\"><span data-canvas-width=\"107.01255691322868\">Farkas J\u00f3zsef<\/span><span data-canvas-width=\"225.53908861565085\"> (Mocsa, 1881-1960)<\/span><\/h1>\n<h2 align=\"left\">a r\u00e1kosligeti el\u00f6lj\u00e1r\u00f3s\u00e1g tagja<\/h2>\n<p align=\"left\">\n<p align=\"left\"><span data-canvas-width=\"225.53908861565085\">,M\u00c1V <\/span><span data-canvas-width=\"310.5520863135481\">alkalmazott. 1945-t\u0151l az F\u00fcggetlen Kisgazda P\u00e1rt tagja. 1906<\/span><span data-canvas-width=\"308.76057942667023\"> &#8211; 1944-ben a M\u00c1V keleti p\u00e1lyaudvari m\u0171<\/span><span data-canvas-width=\"310.5102965991483\">hely lakatosa, majd f\u0151m\u0171vezet\u0151je. 1945<\/span><span data-canvas-width=\"302.3722039558159\">-949-ben a r\u00e1kosligeti el\u00f6lj\u00e1r\u00f3s\u00e1g tagja. <\/span><\/p>\n","protected":false},"excerpt":{"rendered":"<p>Farkas J\u00f3zsef (Mocsa, 1881-1960) a r\u00e1kosligeti el\u00f6lj\u00e1r\u00f3s\u00e1g tagja ,M\u00c1V alkalmazott. 1945-t\u0151l az F\u00fcggetlen Kisgazda P\u00e1rt tagja. 1906 &#8211; 1944-ben a M\u00c1V keleti p\u00e1lyaudvari m\u0171hely lakatosa, majd f\u0151m\u0171vezet\u0151je. 1945-949-ben a r\u00e1kosligeti el\u00f6lj\u00e1r\u00f3s\u00e1g tagja.<\/p>\n","protected":false},"author":1,"featured_media":0,"parent":0,"menu_order":0,"comment_status":"closed","ping_status":"closed","template":"","meta":{"footnotes":""},"class_list":["post-928","page","type-page","status-publish","hentry"],"_links":{"self":[{"href":"https:\/\/rakosliget.hu\/wordpress\/index.php\/wp-json\/wp\/v2\/pages\/928","targetHints":{"allow":["GET"]}}],"collection":[{"href":"https:\/\/rakosliget.hu\/wordpress\/index.php\/wp-json\/wp\/v2\/pages"}],"about":[{"href":"https:\/\/rakosliget.hu\/wordpress\/index.php\/wp-json\/wp\/v2\/types\/page"}],"author":[{"embeddable":true,"href":"https:\/\/rakosliget.hu\/wordpress\/index.php\/wp-json\/wp\/v2\/users\/1"}],"replies":[{"embeddable":true,"href":"https:\/\/rakosliget.hu\/wordpress\/index.php\/wp-json\/wp\/v2\/comments?post=928"}],"version-history":[{"count":1,"href":"https:\/\/rakosliget.hu\/wordpress\/index.php\/wp-json\/wp\/v2\/pages\/928\/revisions"}],"predecessor-version":[{"id":929,"href":"https:\/\/rakosliget.hu\/wordpress\/index.php\/wp-json\/wp\/v2\/pages\/928\/revisions\/929"}],"wp:attachment":[{"href":"https:\/\/rakosliget.hu\/wordpress\/index.php\/wp-json\/wp\/v2\/media?parent=928"}],"curies":[{"name":"wp","href":"https:\/\/api.w.org\/{rel}","templated":true}]}}