{"id":9273,"date":"2021-04-09T17:08:21","date_gmt":"2021-04-09T16:08:21","guid":{"rendered":"http:\/\/rakosliget.hu\/wordpress\/?page_id=9273"},"modified":"2026-03-27T16:02:29","modified_gmt":"2026-03-27T15:02:29","slug":"hadifoglyok-a-mol-archivumabol","status":"publish","type":"page","link":"https:\/\/rakosliget.hu\/wordpress\/index.php\/hadifoglyok-a-mol-archivumabol\/","title":{"rendered":"HADIFOGLYOK A MOL ARCH\u00cdVUM\u00c1B\u00d3L"},"content":{"rendered":"\n<p>Oldal indult: <em>2021.04.09.<\/em><\/p>\n\n\n\n<p><em>Friss\u00edtve: 2023.01.21.<\/em><\/p>\n\n\n\n<p>II. vil\u00e1gh\u00e1r\u00fa R\u00e1kosligethez k\u00f6thet\u0151 hadifoglyai a Magyar Orsz\u00e1gos Lev\u00e9lt\u00e1r (MOL) arch\u00edvum\u00e1b\u00f3l:<\/p>\n\n\n\n<p><\/p>\n\n\n\n<div class=\"wp-block-file\"><a id=\"wp-block-file--media-8713d673-f4b7-407a-9c35-e483f75fa3e7\" href=\"https:\/\/rakosliget.hu\/wordpress\/wp-content\/uploads\/2021\/04\/II.-vilagharus-hadifoglyok_jav.xlsx\">II. vil\u00e1gh\u00e1r\u00fas hadifoglyok_jav<\/a><a href=\"https:\/\/rakosliget.hu\/wordpress\/wp-content\/uploads\/2021\/04\/II.-vilagharus-hadifoglyok_jav.xlsx\" class=\"wp-block-file__button wp-element-button\" download aria-describedby=\"wp-block-file--media-8713d673-f4b7-407a-9c35-e483f75fa3e7\">Let\u00f6lt\u00e9s<\/a><\/div>\n\n\n\n<p><\/p>\n\n\n\n<p><a href=\"https:\/\/rakosliget.hu\/wordpress\/wp-content\/uploads\/2021\/04\/Hadifogolytaborbol-hazatertek.xlsx\">Hazat\u00e9rt hadigoglyok<\/a><\/p>\n\n\n\n<hr class=\"wp-block-separator has-alpha-channel-opacity\"\/>\n\n\n\n<p>Szabad N\u00e9p 1947. szeptember 30.<\/p>\n\n\n\n<p>Magyar Hadirokkant, Hadifogoly H\u00edrad\u00f3 jelenti:<br><\/p>\n\n\n\n<p>Az al\u00e1bb felsorolt tisztek a 7074, 7100, 7265 \u00e9s 7287 sz. t\u00e1borokb\u00f3l jelenleg M\u00e1ramarosszigeten tart\u00f3zkodnak \u00e9s el\u0151rel\u00e1that\u00f3lag szerd\u00e1n vagy cs\u00fct\u00f6rt\u00f6k\u00f6n haza\u00e9rkeznek csal\u00e1djukhoz.<\/p>\n\n\n\n<p>A 7074. sz. t\u00e1borb\u00f3l:<\/p>\n\n\n\n<p>Lebner J\u00e1nos, Latorcai Lajos, Lipos Dezs\u0151, Lengyel Ferenc, Loczner L\u00e1szl\u00f3, Lotring K\u00e1roly, Lajtos Gy\u00f6rgy, dr. Minarovits L\u00e1szl\u00f3, dr. Madga Viktor, M\u00e1tysi S\u00e1ndor, Makk J\u00f3zsef, Magyar B\u00e9la, Mohor Vilmos R\u00e1kosliget.<\/p>\n\n\n\n<p>Szabad N\u00e9p 1947. okt\u00f3ber 30.<\/p>\n\n\n\n<p>Magyar Hadifogoly H\u00edrad\u00f3 jelenti:<br>Az al\u00e1bb felsorolt hadifoglyok az 1214, 1233, 5929, 7144, 7217 \u00e9s 7242 sz. t\u00e1borokb\u00f3l okt\u00f3ber 24-\u00e9n meg\u00e9rkeztek M\u00e1ramarosszigetre \u00e9s onnan n\u00e9h\u00e1ny nap m\u00falva tov\u00e1bb indulnak Debrecen fel\u00e9.<\/p>\n\n\n\n<p>Treszkony L\u00e1szl\u00f3, T\u00f3th Gy\u00f6rgy, Urb\u00e1n L\u00e1szl\u00f3, W\u00fcrfel Gyula, V\u00e1s\u00e1rhelyi J\u00e1nos R\u00e1kosliget<\/p>\n\n\n\n<hr class=\"wp-block-separator has-alpha-channel-opacity\"\/>\n\n\n\n<p>Az Orsz\u00e1gos N\u0151k\u00e9pz\u0151 Egyes\u00fclet Veres P\u00e1ln\u00e9 Le\u00e1nygimn\u00e1zium\u00e1nak VII.<br>a oszt\u00e1lyos tanul\u00f3i leveleztek egym\u00e1ssal mik\u00f6zben a h\u00e1bor\u00fa v\u00e9g\u00e9t v\u00e1rt\u00e1k, hogy \u00e9retts\u00e9gi vizsg\u00e1t tehessenek. <br><\/p>\n\n\n\n<p>Reinhardt Marietta R\u00e1kosligetr\u0151l<br>k\u00fcldte lapjait:<\/p>\n\n\n\n<p>1944. j\u00fal. 19.<br><\/p>\n\n\n\n<p>J\u00f6v\u0151 h\u00e9t v\u00e9ge fel\u00e9 sz\u00e1nd\u00e9kszunk v\u00e9gleg bek\u00f6lt\u00f6zni, teh\u00e1t arra szeretn\u00e9lek k\u00e9rni, hogy ha id\u00e9n ism\u00e9t sz\u00e1nsz egy p\u00e1r \u00f3r\u00e1t tan\u00edt\u00e1sra, akkor vegy\u00e9l fel engem is a jelentkez\u0151k k\u00f6z\u00e9 (francia, algebra) term\u00e9szetesen olyan felt\u00e9telekkel, mint b\u00e1rki m\u00e1st. Azt hiszem heti h\u00e1rom \u00f3ra lenne sz\u00fcks\u00e9ges.<br>Amit m\u00faltkor \u00edrt\u00e1l nekem, az sz\u00f6rny\u0171 nagy teljes\u00edtm\u00e9ny volt. Eg\u00e9sz meg voltam hatva. Nah\u00e1t, tudod, f\u0151leg a viccekt\u0151l: a gimnazista vicc, meg az asztalos, rengeteget r\u00f6h\u00f6gtem.<br>Egy\u00e9bk\u00e9nt tudod, hogy mi\u00e9rt nem harapja le a p\u00e9k a kifli v\u00e9g\u00e9t?<br>Mert akkor nem tudn\u00e1 eladni!<br>Ha nagyon sok csinos n\u00e9met tisztet akarsz l\u00e1tni, akkor gyere ide, mert itt vannak elegen. Csak m\u00e9g \u00e9n is nagyon nehezen \u00e9rtem \u0151ket, mert a legt\u00f6bb porosz, \u00e9s olyan a kiejt\u00e9s\u00fck, hogy egy-egy sz\u00f3t n\u00e9ha t\u00f6bbsz\u00f6r is meg kell k\u00e9rdezni, de az\u00e9rt j\u00f3 hogy vannak.<br>Sok-sok puszi.<\/p>\n\n\n\n<p>Forr\u00e1s: N\u00e9pszabads\u00e1g 2000. j\u00fanius 10. <\/p>\n\n\n\n<p><br><\/p>\n","protected":false},"excerpt":{"rendered":"<p>Oldal indult: 2021.04.09. Friss\u00edtve: 2023.01.21. II. vil\u00e1gh\u00e1r\u00fa R\u00e1kosligethez k\u00f6thet\u0151 hadifoglyai a Magyar Orsz\u00e1gos Lev\u00e9lt\u00e1r (MOL) arch\u00edvum\u00e1b\u00f3l: Hazat\u00e9rt hadigoglyok Szabad N\u00e9p 1947. szeptember 30. Magyar Hadirokkant, Hadifogoly H\u00edrad\u00f3 jelenti: Az al\u00e1bb felsorolt tisztek a 7074, 7100, 7265 \u00e9s 7287 sz. t\u00e1borokb\u00f3l jelenleg M\u00e1ramarosszigeten tart\u00f3zkodnak \u00e9s el\u0151rel\u00e1that\u00f3lag szerd\u00e1n vagy cs\u00fct\u00f6rt\u00f6k\u00f6n haza\u00e9rkeznek csal\u00e1djukhoz. A 7074. sz. t\u00e1borb\u00f3l: Lebner &hellip; <a href=\"https:\/\/rakosliget.hu\/wordpress\/index.php\/hadifoglyok-a-mol-archivumabol\/\" class=\"more-link\"><span class=\"screen-reader-text\">HADIFOGLYOK A MOL ARCH\u00cdVUM\u00c1B\u00d3L<\/span> r\u00e9szletei&#8230;<\/a><\/p>\n","protected":false},"author":1,"featured_media":0,"parent":0,"menu_order":0,"comment_status":"closed","ping_status":"closed","template":"","meta":{"footnotes":""},"class_list":["post-9273","page","type-page","status-publish","hentry"],"_links":{"self":[{"href":"https:\/\/rakosliget.hu\/wordpress\/index.php\/wp-json\/wp\/v2\/pages\/9273","targetHints":{"allow":["GET"]}}],"collection":[{"href":"https:\/\/rakosliget.hu\/wordpress\/index.php\/wp-json\/wp\/v2\/pages"}],"about":[{"href":"https:\/\/rakosliget.hu\/wordpress\/index.php\/wp-json\/wp\/v2\/types\/page"}],"author":[{"embeddable":true,"href":"https:\/\/rakosliget.hu\/wordpress\/index.php\/wp-json\/wp\/v2\/users\/1"}],"replies":[{"embeddable":true,"href":"https:\/\/rakosliget.hu\/wordpress\/index.php\/wp-json\/wp\/v2\/comments?post=9273"}],"version-history":[{"count":25,"href":"https:\/\/rakosliget.hu\/wordpress\/index.php\/wp-json\/wp\/v2\/pages\/9273\/revisions"}],"predecessor-version":[{"id":23972,"href":"https:\/\/rakosliget.hu\/wordpress\/index.php\/wp-json\/wp\/v2\/pages\/9273\/revisions\/23972"}],"wp:attachment":[{"href":"https:\/\/rakosliget.hu\/wordpress\/index.php\/wp-json\/wp\/v2\/media?parent=9273"}],"curies":[{"name":"wp","href":"https:\/\/api.w.org\/{rel}","templated":true}]}}