{"id":925,"date":"2018-03-21T04:10:57","date_gmt":"2018-03-21T03:10:57","guid":{"rendered":"http:\/\/rakosliget.hu\/wordpress\/?page_id=925"},"modified":"2018-03-21T04:10:57","modified_gmt":"2018-03-21T03:10:57","slug":"farkas-laszlo","status":"publish","type":"page","link":"https:\/\/rakosliget.hu\/wordpress\/index.php\/farkas-laszlo\/","title":{"rendered":"Farkas L\u00e1szl\u00f3"},"content":{"rendered":"<h1>Farkas L\u00e1szl\u00f3<\/h1>\n<p>&nbsp;<\/p>\n<p>Vill. \u00e9s M\u0171sz. V\u00e1ll., R\u00e1kosligeti Ipartest\u00fclet eln\u00f6ke.<\/p>\n","protected":false},"excerpt":{"rendered":"<p>Farkas L\u00e1szl\u00f3 &nbsp; Vill. \u00e9s M\u0171sz. V\u00e1ll., R\u00e1kosligeti Ipartest\u00fclet eln\u00f6ke.<\/p>\n","protected":false},"author":1,"featured_media":0,"parent":0,"menu_order":0,"comment_status":"closed","ping_status":"closed","template":"","meta":{"footnotes":""},"class_list":["post-925","page","type-page","status-publish","hentry"],"_links":{"self":[{"href":"https:\/\/rakosliget.hu\/wordpress\/index.php\/wp-json\/wp\/v2\/pages\/925","targetHints":{"allow":["GET"]}}],"collection":[{"href":"https:\/\/rakosliget.hu\/wordpress\/index.php\/wp-json\/wp\/v2\/pages"}],"about":[{"href":"https:\/\/rakosliget.hu\/wordpress\/index.php\/wp-json\/wp\/v2\/types\/page"}],"author":[{"embeddable":true,"href":"https:\/\/rakosliget.hu\/wordpress\/index.php\/wp-json\/wp\/v2\/users\/1"}],"replies":[{"embeddable":true,"href":"https:\/\/rakosliget.hu\/wordpress\/index.php\/wp-json\/wp\/v2\/comments?post=925"}],"version-history":[{"count":1,"href":"https:\/\/rakosliget.hu\/wordpress\/index.php\/wp-json\/wp\/v2\/pages\/925\/revisions"}],"predecessor-version":[{"id":926,"href":"https:\/\/rakosliget.hu\/wordpress\/index.php\/wp-json\/wp\/v2\/pages\/925\/revisions\/926"}],"wp:attachment":[{"href":"https:\/\/rakosliget.hu\/wordpress\/index.php\/wp-json\/wp\/v2\/media?parent=925"}],"curies":[{"name":"wp","href":"https:\/\/api.w.org\/{rel}","templated":true}]}}