{"id":922,"date":"2018-03-21T04:09:41","date_gmt":"2018-03-21T03:09:41","guid":{"rendered":"http:\/\/rakosliget.hu\/wordpress\/?page_id=922"},"modified":"2026-03-29T17:44:44","modified_gmt":"2026-03-29T16:44:44","slug":"fackh-karoly","status":"publish","type":"page","link":"https:\/\/rakosliget.hu\/wordpress\/index.php\/fackh-karoly\/","title":{"rendered":"Fackh K\u00e1roly"},"content":{"rendered":"\n<div class=\"wp-block-buttons is-layout-flex wp-block-buttons-is-layout-flex\">\n<div class=\"wp-block-button\"><a class=\"wp-block-button__link wp-element-button\" href=\"https:\/\/rakosliget.hu\/wordpress\/index.php\/alapitok\/\">vissza az alap\u00edt\u00f3k lapra<\/a><\/div>\n<\/div>\n\n\n<p><em>Az oldal friss\u00edtve: 2020. 11. 17.<\/em><strong><br \/><\/strong><\/p>\n<p>Buda, 1834. okt\u00f3ber 23. &#8211; Budapest, 1898. november 7.<strong><br \/><\/strong><\/p>\n<p>Jog\u00e1sz, miniszteri tan\u00e1csos. R\u00e1kosliget megalap\u00edt\u00e1sa f\u0171z\u0151dik a nev\u00e9hez. A k\u00f6zs\u00e9g kialakul\u00e1s\u00e1t nem \u00e9rte meg.<\/p>\n<p>Forr\u00e1s: <a href=\"http:\/\/mek.oszk.hu\/02100\/02133\/02133.htm\">M\u00c9SZ\u00c1ROS GY\u00d6RGY: SZEM\u00c9LYEKR\u0150L ELNEVEZETT BUDAPESTI UTCANEVEK \u00c9VFORDUL\u00d3K T\u00dcKR\u00c9BEN <\/a><\/p>\n<p>Bud\u00e1n sz\u00fcletett katonacsal\u00e1dba. Apja Fackh J\u00f3zsef husz\u00e1rezredes, k\u00e9s\u0151bb az 1848\u201349-es forradalom \u00e9s szabads\u00e1gharcban Verb\u00e1szn\u00e1l h\u0151si hal\u00e1lt halt honv\u00e9d t\u00e1bornok, anyja pedig Poeltenberg Am\u00e1lia, Poeltenberg Ern\u0151 honv\u00e9d t\u00e1bornok \u00e9s aradi v\u00e9rtanu n\u0151v\u00e9re volt.<br \/>Tanulm\u00e1nyait Bud\u00e1n kezdte, majd a b\u00e9cs\u00fajhelyi Theresianum Katonai Akad\u00e9mi\u00e1n fejezte be; inn\u00e9t 1853-ban hadnagyi ranggal a hadseregbe ker\u00fclt. El\u0151bb a b\u00e9csi geogr\u00e1fiai int\u00e9zetben, majd a hadseg\u00e9di karn\u00e1l dolgozott, mik\u00f6zben f\u0151hadnaggy\u00e1 l\u00e9pett el\u0151. Az 1859-es Sz\u00e1rd\u2013francia\u2013osztr\u00e1k h\u00e1bor\u00faban az \u00e9szak-it\u00e1liai osztr\u00e1k hader\u0151 f\u0151parancsnoka, Gyulai Ferenc mellett teljes\u00edtett szolg\u00e1latot, mint sz\u00e1rnyseg\u00e9d. H\u0151siess\u00e9g\u00e9\u00e9rt katonai \u00e9rdemkeresztet kapott, illetve kapit\u00e1nyi rangra emelkedett.<br \/>1860-ban Franciaorsz\u00e1gban megn\u0151s\u00fclt, majd leszerelt \u00e9s francia sz\u00e1rmaz\u00e1s\u00fa feles\u00e9g\u00e9vel szegv\u00e1ri birtokukon gazd\u00e1lkodtak, m\u00edgnem a D\u00e9li Vas\u00fatn\u00e1l kezdett el dolgozni. Az ebben az \u00e9vben Magyarorsz\u00e1gra l\u00e1togat\u00f3 J\u00e9r\u00f4me Bonaparte-ot (Nap\u00f3leon legfiatalabb \u00f6ccs\u00e9t) \u0151 kalauzolta \u00fatja sor\u00e1n. 1867-ben a vas\u00fati \u00e9s haj\u00f3z\u00e1si fel\u00fcgyelethez ker\u00fclt. A Magyar Nyugati Vas\u00fat l\u00e9trehoz\u00e1sakor, 1869-ben kinevezt\u00e9k a t\u00e1rsas\u00e1g vez\u00e9rigazgat\u00f3j\u00e1v\u00e1, aminek 1889. janu\u00e1r 1-jei \u00e1llamos\u00edt\u00e1s\u00e1ig vezet\u0151je maradt. Inn\u00e9t a Kereskedelem\u00fcgyi Miniszt\u00e9riumhoz ker\u00fclt, ahol Baross G\u00e1bor miniszter tan\u00e1csosa lett.<br \/>El\u0151sz\u00f6r az 1881-es v\u00e1laszt\u00e1sokon indult a kiscelli ker\u00fcletben, de alulmaradt. A r\u00e1k\u00f6vetkez\u0151, 1884-es v\u00e1laszt\u00e1sokon azonban a m\u00e1sodik k\u00f6rben Helfy Ign\u00e1c ellen\u00e9ben m\u00e1r gy\u0151zni tudott \u00e9s a szentgotth\u00e1rdi ker\u00fclet orsz\u00e1ggy\u0171l\u00e9si k\u00e9pvisel\u0151je lett a Szabadelv\u0171 P\u00e1rt sz\u00edneiben. Az 1887-es v\u00e1laszt\u00e1sokon az als\u00f3lendvai ker\u00fclet v\u00e1lasztotta meg k\u00e9pvisel\u0151j\u00e9v\u00e9. 1892-ben m\u00e1r nem m\u00e9rettette meg mag\u00e1t ism\u00e9t.<\/p>\n<p style=\"text-align: left;\">Alap\u00edt\u00f3 eln\u00f6ke volt a Munk\u00e1s Otthon H\u00e1z\u00e9p\u00edt\u0151 Sz\u00f6vetkezetnek 1896. december 12-\u00e9n, ami a Budapest lak\u00e1sgondjait enyh\u00edteni sz\u00e1nd\u00e9koz\u00f3 miniszt\u00e9riumi tervezetet (p\u00e1ly\u00e1zatot) igyekezett kihaszn\u00e1lni. Az \u00e1llam h\u00e1rom, egyenk\u00e9nt 1000 lak\u00e1sos munk\u00e1stelepet k\u00edv\u00e1nt \u00e9p\u00edttetni Budapesten, vagy k\u00f6zvetlen k\u00f6rny\u00e9k\u00e9n. Fackh\u00e9k a sz\u00fcks\u00e9ges anyagi fedezet el\u0151teremt\u00e9s\u00e9t k\u00f6vet\u0151en 1898-ban az akkor m\u00e9g \u00f6n\u00e1ll\u00f3 telep\u00fcl\u00e9s, R\u00e1koskereszt\u00far mellett v\u00e1s\u00e1roltak meg 155 katasztr\u00e1lis hold kiterjed\u00e9s\u0171 ter\u00fcletet, ahol azt\u00e1n szinte azonnal \u00e9p\u00edtkez\u00e9sbe fogtak, megalap\u00edtva ezzel R\u00e1kosligetet (ma Budapest XVII. ker\u00fclete egyik v\u00e1rosr\u00e9sze), de mag\u00e1t a k\u00f6zs\u00e9g sz\u00fclet\u00e9s\u00e9t id\u0151k\u00f6zben bek\u00f6vetkezett hal\u00e1la miatt m\u00e1r nem l\u00e1thatta meg.<a href=\"http:\/\/rakosliget.hu\/wordpress\/wp-content\/uploads\/2020\/11\/Untitled-1.jpg\"><img loading=\"lazy\" decoding=\"async\" class=\"size-medium wp-image-7219 aligncenter\" src=\"http:\/\/rakosliget.hu\/wordpress\/wp-content\/uploads\/2020\/11\/Untitled-1-300x83.jpg\" alt=\"\" width=\"300\" height=\"83\" srcset=\"https:\/\/rakosliget.hu\/wordpress\/wp-content\/uploads\/2020\/11\/Untitled-1-300x83.jpg 300w, https:\/\/rakosliget.hu\/wordpress\/wp-content\/uploads\/2020\/11\/Untitled-1-1024x283.jpg 1024w, https:\/\/rakosliget.hu\/wordpress\/wp-content\/uploads\/2020\/11\/Untitled-1-768x212.jpg 768w, https:\/\/rakosliget.hu\/wordpress\/wp-content\/uploads\/2020\/11\/Untitled-1.jpg 1256w\" sizes=\"auto, (max-width: 300px) 100vw, 300px\" \/><\/a>Forr\u00e1s: Budapesti Lakc\u00edmjegyz\u00e9k 1900 &#8211; 1901.<\/p>\n<p>1898. november 7-\u00e9n Bajza utca 4. sz\u00e1m alatti lak\u00e1s\u00e1ban \u00e9rte a hal\u00e1l, 64 \u00e9vesen sz\u00edvsz\u00e9lh\u0171d\u00e9sben hunyt el. A budai katonai temet\u0151ben helyezt\u00e9k \u00f6r\u00f6k nyugalomra.<\/p>\n<p><a href=\"https:\/\/hu.wikipedia.org\/wiki\/Fackh_K\u00e1roly\">Forr\u00e1s: Wikipedia<\/a><\/p>\n<p style=\"text-align: center;\"><a href=\"http:\/\/rakosliget.hu\/wordpress\/wp-content\/uploads\/2020\/11\/fackh-torles.jpg\" data-wplink-edit=\"true\"><img loading=\"lazy\" decoding=\"async\" class=\"size-medium wp-image-7222 aligncenter\" src=\"http:\/\/rakosliget.hu\/wordpress\/wp-content\/uploads\/2020\/11\/fackh-torles-300x56.jpg\" alt=\"\" width=\"300\" height=\"56\" srcset=\"https:\/\/rakosliget.hu\/wordpress\/wp-content\/uploads\/2020\/11\/fackh-torles-300x56.jpg 300w, https:\/\/rakosliget.hu\/wordpress\/wp-content\/uploads\/2020\/11\/fackh-torles-1024x190.jpg 1024w, https:\/\/rakosliget.hu\/wordpress\/wp-content\/uploads\/2020\/11\/fackh-torles-768x142.jpg 768w, https:\/\/rakosliget.hu\/wordpress\/wp-content\/uploads\/2020\/11\/fackh-torles-1536x284.jpg 1536w, https:\/\/rakosliget.hu\/wordpress\/wp-content\/uploads\/2020\/11\/fackh-torles-2048x379.jpg 2048w\" sizes=\"auto, (max-width: 300px) 100vw, 300px\" \/>Forr\u00e1s: K\u00f6zponti \u00c9rtes\u00edt\u0151 1899. 09. 07.<\/a><\/p>\n<p>A nagy k\u00e9p forr\u00e1sa: <a href=\"https:\/\/keptar.oszk.hu\/html\/kepoldal\/index.phtml?id=35583\">https:\/\/keptar.oszk.hu\/<\/a><\/p>\n\n\n<div class=\"wp-block-buttons is-layout-flex wp-block-buttons-is-layout-flex\">\n<div class=\"wp-block-button\"><a class=\"wp-block-button__link wp-element-button\" href=\"https:\/\/rakosliget.hu\/wordpress\/index.php\/alapitok\/\">vissza az alap\u00edt\u00f3k lapra<\/a><\/div>\n<\/div>\n","protected":false},"excerpt":{"rendered":"<p>Az oldal friss\u00edtve: 2020. 11. 17. Buda, 1834. okt\u00f3ber 23. &#8211; Budapest, 1898. november 7. Jog\u00e1sz, miniszteri tan\u00e1csos. R\u00e1kosliget megalap\u00edt\u00e1sa f\u0171z\u0151dik a nev\u00e9hez. A k\u00f6zs\u00e9g kialakul\u00e1s\u00e1t nem \u00e9rte meg. Forr\u00e1s: M\u00c9SZ\u00c1ROS GY\u00d6RGY: SZEM\u00c9LYEKR\u0150L ELNEVEZETT BUDAPESTI UTCANEVEK \u00c9VFORDUL\u00d3K T\u00dcKR\u00c9BEN Bud\u00e1n sz\u00fcletett katonacsal\u00e1dba. Apja Fackh J\u00f3zsef husz\u00e1rezredes, k\u00e9s\u0151bb az 1848\u201349-es forradalom \u00e9s szabads\u00e1gharcban Verb\u00e1szn\u00e1l h\u0151si hal\u00e1lt halt &hellip; <a href=\"https:\/\/rakosliget.hu\/wordpress\/index.php\/fackh-karoly\/\" class=\"more-link\"><span class=\"screen-reader-text\">Fackh K\u00e1roly<\/span> r\u00e9szletei&#8230;<\/a><\/p>\n","protected":false},"author":1,"featured_media":7228,"parent":0,"menu_order":0,"comment_status":"closed","ping_status":"closed","template":"","meta":{"footnotes":""},"class_list":["post-922","page","type-page","status-publish","has-post-thumbnail","hentry"],"_links":{"self":[{"href":"https:\/\/rakosliget.hu\/wordpress\/index.php\/wp-json\/wp\/v2\/pages\/922","targetHints":{"allow":["GET"]}}],"collection":[{"href":"https:\/\/rakosliget.hu\/wordpress\/index.php\/wp-json\/wp\/v2\/pages"}],"about":[{"href":"https:\/\/rakosliget.hu\/wordpress\/index.php\/wp-json\/wp\/v2\/types\/page"}],"author":[{"embeddable":true,"href":"https:\/\/rakosliget.hu\/wordpress\/index.php\/wp-json\/wp\/v2\/users\/1"}],"replies":[{"embeddable":true,"href":"https:\/\/rakosliget.hu\/wordpress\/index.php\/wp-json\/wp\/v2\/comments?post=922"}],"version-history":[{"count":18,"href":"https:\/\/rakosliget.hu\/wordpress\/index.php\/wp-json\/wp\/v2\/pages\/922\/revisions"}],"predecessor-version":[{"id":24016,"href":"https:\/\/rakosliget.hu\/wordpress\/index.php\/wp-json\/wp\/v2\/pages\/922\/revisions\/24016"}],"wp:featuredmedia":[{"embeddable":true,"href":"https:\/\/rakosliget.hu\/wordpress\/index.php\/wp-json\/wp\/v2\/media\/7228"}],"wp:attachment":[{"href":"https:\/\/rakosliget.hu\/wordpress\/index.php\/wp-json\/wp\/v2\/media?parent=922"}],"curies":[{"name":"wp","href":"https:\/\/api.w.org\/{rel}","templated":true}]}}