{"id":919,"date":"2018-03-21T04:06:34","date_gmt":"2018-03-21T03:06:34","guid":{"rendered":"http:\/\/rakosliget.hu\/wordpress\/?page_id=919"},"modified":"2018-03-21T04:06:34","modified_gmt":"2018-03-21T03:06:34","slug":"egyed-ferenc-dr","status":"publish","type":"page","link":"https:\/\/rakosliget.hu\/wordpress\/index.php\/egyed-ferenc-dr\/","title":{"rendered":"Egyed Ferenc dr."},"content":{"rendered":"<h1 align=\"left\"><span data-canvas-width=\"110.54287930795851\">Egyed Ferenc,<\/span><span data-canvas-width=\"215.56951631514517\"> dr. (Pakod, 1910-?)<\/span><\/h1>\n<h2 align=\"left\"><span data-canvas-width=\"309.28204238461547\">a r\u00e1kosli<\/span><span data-canvas-width=\"211.02170522198574\">geti k\u00e9pvisel\u0151-test\u00fclet tagja<\/span><\/h2>\n<p align=\"left\"><span data-canvas-width=\"262.8700221833911\"><\/p>\n<p>K\u00f6nyvszak\u00e9rt\u0151. 1945 ut\u00e1n a r\u00e1kosligeti k\u00e9pvisel\u0151-test\u00fclet tagja. <\/span><\/p>\n","protected":false},"excerpt":{"rendered":"<p>Egyed Ferenc, dr. (Pakod, 1910-?) a r\u00e1kosligeti k\u00e9pvisel\u0151-test\u00fclet tagja K\u00f6nyvszak\u00e9rt\u0151. 1945 ut\u00e1n a r\u00e1kosligeti k\u00e9pvisel\u0151-test\u00fclet tagja.<\/p>\n","protected":false},"author":1,"featured_media":0,"parent":0,"menu_order":0,"comment_status":"closed","ping_status":"closed","template":"","meta":{"footnotes":""},"class_list":["post-919","page","type-page","status-publish","hentry"],"_links":{"self":[{"href":"https:\/\/rakosliget.hu\/wordpress\/index.php\/wp-json\/wp\/v2\/pages\/919","targetHints":{"allow":["GET"]}}],"collection":[{"href":"https:\/\/rakosliget.hu\/wordpress\/index.php\/wp-json\/wp\/v2\/pages"}],"about":[{"href":"https:\/\/rakosliget.hu\/wordpress\/index.php\/wp-json\/wp\/v2\/types\/page"}],"author":[{"embeddable":true,"href":"https:\/\/rakosliget.hu\/wordpress\/index.php\/wp-json\/wp\/v2\/users\/1"}],"replies":[{"embeddable":true,"href":"https:\/\/rakosliget.hu\/wordpress\/index.php\/wp-json\/wp\/v2\/comments?post=919"}],"version-history":[{"count":1,"href":"https:\/\/rakosliget.hu\/wordpress\/index.php\/wp-json\/wp\/v2\/pages\/919\/revisions"}],"predecessor-version":[{"id":920,"href":"https:\/\/rakosliget.hu\/wordpress\/index.php\/wp-json\/wp\/v2\/pages\/919\/revisions\/920"}],"wp:attachment":[{"href":"https:\/\/rakosliget.hu\/wordpress\/index.php\/wp-json\/wp\/v2\/media?parent=919"}],"curies":[{"name":"wp","href":"https:\/\/api.w.org\/{rel}","templated":true}]}}