{"id":9154,"date":"2021-03-23T11:34:23","date_gmt":"2021-03-23T10:34:23","guid":{"rendered":"http:\/\/rakosliget.hu\/wordpress\/?page_id=9154"},"modified":"2026-01-23T06:19:52","modified_gmt":"2026-01-23T05:19:52","slug":"acs-jozsef-erem-es-szobraszmuvesz","status":"publish","type":"page","link":"https:\/\/rakosliget.hu\/wordpress\/index.php\/acs-jozsef-erem-es-szobraszmuvesz\/","title":{"rendered":"\u00c1CS J\u00d3ZSEF \u00e9rem-, \u00e9s szobr\u00e1szm\u0171v\u00e9sz"},"content":{"rendered":"\n<p><em>Sz\u00e9kesfeh\u00e9rv\u00e1r 1931. febru\u00e1r 10.<\/em> &#8211; <em>R\u00e1kosliget 2023. m\u00e1jus 14.<\/em><\/p>\n\n\n\n<div class=\"wp-block-buttons is-content-justification-center is-layout-flex wp-container-core-buttons-is-layout-16018d1d wp-block-buttons-is-layout-flex\">\n<div class=\"wp-block-button\"><a class=\"wp-block-button__link wp-element-button\" href=\"https:\/\/rakosliget.hu\/wordpress\/index.php\/muveszet\/\">VISSZA A M\u0170V\u00c9SZET LAPRA<\/a><\/div>\n<\/div>\n\n\n\n<p><\/p>\n\n\n\n<figure class=\"wp-block-image size-large\"><img loading=\"lazy\" decoding=\"async\" width=\"683\" height=\"1024\" src=\"http:\/\/rakosliget.hu\/wordpress\/wp-content\/uploads\/2021\/03\/acs-portre-683x1024.jpg\" alt=\"\" class=\"wp-image-9220\" srcset=\"https:\/\/rakosliget.hu\/wordpress\/wp-content\/uploads\/2021\/03\/acs-portre-683x1024.jpg 683w, https:\/\/rakosliget.hu\/wordpress\/wp-content\/uploads\/2021\/03\/acs-portre-200x300.jpg 200w, https:\/\/rakosliget.hu\/wordpress\/wp-content\/uploads\/2021\/03\/acs-portre-768x1151.jpg 768w, https:\/\/rakosliget.hu\/wordpress\/wp-content\/uploads\/2021\/03\/acs-portre-1025x1536.jpg 1025w, https:\/\/rakosliget.hu\/wordpress\/wp-content\/uploads\/2021\/03\/acs-portre-1366x2048.jpg 1366w, https:\/\/rakosliget.hu\/wordpress\/wp-content\/uploads\/2021\/03\/acs-portre-scaled.jpg 1708w\" sizes=\"auto, (max-width: 683px) 100vw, 683px\" \/><\/figure>\n\n\n\n<h5 class=\"wp-block-heading\"><em>Mestere: Szab\u00f3 Iv\u00e1n<\/em><\/h5>\n\n\n\n<p><em>R\u00e1kosligeten \u00e9l\u0151 \u00e9s alkot\u00f3 m\u0171v\u00e9sz. 1938 \u00f3ta \u00e9l Budapesten.<\/em> <em>R\u00e1kosmente d\u00edszpolg\u00e1ra.<\/em><\/p>\n\n\n<div class=\"wp-block-image\">\n<figure class=\"aligncenter size-large\"><img loading=\"lazy\" decoding=\"async\" width=\"300\" height=\"506\" src=\"http:\/\/rakosliget.hu\/wordpress\/wp-content\/uploads\/2021\/03\/mintazas.jpg\" alt=\"\" class=\"wp-image-9218\" srcset=\"https:\/\/rakosliget.hu\/wordpress\/wp-content\/uploads\/2021\/03\/mintazas.jpg 300w, https:\/\/rakosliget.hu\/wordpress\/wp-content\/uploads\/2021\/03\/mintazas-178x300.jpg 178w\" sizes=\"auto, (max-width: 300px) 100vw, 300px\" \/><\/figure>\n<\/div>\n\n\n<h2 class=\"wp-block-heading\"><strong><em>Egy\u00e9ni ki\u00e1ll\u00edt\u00e1sok:<\/em><br><\/strong><\/h2>\n\n\n\n<figure class=\"wp-block-table\"><table><tbody><tr><td>1968, 1999, 2005 \u2022 R\u00e1kosligeti M\u0171vel\u0151d\u00e9si H\u00e1z, Budapest.<br><\/td><\/tr><tr><td>1999 \u2022 R\u00e1koskereszt\u00fari Katolikus Ifj\u00fas\u00e1gi Egylet<br><\/td><\/tr><tr><td>2005 \u2022 R\u00e1koskerti M\u0171vel\u0151d\u00e9si Klub<\/td><\/tr><\/tbody><\/table><\/figure>\n\n\n<div class=\"wp-block-image\">\n<figure class=\"aligncenter size-large\"><img loading=\"lazy\" decoding=\"async\" width=\"190\" height=\"227\" src=\"http:\/\/rakosliget.hu\/wordpress\/wp-content\/uploads\/2021\/03\/acs.jpg\" alt=\"\" class=\"wp-image-9222\"\/><\/figure>\n<\/div>\n\n\n<h2 class=\"wp-block-heading\"><br><em><strong>Csoportos ki\u00e1ll\u00edt\u00e1sok<\/strong>:<\/em><br><\/h2>\n\n\n\n<figure class=\"wp-block-table\"><table><tbody><tr><td>1960 \u2022 <em>Fiatal K\u00e9pz\u0151m\u0171v\u00e9szek St\u00fadi\u00f3j\u00e1nak II. ki\u00e1ll\u00edt\u00e1sa<\/em><br>&#8211; <em>8. Magyar K\u00e9pz\u0151m\u0171v\u00e9szeti ki\u00e1ll\u00edt\u00e1s<\/em>, M\u0171csarnok, Budapest<\/td><\/tr><tr><td>1962 \u2022 <em>Dolgoz\u00f3 emberek k\u00f6z\u00f6tt,<\/em> Ernst M\u00fazeum, Budapest<br><\/td><\/tr><tr><td>1966 \u2022 <em>Angyalf\u00f6ldi K\u00e9pz\u0151m\u0171v\u00e9szek II. ki\u00e1ll\u00edt\u00e1sa<\/em>, Budapest<\/td><\/tr><tr><td>1967 \u2022 <em>I. Orsz\u00e1gos Kisplasztikai Bienn\u00e1l\u00e9,<\/em> P\u00e9cs<br><\/td><\/tr><tr><td>1968 \u2022 <em>IV. Balatoni Ny\u00e1ri T\u00e1rlat,<\/em> Keszthely<\/td><\/tr><tr><td>1969 &#8211; <em>II. Orsz\u00e1gos Kisplasztikai Bienn\u00e1l\u00e9,<\/em> P\u00e9cs<br><\/td><\/tr><tr><td>1972 &#8211; <em>XIII. Ny\u00e1ri T\u00e1rlat,<\/em> Szeged<br><\/td><\/tr><tr><td>1976 \u2022 <em>V. Orsz\u00e1gos Kisplasztikai Bienn\u00e1l\u00e9,<\/em> P\u00e9cs<br><\/td><\/tr><tr><td>1978, 1983, 1996 \u2022 <em>XVII. ker\u00fcleti m\u0171v\u00e9szek ki\u00e1ll\u00edt\u00e1sa,<\/em> Erd\u0151s Ren\u00e9e H\u00e1z, Budapest<\/td><\/tr><\/tbody><\/table><\/figure>\n\n\n\n<p><em><strong>K\u00f6z\u00f6ss\u00e9gi megb\u00edz\u00e1sra \u00e9s mag\u00e1n megrendel\u00e9sre k\u00e9sz\u00fclt m\u0171vei:<\/strong><\/em><\/p>\n\n\n\n<figure class=\"wp-block-table\"><table><tbody><tr><td>1960 \u2022 <a rel=\"noreferrer noopener\" href=\"http:\/\/rakosliget.hu\/wordpress\/wp-content\/uploads\/2021\/03\/halasfiu.jpg\" target=\"_blank\">Halas fi\u00fa <\/a>(alum\u00ednium 160 cm, Sopron, \u00d3voda) (<a href=\"http:\/\/rakosliget.hu\/wordpress\/wp-content\/uploads\/2021\/03\/Halas-fiu.jpg\" target=\"_blank\" rel=\"noreferrer noopener\">\u00e1thelyezve az \u00e9p\u00fclet mell\u00e9<\/a>.)<\/td><\/tr><tr><td>1961 \u2022 <a href=\"http:\/\/rakosliget.hu\/wordpress\/wp-content\/uploads\/2021\/03\/ulomedve.jpg\" target=\"_blank\" rel=\"noreferrer noopener\">\u00dcl\u0151 medve<\/a> (k\u0151 200 cm, Budapest, III. ker. Meggyfa utca 14.)<\/td><\/tr><tr><td>1965 \u2022 <a href=\"http:\/\/rakosliget.hu\/wordpress\/wp-content\/uploads\/2021\/03\/Untitled-1-1.jpg\" target=\"_blank\" rel=\"noreferrer noopener\">Tessedik S\u00e1muel<\/a> (k\u0151 50 cm, Szarvas, \u00d3v\u00f3n\u0151k\u00e9pz\u0151 Int\u00e9zet)<\/td><\/tr><tr><td>1965 \u2022 <a href=\"http:\/\/rakosliget.hu\/wordpress\/wp-content\/uploads\/2021\/03\/revesz.jpg\" target=\"_blank\" rel=\"noreferrer noopener\">R\u00e9v\u00e9sz Imre mellszobra<\/a> (k\u0151 50 cm, Kecskem\u00e9t szobors\u00e9t\u00e1ny)<\/td><\/tr><tr><td>1965\u2022 <a href=\"https:\/\/rakosliget.hu\/wordpress\/wp-content\/uploads\/2024\/11\/1_banki-donat-.jpg\">B\u00e1nki Don\u00e1t<\/a> ( k\u0151 50 cm, Budapest, B\u00e1nki Don\u00e1t Szakk\u00f6z\u00e9piskola)<\/td><\/tr><tr><td>1969 \u2022 <a href=\"http:\/\/rakosliget.hu\/wordpress\/wp-content\/uploads\/2021\/03\/Kiss-Janko-Bori.jpg\" target=\"_blank\" rel=\"noreferrer noopener\">Kis Jank\u00f3 Bori<\/a> (k\u0151 50 cm, Mez\u0151k\u00f6vesd, M\u0171vel\u0151d\u00e9si H\u00e1z)<\/td><\/tr><tr><td>1969 \u2022 <a href=\"https:\/\/rakosliget.hu\/wordpress\/wp-content\/uploads\/2024\/11\/mezokovacshaza.jpg\">Domborm\u0171 (Mez\u0151kov\u00e1csh\u00e1za, M\u0171vel\u0151d\u00e9si H\u00e1z)<\/a><\/td><\/tr><tr><td>1970 \u2022 <a rel=\"noreferrer noopener\" href=\"http:\/\/rakosliget.hu\/wordpress\/wp-content\/uploads\/2021\/03\/Berzsenyi.jpg\" target=\"_blank\">Berzsenyi D\u00e1niel<\/a> (k\u0151 50 cm, Marcali, K\u00f6nyvt\u00e1r, 1970.) <a href=\"http:\/\/rakosliget.hu\/wordpress\/wp-content\/uploads\/2021\/03\/Berzsenyi_Daniel_Nikla.jpg\" target=\"_blank\" rel=\"noreferrer noopener\">Nikla<\/a><\/td><\/tr><tr><td>1970 \u2022 <a rel=\"noreferrer noopener\" href=\"http:\/\/rakosliget.hu\/wordpress\/wp-content\/uploads\/2021\/03\/ulo-no-marcali_1970_2.jpg\" target=\"_blank\">\u00dcl\u0151 l\u00e1ny<\/a> (alum\u00ednium 220 cm, Tisza\u00fajv\u00e1ros &#8211; Leninv\u00e1ros, E\u00f6tv\u00f6s J\u00f3zsef Gimn\u00e1zium, Szakk\u00e9pz\u0151 Iskola \u00e9s Koll\u00e9gium &#8211; Kun B\u00e9la gimn\u00e1zium \u00e9s Szakk\u00f6z\u00e9piskola, <a href=\"http:\/\/rakosliget.hu\/wordpress\/wp-content\/uploads\/2021\/03\/ulo-no-marcali_1970.jpg\" target=\"_blank\" rel=\"noreferrer noopener\">Marcali<\/a>)<\/td><\/tr><tr><td>1971 \u2022 Zalka M\u00e1t\u00e9 \u2022 (m\u00e1rv\u00e1ny domborm\u0171 50X70 cm, Budapest, II. R\u00e1k\u00f3czi Ferenc Gimn\u00e1zium)<\/td><\/tr><tr><td>1975 \u2022 Meseoszlop (k\u0151 200 cm, Budapest, XVII. ker. \u00d3voda)<\/td><\/tr><tr><td>1977 \u2022 <a href=\"http:\/\/rakosliget.hu\/wordpress\/wp-content\/uploads\/2021\/03\/mackok.jpg\" target=\"_blank\" rel=\"noreferrer noopener\">H\u00e1rom mack\u00f3<\/a> (k\u0151 250 cm, Budapest R\u00e1koscsaba-\u00dajtelep Micimack\u00f3 \u00d3voda)<\/td><\/tr><tr><td>1977. \u2022 <a href=\"http:\/\/rakosliget.hu\/wordpress\/wp-content\/uploads\/2021\/03\/6.jpg\" target=\"_blank\" rel=\"noreferrer noopener\">Dr. B\u00e1rczy Guszt\u00e1v<\/a> (k\u0151 50 cm mellszobor, Budapest, Gy\u00f3gypedag\u00f3giai Tan\u00e1rk\u00e9pz\u0151 F\u0151iskola)<\/td><\/tr><tr><td>1978 \u2022 Derkovits Gyula (m\u00e9szk\u0151 78 cm, mellszobor, , Budapest, XVII. ker. Derkovits t\u00e9r) Sajnos a mellszobor elt\u0171nt.<\/td><\/tr><tr><td>1979 \u2022 Anyas\u00e1g (m\u00e1rv\u00e1ny 60 cm, Budapest, XVII. ker., Szoborpark majd \u00e1thelyezve Pesti \u00fat &#8211; <a rel=\"noreferrer noopener\" href=\"http:\/\/rakosliget.hu\/wordpress\/wp-content\/uploads\/2021\/03\/anyasag1_.jpg\" target=\"_blank\">R\u00e1koskereszt\u00far V\u00e1rosk\u00f6zpont, <\/a>k\u00e9s\u0151bb XVII. ker\u00fcleti h\u00e1zass\u00e1gk\u00f6t\u0151 terem) <br>T\u00f6bb k\u00e9p: <a href=\"http:\/\/rakosliget.hu\/wordpress\/wp-content\/uploads\/2021\/03\/anyasag.jpg\" target=\"_blank\" rel=\"noreferrer noopener\"> 1<\/a>, <\/td><\/tr><tr><td>1981 \u2022 <a href=\"http:\/\/rakosliget.hu\/wordpress\/wp-content\/uploads\/2021\/03\/bartok.jpg\" target=\"_blank\" rel=\"noreferrer noopener\">Bart\u00f3k B\u00e9la<\/a> (bronz 50 cm, mellszobor, Budapest, XVII. ker. Hunyadi utca 50. Bart\u00f3k Zeneh\u00e1z)<\/td><\/tr><tr><td>1986 \u2022 <a rel=\"noreferrer noopener\" href=\"http:\/\/rakosliget.hu\/wordpress\/wp-content\/uploads\/2021\/03\/pavel.jpg\" target=\"_blank\">P\u00e1vel \u00c1goton<\/a> (k\u0151 50 cm mellszobor), <a href=\"http:\/\/rakosliget.hu\/wordpress\/wp-content\/uploads\/2021\/03\/pavel1.jpg\" target=\"_blank\" rel=\"noreferrer noopener\">Szombathely Savaria M\u00fazeum<\/a>, Cankova &#8211; Szlov\u00e9nia )<\/td><\/tr><tr><td>1981 \u2022 <a href=\"http:\/\/rakosliget.hu\/wordpress\/wp-content\/uploads\/2021\/03\/bartok.jpg\" target=\"_blank\" rel=\"noreferrer noopener\">Bart\u00f3k B\u00e9la<\/a> (bronz 50 cm, mellszobor, Borsodszir\u00e1k, Bart\u00f3k B\u00e9la Termel\u0151sz\u00f6vetkezet sz\u00e9kh\u00e1za)<\/td><\/tr><tr><td>1998 \u2022<a href=\"http:\/\/rakosliget.hu\/wordpress\/wp-content\/uploads\/2021\/03\/csekovszky.jpg\" target=\"_blank\" rel=\"noreferrer noopener\"> Csekovszky \u00c1rp\u00e1d<\/a> (bronz domborm\u0171 27X20 cm. Budapest &#8211; R\u00e1kosliget IX. utca, Csekovszky \u00c1rp\u00e1d M\u0171vel\u0151d\u00e9si H\u00e1z)<\/td><\/tr><tr><td>1999 \u2022 <a href=\"http:\/\/rakosliget.hu\/wordpress\/wp-content\/uploads\/2021\/03\/kodolanyi-_.jpg\" target=\"_blank\" rel=\"noreferrer noopener\">Kodol\u00e1nyi J\u00e1nos<\/a> (bronz 27X36 cm, Budapest, XVII. ker. K\u00e9p utca)<\/td><\/tr><tr><td>2008 <a href=\"http:\/\/rakosliget.hu\/wordpress\/wp-content\/uploads\/2021\/03\/gregor.jpg\">Gregor J\u00f3<\/a><a href=\"http:\/\/rakosliget.hu\/wordpress\/wp-content\/uploads\/2021\/03\/gregor.jpg\" target=\"_blank\" rel=\"noreferrer noopener\">z<\/a><a href=\"http:\/\/rakosliget.hu\/wordpress\/wp-content\/uploads\/2021\/03\/gregor.jpg\">sef <\/a>(bronz domborm\u0171) Gregor J\u00f3zsef \u00c1ltal\u00e1nos Iskola, Budapest, H\u0151s\u00f6k tere aul\u00e1j\u00e1ban)<\/td><\/tr><tr><td><a href=\"http:\/\/rakosliget.hu\/wordpress\/wp-content\/uploads\/2021\/03\/Ugray.jpg\" target=\"_blank\" rel=\"noreferrer noopener\">Ugray Gy\u00f6rgy szobr\u00e1sz s\u00edreml\u00e9ke<\/a> (\u00d3budai<br>temet\u0151 r\u00e9szben)<\/td><\/tr><tr><td><a href=\"http:\/\/rakosliget.hu\/wordpress\/wp-content\/uploads\/2021\/03\/Mark-siremlek.jpg\" target=\"_blank\" rel=\"noreferrer noopener\">2007 M\u00e1rk Tivadar s\u00edreml\u00e9ke <\/a><\/td><\/tr><tr><td><a href=\"http:\/\/rakosliget.hu\/wordpress\/wp-content\/uploads\/2021\/03\/hitviraga.jpg\" target=\"_blank\" rel=\"noreferrer noopener\">Hit vir\u00e1ga<\/a><\/td><\/tr><tr><td><a href=\"http:\/\/rakosliget.hu\/wordpress\/wp-content\/uploads\/2021\/03\/napimado.jpg\" target=\"_blank\" rel=\"noreferrer noopener\">Napim\u00e1d\u00f3<\/a> &#8211; kisplasztika<\/td><\/tr><\/tbody><\/table><\/figure>\n\n\n\n<figure class=\"wp-block-image size-large\"><img loading=\"lazy\" decoding=\"async\" width=\"1024\" height=\"548\" src=\"http:\/\/rakosliget.hu\/wordpress\/wp-content\/uploads\/2021\/03\/2021-02-14_17-40-17-1024x548.jpg\" alt=\"\" class=\"wp-image-9224\" srcset=\"https:\/\/rakosliget.hu\/wordpress\/wp-content\/uploads\/2021\/03\/2021-02-14_17-40-17-1024x548.jpg 1024w, https:\/\/rakosliget.hu\/wordpress\/wp-content\/uploads\/2021\/03\/2021-02-14_17-40-17-300x161.jpg 300w, https:\/\/rakosliget.hu\/wordpress\/wp-content\/uploads\/2021\/03\/2021-02-14_17-40-17-768x411.jpg 768w, https:\/\/rakosliget.hu\/wordpress\/wp-content\/uploads\/2021\/03\/2021-02-14_17-40-17.jpg 1354w\" sizes=\"auto, (max-width: 1024px) 100vw, 1024px\" \/><figcaption class=\"wp-element-caption\"><strong>90 \u00e9vesen.<\/strong><\/figcaption><\/figure>\n\n\n\n<p><strong><em>\u00c9rmek<\/em>, plakettek:<\/strong><br><\/p>\n\n\n\n<figure class=\"wp-block-table is-style-stripes\"><table><tbody><tr><td><a href=\"http:\/\/rakosliget.hu\/wordpress\/wp-content\/uploads\/2021\/03\/nemethlaszlo.jpg\" target=\"_blank\" rel=\"noreferrer noopener\">N\u00e9meth L\u00e1szl\u00f3<\/a> \u00e9rme 80 mm<\/td><\/tr><tr><td><a href=\"http:\/\/rakosliget.hu\/wordpress\/wp-content\/uploads\/2021\/03\/rakosmente-kozbizt_.jpg\" target=\"_blank\" rel=\"noreferrer noopener\">R\u00e1kosmente k\u00f6zbiztons\u00e1g\u00e1\u00e9rt<\/a><\/td><\/tr><tr><td>56-os eml\u00e9k\u00e9rem <a href=\"http:\/\/rakosliget.hu\/wordpress\/wp-content\/uploads\/2021\/03\/56b.jpg\" target=\"_blank\" rel=\"noreferrer noopener\">A oldal<\/a>, <a href=\"http:\/\/rakosliget.hu\/wordpress\/wp-content\/uploads\/2021\/03\/56a.jpg\" target=\"_blank\" rel=\"noreferrer noopener\">B oldal<\/a><\/td><\/tr><tr><td><a rel=\"noreferrer noopener\" href=\"http:\/\/rakosliget.hu\/wordpress\/wp-content\/uploads\/2021\/03\/rakoligetert.jpg\" target=\"_blank\">R\u00e1kosliget\u00e9rt-<\/a><a href=\"http:\/\/rakosliget.hu\/wordpress\/wp-content\/uploads\/2021\/03\/rakoligetert.jpg\" target=\"_blank\" rel=\"noreferrer noopener\">D<\/a><a rel=\"noreferrer noopener\" href=\"http:\/\/rakosliget.hu\/wordpress\/wp-content\/uploads\/2021\/03\/rakoligetert.jpg\" target=\"_blank\">\u00edj<\/a><\/td><\/tr><tr><td>Balassi-D\u00edj<\/td><\/tr><tr><td><a href=\"http:\/\/rakosliget.hu\/wordpress\/wp-content\/uploads\/2021\/03\/egologo.jpg\" target=\"_blank\" rel=\"noreferrer noopener\">Ego Logo<\/a><\/td><\/tr><tr><td><a href=\"http:\/\/rakosliget.hu\/wordpress\/wp-content\/uploads\/2021\/03\/bartokifj.jpg\" target=\"_blank\" rel=\"noreferrer noopener\">Ifj\u00fa Bart\u00f3k<\/a><\/td><\/tr><tr><td><a rel=\"noreferrer noopener\" href=\"http:\/\/rakosliget.hu\/wordpress\/wp-content\/uploads\/2021\/03\/egyetemesbartok.jpg\" target=\"_blank\">Bart\u00f3k B\u00e9la<\/a> <a href=\"http:\/\/rakosliget.hu\/wordpress\/wp-content\/uploads\/2021\/03\/Bartok-1.jpg\" target=\"_blank\" rel=\"noreferrer noopener\">( A kisplasztika az eml\u00e9kt\u00e1bl\u00e1n.)<\/a><\/td><\/tr><tr><td><a href=\"http:\/\/rakosliget.hu\/wordpress\/wp-content\/uploads\/2021\/03\/naray.jpg\" target=\"_blank\" rel=\"noreferrer noopener\">N\u00e1ray-Szab\u00f3 Istv\u00e1n-D\u00edj<\/a><\/td><\/tr><tr><td><a href=\"http:\/\/rakosliget.hu\/wordpress\/wp-content\/uploads\/2021\/03\/tothtibor.jpg\" target=\"_blank\" rel=\"noreferrer noopener\">T\u00f3th Tibor fest\u0151m\u0171v\u00e9sz R\u00e1koshegy<\/a><\/td><\/tr><tr><td><a href=\"http:\/\/rakosliget.hu\/wordpress\/wp-content\/uploads\/2021\/03\/beethoven.jpg\" target=\"_blank\" rel=\"noreferrer noopener\">Beethoven<\/a><\/td><\/tr><tr><td><a href=\"http:\/\/rakosliget.hu\/wordpress\/wp-content\/uploads\/2021\/03\/diszpolgari.jpg\" target=\"_blank\" rel=\"noreferrer noopener\">XVII. ker\u00fclet D\u00edszpolg\u00e1ra \u00e9rem<\/a><\/td><\/tr><tr><td><a href=\"http:\/\/rakosliget.hu\/wordpress\/wp-content\/uploads\/2021\/03\/oreghalasz.jpg\" target=\"_blank\" rel=\"noreferrer noopener\">\u00d6reg hal\u00e1sz<\/a><\/td><\/tr><tr><td><a href=\"http:\/\/rakosliget.hu\/wordpress\/wp-content\/uploads\/2021\/03\/acs-jozsef-kiralydrama-plakett-1.jpg\" target=\"_blank\" rel=\"noreferrer noopener\">Kir\u00e1lydr\u00e1ma<\/a><\/td><\/tr><tr><td><a href=\"http:\/\/rakosliget.hu\/wordpress\/wp-content\/uploads\/2021\/03\/szeged-nagyobb.jpg\" target=\"_blank\" rel=\"noreferrer noopener\">R\u00f3me\u00f3 \u00e9s J\u00falia<\/a><\/td><\/tr><tr><td><a href=\"http:\/\/rakosliget.hu\/wordpress\/wp-content\/uploads\/2021\/03\/rakosliget-centenarium.jpg\" target=\"_blank\" rel=\"noreferrer noopener\">R\u00e1kosliget centen\u00e1riuma<\/a><\/td><\/tr><tr><td><a href=\"https:\/\/rakosliget.hu\/wordpress\/wp-content\/uploads\/2024\/11\/806afc0cb7a99d4b6a33da1e9e98de66-acs-jozsef-zuglo-egeszsegugyeert-xiv-kerulet-tanacsa.jpg\">Zugl\u00f3 Eg\u00e9szs\u00e9g\u00fcgy\u00e9\u00e9rt<\/a><\/td><\/tr><tr><td><a href=\"https:\/\/rakosliget.hu\/wordpress\/wp-content\/uploads\/2024\/11\/974d5fd4e30cecedbe5e3209b0f38dba-acs-jozsef-nagy-balogh-janos-festo-grafikus-.jpg\">Nagy Balogh J\u00e1nos<\/a><\/td><\/tr><\/tbody><\/table><\/figure>\n\n\n\n<figure class=\"wp-block-image size-large\"><img loading=\"lazy\" decoding=\"async\" width=\"824\" height=\"833\" src=\"http:\/\/rakosliget.hu\/wordpress\/wp-content\/uploads\/2021\/03\/Untitled-1.jpg\" alt=\"\" class=\"wp-image-9225\" srcset=\"https:\/\/rakosliget.hu\/wordpress\/wp-content\/uploads\/2021\/03\/Untitled-1.jpg 824w, https:\/\/rakosliget.hu\/wordpress\/wp-content\/uploads\/2021\/03\/Untitled-1-297x300.jpg 297w, https:\/\/rakosliget.hu\/wordpress\/wp-content\/uploads\/2021\/03\/Untitled-1-768x776.jpg 768w\" sizes=\"auto, (max-width: 824px) 100vw, 824px\" \/><figcaption class=\"wp-element-caption\">Luther<\/figcaption><\/figure>\n\n\n\n<p><a rel=\"noreferrer noopener\" href=\"http:\/\/rakosliget.hu\/wordpress\/wp-content\/uploads\/2021\/03\/relief1.jpg\" target=\"_blank\">Relief 1<\/a><\/p>\n\n\n\n<p><a href=\"http:\/\/rakosliget.hu\/wordpress\/wp-content\/uploads\/2021\/03\/relief2.jpg\" target=\"_blank\" rel=\"noreferrer noopener\">Relief 2<\/a><\/p>\n\n\n\n<figure class=\"wp-block-image size-full\"><img loading=\"lazy\" decoding=\"async\" width=\"1146\" height=\"1183\" src=\"https:\/\/rakosliget.hu\/wordpress\/wp-content\/uploads\/2025\/12\/Acs-varosvedo.jpg\" alt=\"\" class=\"wp-image-20516\" srcset=\"https:\/\/rakosliget.hu\/wordpress\/wp-content\/uploads\/2025\/12\/Acs-varosvedo.jpg 1146w, https:\/\/rakosliget.hu\/wordpress\/wp-content\/uploads\/2025\/12\/Acs-varosvedo-291x300.jpg 291w, https:\/\/rakosliget.hu\/wordpress\/wp-content\/uploads\/2025\/12\/Acs-varosvedo-768x793.jpg 768w\" sizes=\"auto, (max-width: 1146px) 100vw, 1146px\" \/><figcaption class=\"wp-element-caption\">XII. Orsz\u00e1gos \u00c9rembienn\u00e1l\u00e9 (Sopron, L\u00e1bash\u00e1z, 1999)<\/figcaption><\/figure>\n\n\n<div class=\"wp-block-image\">\n<figure class=\"aligncenter size-large\"><img loading=\"lazy\" decoding=\"async\" width=\"190\" height=\"219\" src=\"http:\/\/rakosliget.hu\/wordpress\/wp-content\/uploads\/2021\/03\/acs1.jpg\" alt=\"\" class=\"wp-image-9226\"\/><\/figure>\n<\/div>\n\n\n<p><em>K\u00e9pek forr\u00e1sa: \u00c1cs J\u00f3zsef, szoborlap.hu, R\u00e1kosmenti Pir\u00edt\u00f3s<\/em><\/p>\n\n\n\n<div class=\"wp-block-buttons is-content-justification-center is-layout-flex wp-container-core-buttons-is-layout-16018d1d wp-block-buttons-is-layout-flex\">\n<div class=\"wp-block-button\"><a class=\"wp-block-button__link wp-element-button\" href=\"https:\/\/rakosliget.hu\/wordpress\/index.php\/muveszet\/\">VISSZA A M\u0170V\u00c9SZET LAPRA<\/a><\/div>\n<\/div>\n","protected":false},"excerpt":{"rendered":"<p>Sz\u00e9kesfeh\u00e9rv\u00e1r 1931. febru\u00e1r 10. &#8211; R\u00e1kosliget 2023. m\u00e1jus 14. Mestere: Szab\u00f3 Iv\u00e1n R\u00e1kosligeten \u00e9l\u0151 \u00e9s alkot\u00f3 m\u0171v\u00e9sz. 1938 \u00f3ta \u00e9l Budapesten. R\u00e1kosmente d\u00edszpolg\u00e1ra. Egy\u00e9ni ki\u00e1ll\u00edt\u00e1sok: 1968, 1999, 2005 \u2022 R\u00e1kosligeti M\u0171vel\u0151d\u00e9si H\u00e1z, Budapest. 1999 \u2022 R\u00e1koskereszt\u00fari Katolikus Ifj\u00fas\u00e1gi Egylet 2005 \u2022 R\u00e1koskerti M\u0171vel\u0151d\u00e9si Klub Csoportos ki\u00e1ll\u00edt\u00e1sok: 1960 \u2022 Fiatal K\u00e9pz\u0151m\u0171v\u00e9szek St\u00fadi\u00f3j\u00e1nak II. ki\u00e1ll\u00edt\u00e1sa&#8211; 8. Magyar &hellip; <a href=\"https:\/\/rakosliget.hu\/wordpress\/index.php\/acs-jozsef-erem-es-szobraszmuvesz\/\" class=\"more-link\"><span class=\"screen-reader-text\">\u00c1CS J\u00d3ZSEF \u00e9rem-, \u00e9s szobr\u00e1szm\u0171v\u00e9sz<\/span> r\u00e9szletei&#8230;<\/a><\/p>\n","protected":false},"author":1,"featured_media":0,"parent":0,"menu_order":0,"comment_status":"closed","ping_status":"closed","template":"","meta":{"footnotes":""},"class_list":["post-9154","page","type-page","status-publish","hentry"],"_links":{"self":[{"href":"https:\/\/rakosliget.hu\/wordpress\/index.php\/wp-json\/wp\/v2\/pages\/9154","targetHints":{"allow":["GET"]}}],"collection":[{"href":"https:\/\/rakosliget.hu\/wordpress\/index.php\/wp-json\/wp\/v2\/pages"}],"about":[{"href":"https:\/\/rakosliget.hu\/wordpress\/index.php\/wp-json\/wp\/v2\/types\/page"}],"author":[{"embeddable":true,"href":"https:\/\/rakosliget.hu\/wordpress\/index.php\/wp-json\/wp\/v2\/users\/1"}],"replies":[{"embeddable":true,"href":"https:\/\/rakosliget.hu\/wordpress\/index.php\/wp-json\/wp\/v2\/comments?post=9154"}],"version-history":[{"count":57,"href":"https:\/\/rakosliget.hu\/wordpress\/index.php\/wp-json\/wp\/v2\/pages\/9154\/revisions"}],"predecessor-version":[{"id":22064,"href":"https:\/\/rakosliget.hu\/wordpress\/index.php\/wp-json\/wp\/v2\/pages\/9154\/revisions\/22064"}],"wp:attachment":[{"href":"https:\/\/rakosliget.hu\/wordpress\/index.php\/wp-json\/wp\/v2\/media?parent=9154"}],"curies":[{"name":"wp","href":"https:\/\/api.w.org\/{rel}","templated":true}]}}