{"id":912,"date":"2018-03-21T03:56:55","date_gmt":"2018-03-21T02:56:55","guid":{"rendered":"http:\/\/rakosliget.hu\/wordpress\/?page_id=912"},"modified":"2018-03-21T03:56:55","modified_gmt":"2018-03-21T02:56:55","slug":"toth-zoltan-dr","status":"publish","type":"page","link":"https:\/\/rakosliget.hu\/wordpress\/index.php\/toth-zoltan-dr\/","title":{"rendered":"T\u00f3th Zolt\u00e1n dr."},"content":{"rendered":"<h1>dr. T\u00f3th Zolt\u00e1n( R\u00e1kosliget jegyz\u0151je-f\u0151jegyz\u0151je 1938 &#8211; 1944.)<\/h1>\n<p>A letart\u00f3ztat\u00e1sr\u00f3l a MOT 1948. m\u00e1rcius 8.-i tud\u00f3s\u00edt\u00e1sa sz\u00e1molt be r\u00e9szletesen.<\/p>\n<p align=\"justify\">ELFOGT\u00c1K T\u00d3TH ZOLT\u00c1NT, R\u00c1KOSLIGET H\u00cdRHEDT FASISZTA F\u0150JEGYZ\u0150J\u00c9T<br \/>\nT\u00d3TH ZOLT\u00c1N R\u00c1KOSLIGETI F\u0150JEGYZ\u0150 MEGHITT BAR\u00c1TJA VOLT ENDRE L\u00c1SZL\u00d3NAK. A F\u0150JEGYZ\u0150 AZ \u00d6SSZES ZSID\u00d3T\u00d6RV\u00c9NYEKET MEGEL\u0150ZVE M\u00c1R 1940-BEN \u00c1RJ\u00c1SITOTTA R\u00c1K0SLIGETET \u00c9S EZ\u00c9RT ENDRE L\u00c1SZL\u00d3T\u00d3L &#8222;R\u00c1KOSLIGET A LEGJOBBAN \u00c1RJ\u00c1S\u00cdTOTT MINTAK\u00d6ZS\u00c9G &#8221; D\u00cdCSERETET KAPTA. T\u00d3TH ZOLT\u00c1N A MOVE H\u00c1ZNAGYA VOLT, A TURUL SZ\u00d6VETS\u00c9G R\u00c1KOSLIGETI CSOPORTJ\u00c1NAK ELN\u00d6KE.<br \/>\nM\u00c1R 1930-BAN MEGTILTOTTA, HOGY A ZSID\u00d3K NYILV\u00c1NOS HELYEKET L\u00c1TOGASSANAK. 1942-BEN A CSEND\u0150RS\u00c9GGEL EL\u0150\u00c1LL\u00cdTATTA AZ \u00d6SSZES BALOLDALI EGY\u00c9NEKET \u00c9S EZEKET INTERN\u00c1LTA. AZ ELS\u0150 GETT\u00d3T \u0150 SZERVEZTE MEG, AHOV\u00c1 AZ \u00c1RJA-P\u00c1ROKAT IS BESZ\u00c1LL\u00cdTTTATTA .<br \/>\n1944. OKT\u00d3BER 5-EI PLAK\u00c1TOKON FELSZ\u00d3L\u00cdTOTTA R\u00c1KOSLIGET LAKOSS\u00c1G\u00c1T, HOGY TELEP\u00dcLJ\u00d6N NYUGATRA. HI\u00c1NY0SAN FELSZERELT LEVENT\u00c9KB\u0150L 1944-BEN NEMZET\u0150RS\u00c9GET SZERVEZETT \u00c9S EZEKET A FIATALOKAT LE\u00c1NYFALUN\u00c1L HARCBA K\u00c9NYSZER\u00cdTETTE.<br \/>\nT\u00d3TH ZOLT\u00c1N OROSZ FOGS\u00c1GBA ESETT, KISZABADUL\u00c1SA UT\u00c1N BALATONKENES\u00c9RE K\u00d6LT\u00d6Z\u00d6TT SAJ\u00c1T VILL\u00c1J\u00c1BA, AHOL A MAI NAPIG VAGYON\u00c1B\u00d3L \u00c9LT. AZ \u00c1LLAMV\u00c9DELMI OSZT\u00c1LY KIRENDELTS\u00c9GE BALATONKENES\u00c9N ELFOGTA \u00c9S \u00c1TADTA A N\u00c9P\u00dcGY\u00c9SZS\u00c9GNEK . \/MOT\/.<\/p>\n","protected":false},"excerpt":{"rendered":"<p>dr. T\u00f3th Zolt\u00e1n( R\u00e1kosliget jegyz\u0151je-f\u0151jegyz\u0151je 1938 &#8211; 1944.) A letart\u00f3ztat\u00e1sr\u00f3l a MOT 1948. m\u00e1rcius 8.-i tud\u00f3s\u00edt\u00e1sa sz\u00e1molt be r\u00e9szletesen. ELFOGT\u00c1K T\u00d3TH ZOLT\u00c1NT, R\u00c1KOSLIGET H\u00cdRHEDT FASISZTA F\u0150JEGYZ\u0150J\u00c9T T\u00d3TH ZOLT\u00c1N R\u00c1KOSLIGETI F\u0150JEGYZ\u0150 MEGHITT BAR\u00c1TJA VOLT ENDRE L\u00c1SZL\u00d3NAK. A F\u0150JEGYZ\u0150 AZ \u00d6SSZES ZSID\u00d3T\u00d6RV\u00c9NYEKET MEGEL\u0150ZVE M\u00c1R 1940-BEN \u00c1RJ\u00c1SITOTTA R\u00c1K0SLIGETET \u00c9S EZ\u00c9RT ENDRE L\u00c1SZL\u00d3T\u00d3L &#8222;R\u00c1KOSLIGET A LEGJOBBAN \u00c1RJ\u00c1S\u00cdTOTT MINTAK\u00d6ZS\u00c9G &#8221; &hellip; <a href=\"https:\/\/rakosliget.hu\/wordpress\/index.php\/toth-zoltan-dr\/\" class=\"more-link\"><span class=\"screen-reader-text\">T\u00f3th Zolt\u00e1n dr.<\/span> r\u00e9szletei&#8230;<\/a><\/p>\n","protected":false},"author":1,"featured_media":0,"parent":0,"menu_order":0,"comment_status":"closed","ping_status":"closed","template":"","meta":{"footnotes":""},"class_list":["post-912","page","type-page","status-publish","hentry"],"_links":{"self":[{"href":"https:\/\/rakosliget.hu\/wordpress\/index.php\/wp-json\/wp\/v2\/pages\/912","targetHints":{"allow":["GET"]}}],"collection":[{"href":"https:\/\/rakosliget.hu\/wordpress\/index.php\/wp-json\/wp\/v2\/pages"}],"about":[{"href":"https:\/\/rakosliget.hu\/wordpress\/index.php\/wp-json\/wp\/v2\/types\/page"}],"author":[{"embeddable":true,"href":"https:\/\/rakosliget.hu\/wordpress\/index.php\/wp-json\/wp\/v2\/users\/1"}],"replies":[{"embeddable":true,"href":"https:\/\/rakosliget.hu\/wordpress\/index.php\/wp-json\/wp\/v2\/comments?post=912"}],"version-history":[{"count":1,"href":"https:\/\/rakosliget.hu\/wordpress\/index.php\/wp-json\/wp\/v2\/pages\/912\/revisions"}],"predecessor-version":[{"id":913,"href":"https:\/\/rakosliget.hu\/wordpress\/index.php\/wp-json\/wp\/v2\/pages\/912\/revisions\/913"}],"wp:attachment":[{"href":"https:\/\/rakosliget.hu\/wordpress\/index.php\/wp-json\/wp\/v2\/media?parent=912"}],"curies":[{"name":"wp","href":"https:\/\/api.w.org\/{rel}","templated":true}]}}