{"id":906,"date":"2018-03-21T03:53:57","date_gmt":"2018-03-21T02:53:57","guid":{"rendered":"http:\/\/rakosliget.hu\/wordpress\/?page_id=906"},"modified":"2018-03-21T03:53:57","modified_gmt":"2018-03-21T02:53:57","slug":"dosztan-jozsefne","status":"publish","type":"page","link":"https:\/\/rakosliget.hu\/wordpress\/index.php\/dosztan-jozsefne\/","title":{"rendered":"Doszt\u00e1n J\u00f3zsefn\u00e9"},"content":{"rendered":"<h1 align=\"left\"><span data-canvas-width=\"40.61754498324022\">Doszt\u00e1n<\/span><span data-canvas-width=\"48.773117740888544\"> J\u00f3zsefn\u00e9<\/span><span data-canvas-width=\"144.3321757768024\"> (Nyitra, 1899-1974)<\/span><\/h1>\n<h2 align=\"left\">R\u00e1kosligeti Nemzeti Bizotts\u00e1g \u00e9s k\u00e9pvisel\u0151-test\u00fclet tagja<\/h2>\n<p align=\"left\"><span data-canvas-width=\"144.3321757768024\">G\u00e9p<\/span><span data-canvas-width=\"228.52928495504128\">h\u00edmz\u0151. A 30-as \u00e9vekt\u0151l az SZDP (MDP, <\/span><span data-canvas-width=\"229.2869205980314\">MSZMP) tagja. 1948-ban a R\u00e1kosligeti Nemzeti Bizotts\u00e1g <\/span><span data-canvas-width=\"130.26290774434693\">\u00e9s k\u00e9pvisel\u0151-test\u00fclet tagja. <\/span><\/p>\n","protected":false},"excerpt":{"rendered":"<p>Doszt\u00e1n J\u00f3zsefn\u00e9 (Nyitra, 1899-1974) R\u00e1kosligeti Nemzeti Bizotts\u00e1g \u00e9s k\u00e9pvisel\u0151-test\u00fclet tagja G\u00e9ph\u00edmz\u0151. A 30-as \u00e9vekt\u0151l az SZDP (MDP, MSZMP) tagja. 1948-ban a R\u00e1kosligeti Nemzeti Bizotts\u00e1g \u00e9s k\u00e9pvisel\u0151-test\u00fclet tagja.<\/p>\n","protected":false},"author":1,"featured_media":0,"parent":0,"menu_order":0,"comment_status":"closed","ping_status":"closed","template":"","meta":{"footnotes":""},"class_list":["post-906","page","type-page","status-publish","hentry"],"_links":{"self":[{"href":"https:\/\/rakosliget.hu\/wordpress\/index.php\/wp-json\/wp\/v2\/pages\/906","targetHints":{"allow":["GET"]}}],"collection":[{"href":"https:\/\/rakosliget.hu\/wordpress\/index.php\/wp-json\/wp\/v2\/pages"}],"about":[{"href":"https:\/\/rakosliget.hu\/wordpress\/index.php\/wp-json\/wp\/v2\/types\/page"}],"author":[{"embeddable":true,"href":"https:\/\/rakosliget.hu\/wordpress\/index.php\/wp-json\/wp\/v2\/users\/1"}],"replies":[{"embeddable":true,"href":"https:\/\/rakosliget.hu\/wordpress\/index.php\/wp-json\/wp\/v2\/comments?post=906"}],"version-history":[{"count":1,"href":"https:\/\/rakosliget.hu\/wordpress\/index.php\/wp-json\/wp\/v2\/pages\/906\/revisions"}],"predecessor-version":[{"id":907,"href":"https:\/\/rakosliget.hu\/wordpress\/index.php\/wp-json\/wp\/v2\/pages\/906\/revisions\/907"}],"wp:attachment":[{"href":"https:\/\/rakosliget.hu\/wordpress\/index.php\/wp-json\/wp\/v2\/media?parent=906"}],"curies":[{"name":"wp","href":"https:\/\/api.w.org\/{rel}","templated":true}]}}