{"id":903,"date":"2018-03-21T03:52:37","date_gmt":"2018-03-21T02:52:37","guid":{"rendered":"http:\/\/rakosliget.hu\/wordpress\/?page_id=903"},"modified":"2018-03-21T03:52:37","modified_gmt":"2018-03-21T02:52:37","slug":"donath-vilmos","status":"publish","type":"page","link":"https:\/\/rakosliget.hu\/wordpress\/index.php\/donath-vilmos\/","title":{"rendered":"Don\u00e1th Vilmos"},"content":{"rendered":"<h1 align=\"left\"><span data-canvas-width=\"35.82349555626497\">Don\u00e1th<\/span> <span data-canvas-width=\"193.22553262144191\">Vilmos (\u00dajpest, 1892-1964)<\/span><\/h1>\n<h2 align=\"left\">R\u00e1kosligeti <span data-canvas-width=\"231.02327668768294\">ideiglenes k\u00e9pvisel\u0151-test\u00fclet <\/span><span data-canvas-width=\"29.845155602021823\">tagja<\/span><\/h2>\n<p align=\"left\">\n<p align=\"left\"><span data-canvas-width=\"262.8700221833911\">G\u00e9p\u00e9szm\u00e9rn\u00f6k. 1945-t\u0151l az MKP (MDP, MSZMP) tagja. A Tan\u00e1csk\u00f6zt\u00e1rsas\u00e1g alatti tev\u00e9kenys\u00e9g\u00e9\u00e9rt az ellenforradalmi rendszer idej\u00e9n intern\u00e1lt\u00e1k. 1945 ut\u00e1n a r\u00e1kosligeti k\u00f6zs\u00e9gi v\u00edzm\u0171vek vezet\u0151je. 1945-1948-ban a R\u00e1kosligeti Nemzeti Bizotts\u00e1g tagja, 1946-t\u00f3l titk\u00e1ra. 1945-ben az ideiglenes k\u00e9pvisel\u0151-test\u00fclet tagja. <\/span><\/p>\n","protected":false},"excerpt":{"rendered":"<p>Don\u00e1th Vilmos (\u00dajpest, 1892-1964) R\u00e1kosligeti ideiglenes k\u00e9pvisel\u0151-test\u00fclet tagja G\u00e9p\u00e9szm\u00e9rn\u00f6k. 1945-t\u0151l az MKP (MDP, MSZMP) tagja. A Tan\u00e1csk\u00f6zt\u00e1rsas\u00e1g alatti tev\u00e9kenys\u00e9g\u00e9\u00e9rt az ellenforradalmi rendszer idej\u00e9n intern\u00e1lt\u00e1k. 1945 ut\u00e1n a r\u00e1kosligeti k\u00f6zs\u00e9gi v\u00edzm\u0171vek vezet\u0151je. 1945-1948-ban a R\u00e1kosligeti Nemzeti Bizotts\u00e1g tagja, 1946-t\u00f3l titk\u00e1ra. 1945-ben az ideiglenes k\u00e9pvisel\u0151-test\u00fclet tagja.<\/p>\n","protected":false},"author":1,"featured_media":0,"parent":0,"menu_order":0,"comment_status":"closed","ping_status":"closed","template":"","meta":{"footnotes":""},"class_list":["post-903","page","type-page","status-publish","hentry"],"_links":{"self":[{"href":"https:\/\/rakosliget.hu\/wordpress\/index.php\/wp-json\/wp\/v2\/pages\/903","targetHints":{"allow":["GET"]}}],"collection":[{"href":"https:\/\/rakosliget.hu\/wordpress\/index.php\/wp-json\/wp\/v2\/pages"}],"about":[{"href":"https:\/\/rakosliget.hu\/wordpress\/index.php\/wp-json\/wp\/v2\/types\/page"}],"author":[{"embeddable":true,"href":"https:\/\/rakosliget.hu\/wordpress\/index.php\/wp-json\/wp\/v2\/users\/1"}],"replies":[{"embeddable":true,"href":"https:\/\/rakosliget.hu\/wordpress\/index.php\/wp-json\/wp\/v2\/comments?post=903"}],"version-history":[{"count":1,"href":"https:\/\/rakosliget.hu\/wordpress\/index.php\/wp-json\/wp\/v2\/pages\/903\/revisions"}],"predecessor-version":[{"id":904,"href":"https:\/\/rakosliget.hu\/wordpress\/index.php\/wp-json\/wp\/v2\/pages\/903\/revisions\/904"}],"wp:attachment":[{"href":"https:\/\/rakosliget.hu\/wordpress\/index.php\/wp-json\/wp\/v2\/media?parent=903"}],"curies":[{"name":"wp","href":"https:\/\/api.w.org\/{rel}","templated":true}]}}