{"id":899,"date":"2018-03-21T03:42:06","date_gmt":"2018-03-21T02:42:06","guid":{"rendered":"http:\/\/rakosliget.hu\/wordpress\/?page_id=899"},"modified":"2018-03-21T03:42:20","modified_gmt":"2018-03-21T02:42:20","slug":"domonkos-imre","status":"publish","type":"page","link":"https:\/\/rakosliget.hu\/wordpress\/index.php\/domonkos-imre\/","title":{"rendered":"Domonkos Imre"},"content":{"rendered":"<h1 align=\"left\">Domonkos Imre (Kassa, 1917. m\u00e1rcius 18. &#8211; R\u00e1kosliget, 1995. szeptember 4.)<\/h1>\n<p align=\"center\"><img loading=\"lazy\" decoding=\"async\" src=\"http:\/\/rakosliget.hu\/muveszek\/domonkos.png\" width=\"200\" height=\"169\" \/><\/p>\n<p align=\"center\"><img loading=\"lazy\" decoding=\"async\" src=\"http:\/\/rakosliget.hu\/muveszek\/Bartos Endre domonkos portre.png\" width=\"317\" height=\"475\" \/><\/p>\n<p align=\"left\">Forr\u00e1s: http:\/\/www.terminartors.com\/artworkprofile\/Bartos_Endre-Portrait_of_Imre_Domonkos<\/p>\n<p align=\"left\"><strong>Fest\u0151m\u0171v\u00e9sz, grafikus.<\/strong> Ny.\u00e1. alezredes.<\/p>\n<p align=\"left\">1955-ben a XVII. ker\u00fclet\u00e9rt d\u00edjjal t\u00fcntett\u00e9k ki. Tanulm\u00e1nyait a K\u00e9pz\u0151m\u0171v\u00e9szeti F\u0151iskol\u00e1n \u00e9s a P\u00e1zm\u00e1ny P\u00e9ter Tudom\u00e1nyegyetemen v\u00e9gezte. M\u0171v\u00e9szett\u00f6rt\u00e9netb\u0151l doktor\u00e1lt 1944-ben. Katonatan\u00e1rk\u00e9nt dolgozott, majd a Hadt\u00f6rt\u00e9neti M\u00fazeum munkat\u00e1rsa volt. 1957-t\u0151l m\u0171v\u00e9szetpedag\u00f3gi\u00e1val foglalkozott. T\u00e1rsszerz\u0151je volt a gimn\u00e1ziumi M\u0171alkot\u00e1sok elemz\u00e9se c. tank\u00f6nyvnek. Az Magyar K\u00e9pz\u0151m\u0171v\u00e9szeti F\u0151iskola m\u0171v\u00e9szett\u00f6rt\u00e9neti tansz\u00e9k\u00e9nek tan\u00e1rseg\u00e9dje. 1965-1978 k\u00f6z\u00f6tt az UNESCO nevel\u00e9si sz\u00f6vets\u00e9g\u00e9ben illetve annak vil\u00e1gtan\u00e1cs\u00e1ban dolgozott.<\/p>\n<p align=\"left\">F\u0151k\u00e9nt t\u00f6rt\u00e9nelmi t\u00e1rgy\u00fa k\u00e9peket festett. 1979-ben \u00e9letm\u0171 ki\u00e1ll\u00edt\u00e1sa volt a Hadt\u00f6rt\u00e9neti M\u00fazeumban. Ut\u00f3ls\u00f3 alkot\u00e1sa: \u00c1rp\u00e1d hazat\u00e9r c. festm\u00e9nye volt. Feles\u00e9ge Krusny\u00e1k Magdolna. A XII. utca 20. sz\u00e1m alatt lakott.<\/p>\n<p align=\"left\"><strong>D\u00edjak, elismer\u00e9sek:<\/strong><\/p>\n<p align=\"left\">1948: Pet\u0151fi centen\u00e1riumi eml\u00e9k\u00e9rem;<\/p>\n<p align=\"left\">1955: a XVII. ker\u00fclet\u00e9rt eml\u00e9k\u00e9rem;<\/p>\n<p align=\"left\">1963: Munka \u00e9rdem\u00e9rem;<\/p>\n<p align=\"left\">1970: Sz\u00e9kely Bertalan-d\u00edj;<\/p>\n<p align=\"left\">1975: Comenius-\u00e9rem;<\/p>\n<p align=\"left\">1989: A Szocialista kultur\u00e1\u00e9rt;<\/p>\n<p align=\"left\">1983: Tudom\u00e1nyos Ismeretterjeszt\u0151 T\u00e1rsulat Aranykoszor\u00fas el\u0151ad\u00f3;<\/p>\n<p align=\"left\">1995: Aranykatedra d\u00edj.<\/p>\n","protected":false},"excerpt":{"rendered":"<p>Domonkos Imre (Kassa, 1917. m\u00e1rcius 18. &#8211; R\u00e1kosliget, 1995. szeptember 4.) Forr\u00e1s: http:\/\/www.terminartors.com\/artworkprofile\/Bartos_Endre-Portrait_of_Imre_Domonkos Fest\u0151m\u0171v\u00e9sz, grafikus. Ny.\u00e1. alezredes. 1955-ben a XVII. ker\u00fclet\u00e9rt d\u00edjjal t\u00fcntett\u00e9k ki. Tanulm\u00e1nyait a K\u00e9pz\u0151m\u0171v\u00e9szeti F\u0151iskol\u00e1n \u00e9s a P\u00e1zm\u00e1ny P\u00e9ter Tudom\u00e1nyegyetemen v\u00e9gezte. M\u0171v\u00e9szett\u00f6rt\u00e9netb\u0151l doktor\u00e1lt 1944-ben. Katonatan\u00e1rk\u00e9nt dolgozott, majd a Hadt\u00f6rt\u00e9neti M\u00fazeum munkat\u00e1rsa volt. 1957-t\u0151l m\u0171v\u00e9szetpedag\u00f3gi\u00e1val foglalkozott. T\u00e1rsszerz\u0151je volt a gimn\u00e1ziumi M\u0171alkot\u00e1sok elemz\u00e9se c. &hellip; <a href=\"https:\/\/rakosliget.hu\/wordpress\/index.php\/domonkos-imre\/\" class=\"more-link\"><span class=\"screen-reader-text\">Domonkos Imre<\/span> r\u00e9szletei&#8230;<\/a><\/p>\n","protected":false},"author":1,"featured_media":0,"parent":0,"menu_order":0,"comment_status":"closed","ping_status":"closed","template":"","meta":{"footnotes":""},"class_list":["post-899","page","type-page","status-publish","hentry"],"_links":{"self":[{"href":"https:\/\/rakosliget.hu\/wordpress\/index.php\/wp-json\/wp\/v2\/pages\/899","targetHints":{"allow":["GET"]}}],"collection":[{"href":"https:\/\/rakosliget.hu\/wordpress\/index.php\/wp-json\/wp\/v2\/pages"}],"about":[{"href":"https:\/\/rakosliget.hu\/wordpress\/index.php\/wp-json\/wp\/v2\/types\/page"}],"author":[{"embeddable":true,"href":"https:\/\/rakosliget.hu\/wordpress\/index.php\/wp-json\/wp\/v2\/users\/1"}],"replies":[{"embeddable":true,"href":"https:\/\/rakosliget.hu\/wordpress\/index.php\/wp-json\/wp\/v2\/comments?post=899"}],"version-history":[{"count":2,"href":"https:\/\/rakosliget.hu\/wordpress\/index.php\/wp-json\/wp\/v2\/pages\/899\/revisions"}],"predecessor-version":[{"id":901,"href":"https:\/\/rakosliget.hu\/wordpress\/index.php\/wp-json\/wp\/v2\/pages\/899\/revisions\/901"}],"wp:attachment":[{"href":"https:\/\/rakosliget.hu\/wordpress\/index.php\/wp-json\/wp\/v2\/media?parent=899"}],"curies":[{"name":"wp","href":"https:\/\/api.w.org\/{rel}","templated":true}]}}