{"id":893,"date":"2018-03-21T03:33:46","date_gmt":"2018-03-21T02:33:46","guid":{"rendered":"http:\/\/rakosliget.hu\/wordpress\/?page_id=893"},"modified":"2018-03-21T03:34:09","modified_gmt":"2018-03-21T02:34:09","slug":"dr-dombovari-antal","status":"publish","type":"page","link":"https:\/\/rakosliget.hu\/wordpress\/index.php\/dr-dombovari-antal\/","title":{"rendered":"dr. Domb\u00f3v\u00e1ri Antal"},"content":{"rendered":"<h1 align=\"left\"><span data-canvas-width=\"40.07428402339182\">dr. Domb\u00f3v\u00e1ri Antal<\/span><span data-canvas-width=\"229.86226577192994\"> (R\u00e1kosliget 1941. janu\u00e1r 20. &#8211; R\u00e1kosliget 2016. janu\u00e1r 18. )<\/span><\/h1>\n<h2 align=\"left\">tan\u00e1r, helyt\u00f6rt\u00e9n\u00e9sz<\/h2>\n<p align=\"left\"><img loading=\"lazy\" decoding=\"async\" class=\"alignnone size-medium wp-image-894\" src=\"http:\/\/rakosliget.hu\/wordpress\/wp-content\/uploads\/2018\/03\/dombovari-antal-225x300.jpg\" alt=\"\" width=\"225\" height=\"300\" srcset=\"https:\/\/rakosliget.hu\/wordpress\/wp-content\/uploads\/2018\/03\/dombovari-antal-225x300.jpg 225w, https:\/\/rakosliget.hu\/wordpress\/wp-content\/uploads\/2018\/03\/dombovari-antal.jpg 336w\" sizes=\"auto, (max-width: 225px) 100vw, 225px\" \/><\/p>\n<p align=\"left\">Tan\u00e1ri p\u00e1ly\u00e1j\u00e1t 1962-ben H\u00e9v\u00edzgy\u00f6rk\u00f6n kezdte meg. Eg\u00e9szen 1971 &#8211; ig a k\u00f6zs\u00e9g iskol\u00e1j\u00e1ban tan\u00edtott. Ebben az id\u0151szakban \u00edrta meg H\u00e9v\u00edzgy\u00f6rk kr\u00f3nik\u00e1j\u00e1t. <a href=\"http:\/\/www.hevizgyork.hu\/files\/hirmondo\/hirmondo_2014_01.pdf\">R\u00e9szletek, az akkor m\u00e9g k\u00e9sz\u00fcl\u0151 k\u00f6nyvb\u0151l&#8230;<\/a><\/p>\n<p align=\"left\">1971 &#8211; t\u0151l t\u00e9rt vissza a XVII. ker\u00fcletbe. A Diadal \u00fati \u00c1ltal\u00e1nos Iskola igazgat\u00f3helyettesek\u00e9nt ment nyugd\u00edjba. Szoros bar\u00e1ts\u00e1got alak\u00edtott ki Bart\u00f3k Alberttel, akivel k\u00f6z\u00f6sen gondozt\u00e1k R\u00e1kosmente helyt\u00f6rt\u00e9neti gy\u0171jtem\u00e9ny\u00e9t.<\/p>\n<p align=\"left\">T\u00f6bb monogr\u00e1fia \u00e9s oktat\u00e1si seg\u00e9dlet szerz\u0151je, a helyt\u00f6rt\u00e9neti kutat\u00e1sok szakavatott tud\u00f3ja volt.<\/p>\n<p align=\"left\">R\u00e1kosligeten a reform\u00e1tus templom urnatemet\u0151j\u00e9ben lelt \u00f6r\u00f6k nyugalomra 2016 febru\u00e1r 6-\u00e1n.<\/p>\n","protected":false},"excerpt":{"rendered":"<p>dr. Domb\u00f3v\u00e1ri Antal (R\u00e1kosliget 1941. janu\u00e1r 20. &#8211; R\u00e1kosliget 2016. janu\u00e1r 18. ) tan\u00e1r, helyt\u00f6rt\u00e9n\u00e9sz Tan\u00e1ri p\u00e1ly\u00e1j\u00e1t 1962-ben H\u00e9v\u00edzgy\u00f6rk\u00f6n kezdte meg. Eg\u00e9szen 1971 &#8211; ig a k\u00f6zs\u00e9g iskol\u00e1j\u00e1ban tan\u00edtott. Ebben az id\u0151szakban \u00edrta meg H\u00e9v\u00edzgy\u00f6rk kr\u00f3nik\u00e1j\u00e1t. R\u00e9szletek, az akkor m\u00e9g k\u00e9sz\u00fcl\u0151 k\u00f6nyvb\u0151l&#8230; 1971 &#8211; t\u0151l t\u00e9rt vissza a XVII. ker\u00fcletbe. A Diadal \u00fati \u00c1ltal\u00e1nos Iskola &hellip; <a href=\"https:\/\/rakosliget.hu\/wordpress\/index.php\/dr-dombovari-antal\/\" class=\"more-link\"><span class=\"screen-reader-text\">dr. Domb\u00f3v\u00e1ri Antal<\/span> r\u00e9szletei&#8230;<\/a><\/p>\n","protected":false},"author":1,"featured_media":0,"parent":0,"menu_order":0,"comment_status":"closed","ping_status":"closed","template":"","meta":{"footnotes":""},"class_list":["post-893","page","type-page","status-publish","hentry"],"_links":{"self":[{"href":"https:\/\/rakosliget.hu\/wordpress\/index.php\/wp-json\/wp\/v2\/pages\/893","targetHints":{"allow":["GET"]}}],"collection":[{"href":"https:\/\/rakosliget.hu\/wordpress\/index.php\/wp-json\/wp\/v2\/pages"}],"about":[{"href":"https:\/\/rakosliget.hu\/wordpress\/index.php\/wp-json\/wp\/v2\/types\/page"}],"author":[{"embeddable":true,"href":"https:\/\/rakosliget.hu\/wordpress\/index.php\/wp-json\/wp\/v2\/users\/1"}],"replies":[{"embeddable":true,"href":"https:\/\/rakosliget.hu\/wordpress\/index.php\/wp-json\/wp\/v2\/comments?post=893"}],"version-history":[{"count":2,"href":"https:\/\/rakosliget.hu\/wordpress\/index.php\/wp-json\/wp\/v2\/pages\/893\/revisions"}],"predecessor-version":[{"id":896,"href":"https:\/\/rakosliget.hu\/wordpress\/index.php\/wp-json\/wp\/v2\/pages\/893\/revisions\/896"}],"wp:attachment":[{"href":"https:\/\/rakosliget.hu\/wordpress\/index.php\/wp-json\/wp\/v2\/media?parent=893"}],"curies":[{"name":"wp","href":"https:\/\/api.w.org\/{rel}","templated":true}]}}