{"id":890,"date":"2018-03-21T03:29:56","date_gmt":"2018-03-21T02:29:56","guid":{"rendered":"http:\/\/rakosliget.hu\/wordpress\/?page_id=890"},"modified":"2018-03-21T03:30:46","modified_gmt":"2018-03-21T02:30:46","slug":"dolak-jozsef","status":"publish","type":"page","link":"https:\/\/rakosliget.hu\/wordpress\/index.php\/dolak-jozsef\/","title":{"rendered":"Dol\u00e1k J\u00f3zsef"},"content":{"rendered":"<h1 align=\"left\"><span data-canvas-width=\"100.61327977774825\">Dol\u00e1k J\u00f3zsef<\/span><span data-canvas-width=\"227.10892832179937\"> (Oros, 1900-1973)<\/span><\/h1>\n<h2 align=\"left\"><span data-canvas-width=\"314.3258792182594\">az <\/span><span data-canvas-width=\"313.90071429784416\">MKP r\u00e1kosligeti szervezete vezet\u0151s\u00e9gi <\/span><span data-canvas-width=\"313.7626265459144\">tagja<\/span><\/h2>\n<p align=\"left\"><span data-canvas-width=\"262.8700221833911\">Cip\u00e9szseg\u00e9d. 1936-t\u00f3l r\u00e9szt vett a munk\u00e1smozgalomban, 1945-t\u0151l az MKP (MDP, MSZMP) tagja, a felszabadul\u00e1s ut\u00e1n az MKP r\u00e1kosligeti szervezete vezet\u0151s\u00e9gi tagja. A felszabadul\u00e1s ut\u00e1n p\u00e1rtmunk\u00e1s, majd sz\u00f6vetkezet tag. &#8211; Munk\u00e1s-Paraszt Hatalom\u00e9rt Eml\u00e9k\u00e9rem, Felszabadul\u00e1si Jubileumi Eml\u00e9k\u00e9rem. <\/span><\/p>\n","protected":false},"excerpt":{"rendered":"<p>Dol\u00e1k J\u00f3zsef (Oros, 1900-1973) az MKP r\u00e1kosligeti szervezete vezet\u0151s\u00e9gi tagja Cip\u00e9szseg\u00e9d. 1936-t\u00f3l r\u00e9szt vett a munk\u00e1smozgalomban, 1945-t\u0151l az MKP (MDP, MSZMP) tagja, a felszabadul\u00e1s ut\u00e1n az MKP r\u00e1kosligeti szervezete vezet\u0151s\u00e9gi tagja. A felszabadul\u00e1s ut\u00e1n p\u00e1rtmunk\u00e1s, majd sz\u00f6vetkezet tag. &#8211; Munk\u00e1s-Paraszt Hatalom\u00e9rt Eml\u00e9k\u00e9rem, Felszabadul\u00e1si Jubileumi Eml\u00e9k\u00e9rem.<\/p>\n","protected":false},"author":1,"featured_media":0,"parent":0,"menu_order":0,"comment_status":"closed","ping_status":"closed","template":"","meta":{"footnotes":""},"class_list":["post-890","page","type-page","status-publish","hentry"],"_links":{"self":[{"href":"https:\/\/rakosliget.hu\/wordpress\/index.php\/wp-json\/wp\/v2\/pages\/890","targetHints":{"allow":["GET"]}}],"collection":[{"href":"https:\/\/rakosliget.hu\/wordpress\/index.php\/wp-json\/wp\/v2\/pages"}],"about":[{"href":"https:\/\/rakosliget.hu\/wordpress\/index.php\/wp-json\/wp\/v2\/types\/page"}],"author":[{"embeddable":true,"href":"https:\/\/rakosliget.hu\/wordpress\/index.php\/wp-json\/wp\/v2\/users\/1"}],"replies":[{"embeddable":true,"href":"https:\/\/rakosliget.hu\/wordpress\/index.php\/wp-json\/wp\/v2\/comments?post=890"}],"version-history":[{"count":2,"href":"https:\/\/rakosliget.hu\/wordpress\/index.php\/wp-json\/wp\/v2\/pages\/890\/revisions"}],"predecessor-version":[{"id":892,"href":"https:\/\/rakosliget.hu\/wordpress\/index.php\/wp-json\/wp\/v2\/pages\/890\/revisions\/892"}],"wp:attachment":[{"href":"https:\/\/rakosliget.hu\/wordpress\/index.php\/wp-json\/wp\/v2\/media?parent=890"}],"curies":[{"name":"wp","href":"https:\/\/api.w.org\/{rel}","templated":true}]}}