{"id":887,"date":"2018-03-21T03:27:30","date_gmt":"2018-03-21T02:27:30","guid":{"rendered":"http:\/\/rakosliget.hu\/wordpress\/?page_id=887"},"modified":"2018-03-21T03:28:32","modified_gmt":"2018-03-21T02:28:32","slug":"devai-dimak-geza","status":"publish","type":"page","link":"https:\/\/rakosliget.hu\/wordpress\/index.php\/devai-dimak-geza\/","title":{"rendered":"D\u00e9vai (Dim\u00e1k) G\u00e9za"},"content":{"rendered":"<h1 align=\"left\"><span data-canvas-width=\"28.178615766161222\">D\u00e9vai<\/span><span data-canvas-width=\"205.36968210029266\"> (Dim\u00e1k) G\u00e9za (Orosh\u00e1za, 1881- ?)<\/span><\/h1>\n<h2 align=\"left\">R\u00e1kosligeti Nemzeti Bizotts\u00e1g tagja<\/h2>\n<p align=\"left\"><span data-canvas-width=\"262.8700221833911\">M\u00e9rn\u00f6k. 1945-t\u0151l az F\u00fcggetlen Kisgazda P\u00e1rt tagja. 1945s ut\u00e1n nyugd\u00edjas M\u00c1V m\u0171szaki f\u0151tan\u00e1csos. 1948-ban a R\u00e1kosligeti Nemzeti Bizotts\u00e1g tagja. <\/span><\/p>\n","protected":false},"excerpt":{"rendered":"<p>D\u00e9vai (Dim\u00e1k) G\u00e9za (Orosh\u00e1za, 1881- ?) R\u00e1kosligeti Nemzeti Bizotts\u00e1g tagja M\u00e9rn\u00f6k. 1945-t\u0151l az F\u00fcggetlen Kisgazda P\u00e1rt tagja. 1945s ut\u00e1n nyugd\u00edjas M\u00c1V m\u0171szaki f\u0151tan\u00e1csos. 1948-ban a R\u00e1kosligeti Nemzeti Bizotts\u00e1g tagja.<\/p>\n","protected":false},"author":1,"featured_media":0,"parent":0,"menu_order":0,"comment_status":"closed","ping_status":"closed","template":"","meta":{"footnotes":""},"class_list":["post-887","page","type-page","status-publish","hentry"],"_links":{"self":[{"href":"https:\/\/rakosliget.hu\/wordpress\/index.php\/wp-json\/wp\/v2\/pages\/887","targetHints":{"allow":["GET"]}}],"collection":[{"href":"https:\/\/rakosliget.hu\/wordpress\/index.php\/wp-json\/wp\/v2\/pages"}],"about":[{"href":"https:\/\/rakosliget.hu\/wordpress\/index.php\/wp-json\/wp\/v2\/types\/page"}],"author":[{"embeddable":true,"href":"https:\/\/rakosliget.hu\/wordpress\/index.php\/wp-json\/wp\/v2\/users\/1"}],"replies":[{"embeddable":true,"href":"https:\/\/rakosliget.hu\/wordpress\/index.php\/wp-json\/wp\/v2\/comments?post=887"}],"version-history":[{"count":2,"href":"https:\/\/rakosliget.hu\/wordpress\/index.php\/wp-json\/wp\/v2\/pages\/887\/revisions"}],"predecessor-version":[{"id":889,"href":"https:\/\/rakosliget.hu\/wordpress\/index.php\/wp-json\/wp\/v2\/pages\/887\/revisions\/889"}],"wp:attachment":[{"href":"https:\/\/rakosliget.hu\/wordpress\/index.php\/wp-json\/wp\/v2\/media?parent=887"}],"curies":[{"name":"wp","href":"https:\/\/api.w.org\/{rel}","templated":true}]}}