{"id":883,"date":"2018-03-21T03:25:18","date_gmt":"2018-03-21T02:25:18","guid":{"rendered":"http:\/\/rakosliget.hu\/wordpress\/?page_id=883"},"modified":"2018-03-21T03:26:35","modified_gmt":"2018-03-21T02:26:35","slug":"degi-jeno","status":"publish","type":"page","link":"https:\/\/rakosliget.hu\/wordpress\/index.php\/degi-jeno\/","title":{"rendered":"D\u00e9gi Jen\u0151"},"content":{"rendered":"<h1 align=\"left\"><span data-canvas-width=\"58.94042407947021\">D\u00e9gi Jen\u0151<\/span><span data-canvas-width=\"10.649204026490068\"> (<\/span><span data-canvas-width=\"57.382070543046375\">R\u00e1kosliget<\/span><span data-canvas-width=\"123.53158545695365\">, 1900-1967)<\/span><\/h1>\n<h2 align=\"left\">r\u00e1kosligeti aljegyz\u0151, k\u00e9pvisel\u0151 test\u00fcleti tag<\/h2>\n<p align=\"left\"><span data-canvas-width=\"262.8700221833911\">Villanyszerel\u0151. 1918-t\u00f3l vett r\u00e9szt a munk\u00e1smozgalomban, 1945-t\u0151l az MKP (MDP, MSZMP) tagja. 1919-ben v\u00f6r\u00f6skatona, az ellenforradalmi rendszer idej\u00e9n intern\u00e1lt\u00e1k. 1945 ut\u00e1n R\u00e1kosligeten aljegyz\u0151. 1947-t\u0151l Kiskunf\u00e9legyh\u00e1z\u00e1n vezet\u0151jegyz\u0151. 1945-1946-ban az MKP r\u00e1kosligeti szervezet\u00e9nek a titk\u00e1ra. 1945-ben a j\u00e1r\u00e1si Nemzeti Bizotts\u00e1g tagja, a R\u00e1kosligeti Nemzeti Bizotts\u00e1g titk\u00e1ra, 1945-1946-ban a k\u00e9pvisel\u0151-test\u00fclet tagja. <\/span><\/p>\n","protected":false},"excerpt":{"rendered":"<p>D\u00e9gi Jen\u0151 (R\u00e1kosliget, 1900-1967) r\u00e1kosligeti aljegyz\u0151, k\u00e9pvisel\u0151 test\u00fcleti tag Villanyszerel\u0151. 1918-t\u00f3l vett r\u00e9szt a munk\u00e1smozgalomban, 1945-t\u0151l az MKP (MDP, MSZMP) tagja. 1919-ben v\u00f6r\u00f6skatona, az ellenforradalmi rendszer idej\u00e9n intern\u00e1lt\u00e1k. 1945 ut\u00e1n R\u00e1kosligeten aljegyz\u0151. 1947-t\u0151l Kiskunf\u00e9legyh\u00e1z\u00e1n vezet\u0151jegyz\u0151. 1945-1946-ban az MKP r\u00e1kosligeti szervezet\u00e9nek a titk\u00e1ra. 1945-ben a j\u00e1r\u00e1si Nemzeti Bizotts\u00e1g tagja, a R\u00e1kosligeti Nemzeti Bizotts\u00e1g titk\u00e1ra, 1945-1946-ban a &hellip; <a href=\"https:\/\/rakosliget.hu\/wordpress\/index.php\/degi-jeno\/\" class=\"more-link\"><span class=\"screen-reader-text\">D\u00e9gi Jen\u0151<\/span> r\u00e9szletei&#8230;<\/a><\/p>\n","protected":false},"author":1,"featured_media":0,"parent":0,"menu_order":0,"comment_status":"closed","ping_status":"closed","template":"","meta":{"footnotes":""},"class_list":["post-883","page","type-page","status-publish","hentry"],"_links":{"self":[{"href":"https:\/\/rakosliget.hu\/wordpress\/index.php\/wp-json\/wp\/v2\/pages\/883","targetHints":{"allow":["GET"]}}],"collection":[{"href":"https:\/\/rakosliget.hu\/wordpress\/index.php\/wp-json\/wp\/v2\/pages"}],"about":[{"href":"https:\/\/rakosliget.hu\/wordpress\/index.php\/wp-json\/wp\/v2\/types\/page"}],"author":[{"embeddable":true,"href":"https:\/\/rakosliget.hu\/wordpress\/index.php\/wp-json\/wp\/v2\/users\/1"}],"replies":[{"embeddable":true,"href":"https:\/\/rakosliget.hu\/wordpress\/index.php\/wp-json\/wp\/v2\/comments?post=883"}],"version-history":[{"count":2,"href":"https:\/\/rakosliget.hu\/wordpress\/index.php\/wp-json\/wp\/v2\/pages\/883\/revisions"}],"predecessor-version":[{"id":885,"href":"https:\/\/rakosliget.hu\/wordpress\/index.php\/wp-json\/wp\/v2\/pages\/883\/revisions\/885"}],"wp:attachment":[{"href":"https:\/\/rakosliget.hu\/wordpress\/index.php\/wp-json\/wp\/v2\/media?parent=883"}],"curies":[{"name":"wp","href":"https:\/\/api.w.org\/{rel}","templated":true}]}}