{"id":8824,"date":"2020-12-18T18:14:51","date_gmt":"2020-12-18T17:14:51","guid":{"rendered":"http:\/\/rakosliget.hu\/wordpress\/?page_id=8824"},"modified":"2020-12-18T18:24:38","modified_gmt":"2020-12-18T17:24:38","slug":"testnevelesi-bizottsag","status":"publish","type":"page","link":"https:\/\/rakosliget.hu\/wordpress\/index.php\/testnevelesi-bizottsag\/","title":{"rendered":"TESTNEVEL\u00c9SI BIZOTTS\u00c1G"},"content":{"rendered":"\n<p><em>Az oldal indult: 2020. 12. 18.<\/em><\/p>\n\n\n\n<h4 class=\"wp-block-heading\">1931<\/h4>\n\n\n\n<p><strong>PEST-PILIS-SOLT-KISKUN V\u00c1RMEGYE HIVATALOS LAPJA 1931<\/strong> (29. \u00e9vfolyam)<br>A k\u00f6zs\u00e9gi v\u00e1rosi testnevel\u00e9si bizotts\u00e1gok megalak\u00edt\u00e1sa.<\/p>\n\n\n\n<p>A f\u0151isp\u00e1n az 1921 \u00e9vi LIII. t.-c. v\u00e9grehajt\u00e1sa t\u00e1rgy\u00e1ban kiadott 9000\u20141924. V. K. M. sz\u00e1m\u00fa rendelet 15. \u00a7-\u00e1nak 2. bekezd\u00e9s\u00e9ben biztos\u00edtott hat\u00e1sk\u00f6r\u00e9ben a megyei v\u00e1rosok \u00e9s k\u00f6zs\u00e9gek testnevel\u00e9si bizotts\u00e1gaiba 3 \u00e9vi id\u0151tartalommal 3\u20143 egy\u00e9nt kinevezett.<br>A kinevezett tagoknak n\u00e9vsor\u00e1t al\u00e1bb k\u00f6z\u00f6lve, felh\u00edvom a megyei v\u00e1rosok polg\u00e1rmestereit \u00e9s a k\u00f6zs\u00e9gek el\u00f6lj\u00e1r\u00f3s\u00e1gait, hogy a kinevez\u00e9st a kinevezettekkel \u00edr\u00e1sban k\u00f6z\u00f6lj\u00e9k \u00e9s az \u00faj testnevel\u00e9si bizotts\u00e1got megalakul\u00e1s v\u00e9gett s\u00fcrg\u0151sen h\u00edvj\u00e1k \u00f6ssze.<br>R\u00e1kosliget: 1. Holl\u00f3 Zolt\u00e1n, 2. dr. Rozsnyay B\u00e9la, 3. Bacs\u00f3 L\u00e1szl\u00f3.<\/p>\n","protected":false},"excerpt":{"rendered":"<p>Az oldal indult: 2020. 12. 18. 1931 PEST-PILIS-SOLT-KISKUN V\u00c1RMEGYE HIVATALOS LAPJA 1931 (29. \u00e9vfolyam)A k\u00f6zs\u00e9gi v\u00e1rosi testnevel\u00e9si bizotts\u00e1gok megalak\u00edt\u00e1sa. A f\u0151isp\u00e1n az 1921 \u00e9vi LIII. t.-c. v\u00e9grehajt\u00e1sa t\u00e1rgy\u00e1ban kiadott 9000\u20141924. V. K. M. sz\u00e1m\u00fa rendelet 15. \u00a7-\u00e1nak 2. bekezd\u00e9s\u00e9ben biztos\u00edtott hat\u00e1sk\u00f6r\u00e9ben a megyei v\u00e1rosok \u00e9s k\u00f6zs\u00e9gek testnevel\u00e9si bizotts\u00e1gaiba 3 \u00e9vi id\u0151tartalommal 3\u20143 egy\u00e9nt kinevezett.A kinevezett &hellip; <a href=\"https:\/\/rakosliget.hu\/wordpress\/index.php\/testnevelesi-bizottsag\/\" class=\"more-link\"><span class=\"screen-reader-text\">TESTNEVEL\u00c9SI BIZOTTS\u00c1G<\/span> r\u00e9szletei&#8230;<\/a><\/p>\n","protected":false},"author":1,"featured_media":0,"parent":0,"menu_order":0,"comment_status":"closed","ping_status":"closed","template":"","meta":{"footnotes":""},"class_list":["post-8824","page","type-page","status-publish","hentry"],"_links":{"self":[{"href":"https:\/\/rakosliget.hu\/wordpress\/index.php\/wp-json\/wp\/v2\/pages\/8824","targetHints":{"allow":["GET"]}}],"collection":[{"href":"https:\/\/rakosliget.hu\/wordpress\/index.php\/wp-json\/wp\/v2\/pages"}],"about":[{"href":"https:\/\/rakosliget.hu\/wordpress\/index.php\/wp-json\/wp\/v2\/types\/page"}],"author":[{"embeddable":true,"href":"https:\/\/rakosliget.hu\/wordpress\/index.php\/wp-json\/wp\/v2\/users\/1"}],"replies":[{"embeddable":true,"href":"https:\/\/rakosliget.hu\/wordpress\/index.php\/wp-json\/wp\/v2\/comments?post=8824"}],"version-history":[{"count":4,"href":"https:\/\/rakosliget.hu\/wordpress\/index.php\/wp-json\/wp\/v2\/pages\/8824\/revisions"}],"predecessor-version":[{"id":8831,"href":"https:\/\/rakosliget.hu\/wordpress\/index.php\/wp-json\/wp\/v2\/pages\/8824\/revisions\/8831"}],"wp:attachment":[{"href":"https:\/\/rakosliget.hu\/wordpress\/index.php\/wp-json\/wp\/v2\/media?parent=8824"}],"curies":[{"name":"wp","href":"https:\/\/api.w.org\/{rel}","templated":true}]}}