{"id":877,"date":"2018-03-21T03:22:58","date_gmt":"2018-03-21T02:22:58","guid":{"rendered":"http:\/\/rakosliget.hu\/wordpress\/?page_id=877"},"modified":"2018-03-21T03:23:06","modified_gmt":"2018-03-21T02:23:06","slug":"deak-vilmos","status":"publish","type":"page","link":"https:\/\/rakosliget.hu\/wordpress\/index.php\/deak-vilmos\/","title":{"rendered":"De\u00e1k Vilmos"},"content":{"rendered":"<h1 align=\"left\"><span data-canvas-width=\"66.26855378345306\">De\u00e1k Vilmos<\/span><span data-canvas-width=\"171.2760781657356\"> (Dunapentele, 1907-1967)<\/span><\/h1>\n<h2 align=\"left\">r\u00e1kosligeti ideiglenes k\u00e9pvisel\u0151 test\u00fcleti tag<\/h2>\n<p align=\"left\"><span data-canvas-width=\"171.2760781657356\">V\u00e1m<\/span><span data-canvas-width=\"234.61622797073696\">kezel\u0151. A 30-as \u00e9vekt\u0151l 1948-ig az SZDP <\/span><span data-canvas-width=\"234.232238574887\">tagja. 1945-ben a R\u00e1kosligeti Nemzeti Bizotts\u00e1g \u00e9s az <\/span><span data-canvas-width=\"174.9530675320564\">ideiglenes k\u00e9pvisel\u0151-test\u00fclet tagja. <\/span><\/p>\n","protected":false},"excerpt":{"rendered":"<p>De\u00e1k Vilmos (Dunapentele, 1907-1967) r\u00e1kosligeti ideiglenes k\u00e9pvisel\u0151 test\u00fcleti tag V\u00e1mkezel\u0151. A 30-as \u00e9vekt\u0151l 1948-ig az SZDP tagja. 1945-ben a R\u00e1kosligeti Nemzeti Bizotts\u00e1g \u00e9s az ideiglenes k\u00e9pvisel\u0151-test\u00fclet tagja.<\/p>\n","protected":false},"author":1,"featured_media":0,"parent":0,"menu_order":0,"comment_status":"closed","ping_status":"closed","template":"","meta":{"footnotes":""},"class_list":["post-877","page","type-page","status-publish","hentry"],"_links":{"self":[{"href":"https:\/\/rakosliget.hu\/wordpress\/index.php\/wp-json\/wp\/v2\/pages\/877","targetHints":{"allow":["GET"]}}],"collection":[{"href":"https:\/\/rakosliget.hu\/wordpress\/index.php\/wp-json\/wp\/v2\/pages"}],"about":[{"href":"https:\/\/rakosliget.hu\/wordpress\/index.php\/wp-json\/wp\/v2\/types\/page"}],"author":[{"embeddable":true,"href":"https:\/\/rakosliget.hu\/wordpress\/index.php\/wp-json\/wp\/v2\/users\/1"}],"replies":[{"embeddable":true,"href":"https:\/\/rakosliget.hu\/wordpress\/index.php\/wp-json\/wp\/v2\/comments?post=877"}],"version-history":[{"count":2,"href":"https:\/\/rakosliget.hu\/wordpress\/index.php\/wp-json\/wp\/v2\/pages\/877\/revisions"}],"predecessor-version":[{"id":879,"href":"https:\/\/rakosliget.hu\/wordpress\/index.php\/wp-json\/wp\/v2\/pages\/877\/revisions\/879"}],"wp:attachment":[{"href":"https:\/\/rakosliget.hu\/wordpress\/index.php\/wp-json\/wp\/v2\/media?parent=877"}],"curies":[{"name":"wp","href":"https:\/\/api.w.org\/{rel}","templated":true}]}}