{"id":8759,"date":"2020-12-09T12:37:09","date_gmt":"2020-12-09T11:37:09","guid":{"rendered":"http:\/\/rakosliget.hu\/wordpress\/?page_id=8759"},"modified":"2021-11-19T06:42:07","modified_gmt":"2021-11-19T05:42:07","slug":"a-regi-rakosligeti-zsidotemeto","status":"publish","type":"page","link":"https:\/\/rakosliget.hu\/wordpress\/index.php\/a-regi-rakosligeti-zsidotemeto\/","title":{"rendered":"A R\u00c9GI R\u00c1KOSLIGETI ZSID\u00d3 TEMET\u0150"},"content":{"rendered":"\n<figure class=\"wp-block-gallery columns-3 wp-block-gallery-1 is-layout-flex wp-block-gallery-is-layout-flex\"><ul class=\"blocks-gallery-grid\"><li class=\"blocks-gallery-item\"><figure><img loading=\"lazy\" decoding=\"async\" width=\"800\" height=\"530\" src=\"http:\/\/rakosliget.hu\/wordpress\/wp-content\/uploads\/2020\/12\/zsido1.jpg\" alt=\"\" data-id=\"8761\" data-full-url=\"http:\/\/rakosliget.hu\/wordpress\/wp-content\/uploads\/2020\/12\/zsido1.jpg\" data-link=\"http:\/\/rakosliget.hu\/wordpress\/index.php\/a-regi-rakosligeti-zsidotemeto\/islbg-6\/\" class=\"wp-image-8761\" srcset=\"https:\/\/rakosliget.hu\/wordpress\/wp-content\/uploads\/2020\/12\/zsido1.jpg 800w, https:\/\/rakosliget.hu\/wordpress\/wp-content\/uploads\/2020\/12\/zsido1-300x199.jpg 300w, https:\/\/rakosliget.hu\/wordpress\/wp-content\/uploads\/2020\/12\/zsido1-768x509.jpg 768w\" sizes=\"auto, (max-width: 800px) 100vw, 800px\" \/><figcaption class=\"blocks-gallery-item__caption\"><a href=\"http:\/\/rakosliget.hu\/wordpress\/wp-content\/uploads\/2020\/12\/zsido1.jpg\">Kenyeres M\u00e1rton<\/a><\/figcaption><\/figure><\/li><li class=\"blocks-gallery-item\"><figure><img loading=\"lazy\" decoding=\"async\" width=\"351\" height=\"530\" src=\"http:\/\/rakosliget.hu\/wordpress\/wp-content\/uploads\/2020\/12\/zsido2.jpg\" alt=\"\" data-id=\"8762\" data-full-url=\"http:\/\/rakosliget.hu\/wordpress\/wp-content\/uploads\/2020\/12\/zsido2.jpg\" data-link=\"http:\/\/rakosliget.hu\/wordpress\/index.php\/a-regi-rakosligeti-zsidotemeto\/islbg-7\/\" class=\"wp-image-8762\" srcset=\"https:\/\/rakosliget.hu\/wordpress\/wp-content\/uploads\/2020\/12\/zsido2.jpg 351w, https:\/\/rakosliget.hu\/wordpress\/wp-content\/uploads\/2020\/12\/zsido2-199x300.jpg 199w\" sizes=\"auto, (max-width: 351px) 100vw, 351px\" \/><figcaption class=\"blocks-gallery-item__caption\"><a href=\"http:\/\/rakosliget.hu\/wordpress\/wp-content\/uploads\/2020\/12\/zsido2.jpg\">Wieder Salamon s\u00edrja<\/a><\/figcaption><\/figure><\/li><li class=\"blocks-gallery-item\"><figure><img loading=\"lazy\" decoding=\"async\" width=\"900\" height=\"597\" src=\"http:\/\/rakosliget.hu\/wordpress\/wp-content\/uploads\/2020\/12\/zsido3.jpg\" alt=\"\" data-id=\"8763\" data-full-url=\"http:\/\/rakosliget.hu\/wordpress\/wp-content\/uploads\/2020\/12\/zsido3.jpg\" data-link=\"http:\/\/rakosliget.hu\/wordpress\/index.php\/a-regi-rakosligeti-zsidotemeto\/islbg-8\/\" class=\"wp-image-8763\" srcset=\"https:\/\/rakosliget.hu\/wordpress\/wp-content\/uploads\/2020\/12\/zsido3.jpg 900w, https:\/\/rakosliget.hu\/wordpress\/wp-content\/uploads\/2020\/12\/zsido3-300x199.jpg 300w, https:\/\/rakosliget.hu\/wordpress\/wp-content\/uploads\/2020\/12\/zsido3-768x509.jpg 768w\" sizes=\"auto, (max-width: 900px) 100vw, 900px\" \/><figcaption class=\"blocks-gallery-item__caption\"><a href=\"http:\/\/rakosliget.hu\/wordpress\/wp-content\/uploads\/2020\/12\/zsido3.jpg\">IslBG<\/a><\/figcaption><\/figure><\/li><li class=\"blocks-gallery-item\"><figure><img loading=\"lazy\" decoding=\"async\" width=\"900\" height=\"597\" src=\"http:\/\/rakosliget.hu\/wordpress\/wp-content\/uploads\/2020\/12\/zsido4.jpg\" alt=\"\" data-id=\"8764\" data-full-url=\"http:\/\/rakosliget.hu\/wordpress\/wp-content\/uploads\/2020\/12\/zsido4.jpg\" data-link=\"http:\/\/rakosliget.hu\/wordpress\/index.php\/a-regi-rakosligeti-zsidotemeto\/islbg-9\/\" class=\"wp-image-8764\" srcset=\"https:\/\/rakosliget.hu\/wordpress\/wp-content\/uploads\/2020\/12\/zsido4.jpg 900w, https:\/\/rakosliget.hu\/wordpress\/wp-content\/uploads\/2020\/12\/zsido4-300x199.jpg 300w, https:\/\/rakosliget.hu\/wordpress\/wp-content\/uploads\/2020\/12\/zsido4-768x509.jpg 768w\" sizes=\"auto, (max-width: 900px) 100vw, 900px\" \/><figcaption class=\"blocks-gallery-item__caption\"><a href=\"http:\/\/rakosliget.hu\/wordpress\/wp-content\/uploads\/2020\/12\/zsido4.jpg\">IslBG<\/a><\/figcaption><\/figure><\/li><li class=\"blocks-gallery-item\"><figure><img loading=\"lazy\" decoding=\"async\" width=\"351\" height=\"530\" src=\"http:\/\/rakosliget.hu\/wordpress\/wp-content\/uploads\/2020\/12\/zsido5.jpg\" alt=\"\" data-id=\"8765\" data-full-url=\"http:\/\/rakosliget.hu\/wordpress\/wp-content\/uploads\/2020\/12\/zsido5.jpg\" data-link=\"http:\/\/rakosliget.hu\/wordpress\/index.php\/a-regi-rakosligeti-zsidotemeto\/islbg-10\/\" class=\"wp-image-8765\" srcset=\"https:\/\/rakosliget.hu\/wordpress\/wp-content\/uploads\/2020\/12\/zsido5.jpg 351w, https:\/\/rakosliget.hu\/wordpress\/wp-content\/uploads\/2020\/12\/zsido5-199x300.jpg 199w\" sizes=\"auto, (max-width: 351px) 100vw, 351px\" \/><figcaption class=\"blocks-gallery-item__caption\"><a href=\"http:\/\/rakosliget.hu\/wordpress\/wp-content\/uploads\/2020\/12\/zsido5.jpg\">Kem\u00e9ny S\u00e1ndorn\u00e9 s\u00edrja<\/a><\/figcaption><\/figure><\/li><li class=\"blocks-gallery-item\"><figure><img loading=\"lazy\" decoding=\"async\" width=\"800\" height=\"600\" src=\"http:\/\/rakosliget.hu\/wordpress\/wp-content\/uploads\/2020\/12\/zsido6.jpg\" alt=\"\" data-id=\"8767\" data-full-url=\"http:\/\/rakosliget.hu\/wordpress\/wp-content\/uploads\/2020\/12\/zsido6.jpg\" data-link=\"http:\/\/rakosliget.hu\/wordpress\/index.php\/a-regi-rakosligeti-zsidotemeto\/zsido6-2\/\" class=\"wp-image-8767\" srcset=\"https:\/\/rakosliget.hu\/wordpress\/wp-content\/uploads\/2020\/12\/zsido6.jpg 800w, https:\/\/rakosliget.hu\/wordpress\/wp-content\/uploads\/2020\/12\/zsido6-300x225.jpg 300w, https:\/\/rakosliget.hu\/wordpress\/wp-content\/uploads\/2020\/12\/zsido6-768x576.jpg 768w\" sizes=\"auto, (max-width: 800px) 100vw, 800px\" \/><figcaption class=\"blocks-gallery-item__caption\"><a href=\"http:\/\/rakosliget.hu\/wordpress\/wp-content\/uploads\/2020\/12\/zsido6.jpg\">Nagy k\u00e9p<\/a><\/figcaption><\/figure><\/li><li class=\"blocks-gallery-item\"><figure><img loading=\"lazy\" decoding=\"async\" width=\"800\" height=\"600\" src=\"http:\/\/rakosliget.hu\/wordpress\/wp-content\/uploads\/2020\/12\/zsido7.jpg\" alt=\"\" data-id=\"8768\" data-full-url=\"http:\/\/rakosliget.hu\/wordpress\/wp-content\/uploads\/2020\/12\/zsido7.jpg\" data-link=\"http:\/\/rakosliget.hu\/wordpress\/index.php\/a-regi-rakosligeti-zsidotemeto\/zsido7-2\/\" class=\"wp-image-8768\" srcset=\"https:\/\/rakosliget.hu\/wordpress\/wp-content\/uploads\/2020\/12\/zsido7.jpg 800w, https:\/\/rakosliget.hu\/wordpress\/wp-content\/uploads\/2020\/12\/zsido7-300x225.jpg 300w, https:\/\/rakosliget.hu\/wordpress\/wp-content\/uploads\/2020\/12\/zsido7-768x576.jpg 768w\" sizes=\"auto, (max-width: 800px) 100vw, 800px\" \/><figcaption class=\"blocks-gallery-item__caption\"><a href=\"http:\/\/rakosliget.hu\/wordpress\/wp-content\/uploads\/2020\/12\/zsido7.jpg\"> A temet\u0151 r\u00e9gi halottash\u00e1za, gondnoki lak\u00e1sa<\/a><\/figcaption><\/figure><\/li><\/ul><\/figure>\n\n\n\n<p>A temet\u0151t 1947 \u00f3ta nem haszn\u00e1lj\u00e1k. <\/p>\n","protected":false},"excerpt":{"rendered":"<p>A temet\u0151t 1947 \u00f3ta nem haszn\u00e1lj\u00e1k.<\/p>\n","protected":false},"author":1,"featured_media":0,"parent":0,"menu_order":0,"comment_status":"closed","ping_status":"closed","template":"","meta":{"footnotes":""},"class_list":["post-8759","page","type-page","status-publish","hentry"],"_links":{"self":[{"href":"https:\/\/rakosliget.hu\/wordpress\/index.php\/wp-json\/wp\/v2\/pages\/8759","targetHints":{"allow":["GET"]}}],"collection":[{"href":"https:\/\/rakosliget.hu\/wordpress\/index.php\/wp-json\/wp\/v2\/pages"}],"about":[{"href":"https:\/\/rakosliget.hu\/wordpress\/index.php\/wp-json\/wp\/v2\/types\/page"}],"author":[{"embeddable":true,"href":"https:\/\/rakosliget.hu\/wordpress\/index.php\/wp-json\/wp\/v2\/users\/1"}],"replies":[{"embeddable":true,"href":"https:\/\/rakosliget.hu\/wordpress\/index.php\/wp-json\/wp\/v2\/comments?post=8759"}],"version-history":[{"count":7,"href":"https:\/\/rakosliget.hu\/wordpress\/index.php\/wp-json\/wp\/v2\/pages\/8759\/revisions"}],"predecessor-version":[{"id":9640,"href":"https:\/\/rakosliget.hu\/wordpress\/index.php\/wp-json\/wp\/v2\/pages\/8759\/revisions\/9640"}],"wp:attachment":[{"href":"https:\/\/rakosliget.hu\/wordpress\/index.php\/wp-json\/wp\/v2\/media?parent=8759"}],"curies":[{"name":"wp","href":"https:\/\/api.w.org\/{rel}","templated":true}]}}