{"id":874,"date":"2018-03-21T03:22:06","date_gmt":"2018-03-21T02:22:06","guid":{"rendered":"http:\/\/rakosliget.hu\/wordpress\/?page_id=874"},"modified":"2018-03-21T03:22:06","modified_gmt":"2018-03-21T02:22:06","slug":"csertoy-gyula","status":"publish","type":"page","link":"https:\/\/rakosliget.hu\/wordpress\/index.php\/csertoy-gyula\/","title":{"rendered":"Csert\u0151y Gyula"},"content":{"rendered":"<h1 align=\"left\"><span data-canvas-width=\"75.13909669566377\">Csert\u0151y Gyula<\/span><span data-canvas-width=\"161.59230518621982\"> (Gyoma, 1889-1964)<\/span><\/h1>\n<h2 align=\"left\">r\u00e1kosligeti k\u00e9pvisel\u0151 test\u00fcleti tag<\/h2>\n<p align=\"left\">\n<p align=\"left\"><span data-canvas-width=\"161.59230518621982\">Polg\u00e1ri <\/span><span data-canvas-width=\"229.7782201617452\">iskolai tan\u00e1r. 1945-1948-ban az SZDP tagja. <\/span><span data-canvas-width=\"229.89199479755257\">1911-t\u0151l a r\u00e1kosligeti polg\u00e1ri iskola tan\u00e1ra. <\/span><span data-canvas-width=\"230.9638035826018\">1945 el\u0151tt az Orsz\u00e1gos Polg\u00e1ri <\/span><span data-canvas-width=\"216.8635061040171\">Iskolai Tan\u00e1regyes\u00fclet jegyz\u0151je. 1945-ben<\/span><span data-canvas-width=\"14.63167674354882\"> a <\/span><span data-canvas-width=\"226.6558821449854\">R\u00e1kosligeti Nemzeti Bizotts\u00e1g eln\u00f6ke, az ideiglenes k\u00e9pvisel\u0151-test\u00fclet<\/span><span data-canvas-width=\"102.2743473357276\"> tagja. <\/span><\/p>\n","protected":false},"excerpt":{"rendered":"<p>Csert\u0151y Gyula (Gyoma, 1889-1964) r\u00e1kosligeti k\u00e9pvisel\u0151 test\u00fcleti tag Polg\u00e1ri iskolai tan\u00e1r. 1945-1948-ban az SZDP tagja. 1911-t\u0151l a r\u00e1kosligeti polg\u00e1ri iskola tan\u00e1ra. 1945 el\u0151tt az Orsz\u00e1gos Polg\u00e1ri Iskolai Tan\u00e1regyes\u00fclet jegyz\u0151je. 1945-ben a R\u00e1kosligeti Nemzeti Bizotts\u00e1g eln\u00f6ke, az ideiglenes k\u00e9pvisel\u0151-test\u00fclet tagja.<\/p>\n","protected":false},"author":1,"featured_media":0,"parent":0,"menu_order":0,"comment_status":"closed","ping_status":"closed","template":"","meta":{"footnotes":""},"class_list":["post-874","page","type-page","status-publish","hentry"],"_links":{"self":[{"href":"https:\/\/rakosliget.hu\/wordpress\/index.php\/wp-json\/wp\/v2\/pages\/874","targetHints":{"allow":["GET"]}}],"collection":[{"href":"https:\/\/rakosliget.hu\/wordpress\/index.php\/wp-json\/wp\/v2\/pages"}],"about":[{"href":"https:\/\/rakosliget.hu\/wordpress\/index.php\/wp-json\/wp\/v2\/types\/page"}],"author":[{"embeddable":true,"href":"https:\/\/rakosliget.hu\/wordpress\/index.php\/wp-json\/wp\/v2\/users\/1"}],"replies":[{"embeddable":true,"href":"https:\/\/rakosliget.hu\/wordpress\/index.php\/wp-json\/wp\/v2\/comments?post=874"}],"version-history":[{"count":1,"href":"https:\/\/rakosliget.hu\/wordpress\/index.php\/wp-json\/wp\/v2\/pages\/874\/revisions"}],"predecessor-version":[{"id":875,"href":"https:\/\/rakosliget.hu\/wordpress\/index.php\/wp-json\/wp\/v2\/pages\/874\/revisions\/875"}],"wp:attachment":[{"href":"https:\/\/rakosliget.hu\/wordpress\/index.php\/wp-json\/wp\/v2\/media?parent=874"}],"curies":[{"name":"wp","href":"https:\/\/api.w.org\/{rel}","templated":true}]}}