{"id":8739,"date":"2020-12-09T09:41:35","date_gmt":"2020-12-09T08:41:35","guid":{"rendered":"http:\/\/rakosliget.hu\/wordpress\/?page_id=8739"},"modified":"2026-01-02T08:11:35","modified_gmt":"2026-01-02T07:11:35","slug":"birosag","status":"publish","type":"page","link":"https:\/\/rakosliget.hu\/wordpress\/index.php\/birosag\/","title":{"rendered":"B\u00cdR\u00d3S\u00c1G"},"content":{"rendered":"<div class=\"wp-block-image\">\n<figure class=\"aligncenter size-large\"><a href=\"http:\/\/rakosliget.hu\/wordpress\/wp-content\/uploads\/2020\/12\/zsinagoga2.jpg\"><img loading=\"lazy\" decoding=\"async\" width=\"480\" height=\"280\" src=\"http:\/\/rakosliget.hu\/wordpress\/wp-content\/uploads\/2020\/12\/zsinagoga2.jpg\" alt=\"\" class=\"wp-image-8743\" srcset=\"https:\/\/rakosliget.hu\/wordpress\/wp-content\/uploads\/2020\/12\/zsinagoga2.jpg 480w, https:\/\/rakosliget.hu\/wordpress\/wp-content\/uploads\/2020\/12\/zsinagoga2-300x175.jpg 300w\" sizes=\"auto, (max-width: 480px) 100vw, 480px\" \/><\/a><figcaption class=\"wp-element-caption\">Az \u00fcresen \u00e1ll\u00f3 zsinag\u00f3ga, mint XVII. ker\u00fcleti b\u00edr\u00f3s\u00e1g<\/figcaption><\/figure>\n<\/div>\n\n<div class=\"wp-block-image\">\n<figure class=\"aligncenter size-large\"><a href=\"http:\/\/rakosliget.hu\/wordpress\/wp-content\/uploads\/2020\/12\/tothodon.jpg\"><img loading=\"lazy\" decoding=\"async\" width=\"150\" height=\"170\" src=\"http:\/\/rakosliget.hu\/wordpress\/wp-content\/uploads\/2020\/12\/tothodon.jpg\" alt=\"\" class=\"wp-image-8745\"\/><\/a><figcaption class=\"wp-element-caption\">DR T\u00d3TH \u00d6D\u00d6N<\/figcaption><\/figure>\n<\/div>\n\n\n<p><br>F\u0151v\u00e1rosi B\u00edr\u00f3s\u00e1gi tan\u00e1cseln\u00f6k, megyei b\u00edr\u00f3s\u00e1gi tan\u00e1csos<\/p>\n\n\n\n<ol start=\"1955\" class=\"wp-block-list\">\n<li>\u00e1prilis 26-\u00e1nn nevezt\u00e9k ki b\u00edr\u00f3nak a XVII. Ker\u00fcleti B\u00edr\u00f3s\u00e1gra.<\/li>\n<\/ol>\n\n\n\n<p>1958-64-ig a Pesti K\u00f6zponti Ker\u00fcleti B\u00edr\u00f3s\u00e1gon (PKKB) az els\u0151 h\u00e1rom \u00e9vben b\u00fcntet\u0151, majd polg\u00e1ri \u00fcgyszakos b\u00edr\u00f3.<\/p>\n\n\n\n<p>1964-1979-ig ism\u00e9t a XVII. Ker\u00fcleti B\u00edr\u00f3s\u00e1g b\u00edr\u00e1ja, 1968-1979-ig a b\u00edr\u00f3s\u00e1g eln\u00f6ke.<\/p>\n\n\n\n<ol start=\"1955\" class=\"wp-block-list\">\n<li>\u00e1prilis 26-\u00e1n nevezt\u00e9k ki b\u00edr\u00f3nak a XVII. Ker\u00fcleti B\u00edr\u00f3s\u00e1gra, R\u00e1kosligetre, ahol egyszerre volt b\u00fcntet\u0151 \u00e9s polg\u00e1ri b\u00edr\u00f3. Megtehette, mert akkor m\u00e9g nagyon kev\u00e9s \u00fcgy volt, \u00e9s mert azt gondolta, nem \u00e1rt tudni mindkett\u0151t.<br>A Pesti K\u00f6zponti Ker\u00fcleti B\u00edr\u00f3s\u00e1gon 1958-t\u00f3l \u00e9let \u00e9s testi \u00e9ps\u00e9g elleni \u00fcgyeket, gyermekgyilkoss\u00e1gokat, magzatelhajt\u00e1sokat, szexu\u00e1lis b\u0171ncselekm\u00e9nyeket \u00e9s ezek min\u0151s\u00edtett eseteit (akkor m\u00e9g a homoszexu\u00e1lisokat is b\u00fcntett\u00e9k) t\u00e1rgyalta.<br>A sok hal\u00e1llal v\u00e9gz\u0151d\u00f6tt b\u00fcntet\u0151\u00fcgy egyre t\u00f6bb lelki terhet jelentett az akkor 28 \u00e9ves T\u00f3th \u00d6d\u00f6nnek, ez\u00e9rt k\u00e9rte, hogy m\u00e1sf\u00e9le \u00fcgyeket t\u00e1rgyalhasson. Hi\u00e1ba. Ekkor azt k\u00e9rte, helyezz\u00e9k \u00e1t a polg\u00e1ri koll\u00e9giumba. Ott \u00f6r\u00f6kl\u00e9si perek mellett M\u00c1V k\u00e1rt\u00e9r\u00edt\u00e9si \u00fcgyeket kapott, ezek azonban rendszerint megint csak hal\u00e1lesetekhez \u00e9s halottakhoz k\u00f6t\u0151dtek.<br>A PKKB-n t\u00falzott volt a szakos\u00edt\u00e1s is, amit megint csak nehezen viselt, \u00edgy azt\u00e1n az els\u0151 adand\u00f3 alkalommal visszat\u00e9rt R\u00e1kosligetre &#8211; ahov\u00e1 egy\u00e9bk\u00e9nt is mindig visszav\u00e1gyott.<br>1968-ig beosztott b\u00edr\u00f3 volt, ekkor lett a XVII. Ker\u00fcleti B\u00edr\u00f3s\u00e1g eln\u00f6ke. Eg\u00e9szen 1979-ig volt eln\u00f6k, amikor a ker\u00fcleti p\u00e1rttitk\u00e1rral val\u00f3 n\u00e9zetk\u00fcl\u00f6nbs\u00e9ge miatt lev\u00e1ltott\u00e1k. &#8222;B\u0171nei&#8221; k\u00f6zt szerepelt p\u00e9ld\u00e1ul az is, hogy nem vett r\u00e9szt a p\u00e1rt v\u00e9grehajt\u00f3 bizotts\u00e1g\u00e1nak \u00fcl\u00e9s\u00e9n, mert t\u00e1rgyalt.<br><br><em>Forr\u00e1s: F\u0151v\u00e1rosi B\u00edr\u00f3s\u00e1g honlapja<\/em><\/li>\n<\/ol>\n\n\n<div class=\"wp-block-image\">\n<figure class=\"aligncenter size-large\"><img loading=\"lazy\" decoding=\"async\" width=\"320\" height=\"372\" src=\"http:\/\/rakosliget.hu\/wordpress\/wp-content\/uploads\/2020\/12\/birosag1965.jpg\" alt=\"\" class=\"wp-image-8748\" srcset=\"https:\/\/rakosliget.hu\/wordpress\/wp-content\/uploads\/2020\/12\/birosag1965.jpg 320w, https:\/\/rakosliget.hu\/wordpress\/wp-content\/uploads\/2020\/12\/birosag1965-258x300.jpg 258w\" sizes=\"auto, (max-width: 320px) 100vw, 320px\" \/><figcaption class=\"wp-element-caption\">A b\u00edr\u00f3s\u00e1g \u00e9p\u00fclete 1965-ben. F<em>orr\u00e1s: fentrol.hu k\u00e9pr\u00e9szlet<\/em><\/figcaption><\/figure>\n<\/div>\n\n\n<p class=\"has-text-align-center\">T\u00c1J\u00c9KOZTAT\u00d3<br>a V\u00e9grehajt\u00f3 Bizotts\u00e1gnak egyes ker\u00fcleti b\u00edr\u00f3s\u00e1gok \u00f6sszevon\u00e1s\u00e1r\u00f3l.<\/p>\n\n\n\n<p class=\"has-text-align-left\"><br>Az elm\u00falt \u00e9vek tapasztalatai bizony\u00edtott\u00e1k, hogy a nagyobb l\u00e9tsz\u00e1m\u00fa b\u00edr\u00f3s\u00e1gokon hat\u00e9konyabb a vezet\u0151k munk\u00e1ja, a szakosod\u00e1s k\u00f6vetkezt\u00e9ben emelhet\u0151 az \u00edt\u00e9lkez\u00e9s sz\u00ednvonala \u00e9s a munkaer\u0151kies\u00e9sekb\u0151l ad\u00f3d\u00f3 szervez\u00e9si gondok is eredm\u00e9nyesebben oldhat\u00f3k meg. Ezen tapasztalatokra tekintettel a F\u0151v\u00e1rosi B\u00edr\u00f3s\u00e1g eln\u00f6ke javaslatot k\u00edv\u00e1n tenni az Igazs\u00e1g\u00fcgyi Miniszt\u00e9riumnak egyes ker\u00fcleti b\u00edr\u00f3s\u00e1gok \u00f6sszevon\u00e1s\u00e1ra. A javaslat szerint 1984.janu\u00e1r 1-\u00e9vel a N\u00e9pk\u00f6zt\u00e1rsas\u00e1g Eln\u00f6ki Tan\u00e1csa hat\u00e1rozatot hozhatna<\/p>\n\n\n\n<ul class=\"wp-block-list\">\n<li>a XVII. ker\u00fcleti B\u00edr\u00f3s\u00e1gnak a Pesti K\u00f6zponti Ker\u00fcleti B\u00edr\u00f3s\u00e1gba t\u00f6rt\u00e9n\u0151 beolvaszt\u00e1s\u00e1ra,  &#8230;.<br>&#8230; A javaslat megt\u00e9tel\u00e9t \u00e1z is indokolja, hogy mindk\u00e9t b\u00edr\u00f3s\u00e1g \u00e9p\u00fclete igen rossz \u00e1llapotban van, rendbehozatalatuk,fel\u00faj\u00edt\u00e1suk jelent\u0151s p\u00e9nz\u00f6sszegekbe ker\u00fclne. A Pesti K\u00f6zponti Ker\u00fcleti B\u00edr\u00f3s\u00e1g fel\u00faj\u00edt\u00e1s\u00e1nak ez \u00e9vben t\u00f6rt\u00e9n\u0151 befejez\u00e9sekor lehet\u0151s\u00e9g ny\u00edlik az \u00e9p\u00fcletben a XVII. ker\u00fcleti B\u00edr\u00f3s\u00e1g elhelyez\u00e9s\u00e9re. &#8230;<br><em>Forr\u00e1s: MSZMP Budapesti V\u00e9grehajt\u00f3 Bizotts\u00e1g\u00e1nak \u00fcl\u00e9sei (HU BFL &#8211; XXXV.1.a.4.) 1983.08.10 666. \u00f6e.1983_VB 666\/133<\/em><\/li>\n<\/ul>\n\n\n\n<p>A Pesti b\u00edr\u00f3s\u00e1gok \u00f6sszevon\u00e1sa ut\u00e1n az \u00e9p\u00fclet kihaszn\u00e1latlanul, \u00fcresen \u00e1llt hossz\u00fa \u00e9veken kereszt\u00fcl. A rendszerv\u00e1lt\u00e1s ut\u00e1n a zsid\u00f3 k\u00f6z\u00f6ss\u00e9g nem k\u00edv\u00e1nta visszavenni az \u00e9p\u00fcletet, mivel nem volt megfelel\u0151 sz\u00e1m\u00fa h\u00edv\u0151. <br>Elad\u00e1sra hirdett\u00e9k meg az \u00e9p\u00fcletet. A Waldorf iskola kezdett \u00e9p\u00edtkez\u00e9sbe, de a bont\u00e1son k\u00edv\u00fcl t\u00f6bbre nem futotta.<\/p>\n\n\n\n<figure class=\"wp-block-gallery has-nested-images columns-default is-cropped wp-block-gallery-1 is-layout-flex wp-block-gallery-is-layout-flex\">\n<figure class=\"wp-block-image size-large\"><img loading=\"lazy\" decoding=\"async\" width=\"320\" height=\"207\" data-id=\"8752\" src=\"https:\/\/rakosliget.hu\/wordpress\/wp-content\/uploads\/2020\/12\/zsinagoga05-.jpg\" alt=\"\" class=\"wp-image-8752\" srcset=\"https:\/\/rakosliget.hu\/wordpress\/wp-content\/uploads\/2020\/12\/zsinagoga05-.jpg 320w, https:\/\/rakosliget.hu\/wordpress\/wp-content\/uploads\/2020\/12\/zsinagoga05--300x194.jpg 300w\" sizes=\"auto, (max-width: 320px) 100vw, 320px\" \/><figcaption class=\"wp-element-caption\"><a href=\"http:\/\/hatodikalabardos.blog.hu\">http:\/\/hatodikalabardos.blog.hu<\/a><\/figcaption><\/figure>\n\n\n\n<figure class=\"wp-block-image size-large\"><img loading=\"lazy\" decoding=\"async\" width=\"320\" height=\"213\" data-id=\"8751\" src=\"https:\/\/rakosliget.hu\/wordpress\/wp-content\/uploads\/2020\/12\/zsinagoga-3.jpg\" alt=\"\" class=\"wp-image-8751\" srcset=\"https:\/\/rakosliget.hu\/wordpress\/wp-content\/uploads\/2020\/12\/zsinagoga-3.jpg 320w, https:\/\/rakosliget.hu\/wordpress\/wp-content\/uploads\/2020\/12\/zsinagoga-3-300x200.jpg 300w, https:\/\/rakosliget.hu\/wordpress\/wp-content\/uploads\/2020\/12\/zsinagoga-3-272x182.jpg 272w\" sizes=\"auto, (max-width: 320px) 100vw, 320px\" \/><figcaption class=\"wp-element-caption\">Foto: B\u00e9lav\u00e1ri Krisztina<\/figcaption><\/figure>\n<\/figure>\n\n\n\n<p>A zsid\u00f3 imah\u00e1z v\u00e9glegesen elbont\u00e1sra ker\u00fclt, ma t\u00e1rsash\u00e1z \u00e1ll a hely\u00e9n.<\/p>\n\n\n\n<h2 class=\"wp-block-heading\">\u00dcgy\u00e9szek:<\/h2>\n\n\n\n<p><br>Varfia Gy\u00f6rgy et. a XVII. ker\u00fcleti \u00dcgy\u00e9szs\u00e9g vezet\u0151j\u00e9nek felment\u00e9se elfogadva.<br>Dr. T. Kov\u00e1cs Gyula et. a XVII. ker\u00fcleti \u00dcgy\u00e9szs\u00e9g vezet\u0151j\u00e9nek elfogadva.<br>Forr\u00e1s: MSZMP Budapesti V\u00e9grehajt\u00f3 Bizotts\u00e1g\u00e1nak \u00fcl\u00e9sei (HU BFL &#8211; XXXV.1.a.4.) 1962.08.27. 130. \u00f6e.1962_VB 130\/15<\/p>\n\n\n\n<h2 class=\"wp-block-heading\">1973<\/h2>\n\n\n<div class=\"wp-block-image\">\n<figure class=\"aligncenter size-full\"><img loading=\"lazy\" decoding=\"async\" width=\"1135\" height=\"2154\" src=\"https:\/\/rakosliget.hu\/wordpress\/wp-content\/uploads\/2026\/01\/per-1973.jpg\" alt=\"\" class=\"wp-image-20798\" srcset=\"https:\/\/rakosliget.hu\/wordpress\/wp-content\/uploads\/2026\/01\/per-1973.jpg 1135w, https:\/\/rakosliget.hu\/wordpress\/wp-content\/uploads\/2026\/01\/per-1973-158x300.jpg 158w, https:\/\/rakosliget.hu\/wordpress\/wp-content\/uploads\/2026\/01\/per-1973-768x1458.jpg 768w, https:\/\/rakosliget.hu\/wordpress\/wp-content\/uploads\/2026\/01\/per-1973-809x1536.jpg 809w, https:\/\/rakosliget.hu\/wordpress\/wp-content\/uploads\/2026\/01\/per-1973-1079x2048.jpg 1079w\" sizes=\"auto, (max-width: 1135px) 100vw, 1135px\" \/><figcaption class=\"wp-element-caption\">Magyar Nemzet 1973. m\u00e1jus 31. 6. oldal<\/figcaption><\/figure>\n<\/div>\n\n\n<h2 class=\"wp-block-heading\">1998<\/h2>\n\n\n\n<figure class=\"wp-block-image size-full\"><img loading=\"lazy\" decoding=\"async\" width=\"685\" height=\"709\" src=\"https:\/\/rakosliget.hu\/wordpress\/wp-content\/uploads\/2025\/11\/birosag-1998.jpg\" alt=\"\" class=\"wp-image-18756\" srcset=\"https:\/\/rakosliget.hu\/wordpress\/wp-content\/uploads\/2025\/11\/birosag-1998.jpg 685w, https:\/\/rakosliget.hu\/wordpress\/wp-content\/uploads\/2025\/11\/birosag-1998-290x300.jpg 290w\" sizes=\"auto, (max-width: 685px) 100vw, 685px\" \/><figcaption class=\"wp-element-caption\">N\u00e9pszabads\u00e1g 1998. m\u00e1rcius 25. \u00dajra b\u00edr\u00f3s\u00e1got R\u00e1kosligetre<\/figcaption><\/figure>\n","protected":false},"excerpt":{"rendered":"<p>F\u0151v\u00e1rosi B\u00edr\u00f3s\u00e1gi tan\u00e1cseln\u00f6k, megyei b\u00edr\u00f3s\u00e1gi tan\u00e1csos 1958-64-ig a Pesti K\u00f6zponti Ker\u00fcleti B\u00edr\u00f3s\u00e1gon (PKKB) az els\u0151 h\u00e1rom \u00e9vben b\u00fcntet\u0151, majd polg\u00e1ri \u00fcgyszakos b\u00edr\u00f3. 1964-1979-ig ism\u00e9t a XVII. Ker\u00fcleti B\u00edr\u00f3s\u00e1g b\u00edr\u00e1ja, 1968-1979-ig a b\u00edr\u00f3s\u00e1g eln\u00f6ke. T\u00c1J\u00c9KOZTAT\u00d3a V\u00e9grehajt\u00f3 Bizotts\u00e1gnak egyes ker\u00fcleti b\u00edr\u00f3s\u00e1gok \u00f6sszevon\u00e1s\u00e1r\u00f3l. Az elm\u00falt \u00e9vek tapasztalatai bizony\u00edtott\u00e1k, hogy a nagyobb l\u00e9tsz\u00e1m\u00fa b\u00edr\u00f3s\u00e1gokon hat\u00e9konyabb a vezet\u0151k munk\u00e1ja, a &hellip; <a href=\"https:\/\/rakosliget.hu\/wordpress\/index.php\/birosag\/\" class=\"more-link\"><span class=\"screen-reader-text\">B\u00cdR\u00d3S\u00c1G<\/span> r\u00e9szletei&#8230;<\/a><\/p>\n","protected":false},"author":1,"featured_media":0,"parent":0,"menu_order":0,"comment_status":"closed","ping_status":"closed","template":"","meta":{"footnotes":""},"class_list":["post-8739","page","type-page","status-publish","hentry"],"_links":{"self":[{"href":"https:\/\/rakosliget.hu\/wordpress\/index.php\/wp-json\/wp\/v2\/pages\/8739","targetHints":{"allow":["GET"]}}],"collection":[{"href":"https:\/\/rakosliget.hu\/wordpress\/index.php\/wp-json\/wp\/v2\/pages"}],"about":[{"href":"https:\/\/rakosliget.hu\/wordpress\/index.php\/wp-json\/wp\/v2\/types\/page"}],"author":[{"embeddable":true,"href":"https:\/\/rakosliget.hu\/wordpress\/index.php\/wp-json\/wp\/v2\/users\/1"}],"replies":[{"embeddable":true,"href":"https:\/\/rakosliget.hu\/wordpress\/index.php\/wp-json\/wp\/v2\/comments?post=8739"}],"version-history":[{"count":14,"href":"https:\/\/rakosliget.hu\/wordpress\/index.php\/wp-json\/wp\/v2\/pages\/8739\/revisions"}],"predecessor-version":[{"id":20800,"href":"https:\/\/rakosliget.hu\/wordpress\/index.php\/wp-json\/wp\/v2\/pages\/8739\/revisions\/20800"}],"wp:attachment":[{"href":"https:\/\/rakosliget.hu\/wordpress\/index.php\/wp-json\/wp\/v2\/media?parent=8739"}],"curies":[{"name":"wp","href":"https:\/\/api.w.org\/{rel}","templated":true}]}}