{"id":8720,"date":"2020-12-09T08:32:35","date_gmt":"2020-12-09T07:32:35","guid":{"rendered":"http:\/\/rakosliget.hu\/wordpress\/?page_id=8720"},"modified":"2025-04-05T17:44:02","modified_gmt":"2025-04-05T16:44:02","slug":"a-zsido-imahaz-zsidosag-rakosligeten","status":"publish","type":"page","link":"https:\/\/rakosliget.hu\/wordpress\/index.php\/a-zsido-imahaz-zsidosag-rakosligeten\/","title":{"rendered":"A ZSID\u00d3 IMAH\u00c1Z, ZSID\u00d3S\u00c1G R\u00c1KOSLIGETEN"},"content":{"rendered":"<div class=\"wp-block-image\">\n<figure class=\"aligncenter size-large\"><a href=\"http:\/\/rakosliget.hu\/wordpress\/wp-content\/uploads\/2020\/12\/zsinagoga.jpg\"><img loading=\"lazy\" decoding=\"async\" width=\"765\" height=\"478\" src=\"http:\/\/rakosliget.hu\/wordpress\/wp-content\/uploads\/2020\/12\/zsinagoga.jpg\" alt=\"\" class=\"wp-image-8723\" srcset=\"https:\/\/rakosliget.hu\/wordpress\/wp-content\/uploads\/2020\/12\/zsinagoga.jpg 765w, https:\/\/rakosliget.hu\/wordpress\/wp-content\/uploads\/2020\/12\/zsinagoga-300x187.jpg 300w\" sizes=\"auto, (max-width: 765px) 100vw, 765px\" \/><\/a><figcaption class=\"wp-element-caption\">A zsinag\u00f3ga k\u00e9peslapon. R\u00e1kosliget, Izr. templom 1914. k\u00f6r\u00fcl Erd\u0151s Ren\u00e9e H\u00e1z digit\u00e1lis adatt\u00e1ra<\/figcaption><\/figure>\n<\/div>\n\n\n<figure class=\"wp-block-gallery aligncenter has-nested-images columns-default is-cropped wp-block-gallery-1 is-layout-flex wp-block-gallery-is-layout-flex\">\n<figure class=\"wp-block-image size-large\"><img loading=\"lazy\" decoding=\"async\" width=\"108\" height=\"145\" data-id=\"836\" src=\"http:\/\/rakosliget.hu\/wordpress\/wp-content\/uploads\/2018\/03\/blum.jpg\" alt=\"\" class=\"wp-image-836\"\/><figcaption class=\"wp-element-caption\">dr. Bakonyi (Blum) Lajos<\/figcaption><\/figure>\n\n\n\n<figure class=\"wp-block-image size-large\"><img loading=\"lazy\" decoding=\"async\" width=\"300\" height=\"473\" data-id=\"6440\" src=\"http:\/\/rakosliget.hu\/wordpress\/wp-content\/uploads\/2020\/11\/gozon1_300.jpg\" alt=\"\" class=\"wp-image-6440\" srcset=\"https:\/\/rakosliget.hu\/wordpress\/wp-content\/uploads\/2020\/11\/gozon1_300.jpg 300w, https:\/\/rakosliget.hu\/wordpress\/wp-content\/uploads\/2020\/11\/gozon1_300-190x300.jpg 190w\" sizes=\"auto, (max-width: 300px) 100vw, 300px\" \/><figcaption class=\"wp-element-caption\">G\u00f3zon Gyula<\/figcaption><\/figure>\n<\/figure>\n\n\n\n<h4 class=\"wp-block-heading\">Az imah\u00e1z<\/h4>\n\n\n\n<p>A r\u00e1kosligeti izr. templom tervp\u00e1ly\u00e1zat\u00e1n k\u00e9t 80 koron\u00e1s d\u00edjat <a href=\"http:\/\/rakosliget.hu\/wordpress\/wp-content\/uploads\/2020\/12\/izraelita-templom-terv-1908.jpg\">K\u00e1roly Lajos \u00e9s Weinstein Simon<\/a>, tov\u00e1bb\u00e1 Boros Arthur m\u0171v\u00e9nek \u00edt\u00e9lt\u00e9k oda. Forr\u00e1s: <a href=\"http:\/\/www.mke.hu\/lyka\/07\/060-072-kronika.htm\">M\u0171v\u00e9szet 1908.<\/a> Hetedik \u00e9vfolyam 1 sz\u00e1m. 60-72. oldal. <\/p>\n\n\n\n<p>A kivitelez\u0151 Sztanek P\u00e1l helyi \u00e9p\u00edt\u0151mester volt.<\/p>\n\n\n\n<figure class=\"wp-block-image size-large\"><a href=\"http:\/\/rakosliget.hu\/wordpress\/wp-content\/uploads\/2020\/12\/sztanek_.jpg\"><img loading=\"lazy\" decoding=\"async\" width=\"974\" height=\"122\" src=\"http:\/\/rakosliget.hu\/wordpress\/wp-content\/uploads\/2020\/12\/sztanek_.jpg\" alt=\"\" class=\"wp-image-8727\" srcset=\"https:\/\/rakosliget.hu\/wordpress\/wp-content\/uploads\/2020\/12\/sztanek_.jpg 974w, https:\/\/rakosliget.hu\/wordpress\/wp-content\/uploads\/2020\/12\/sztanek_-300x38.jpg 300w, https:\/\/rakosliget.hu\/wordpress\/wp-content\/uploads\/2020\/12\/sztanek_-768x96.jpg 768w\" sizes=\"auto, (max-width: 974px) 100vw, 974px\" \/><\/a><figcaption class=\"wp-element-caption\">Forr\u00e1s: <a href=\"http:\/\/rakosliget.hu\/evangelikus%20templom%20iratok\/Jegyzokonyvek%201912_1943\/album\/index.html\">R\u00e1kosligeti evang\u00e9likus fi\u00f3kegyh\u00e1z jegyz\u0151k\u00f6nyvei.<\/a><\/figcaption><\/figure>\n\n\n\n<p>1912. m\u00e1jus 19. a zsid\u00f3 imah\u00e1z alapk\u0151let\u00e9tele.<\/p>\n\n\n\n<p>1914. augusztus 15-\u00e9n avatt\u00e1k fel az \u00e9p\u00fcletet.<\/p>\n\n\n<div class=\"wp-block-image\">\n<figure class=\"aligncenter size-large\"><a href=\"http:\/\/rakosliget.hu\/wordpress\/wp-content\/uploads\/2020\/12\/zsido.jpg\"><img loading=\"lazy\" decoding=\"async\" width=\"290\" height=\"280\" src=\"http:\/\/rakosliget.hu\/wordpress\/wp-content\/uploads\/2020\/12\/zsido.jpg\" alt=\"\" class=\"wp-image-8738\"\/><\/a><\/figure>\n<\/div>\n\n\n<p>Eisenberger G\u00e9za (1892-1944) g\u00f6d\u00f6ll\u0151i ker\u00fcleti anyak\u00f6nyvvezet\u0151 rabbi l\u00e1tja el hit\u00e9let vezet\u00e9s\u00e9t a kongresszusi gy\u00fclekezetben eg\u00e9szen a II. vil\u00e1gh\u00e1bor\u00faig.<\/p>\n\n\n<div class=\"wp-block-image\">\n<figure class=\"aligncenter size-large\"><a href=\"http:\/\/rakosliget.hu\/wordpress\/wp-content\/uploads\/2020\/12\/eisenbergergeza.jpg\"><img loading=\"lazy\" decoding=\"async\" width=\"150\" height=\"218\" src=\"http:\/\/rakosliget.hu\/wordpress\/wp-content\/uploads\/2020\/12\/eisenbergergeza.jpg\" alt=\"\" class=\"wp-image-8730\"\/><\/a><\/figure>\n<\/div>\n\n<div class=\"wp-block-image\">\n<figure class=\"aligncenter size-large\"><img loading=\"lazy\" decoding=\"async\" width=\"200\" height=\"198\" src=\"http:\/\/rakosliget.hu\/wordpress\/wp-content\/uploads\/2020\/12\/zsido-pecset-nagy.jpg\" alt=\"\" class=\"wp-image-8732\" srcset=\"https:\/\/rakosliget.hu\/wordpress\/wp-content\/uploads\/2020\/12\/zsido-pecset-nagy.jpg 200w, https:\/\/rakosliget.hu\/wordpress\/wp-content\/uploads\/2020\/12\/zsido-pecset-nagy-150x150.jpg 150w\" sizes=\"auto, (max-width: 200px) 100vw, 200px\" \/><\/figure>\n<\/div>\n\n\n<h4 class=\"wp-block-heading\">A r\u00e1kosligeti <a href=\"http:\/\/rakosliget.hu\/wordpress\/index.php\/a-regi-rakosligeti-zsidotemeto\/\">zsid\u00f3 temet\u0151ben<\/a> fellelhet\u0151 s\u00edrk\u00f6vek jegyz\u00e9ke: <\/h4>\n\n\n\n<p><a href=\"http:\/\/rakosliget.hu\/wordpress\/index.php\/rakosligeti-zsido-temeto-kepei\/\">IZRAELITA TEMET\u0150.<\/a> 1909- t\u0151l temettek a 400 n\u00e9gysz\u00f6geles ter\u00fcletre. A mai napig olvashat\u00f3 s\u00edrk\u00f6vek a k\u00f6vetkez\u0151k:<br>Schick Simonn\u00e9 sz. Reich Emilia 1910., Weisz Ignatzn\u00e9 sz. Holender Leon\u00f3ra 1912., Kenyeres M\u00e1rtonn\u00e9 1912., Heksch Salamonn\u00e9 sz. Frisch Zs\u00f3fia 1938., Wieler Salamon 1869-1934, Wieler Salamonn\u00e9 sz. Spitzer R\u00f3zsa 1871-1940, Neumann R\u00f3za 1910., Stein Katalin 1841-1920, Hoff Salamon 1913., Somosi Ign\u00e1tz 1914., Schwartz Lajosn\u00e9 1868-1917, Schwartz Lajos, Danczinger Ign\u00e1tzn\u00e9 sz. Rausnitz M\u00e1ria 1851-1925, Danczinger Ign\u00e1tz 1851-1923, Deutsch Ibolyka 1927., Schlesinger Jakabn\u00e9 sz. Hoff Lina 1864-1919, Havas Arnoldn\u00e9 1893-1940, Poll\u00e1k M\u00f3zes 1854-1938, Garai Miks\u00e1n\u00e91867-1932, Schongut Farkas 1866-1931, Bergl Vilmos 1849-1931, Bergl Vilmosn\u00e9 sz. Schwartz Anna 1853-1930, Havas Tivadarn\u00e9 sz. Ro\u00f3z Nelli 1930., Weisz Samun\u00e9, Wandelbaum S\u00e1mueln\u00e9 sz. Benedikt Fanny 1851-1934, Wolf Ad\u00e9ln\u00e9 sz. Weisz Szid\u00f3nia 1877-1937, Husz\u00e1r J\u00e1nosn\u00e9 sz. Herbs Aranka 1898-1933, Schongut Andor, Reichenfeld Jen\u0151n\u00e9 1890-1942, Fekete Vilmos, Rosenberg J\u00f3zsefn\u00e9 1835-1930, Rosenberg J\u00f3zsef 1834-1928, Rosner Henrik 1862-1934, Rosner Henrikn\u00e9 1864-1940, Kem\u00e9ny S\u00e1ndorn\u00e9 1884-1938, Steinz Albert \u00e9s neje eml\u00e9kk\u00f6ve 1944.<\/p>\n\n\n\n<p>Forr\u00e1s: H\u00f3dos M\u00e1ria: K\u00e9tezren voltak\u2026 H\u00f3dos M\u00e1ria 2006.<\/p>\n\n\n<div class=\"wp-block-image\">\n<figure class=\"aligncenter size-full\"><img loading=\"lazy\" decoding=\"async\" width=\"582\" height=\"773\" src=\"https:\/\/rakosliget.hu\/wordpress\/wp-content\/uploads\/2025\/04\/Esti-Kurir-1942.-aprilis-20.-evfolyam-74-97.-szam1942-04-07-77.-szam-SCHWARZ-SALAMON-temetes.jpg\" alt=\"\" class=\"wp-image-17686\" srcset=\"https:\/\/rakosliget.hu\/wordpress\/wp-content\/uploads\/2025\/04\/Esti-Kurir-1942.-aprilis-20.-evfolyam-74-97.-szam1942-04-07-77.-szam-SCHWARZ-SALAMON-temetes.jpg 582w, https:\/\/rakosliget.hu\/wordpress\/wp-content\/uploads\/2025\/04\/Esti-Kurir-1942.-aprilis-20.-evfolyam-74-97.-szam1942-04-07-77.-szam-SCHWARZ-SALAMON-temetes-226x300.jpg 226w\" sizes=\"auto, (max-width: 582px) 100vw, 582px\" \/><figcaption class=\"wp-element-caption\">Esti Kurir, 1942. \u00e1prilis (20. \u00e9vfolyam, 74-97. sz\u00e1m)1942. 04. 07. 77. sz\u00e1m SCHWARZ SALAMON temet\u00e9s<\/figcaption><\/figure>\n<\/div>\n\n\n<h4 class=\"wp-block-heading\"><a href=\"http:\/\/db.yadvashem.org\/names\/nameResults.html?language=en&amp;applid=SAPIR14&amp;queryId=JAGUAR35_804_276812&amp;page=2\">R\u00e1kosligetr\u0151l elhurcolt zsid\u00f3k n\u00e9vsora:<\/a><\/h4>\n\n\n\n<p>1941-ben R\u00e1kosliget 241 (7,6 sz\u00e1zal\u00e9k) izraelita \u00e9s 5 (0,2 sz\u00e1zal\u00e9k) kereszt\u00e9ny lakos\u00e1ra vonatkoztak a zsid\u00f3t\u00f6rv\u00e9nyek. A v\u00e1rmegye 230 telep\u00fcl\u00e9se k\u00f6z\u00fcl (a megyei jog\u00fa v\u00e1rosokat is besz\u00e1m\u00edtva) csak M\u00e1ty\u00e1sf\u00f6ld\u00f6n, R\u00e1koshegyen, \u00dajpesten \u00e9s V\u00e1con alkotta a n\u00e9pess\u00e9g nagyobb h\u00e1nyad\u00e1t az izraelita popul\u00e1ci\u00f3. A G\u00f6d\u00f6ll\u0151 fi\u00f3khitk\u00f6zs\u00e9gek\u00e9nt m\u0171k\u00f6d\u0151 r\u00e1kospalotai, <a href=\"http:\/\/rakosliget.hu\/wordpress\/index.php\/834-2\/\">dr. Bakonyi Lajos<\/a> orvos vezette k\u00f6z\u00f6ss\u00e9ghez 1944-ben 183-an tartoztak. A telep\u00fcl\u00e9sen egyetlen felekezeti int\u00e9zm\u00e9ny m\u0171k\u00f6d\u00f6tt, a <a href=\"http:\/\/rakosliget.hu\/wordpress\/index.php\/1900-1948-kozott-rakosligeten-mukodott-egyesuletek\/\">Chevra Kadisa<\/a>. R\u00e1kosliget a G\u00f6d\u00f6ll\u0151i j\u00e1r\u00e1shoz tartozott, az itteni zsid\u00f3k 1944-es k\u00e1lv\u00e1ri\u00e1j\u00e1nak nem minden st\u00e1ci\u00f3ja tiszt\u00e1zott. Elk\u00e9pzelhet\u0151, hogy a III. deport\u00e1l\u00e1si z\u00f3n\u00e1ban zajl\u00f3 \u201etisztogat\u00e1si akci\u00f3\u201d keret\u00e9ben, j\u00fanius k\u00f6zep\u00e9n deport\u00e1lt\u00e1k \u0151ket Auschwitzba, de az sem kiz\u00e1rt, hogy a t\u00f6bbi Pest v\u00e1rmegyei zsid\u00f3hoz hasonl\u00f3an j\u00falius 6-a \u00e9s 8-a k\u00f6z\u00f6tt ker\u00fcltek a birkenaui r\u00e1mp\u00e1ra.<\/p>\n\n\n\n<p>in. Randolph L. Braham, A magyarorsz\u00e1gi holokauszt f\u00f6ldrajzi enciklop\u00e9di\u00e1ja, II. k\u00f6tet. Park K\u00f6nyvkiad\u00f3, Budapest, 2010, pp. 807-889, V\u00e1gi Zolt\u00e1n V\u00e9gs\u0151 Istv\u00e1n<\/p>\n\n\n<div class=\"wp-block-image\">\n<figure class=\"aligncenter size-large\"><a href=\"http:\/\/rakosliget.hu\/wordpress\/wp-content\/uploads\/2020\/12\/rakoscsaba-holocaust.jpg\"><img loading=\"lazy\" decoding=\"async\" width=\"547\" height=\"519\" src=\"http:\/\/rakosliget.hu\/wordpress\/wp-content\/uploads\/2020\/12\/rakoscsaba-holocaust.jpg\" alt=\"\" class=\"wp-image-8736\" srcset=\"https:\/\/rakosliget.hu\/wordpress\/wp-content\/uploads\/2020\/12\/rakoscsaba-holocaust.jpg 547w, https:\/\/rakosliget.hu\/wordpress\/wp-content\/uploads\/2020\/12\/rakoscsaba-holocaust-300x285.jpg 300w\" sizes=\"auto, (max-width: 547px) 100vw, 547px\" \/><\/a><figcaption class=\"wp-element-caption\">A holokauszt \u00e1ldozatainak eml\u00e9kt\u00e1bl\u00e1ja. Budapest XVII., R\u00e1koscsaba, Kelecs\u00e9ny utca, R\u00e1koscsaba vas\u00fat\u00e1llom\u00e1s. A t\u00e1bl\u00e1t t\u00f6bbsz\u00f6r megrong\u00e1lt\u00e1k, majd ellopt\u00e1k.<\/figcaption><\/figure>\n<\/div>\n\n\n<p>Forr\u00e1s: <a href=\"http:\/\/pest.zsidomult.hu\/index.php\/jarasok-telepuelesek\/pest\/goedoelloi-jaras\/rakosliget\">http:\/\/pest.zsidomult.hu\/index.php\/jarasok-telepuelesek\/pest\/goedoelloi-jaras\/rakosliget<\/a><\/p>\n\n\n\n<p><em>,,A hazai zsid\u00f3s\u00e1g deport\u00e1l\u00e1s\u00e1r\u00f3l sz\u00f3l\u00f3 rendelkez\u00e9s megjelen\u00e9se ut\u00e1n nemsok\u00e1ra a r\u00e1koscsabai gett\u00f3ba vitt\u00e9k el az asz\u00f3di zsid\u00f3s\u00e1got. Az elsz\u00e1ll\u00edt\u00e1s lebonyol\u00edt\u00e1s\u00e1val a zsid\u00f3tan\u00e1cs eln\u00f6ke, Vas L\u00e1szl\u00f3 volt megb\u00edzva. Mindenkit, csal\u00e1donk\u00e9nt k\u00fcl\u00f6n szek\u00e9ren vittek, annyi holmit vihett\u00fcnk magunkkal, amennyi elf\u00e9rt a szekereken, \u00e9lelmet is elegend\u0151t. A r\u00e1koscsabai gett\u00f3ban borzalmas \u00e1llapotok uralkodtak. A Marton cig\u00e1nytelep ter\u00fclet\u00e9n volt a gett\u00f3, h\u00e1rom csal\u00e1d ker\u00fclt egy kis lak\u00e1sba, \u00fagyhogy 10-12 szem\u00e9ly jutott egy kis szob\u00e1ba. A gett\u00f3 parancsnoka Jeszenszky ad\u00f3\u00fcgyi jegyz\u0151 volt &#8230; A lakoss\u00e1ggal nem volt szabad \u00e9rintkezni. K\u00f6zkonyh\u00e1r\u00f3l nem t\u00f6rt\u00e9nt gondoskod\u00e1s, mindenki saj\u00e1t maga f\u0151z\u00f6tt, az \u00e9lelmiszerjegyeket azonban csak az utols\u00f3 napon osztott\u00e1k ki k\u00f6z\u00f6tt\u00fcnk, sok haszn\u00e1t ekkor m\u00e1r nem vehett\u00fck. \u0150rz\u0151ink, a t\u00e1bori csend\u0151r\u00f6k aljasul viselkedtek &#8230; J\u00fanius els\u0151 napjaiban kezd\u0151d\u00f6tt a gett\u00f3 elsz\u00e1ll\u00edt\u00e1sa. Egy transzport volt, mely az asz\u00f3di, r\u00e1koscsabai, r\u00e1kosligeti \u00e9s p\u00e9celi zsid\u00f3s\u00e1got foglalta mag\u00e1ban. 75 szem\u00e9lyt egy kocsiba bevagon\u00edrozva a hatvani cukorgy\u00e1ri koncentr\u00e1ci\u00f3s t\u00e1borba vittek el, ahol mind\u00f6ssze 2 napot t\u00f6lt\u00f6tt\u00fcnk &#8230; Az eg\u00e9sz t\u00e1bor egyszerre indult el egy v\u00e9gel\u00e1thatatlan szerelv\u00e9nnyel, hatvaniak, s\u00e1toralja\u00fajhelyiek, gy\u00f6ngy\u00f6siek, asz\u00f3diak, tov\u00e1bb\u00e1 R\u00e1koscsaba \u00e9s k\u00f6rny\u00e9ke. Itt ugyancsak 75 ember ker\u00fclt egy vagonba &#8230; Auschwitzban az \u00fagynevezett cig\u00e1nyl\u00e1gerben voltunk elhelyezve 10 napon \u00e1t, azut\u00e1n elvittek benn\u00fcnket a fentiekkel egy\u00fctt Krako-Plassowba.&#8221; (3548. jegyz\u0151k\u00f6nyv &#8211; Deport\u00e1ltakat Gondoz\u00f3 Orsz\u00e1gos Bizotts\u00e1g)<\/em><\/p>\n\n\n\n<p><a href=\"http:\/\/pest.zsidomult.hu\/index.php\/cimlap\/a-varmegye-zsido-toertenete\" data-type=\"URL\" data-id=\"http:\/\/pest.zsidomult.hu\/index.php\/cimlap\/a-varmegye-zsido-toertenete\">A v\u00e1rmegye zsid\u00f3 m\u00faltj\u00e1r\u00f3l.<\/a><\/p>\n\n\n\n<h4 class=\"wp-block-heading\"><a href=\"http:\/\/rakosliget.hu\/wordpress\/index.php\/birosag\">Ugr\u00e1s a b\u00edr\u00f3s\u00e1g oldalra.<\/a><\/h4>\n","protected":false},"excerpt":{"rendered":"<p>Az imah\u00e1z A r\u00e1kosligeti izr. templom tervp\u00e1ly\u00e1zat\u00e1n k\u00e9t 80 koron\u00e1s d\u00edjat K\u00e1roly Lajos \u00e9s Weinstein Simon, tov\u00e1bb\u00e1 Boros Arthur m\u0171v\u00e9nek \u00edt\u00e9lt\u00e9k oda. Forr\u00e1s: M\u0171v\u00e9szet 1908. Hetedik \u00e9vfolyam 1 sz\u00e1m. 60-72. oldal. A kivitelez\u0151 Sztanek P\u00e1l helyi \u00e9p\u00edt\u0151mester volt. 1912. m\u00e1jus 19. a zsid\u00f3 imah\u00e1z alapk\u0151let\u00e9tele. 1914. augusztus 15-\u00e9n avatt\u00e1k fel az \u00e9p\u00fcletet. Eisenberger G\u00e9za (1892-1944) &hellip; <a href=\"https:\/\/rakosliget.hu\/wordpress\/index.php\/a-zsido-imahaz-zsidosag-rakosligeten\/\" class=\"more-link\"><span class=\"screen-reader-text\">A ZSID\u00d3 IMAH\u00c1Z, ZSID\u00d3S\u00c1G R\u00c1KOSLIGETEN<\/span> r\u00e9szletei&#8230;<\/a><\/p>\n","protected":false},"author":1,"featured_media":0,"parent":0,"menu_order":0,"comment_status":"closed","ping_status":"closed","template":"","meta":{"footnotes":""},"class_list":["post-8720","page","type-page","status-publish","hentry"],"_links":{"self":[{"href":"https:\/\/rakosliget.hu\/wordpress\/index.php\/wp-json\/wp\/v2\/pages\/8720","targetHints":{"allow":["GET"]}}],"collection":[{"href":"https:\/\/rakosliget.hu\/wordpress\/index.php\/wp-json\/wp\/v2\/pages"}],"about":[{"href":"https:\/\/rakosliget.hu\/wordpress\/index.php\/wp-json\/wp\/v2\/types\/page"}],"author":[{"embeddable":true,"href":"https:\/\/rakosliget.hu\/wordpress\/index.php\/wp-json\/wp\/v2\/users\/1"}],"replies":[{"embeddable":true,"href":"https:\/\/rakosliget.hu\/wordpress\/index.php\/wp-json\/wp\/v2\/comments?post=8720"}],"version-history":[{"count":14,"href":"https:\/\/rakosliget.hu\/wordpress\/index.php\/wp-json\/wp\/v2\/pages\/8720\/revisions"}],"predecessor-version":[{"id":17688,"href":"https:\/\/rakosliget.hu\/wordpress\/index.php\/wp-json\/wp\/v2\/pages\/8720\/revisions\/17688"}],"wp:attachment":[{"href":"https:\/\/rakosliget.hu\/wordpress\/index.php\/wp-json\/wp\/v2\/media?parent=8720"}],"curies":[{"name":"wp","href":"https:\/\/api.w.org\/{rel}","templated":true}]}}