{"id":871,"date":"2018-03-21T03:19:07","date_gmt":"2018-03-21T02:19:07","guid":{"rendered":"http:\/\/rakosliget.hu\/wordpress\/?page_id=871"},"modified":"2018-03-21T03:19:07","modified_gmt":"2018-03-21T02:19:07","slug":"csep-lajos","status":"publish","type":"page","link":"https:\/\/rakosliget.hu\/wordpress\/index.php\/csep-lajos\/","title":{"rendered":"Cs\u00e9p Lajos"},"content":{"rendered":"<h1 align=\"left\"><span data-canvas-width=\"23.820271478584736\">Cs\u00e9p<\/span><span data-canvas-width=\"213.91700161532327\"> Lajos (Budapest, 1903)<\/span><\/h1>\n<h2 align=\"left\">a r\u00e1kosligeti Nemzeti Bizotts\u00e1gi tag<\/h2>\n<p align=\"left\">\n<p align=\"left\"><span data-canvas-width=\"213.91700161532327\">G\u00e9p\u00e9szm\u00e9rn\u00f6k. <\/span><span data-canvas-width=\"228.0793579861666\">1945-1948-ban az SZDP tagja. 1945<\/span><span data-canvas-width=\"231.37235795663747\"> ut\u00e1n a P\u00e9nz\u00fcgyminiszt\u00e9rium, majd az <\/span><span data-canvas-width=\"230.11049381404627\">\u00c9lelmiszeripari Miniszt\u00e9rium el\u0151ad\u00f3ja. 1946 &#8211; <\/span><span data-canvas-width=\"228.33793670391066\">1948-ban a R\u00e1kosligeti Nemzeti Bizotts\u00e1g tagja. &#8211; Nyug<\/span><span data-canvas-width=\"28.903799780074493\">d\u00edjas. <\/span><\/p>\n","protected":false},"excerpt":{"rendered":"<p>Cs\u00e9p Lajos (Budapest, 1903) a r\u00e1kosligeti Nemzeti Bizotts\u00e1gi tag G\u00e9p\u00e9szm\u00e9rn\u00f6k. 1945-1948-ban az SZDP tagja. 1945 ut\u00e1n a P\u00e9nz\u00fcgyminiszt\u00e9rium, majd az \u00c9lelmiszeripari Miniszt\u00e9rium el\u0151ad\u00f3ja. 1946 &#8211; 1948-ban a R\u00e1kosligeti Nemzeti Bizotts\u00e1g tagja. &#8211; Nyugd\u00edjas.<\/p>\n","protected":false},"author":1,"featured_media":0,"parent":0,"menu_order":0,"comment_status":"closed","ping_status":"closed","template":"","meta":{"footnotes":""},"class_list":["post-871","page","type-page","status-publish","hentry"],"_links":{"self":[{"href":"https:\/\/rakosliget.hu\/wordpress\/index.php\/wp-json\/wp\/v2\/pages\/871","targetHints":{"allow":["GET"]}}],"collection":[{"href":"https:\/\/rakosliget.hu\/wordpress\/index.php\/wp-json\/wp\/v2\/pages"}],"about":[{"href":"https:\/\/rakosliget.hu\/wordpress\/index.php\/wp-json\/wp\/v2\/types\/page"}],"author":[{"embeddable":true,"href":"https:\/\/rakosliget.hu\/wordpress\/index.php\/wp-json\/wp\/v2\/users\/1"}],"replies":[{"embeddable":true,"href":"https:\/\/rakosliget.hu\/wordpress\/index.php\/wp-json\/wp\/v2\/comments?post=871"}],"version-history":[{"count":1,"href":"https:\/\/rakosliget.hu\/wordpress\/index.php\/wp-json\/wp\/v2\/pages\/871\/revisions"}],"predecessor-version":[{"id":872,"href":"https:\/\/rakosliget.hu\/wordpress\/index.php\/wp-json\/wp\/v2\/pages\/871\/revisions\/872"}],"wp:attachment":[{"href":"https:\/\/rakosliget.hu\/wordpress\/index.php\/wp-json\/wp\/v2\/media?parent=871"}],"curies":[{"name":"wp","href":"https:\/\/api.w.org\/{rel}","templated":true}]}}