{"id":8703,"date":"2020-12-09T07:48:58","date_gmt":"2020-12-09T06:48:58","guid":{"rendered":"http:\/\/rakosliget.hu\/wordpress\/?page_id=8703"},"modified":"2026-01-30T16:48:20","modified_gmt":"2026-01-30T15:48:20","slug":"magyar-elet-partertesitoje","status":"publish","type":"page","link":"https:\/\/rakosliget.hu\/wordpress\/index.php\/magyar-elet-partertesitoje\/","title":{"rendered":"MAGYAR \u00c9LET P\u00c1RT\u00c9RTES\u00cdT\u0150JE"},"content":{"rendered":"\n<div class=\"wp-block-buttons is-content-justification-center is-layout-flex wp-container-core-buttons-is-layout-16018d1d wp-block-buttons-is-layout-flex\">\n<div class=\"wp-block-button\"><a class=\"wp-block-button__link wp-element-button\" href=\"https:\/\/rakosliget.hu\/wordpress\/index.php\/rakosliget-a-korabeli-hirekben\/\">Vissza a SAJT\u00d3H\u00cdREK lapra<\/a><\/div>\n<\/div>\n\n\n\n<p><\/p>\n\n\n\n<div class=\"wp-block-media-text alignwide is-stacked-on-mobile\"><figure class=\"wp-block-media-text__media\"><a href=\"http:\/\/rakosliget.hu\/wordpress\/wp-content\/uploads\/2020\/12\/1943-aprilis-1-.jpg\"><img loading=\"lazy\" decoding=\"async\" width=\"680\" height=\"261\" src=\"http:\/\/rakosliget.hu\/wordpress\/wp-content\/uploads\/2020\/12\/1943-aprilis-1-.jpg\" alt=\"\" class=\"wp-image-8709 size-full\" srcset=\"https:\/\/rakosliget.hu\/wordpress\/wp-content\/uploads\/2020\/12\/1943-aprilis-1-.jpg 680w, https:\/\/rakosliget.hu\/wordpress\/wp-content\/uploads\/2020\/12\/1943-aprilis-1--300x115.jpg 300w\" sizes=\"auto, (max-width: 680px) 100vw, 680px\" \/><\/a><\/figure><div class=\"wp-block-media-text__content\">\n<p><strong>1943. \u00e1prilis 1.<\/strong> Magyar \u00c9let P\u00e1rt taggy\u0171l\u00e9s. Berhidy Aur\u00e9l titk\u00e1r, Szili M\u00e1t\u00e9 ker\u00fcleti szervez\u0151titk\u00e1r, Sztrap\u00e1cs K\u00e1roly p\u00e1rtvez\u00e9r<\/p>\n<\/div><\/div>\n\n\n\n<div class=\"wp-block-media-text alignwide is-stacked-on-mobile\"><figure class=\"wp-block-media-text__media\"><a href=\"http:\/\/rakosliget.hu\/wordpress\/wp-content\/uploads\/2020\/12\/1943-december-1.jpg\"><img loading=\"lazy\" decoding=\"async\" width=\"1024\" height=\"792\" src=\"http:\/\/rakosliget.hu\/wordpress\/wp-content\/uploads\/2020\/12\/1943-december-1-1024x792.jpg\" alt=\"\" class=\"wp-image-8710 size-full\" srcset=\"https:\/\/rakosliget.hu\/wordpress\/wp-content\/uploads\/2020\/12\/1943-december-1-1024x792.jpg 1024w, https:\/\/rakosliget.hu\/wordpress\/wp-content\/uploads\/2020\/12\/1943-december-1-300x232.jpg 300w, https:\/\/rakosliget.hu\/wordpress\/wp-content\/uploads\/2020\/12\/1943-december-1-768x594.jpg 768w, https:\/\/rakosliget.hu\/wordpress\/wp-content\/uploads\/2020\/12\/1943-december-1.jpg 1318w\" sizes=\"auto, (max-width: 1024px) 100vw, 1024px\" \/><\/a><\/figure><div class=\"wp-block-media-text__content\">\n<p><strong>1943. december 1. <\/strong>L\u00e1bbeliell\u00e1t\u00e1s<\/p>\n<\/div><\/div>\n\n\n\n<div class=\"wp-block-buttons is-content-justification-center is-layout-flex wp-container-core-buttons-is-layout-16018d1d wp-block-buttons-is-layout-flex\">\n<div class=\"wp-block-button\"><a class=\"wp-block-button__link wp-element-button\" href=\"https:\/\/rakosliget.hu\/wordpress\/index.php\/rakosliget-a-korabeli-hirekben\/\">Vissza a SAJT\u00d3H\u00cdREK lapra<\/a><\/div>\n<\/div>\n","protected":false},"excerpt":{"rendered":"<p>1943. \u00e1prilis 1. Magyar \u00c9let P\u00e1rt taggy\u0171l\u00e9s. Berhidy Aur\u00e9l titk\u00e1r, Szili M\u00e1t\u00e9 ker\u00fcleti szervez\u0151titk\u00e1r, Sztrap\u00e1cs K\u00e1roly p\u00e1rtvez\u00e9r 1943. december 1. L\u00e1bbeliell\u00e1t\u00e1s<\/p>\n","protected":false},"author":1,"featured_media":8705,"parent":0,"menu_order":0,"comment_status":"closed","ping_status":"closed","template":"","meta":{"footnotes":""},"class_list":["post-8703","page","type-page","status-publish","has-post-thumbnail","hentry"],"_links":{"self":[{"href":"https:\/\/rakosliget.hu\/wordpress\/index.php\/wp-json\/wp\/v2\/pages\/8703","targetHints":{"allow":["GET"]}}],"collection":[{"href":"https:\/\/rakosliget.hu\/wordpress\/index.php\/wp-json\/wp\/v2\/pages"}],"about":[{"href":"https:\/\/rakosliget.hu\/wordpress\/index.php\/wp-json\/wp\/v2\/types\/page"}],"author":[{"embeddable":true,"href":"https:\/\/rakosliget.hu\/wordpress\/index.php\/wp-json\/wp\/v2\/users\/1"}],"replies":[{"embeddable":true,"href":"https:\/\/rakosliget.hu\/wordpress\/index.php\/wp-json\/wp\/v2\/comments?post=8703"}],"version-history":[{"count":5,"href":"https:\/\/rakosliget.hu\/wordpress\/index.php\/wp-json\/wp\/v2\/pages\/8703\/revisions"}],"predecessor-version":[{"id":22534,"href":"https:\/\/rakosliget.hu\/wordpress\/index.php\/wp-json\/wp\/v2\/pages\/8703\/revisions\/22534"}],"wp:featuredmedia":[{"embeddable":true,"href":"https:\/\/rakosliget.hu\/wordpress\/index.php\/wp-json\/wp\/v2\/media\/8705"}],"wp:attachment":[{"href":"https:\/\/rakosliget.hu\/wordpress\/index.php\/wp-json\/wp\/v2\/media?parent=8703"}],"curies":[{"name":"wp","href":"https:\/\/api.w.org\/{rel}","templated":true}]}}