{"id":8686,"date":"2020-12-09T07:05:59","date_gmt":"2020-12-09T06:05:59","guid":{"rendered":"http:\/\/rakosliget.hu\/wordpress\/?page_id=8686"},"modified":"2025-03-07T13:07:19","modified_gmt":"2025-03-07T12:07:19","slug":"magyar-elet","status":"publish","type":"page","link":"https:\/\/rakosliget.hu\/wordpress\/index.php\/magyar-elet\/","title":{"rendered":"MAGYAR \u00c9LET"},"content":{"rendered":"\n<p><a href=\"https:\/\/rakosliget.hu\/wordpress\/index.php\/rakosliget-a-korabeli-hirekben\/\">Vissza a SAJT\u00d3H\u00cdREK lapra<\/a><\/p>\n\n\n\n<p><em>Az oldal indult: 2020. 12. 09.<\/em><\/p>\n\n\n\n<p>A foly\u00f3irat a n\u00e9pi \u00edr\u00f3k jobbsz\u00e1rny\u00e1nak volt az irodalmi \u00e9s pub\u00adlicisztikai org\u00e1numa, de szoros sz\u00e1lak f\u0171zt\u00e9k a Turul Sz\u00f6vet\u00ads\u00e9ghez is. Erd\u00e9lyi J\u00f3zsef, Kodol\u00e1nyi J\u00e1nos, Sinka Istv\u00e1n, Sza\u00adb\u00f3 Dezs\u0151 sokat \u00edrtak a lapba, de dolgoztak bele olyan \u00edr\u00f3k is, mint Darvas J\u00f3zsef, N\u00e9meth L\u00e1szl\u00f3 \u00e9s Veres P\u00e9ter. A foly\u00f3iratot er\u0151s n\u00e9metelleness\u00e9g jellemezte (Szab\u00f3 Dezs\u0151 ve\u00adz\u00e9rcikk\u00e9t is n\u00e9metellenes tendenci\u00e1ja miatt kifog\u00e1solta az \u00fc\u00adgy\u00e9szs\u00e9g); ezt a maga kor\u00e1ban pozit\u00edvnak \u00e9rt\u00e9kelhet\u0151 magatar\u00adt\u00e1st azonban az egyidej\u0171 antiszemita tendenci\u00e1k er\u0151sen lerontott\u00e1k.<\/p>\n\n\n\n<p><\/p>\n\n\n\n<div class=\"wp-block-media-text alignwide is-stacked-on-mobile\"><figure class=\"wp-block-media-text__media\"><a href=\"http:\/\/rakosliget.hu\/wordpress\/wp-content\/uploads\/2020\/12\/atletika-1940-februar-29.jpg\"><img loading=\"lazy\" decoding=\"async\" width=\"456\" height=\"834\" src=\"http:\/\/rakosliget.hu\/wordpress\/wp-content\/uploads\/2020\/12\/atletika-1940-februar-29.jpg\" alt=\"\" class=\"wp-image-8690 size-full\" srcset=\"https:\/\/rakosliget.hu\/wordpress\/wp-content\/uploads\/2020\/12\/atletika-1940-februar-29.jpg 456w, https:\/\/rakosliget.hu\/wordpress\/wp-content\/uploads\/2020\/12\/atletika-1940-februar-29-164x300.jpg 164w\" sizes=\"auto, (max-width: 456px) 100vw, 456px\" \/><\/a><\/figure><div class=\"wp-block-media-text__content\">\n<p><strong>1940. febru\u00e1r 29.<\/strong> Atl\u00e9tikai h\u00edr<\/p>\n<\/div><\/div>\n\n\n\n<div class=\"wp-block-media-text alignwide is-stacked-on-mobile\"><figure class=\"wp-block-media-text__media\"><a href=\"http:\/\/rakosliget.hu\/wordpress\/wp-content\/uploads\/2020\/12\/1942-oktober-11-Iparos-dalkor-radioban.jpg\"><img loading=\"lazy\" decoding=\"async\" width=\"421\" height=\"1024\" src=\"http:\/\/rakosliget.hu\/wordpress\/wp-content\/uploads\/2020\/12\/1942-oktober-11-Iparos-dalkor-radioban-421x1024.jpg\" alt=\"\" class=\"wp-image-8691 size-full\" srcset=\"https:\/\/rakosliget.hu\/wordpress\/wp-content\/uploads\/2020\/12\/1942-oktober-11-Iparos-dalkor-radioban-421x1024.jpg 421w, https:\/\/rakosliget.hu\/wordpress\/wp-content\/uploads\/2020\/12\/1942-oktober-11-Iparos-dalkor-radioban-123x300.jpg 123w, https:\/\/rakosliget.hu\/wordpress\/wp-content\/uploads\/2020\/12\/1942-oktober-11-Iparos-dalkor-radioban.jpg 475w\" sizes=\"auto, (max-width: 421px) 100vw, 421px\" \/><\/a><\/figure><div class=\"wp-block-media-text__content\">\n<p><strong>1940. okt\u00f3ber 11.<\/strong> Az Iparos Dalosk\u00f6r szerepl\u00e9se a r\u00e1di\u00f3m\u0171sorban.<\/p>\n<\/div><\/div>\n\n\n\n<div class=\"wp-block-media-text alignwide is-stacked-on-mobile\"><figure class=\"wp-block-media-text__media\"><a href=\"http:\/\/rakosliget.hu\/wordpress\/wp-content\/uploads\/2020\/12\/Fried-Flora-elitelse-hirkoholas-1942-december-19.jpg\"><img loading=\"lazy\" decoding=\"async\" width=\"469\" height=\"322\" src=\"http:\/\/rakosliget.hu\/wordpress\/wp-content\/uploads\/2020\/12\/Fried-Flora-elitelse-hirkoholas-1942-december-19.jpg\" alt=\"\" class=\"wp-image-8693 size-full\" srcset=\"https:\/\/rakosliget.hu\/wordpress\/wp-content\/uploads\/2020\/12\/Fried-Flora-elitelse-hirkoholas-1942-december-19.jpg 469w, https:\/\/rakosliget.hu\/wordpress\/wp-content\/uploads\/2020\/12\/Fried-Flora-elitelse-hirkoholas-1942-december-19-300x206.jpg 300w\" sizes=\"auto, (max-width: 469px) 100vw, 469px\" \/><\/a><\/figure><div class=\"wp-block-media-text__content\">\n<p><strong>1940. december 19.<\/strong>  Fried Fl\u00f3ra zsid\u00f3 asszony el\u00edt\u00e9l\u00e9se &#8222;h\u00edrkohol\u00e1s\u00e9rt&#8221;.<\/p>\n<\/div><\/div>\n\n\n\n<p><a href=\"https:\/\/rakosliget.hu\/wordpress\/index.php\/rakosliget-a-korabeli-hirekben\/\">Vissza a SAJT\u00d3H\u00cdREK lapra<\/a><\/p>\n","protected":false},"excerpt":{"rendered":"<p>Vissza a SAJT\u00d3H\u00cdREK lapra Az oldal indult: 2020. 12. 09. A foly\u00f3irat a n\u00e9pi \u00edr\u00f3k jobbsz\u00e1rny\u00e1nak volt az irodalmi \u00e9s pub\u00adlicisztikai org\u00e1numa, de szoros sz\u00e1lak f\u0171zt\u00e9k a Turul Sz\u00f6vet\u00ads\u00e9ghez is. Erd\u00e9lyi J\u00f3zsef, Kodol\u00e1nyi J\u00e1nos, Sinka Istv\u00e1n, Sza\u00adb\u00f3 Dezs\u0151 sokat \u00edrtak a lapba, de dolgoztak bele olyan \u00edr\u00f3k is, mint Darvas J\u00f3zsef, N\u00e9meth L\u00e1szl\u00f3 \u00e9s Veres &hellip; <a href=\"https:\/\/rakosliget.hu\/wordpress\/index.php\/magyar-elet\/\" class=\"more-link\"><span class=\"screen-reader-text\">MAGYAR \u00c9LET<\/span> r\u00e9szletei&#8230;<\/a><\/p>\n","protected":false},"author":1,"featured_media":8700,"parent":0,"menu_order":0,"comment_status":"closed","ping_status":"closed","template":"","meta":{"footnotes":""},"class_list":["post-8686","page","type-page","status-publish","has-post-thumbnail","hentry"],"_links":{"self":[{"href":"https:\/\/rakosliget.hu\/wordpress\/index.php\/wp-json\/wp\/v2\/pages\/8686","targetHints":{"allow":["GET"]}}],"collection":[{"href":"https:\/\/rakosliget.hu\/wordpress\/index.php\/wp-json\/wp\/v2\/pages"}],"about":[{"href":"https:\/\/rakosliget.hu\/wordpress\/index.php\/wp-json\/wp\/v2\/types\/page"}],"author":[{"embeddable":true,"href":"https:\/\/rakosliget.hu\/wordpress\/index.php\/wp-json\/wp\/v2\/users\/1"}],"replies":[{"embeddable":true,"href":"https:\/\/rakosliget.hu\/wordpress\/index.php\/wp-json\/wp\/v2\/comments?post=8686"}],"version-history":[{"count":6,"href":"https:\/\/rakosliget.hu\/wordpress\/index.php\/wp-json\/wp\/v2\/pages\/8686\/revisions"}],"predecessor-version":[{"id":16708,"href":"https:\/\/rakosliget.hu\/wordpress\/index.php\/wp-json\/wp\/v2\/pages\/8686\/revisions\/16708"}],"wp:featuredmedia":[{"embeddable":true,"href":"https:\/\/rakosliget.hu\/wordpress\/index.php\/wp-json\/wp\/v2\/media\/8700"}],"wp:attachment":[{"href":"https:\/\/rakosliget.hu\/wordpress\/index.php\/wp-json\/wp\/v2\/media?parent=8686"}],"curies":[{"name":"wp","href":"https:\/\/api.w.org\/{rel}","templated":true}]}}