{"id":8651,"date":"2020-12-07T18:27:21","date_gmt":"2020-12-07T17:27:21","guid":{"rendered":"http:\/\/rakosliget.hu\/wordpress\/?page_id=8651"},"modified":"2025-03-07T13:06:31","modified_gmt":"2025-03-07T12:06:31","slug":"koztelek","status":"publish","type":"page","link":"https:\/\/rakosliget.hu\/wordpress\/index.php\/koztelek\/","title":{"rendered":"K\u00d6ZTELEK"},"content":{"rendered":"\n<p><a href=\"https:\/\/rakosliget.hu\/wordpress\/index.php\/rakosliget-a-korabeli-hirekben\/\">Vissza a SAJT\u00d3H\u00cdREK lapra<\/a><\/p>\n\n\n\n<h4 class=\"wp-block-heading\">1908<\/h4>\n\n\n\n<div class=\"wp-block-media-text alignwide is-stacked-on-mobile\"><figure class=\"wp-block-media-text__media\"><a href=\"http:\/\/rakosliget.hu\/wordpress\/wp-content\/uploads\/2020\/12\/hazinyul-1908.jpg\"><img loading=\"lazy\" decoding=\"async\" width=\"920\" height=\"1024\" src=\"http:\/\/rakosliget.hu\/wordpress\/wp-content\/uploads\/2020\/12\/hazinyul-1908-920x1024.jpg\" alt=\"\" class=\"wp-image-8654\" srcset=\"https:\/\/rakosliget.hu\/wordpress\/wp-content\/uploads\/2020\/12\/hazinyul-1908-920x1024.jpg 920w, https:\/\/rakosliget.hu\/wordpress\/wp-content\/uploads\/2020\/12\/hazinyul-1908-270x300.jpg 270w, https:\/\/rakosliget.hu\/wordpress\/wp-content\/uploads\/2020\/12\/hazinyul-1908-768x855.jpg 768w, https:\/\/rakosliget.hu\/wordpress\/wp-content\/uploads\/2020\/12\/hazinyul-1908.jpg 1010w\" sizes=\"auto, (max-width: 920px) 100vw, 920px\" \/><\/a><\/figure><div class=\"wp-block-media-text__content\">\n\n<p><strong>1908. j\u00fanius 20.<\/strong> 1355. oldal. A H\u00e1ziny\u00falteny\u00e9szt\u00e9s c. szaklap rekl\u00e1mja.<\/p>\n\n<\/div><\/div>\n\n\n\n<h4 class=\"wp-block-heading\">1926<\/h4>\n\n\n\n<div class=\"wp-block-media-text alignwide is-stacked-on-mobile\"><figure class=\"wp-block-media-text__media\"><a href=\"http:\/\/rakosliget.hu\/wordpress\/wp-content\/uploads\/2020\/12\/Orszagos-Folbirtok-rendezo-1926.jpg\"><img loading=\"lazy\" decoding=\"async\" width=\"675\" height=\"1024\" src=\"http:\/\/rakosliget.hu\/wordpress\/wp-content\/uploads\/2020\/12\/Orszagos-Folbirtok-rendezo-1926-675x1024.jpg\" alt=\"\" class=\"wp-image-8655\" srcset=\"https:\/\/rakosliget.hu\/wordpress\/wp-content\/uploads\/2020\/12\/Orszagos-Folbirtok-rendezo-1926-675x1024.jpg 675w, https:\/\/rakosliget.hu\/wordpress\/wp-content\/uploads\/2020\/12\/Orszagos-Folbirtok-rendezo-1926-198x300.jpg 198w, https:\/\/rakosliget.hu\/wordpress\/wp-content\/uploads\/2020\/12\/Orszagos-Folbirtok-rendezo-1926-768x1166.jpg 768w, https:\/\/rakosliget.hu\/wordpress\/wp-content\/uploads\/2020\/12\/Orszagos-Folbirtok-rendezo-1926.jpg 1002w\" sizes=\"auto, (max-width: 675px) 100vw, 675px\" \/><\/a><\/figure><div class=\"wp-block-media-text__content\">\n\n<p><strong>1926. okt\u00f3ber 7. <\/strong>Az Orsz\u00e1gos F\u00f6ldbirtokrendez\u00e9si B\u00edr\u00f3s\u00e1g d\u00f6nt\u00e9sei.<\/p>\n\n<\/div><\/div>\n\n\n\n<h4 class=\"wp-block-heading\">1928<\/h4>\n\n\n\n<div class=\"wp-block-file\"><a href=\"http:\/\/rakosliget.hu\/wordpress\/wp-content\/uploads\/2020\/12\/Koztelek_1928_2__pages161-161.pdf\">Koztelek_1928_2__pages161-161 Parlament, fels\u0151h\u00e1z, ifj. Schmidt K\u00e1roly, Sportclub, OFB<\/a><a href=\"http:\/\/rakosliget.hu\/wordpress\/wp-content\/uploads\/2020\/12\/Koztelek_1928_2__pages161-161.pdf\" class=\"wp-block-file__button wp-element-button\" download>Let\u00f6lt\u00e9s<\/a><\/div>\n\n\n\n<div class=\"wp-block-file\"><a href=\"http:\/\/rakosliget.hu\/wordpress\/wp-content\/uploads\/2020\/12\/Koztelek_1928_2__pages167-167.pdf\">Koztelek_1928_2__pages167-167, Parlament, fels\u0151h\u00e1z, OFB<\/a><a href=\"http:\/\/rakosliget.hu\/wordpress\/wp-content\/uploads\/2020\/12\/Koztelek_1928_2__pages167-167.pdf\" class=\"wp-block-file__button wp-element-button\" download>Let\u00f6lt\u00e9s<\/a><\/div>\n\n\n\n<h4 class=\"wp-block-heading\">1932<\/h4>\n\n\n\n<div class=\"wp-block-media-text alignwide is-stacked-on-mobile\"><figure class=\"wp-block-media-text__media\"><a href=\"http:\/\/rakosliget.hu\/wordpress\/wp-content\/uploads\/2020\/12\/Debski-Karoly-halalhire.jpg\"><img loading=\"lazy\" decoding=\"async\" width=\"1024\" height=\"172\" src=\"http:\/\/rakosliget.hu\/wordpress\/wp-content\/uploads\/2020\/12\/Debski-Karoly-halalhire-1024x172.jpg\" alt=\"\" class=\"wp-image-8660\" srcset=\"https:\/\/rakosliget.hu\/wordpress\/wp-content\/uploads\/2020\/12\/Debski-Karoly-halalhire-1024x172.jpg 1024w, https:\/\/rakosliget.hu\/wordpress\/wp-content\/uploads\/2020\/12\/Debski-Karoly-halalhire-300x50.jpg 300w, https:\/\/rakosliget.hu\/wordpress\/wp-content\/uploads\/2020\/12\/Debski-Karoly-halalhire-768x129.jpg 768w, https:\/\/rakosliget.hu\/wordpress\/wp-content\/uploads\/2020\/12\/Debski-Karoly-halalhire.jpg 1031w\" sizes=\"auto, (max-width: 1024px) 100vw, 1024px\" \/><\/a><\/figure><div class=\"wp-block-media-text__content\">\n\n<p><strong>1932.okt\u00f3ber 23.<\/strong> Debsk\u00ed K\u00e1roly uradalmi f\u0151int\u00e9z\u0151 hal\u00e1lh\u00edre.<\/p>\n\n<\/div><\/div>\n\n\n\n<h4 class=\"wp-block-heading\">1939<\/h4>\n\n\n\n<div class=\"wp-block-media-text alignwide is-stacked-on-mobile\"><figure class=\"wp-block-media-text__media\"><a href=\"http:\/\/rakosliget.hu\/wordpress\/wp-content\/uploads\/2020\/12\/Voloncs-allaskereses-1939.jpg\"><img loading=\"lazy\" decoding=\"async\" width=\"424\" height=\"240\" src=\"http:\/\/rakosliget.hu\/wordpress\/wp-content\/uploads\/2020\/12\/Voloncs-allaskereses-1939.jpg\" alt=\"\" class=\"wp-image-8661\" srcset=\"https:\/\/rakosliget.hu\/wordpress\/wp-content\/uploads\/2020\/12\/Voloncs-allaskereses-1939.jpg 424w, https:\/\/rakosliget.hu\/wordpress\/wp-content\/uploads\/2020\/12\/Voloncs-allaskereses-1939-300x170.jpg 300w\" sizes=\"auto, (max-width: 424px) 100vw, 424px\" \/><\/a><\/figure><div class=\"wp-block-media-text__content\">\n\n<p><strong>1939. j\u00falius 2.<\/strong> Voloncs L\u00e1szl\u00f3 \u00e1ll\u00e1skeres\u0151 hirdet\u00e9se.<\/p>\n\n<\/div><\/div>\n\n\n\n<p><a href=\"https:\/\/rakosliget.hu\/wordpress\/index.php\/rakosliget-a-korabeli-hirekben\/\">Vissza a SAJT\u00d3H\u00cdREK lapra<\/a><\/p>\n","protected":false},"excerpt":{"rendered":"<p>Vissza a SAJT\u00d3H\u00cdREK lapra 1908 1908. j\u00fanius 20. 1355. oldal. A H\u00e1ziny\u00falteny\u00e9szt\u00e9s c. szaklap rekl\u00e1mja. 1926 1926. okt\u00f3ber 7. Az Orsz\u00e1gos F\u00f6ldbirtokrendez\u00e9si B\u00edr\u00f3s\u00e1g d\u00f6nt\u00e9sei. 1928 1932 1932.okt\u00f3ber 23. Debsk\u00ed K\u00e1roly uradalmi f\u0151int\u00e9z\u0151 hal\u00e1lh\u00edre. 1939 1939. j\u00falius 2. Voloncs L\u00e1szl\u00f3 \u00e1ll\u00e1skeres\u0151 hirdet\u00e9se. Vissza a SAJT\u00d3H\u00cdREK lapra<\/p>\n","protected":false},"author":1,"featured_media":8653,"parent":0,"menu_order":0,"comment_status":"closed","ping_status":"closed","template":"","meta":{"footnotes":""},"class_list":["post-8651","page","type-page","status-publish","has-post-thumbnail","hentry"],"_links":{"self":[{"href":"https:\/\/rakosliget.hu\/wordpress\/index.php\/wp-json\/wp\/v2\/pages\/8651","targetHints":{"allow":["GET"]}}],"collection":[{"href":"https:\/\/rakosliget.hu\/wordpress\/index.php\/wp-json\/wp\/v2\/pages"}],"about":[{"href":"https:\/\/rakosliget.hu\/wordpress\/index.php\/wp-json\/wp\/v2\/types\/page"}],"author":[{"embeddable":true,"href":"https:\/\/rakosliget.hu\/wordpress\/index.php\/wp-json\/wp\/v2\/users\/1"}],"replies":[{"embeddable":true,"href":"https:\/\/rakosliget.hu\/wordpress\/index.php\/wp-json\/wp\/v2\/comments?post=8651"}],"version-history":[{"count":4,"href":"https:\/\/rakosliget.hu\/wordpress\/index.php\/wp-json\/wp\/v2\/pages\/8651\/revisions"}],"predecessor-version":[{"id":16706,"href":"https:\/\/rakosliget.hu\/wordpress\/index.php\/wp-json\/wp\/v2\/pages\/8651\/revisions\/16706"}],"wp:featuredmedia":[{"embeddable":true,"href":"https:\/\/rakosliget.hu\/wordpress\/index.php\/wp-json\/wp\/v2\/media\/8653"}],"wp:attachment":[{"href":"https:\/\/rakosliget.hu\/wordpress\/index.php\/wp-json\/wp\/v2\/media?parent=8651"}],"curies":[{"name":"wp","href":"https:\/\/api.w.org\/{rel}","templated":true}]}}