{"id":865,"date":"2018-03-21T03:16:39","date_gmt":"2018-03-21T02:16:39","guid":{"rendered":"http:\/\/rakosliget.hu\/wordpress\/?page_id=865"},"modified":"2018-03-21T03:16:39","modified_gmt":"2018-03-21T02:16:39","slug":"cseh-arpad","status":"publish","type":"page","link":"https:\/\/rakosliget.hu\/wordpress\/index.php\/cseh-arpad\/","title":{"rendered":"Cseh \u00c1rp\u00e1d"},"content":{"rendered":"<h1 align=\"left\"><span data-canvas-width=\"99.15245671786002\">Cseh \u00c1rp\u00e1d<\/span><span data-canvas-width=\"232.97402389060423\"> (Nyitra, 1881-1962)<\/span><\/h1>\n<h2 align=\"left\">a r\u00e1kosligeti el\u00f6lj\u00e1r\u00f3s\u00e1g tagja<\/h2>\n<p align=\"left\">\n<p align=\"left\"><span data-canvas-width=\"262.8700221833911\">M\u00c1V alkalmazott. 1945-t\u0151l az FKP tagja. 1945 ut\u00e1n M\u00c1V f\u0151fel\u00fcgyel\u0151. 1946-1947-ben a r\u00e1kosligeti el\u00f6lj\u00e1r\u00f3s\u00e1g tagja. <\/span><\/p>\n","protected":false},"excerpt":{"rendered":"<p>Cseh \u00c1rp\u00e1d (Nyitra, 1881-1962) a r\u00e1kosligeti el\u00f6lj\u00e1r\u00f3s\u00e1g tagja M\u00c1V alkalmazott. 1945-t\u0151l az FKP tagja. 1945 ut\u00e1n M\u00c1V f\u0151fel\u00fcgyel\u0151. 1946-1947-ben a r\u00e1kosligeti el\u00f6lj\u00e1r\u00f3s\u00e1g tagja.<\/p>\n","protected":false},"author":1,"featured_media":0,"parent":0,"menu_order":0,"comment_status":"closed","ping_status":"closed","template":"","meta":{"footnotes":""},"class_list":["post-865","page","type-page","status-publish","hentry"],"_links":{"self":[{"href":"https:\/\/rakosliget.hu\/wordpress\/index.php\/wp-json\/wp\/v2\/pages\/865","targetHints":{"allow":["GET"]}}],"collection":[{"href":"https:\/\/rakosliget.hu\/wordpress\/index.php\/wp-json\/wp\/v2\/pages"}],"about":[{"href":"https:\/\/rakosliget.hu\/wordpress\/index.php\/wp-json\/wp\/v2\/types\/page"}],"author":[{"embeddable":true,"href":"https:\/\/rakosliget.hu\/wordpress\/index.php\/wp-json\/wp\/v2\/users\/1"}],"replies":[{"embeddable":true,"href":"https:\/\/rakosliget.hu\/wordpress\/index.php\/wp-json\/wp\/v2\/comments?post=865"}],"version-history":[{"count":1,"href":"https:\/\/rakosliget.hu\/wordpress\/index.php\/wp-json\/wp\/v2\/pages\/865\/revisions"}],"predecessor-version":[{"id":866,"href":"https:\/\/rakosliget.hu\/wordpress\/index.php\/wp-json\/wp\/v2\/pages\/865\/revisions\/866"}],"wp:attachment":[{"href":"https:\/\/rakosliget.hu\/wordpress\/index.php\/wp-json\/wp\/v2\/media?parent=865"}],"curies":[{"name":"wp","href":"https:\/\/api.w.org\/{rel}","templated":true}]}}