{"id":859,"date":"2018-03-21T03:11:31","date_gmt":"2018-03-21T02:11:31","guid":{"rendered":"http:\/\/rakosliget.hu\/wordpress\/?page_id=859"},"modified":"2018-03-21T03:14:50","modified_gmt":"2018-03-21T02:14:50","slug":"csala-laszlo","status":"publish","type":"page","link":"https:\/\/rakosliget.hu\/wordpress\/index.php\/csala-laszlo\/","title":{"rendered":"Csala L\u00e1szl\u00f3"},"content":{"rendered":"<h1 align=\"left\"><span data-canvas-width=\"29.095277320563987\">Csala<\/span><span data-canvas-width=\"37.93996236100027\"> L\u00e1szl\u00f3<\/span><span data-canvas-width=\"173.45848254349568\"> (?)<\/span><\/h1>\n<h2 align=\"left\">R\u00e1kosliget k\u00f6zs\u00e9gi aljegyz\u0151<\/h2>\n<p align=\"left\"><span data-canvas-width=\"173.45848254349568\">K\u00f6zs\u00e9gi tisztvisel\u0151. 1945-ben <\/span><span data-canvas-width=\"233.78231160601229\">az MKP tagja. 1945-ben k\u00f6zs\u00e9gi aljegyz\u0151, <\/span><span data-canvas-width=\"234.92781532561858\">majd f\u0151jegyz\u0151. 1945-ben a R\u00e1kosligeti Nemzeti Bizotts\u00e1g <\/span><span data-canvas-width=\"128.78642326602824\">tagja, kezdetben eln\u00f6ke. <\/span><\/p>\n","protected":false},"excerpt":{"rendered":"<p>Csala L\u00e1szl\u00f3 (?) R\u00e1kosliget k\u00f6zs\u00e9gi aljegyz\u0151 K\u00f6zs\u00e9gi tisztvisel\u0151. 1945-ben az MKP tagja. 1945-ben k\u00f6zs\u00e9gi aljegyz\u0151, majd f\u0151jegyz\u0151. 1945-ben a R\u00e1kosligeti Nemzeti Bizotts\u00e1g tagja, kezdetben eln\u00f6ke.<\/p>\n","protected":false},"author":1,"featured_media":0,"parent":0,"menu_order":0,"comment_status":"closed","ping_status":"closed","template":"","meta":{"footnotes":""},"class_list":["post-859","page","type-page","status-publish","hentry"],"_links":{"self":[{"href":"https:\/\/rakosliget.hu\/wordpress\/index.php\/wp-json\/wp\/v2\/pages\/859","targetHints":{"allow":["GET"]}}],"collection":[{"href":"https:\/\/rakosliget.hu\/wordpress\/index.php\/wp-json\/wp\/v2\/pages"}],"about":[{"href":"https:\/\/rakosliget.hu\/wordpress\/index.php\/wp-json\/wp\/v2\/types\/page"}],"author":[{"embeddable":true,"href":"https:\/\/rakosliget.hu\/wordpress\/index.php\/wp-json\/wp\/v2\/users\/1"}],"replies":[{"embeddable":true,"href":"https:\/\/rakosliget.hu\/wordpress\/index.php\/wp-json\/wp\/v2\/comments?post=859"}],"version-history":[{"count":3,"href":"https:\/\/rakosliget.hu\/wordpress\/index.php\/wp-json\/wp\/v2\/pages\/859\/revisions"}],"predecessor-version":[{"id":862,"href":"https:\/\/rakosliget.hu\/wordpress\/index.php\/wp-json\/wp\/v2\/pages\/859\/revisions\/862"}],"wp:attachment":[{"href":"https:\/\/rakosliget.hu\/wordpress\/index.php\/wp-json\/wp\/v2\/media?parent=859"}],"curies":[{"name":"wp","href":"https:\/\/api.w.org\/{rel}","templated":true}]}}